{"id":173,"date":"2018-06-20T17:37:11","date_gmt":"2018-06-20T17:37:11","guid":{"rendered":"http:\/\/blog.metu.edu.tr\/sidogan\/?page_id=173"},"modified":"2023-02-28T11:33:54","modified_gmt":"2023-02-28T11:33:54","slug":"contact","status":"publish","type":"page","link":"https:\/\/blog.metu.edu.tr\/sidogan\/contact\/","title":{"rendered":"Contact"},"content":{"rendered":"<table>\n<tbody>\n<tr>\n<td width=\"20%\"><\/td>\n<td><\/td>\n<\/tr>\n<tr>\n<td width=\"20%\"><strong>E-mail:<\/strong><\/td>\n<td>sidogan@metu.edu.tr<\/td>\n<\/tr>\n<tr>\n<td width=\"20%\"><strong>Phone (Work):<\/strong><\/td>\n<td>+90 312 210 3472<\/td>\n<\/tr>\n<tr>\n<td width=\"20%\"><strong>Address:<\/strong><\/td>\n<td>Middle East Technical University, \u00dcniversiteler Mahallesi, Dumlup\u0131nar Bulvar\u0131 No:1 06800 \u00c7ankaya Ankara\/TURKEY<\/td>\n<\/tr>\n<tr>\n<td width=\"20%\"><\/td>\n<td><\/td>\n<\/tr>\n<\/tbody>\n<\/table>\n","protected":false},"excerpt":{"rendered":"<p>E-mail: sidogan@metu.edu.tr Phone (Work): +90 312 210 3472 Address: Middle East Technical University, \u00dcniversiteler Mahallesi, Dumlup\u0131nar Bulvar\u0131 No:1 06800 \u00c7ankaya Ankara\/TURKEY<\/p>\n","protected":false},"author":1090,"featured_media":0,"parent":0,"menu_order":0,"comment_status":"closed","ping_status":"closed","template":"","meta":{"footnotes":"","_links_to":"","_links_to_target":""},"class_list":["post-173","page","type-page","status-publish","hentry"],"_links":{"self":[{"href":"https:\/\/blog.metu.edu.tr\/sidogan\/wp-json\/wp\/v2\/pages\/173","targetHints":{"allow":["GET"]}}],"collection":[{"href":"https:\/\/blog.metu.edu.tr\/sidogan\/wp-json\/wp\/v2\/pages"}],"about":[{"href":"https:\/\/blog.metu.edu.tr\/sidogan\/wp-json\/wp\/v2\/types\/page"}],"author":[{"embeddable":true,"href":"https:\/\/blog.metu.edu.tr\/sidogan\/wp-json\/wp\/v2\/users\/1090"}],"replies":[{"embeddable":true,"href":"https:\/\/blog.metu.edu.tr\/sidogan\/wp-json\/wp\/v2\/comments?post=173"}],"version-history":[{"count":0,"href":"https:\/\/blog.metu.edu.tr\/sidogan\/wp-json\/wp\/v2\/pages\/173\/revisions"}],"wp:attachment":[{"href":"https:\/\/blog.metu.edu.tr\/sidogan\/wp-json\/wp\/v2\/media?parent=173"}],"curies":[{"name":"wp","href":"https:\/\/api.w.org\/{rel}","templated":true}]}}