{"id":172,"date":"2018-06-20T17:37:10","date_gmt":"2018-06-20T17:37:10","guid":{"rendered":"http:\/\/blog.metu.edu.tr\/sidogan\/?page_id=172"},"modified":"2023-03-12T13:14:24","modified_gmt":"2023-03-12T13:14:24","slug":"my-projects","status":"publish","type":"page","link":"https:\/\/blog.metu.edu.tr\/sidogan\/my-projects\/","title":{"rendered":"My Projects"},"content":{"rendered":"<p><strong>A.1<\/strong> \u0130\u00e7eri\u011fi Teknoloji ile Zenginle\u015ftirilmi\u015f Oyuna Dayal\u0131 iTOD Mobil \u00d6\u011frenme Uygulamalar\u0131, Y\u00fcksek\u00f6\u011fretim Kurumlar\u0131 taraf\u0131ndan destekli bilimsel ara\u015ft\u0131rma projesi, Researcher, 01\/01\/2012 \u2013 31\/12\/2014 (NATIONAL) (Scientific research project supported by Higher Education Institutions, Researcher)<br \/>\n<strong>A.2\u00a0<\/strong>S\u00f6zde Kod Olu\u015ftururken \u00d6\u011frencilerin Zihinsel S\u00fcre\u00e7lerindeki Farkl\u0131l\u0131klar: Bili\u015fsel Etnografi \u00c7al\u0131\u015fmas\u0131, Y\u00fcksek\u00f6\u011fretim Kurumlar\u0131 taraf\u0131ndan destekli bilimsel ara\u015ft\u0131rma projesi, Ara\u015ft\u0131rmac\u0131, 24\/05\/2018 \u2013 24\/05\/2019 (NATIONAL) (Scientific research project supported by Higher Education Institutions, Researcher)<br \/>\n<strong>A.3<\/strong> Gen\u00e7lik\u00a0 ve Kent i\u00e7in Do\u011fa, Avrupa Birli\u011fi Projesi, Ara\u015ft\u0131rmac\u0131, 01\/10\/2016 &#8211; 01\/03\/2019 (Erasmus+ 2016-2-TR01-KA205-036224 \u201cNature for youth and the City\u201d, Training and Web Support)<\/p>\n<p><strong>A.4\u00a0<\/strong>D\u00f6rt Koldan Do\u011fa E\u011fitimi Projesi, T\u00dcB\u0130TAK Projesi, Uzman Ara\u015ft\u0131rmac\u0131, 01\/06\/2018-26\/06\/2019, (NATIONAL) (Researcher\/Expert)<\/p>\n","protected":false},"excerpt":{"rendered":"<p>A.1 \u0130\u00e7eri\u011fi Teknoloji ile Zenginle\u015ftirilmi\u015f Oyuna Dayal\u0131 iTOD Mobil \u00d6\u011frenme Uygulamalar\u0131, Y\u00fcksek\u00f6\u011fretim Kurumlar\u0131 taraf\u0131ndan destekli bilimsel ara\u015ft\u0131rma projesi, Researcher, 01\/01\/2012 \u2013 31\/12\/2014 (NATIONAL) (Scientific research project supported by Higher Education Institutions, Researcher) A.2\u00a0S\u00f6zde Kod Olu\u015ftururken \u00d6\u011frencilerin Zihinsel S\u00fcre\u00e7lerindeki Farkl\u0131l\u0131klar: Bili\u015fsel Etnografi \u00c7al\u0131\u015fmas\u0131, Y\u00fcksek\u00f6\u011fretim Kurumlar\u0131 taraf\u0131ndan destekli bilimsel ara\u015ft\u0131rma projesi, Ara\u015ft\u0131rmac\u0131, 24\/05\/2018 \u2013 24\/05\/2019 (NATIONAL) (Scientific [&hellip;]<\/p>\n","protected":false},"author":1090,"featured_media":0,"parent":0,"menu_order":0,"comment_status":"closed","ping_status":"closed","template":"","meta":{"footnotes":"","_links_to":"","_links_to_target":""},"class_list":["post-172","page","type-page","status-publish","hentry"],"_links":{"self":[{"href":"https:\/\/blog.metu.edu.tr\/sidogan\/wp-json\/wp\/v2\/pages\/172","targetHints":{"allow":["GET"]}}],"collection":[{"href":"https:\/\/blog.metu.edu.tr\/sidogan\/wp-json\/wp\/v2\/pages"}],"about":[{"href":"https:\/\/blog.metu.edu.tr\/sidogan\/wp-json\/wp\/v2\/types\/page"}],"author":[{"embeddable":true,"href":"https:\/\/blog.metu.edu.tr\/sidogan\/wp-json\/wp\/v2\/users\/1090"}],"replies":[{"embeddable":true,"href":"https:\/\/blog.metu.edu.tr\/sidogan\/wp-json\/wp\/v2\/comments?post=172"}],"version-history":[{"count":0,"href":"https:\/\/blog.metu.edu.tr\/sidogan\/wp-json\/wp\/v2\/pages\/172\/revisions"}],"wp:attachment":[{"href":"https:\/\/blog.metu.edu.tr\/sidogan\/wp-json\/wp\/v2\/media?parent=172"}],"curies":[{"name":"wp","href":"https:\/\/api.w.org\/{rel}","templated":true}]}}