{"id":3,"date":"2010-02-19T10:40:00","date_gmt":"2010-02-19T08:40:00","guid":{"rendered":"http:\/\/blog.metu.edu.tr\/sekici\/hakkinda\/"},"modified":"2010-02-19T10:40:00","modified_gmt":"2010-02-19T08:40:00","slug":"hakkinda","status":"publish","type":"page","link":"https:\/\/blog.metu.edu.tr\/sekici\/hakkinda\/","title":{"rendered":"Hakk\u0131mda"},"content":{"rendered":"<p style=\"text-align: left\"><img loading=\"lazy\" decoding=\"async\" class=\"alignnone size-full wp-image-6\" src=\"http:\/\/blog.metu.edu.tr\/sekici\/files\/2010\/02\/11.jpg\" alt=\"1\" width=\"134\" height=\"94\" \/><\/p>\n<p>Merhaba<\/p>\n<p>3 y\u0131ld\u0131r ODT\u00dc K\u00fct\u00fcphanesi&#8217;nde calisiyorum 1976 dogumluyum.<\/p>\n","protected":false},"excerpt":{"rendered":"<p>Merhaba 3 y\u0131ld\u0131r ODT\u00dc K\u00fct\u00fcphanesi&#8217;nde calisiyorum 1976 dogumluyum.<\/p>\n","protected":false},"author":614,"featured_media":0,"parent":0,"menu_order":0,"comment_status":"open","ping_status":"open","template":"","meta":{"footnotes":"","_links_to":"","_links_to_target":""},"class_list":["post-3","page","type-page","status-publish","hentry"],"_links":{"self":[{"href":"https:\/\/blog.metu.edu.tr\/sekici\/wp-json\/wp\/v2\/pages\/3","targetHints":{"allow":["GET"]}}],"collection":[{"href":"https:\/\/blog.metu.edu.tr\/sekici\/wp-json\/wp\/v2\/pages"}],"about":[{"href":"https:\/\/blog.metu.edu.tr\/sekici\/wp-json\/wp\/v2\/types\/page"}],"author":[{"embeddable":true,"href":"https:\/\/blog.metu.edu.tr\/sekici\/wp-json\/wp\/v2\/users\/614"}],"replies":[{"embeddable":true,"href":"https:\/\/blog.metu.edu.tr\/sekici\/wp-json\/wp\/v2\/comments?post=3"}],"version-history":[{"count":0,"href":"https:\/\/blog.metu.edu.tr\/sekici\/wp-json\/wp\/v2\/pages\/3\/revisions"}],"wp:attachment":[{"href":"https:\/\/blog.metu.edu.tr\/sekici\/wp-json\/wp\/v2\/media?parent=3"}],"curies":[{"name":"wp","href":"https:\/\/api.w.org\/{rel}","templated":true}]}}