{"id":80,"date":"2021-08-29T07:00:22","date_gmt":"2021-08-29T07:00:22","guid":{"rendered":"https:\/\/blog.metu.edu.tr\/sdag\/?page_id=80"},"modified":"2025-02-01T20:24:00","modified_gmt":"2025-02-01T17:24:00","slug":"about","status":"publish","type":"page","link":"https:\/\/blog.metu.edu.tr\/sdag\/about\/","title":{"rendered":"ABOUT"},"content":{"rendered":"<p>Serkan Da\u011f<br \/>\nProfessor and Chairman<br \/>\nDepartment of Mechanical Engineering<br \/>\nMiddle East Technical University<br \/>\nAnkara 06800<br \/>\nTURKEY<br \/>\nTel.: +90-312-2102539<br \/>\nFax: +90-312-2102536<br \/>\nEmail: sdag@metu.edu.tr<br \/>\nWeb: https:\/\/blog.metu.edu.tr\/sdag\/<\/p>\n<p><strong><span style=\"color: #333399\">DEGREES<\/span><\/strong><br \/>\nPh.D. in Mechanical Engineering, Lehigh University, 2002<br \/>\nM.S. in Mechanical Engineering, Middle East Technical University, 1997<br \/>\nB.S. in Mechanical Engineering, Middle East Technical University, 1995<\/p>\n<p><strong><span style=\"color: #333399\">AWARDS<\/span><\/strong><br \/>\nRepublic of Turkey Academic Incentive Award: Every year between 2015-2023<br \/>\nMETU Young Researcher Success Award: 2009<br \/>\nMETU Performance Award: 2006; 2009; 2016; 2018; 2020<\/p>\n<p><strong><span style=\"color: #333399\">CITATIONS<\/span><\/strong><br \/>\n1850+ citations in Google Scholar.<br \/>\nGoogle Scholar profile:<br \/>\n<a href=\"https:\/\/scholar.google.com\/citations?user=L2edvDIAAAAJ&amp;hl=en\" target=\"_blank\" rel=\"noopener\">https:\/\/scholar.google.com\/citations?user=L2edvDIAAAAJ&amp;hl=en<\/a><\/p>\n<p><strong><span style=\"color: #333399\">MEMBERSHIPS<\/span><\/strong><br \/>\n<a href=\"https:\/\/www.mukad.org.tr\/mukad-dergiler\/\" target=\"_blank\" rel=\"noopener\">M\u00fchendis ve Mimar Kad\u0131nlar Derne\u011fi (M\u00dcKAD) Dergisi<\/a> Dan\u0131\u015fma Kurulu<br \/>\nTurkish Journal of Science and Technology Advisory Board<br \/>\nF\u0131rat \u00dcniversitesi M\u00fchendislik Bilimleri Dergisi Dan\u0131\u015fma Kurulu<br \/>\nF\u0131rat \u00dcniversitesi Fen Bilimleri Dergisi Dan\u0131\u015fma Kurulu<br \/>\nMETU Engineering Faculty Board (Elected Member), 2024<br \/>\nInternational Advisory Committee of Functionally Graded Materials<br \/>\nMETU ME Department Research and Planning Committee<br \/>\nDiscover Applied Sciences Editorial Board<br \/>\nInternational Journal of Engineering and Applied Sciences Editorial Board<br \/>\nMETU Graduate School of Natural and Applied Sciences Administrative Committee (Elected Member), 2013-2017<br \/>\nPrevious Member of METU ME Department Graduate Education Committee<\/p>\n<p style=\"text-align: left\"><strong><span style=\"color: #333399\">REVIEWING<\/span><\/strong><br \/>\nReviewed for 70+ scientific journals<br \/>\nWeb of Science profile:<br \/>\n<a href=\"https:\/\/www.webofscience.com\/wos\/author\/record\/518002\" target=\"_blank\" rel=\"noopener\">https:\/\/www.webofscience.com\/wos\/author\/record\/518002<\/a><\/p>\n<p><strong><span style=\"color: #333399\">RECENT PRESENTATIONS<\/span><\/strong><\/p>\n<div id=\"editor-8e7c07b6-1c3a-46f2-9798-d30408c6bedf\" class=\"wp-block-freeform block-library-rich-text__tinymce mce-content-body html5-captions mce-edit-focus\">\n<p style=\"text-align: left\"><strong>Ko\u00e7,\u00a0<\/strong>S., Dag, S. Bending and free vibrations of laminated composite plates by trigonometric series approach. To be presented at the\u00a0<a href=\"https:\/\/events.unibo.it\/iccs\" target=\"_blank\" rel=\"noopener\">JOINT EVENT: ICCS26 &#8211; 26th International Conference on Composite Structures &amp; MECHCOMP8 &#8211; 8th International Conference on Mechanics of Composites<\/a>, Porto, Portugal, June 27-30, 2023.<\/p>\n<p style=\"text-align: left\"><strong style=\"font-size: revert;color: initial\">Dag,<\/strong><span style=\"font-size: revert;color: initial\"> S. Maple-aided teaching in mechanical engineering undergraduate courses. To be presented at the Online Maple Conference, Nov. 2-3, 2022, <\/span><a style=\"font-size: revert\" href=\"https:\/\/www.maplesoft.com\/mapleconference\/2022\/\" target=\"_blank\" rel=\"noopener\">https:\/\/www.maplesoft.com\/mapleconference\/2022\/<\/a><span style=\"font-size: revert;color: initial\">.<\/span><\/p>\n<\/div>\n<p style=\"text-align: left\"><strong>Tokta\u015f<\/strong>, S.E., <strong>Dag<\/strong>, S. On the moving contact problem between an arbitrarily graded coating and a semi-circular punch. Contact Mechanics International Symposium, May 23-25, 2022, Chexbres, Switzerland.<\/p>\n","protected":false},"excerpt":{"rendered":"<p>Serkan Da\u011f Professor and Chairman Department of Mechanical Engineering Middle East Technical University Ankara 06800 TURKEY Tel.: +90-312-2102539 Fax: +90-312-2102536 Email: sdag@metu.edu.tr Web: https:\/\/blog.metu.edu.tr\/sdag\/ DEGREES Ph.D. in Mechanical Engineering, Lehigh University, 2002 M.S. in Mechanical Engineering, Middle East Technical University, 1997 B.S. in Mechanical Engineering, Middle East Technical University, 1995 AWARDS Republic of Turkey Academic [&hellip;]<\/p>\n","protected":false},"author":7599,"featured_media":0,"parent":0,"menu_order":0,"comment_status":"closed","ping_status":"closed","template":"","meta":{"footnotes":"","_links_to":"","_links_to_target":""},"class_list":["post-80","page","type-page","status-publish","hentry"],"_links":{"self":[{"href":"https:\/\/blog.metu.edu.tr\/sdag\/wp-json\/wp\/v2\/pages\/80","targetHints":{"allow":["GET"]}}],"collection":[{"href":"https:\/\/blog.metu.edu.tr\/sdag\/wp-json\/wp\/v2\/pages"}],"about":[{"href":"https:\/\/blog.metu.edu.tr\/sdag\/wp-json\/wp\/v2\/types\/page"}],"author":[{"embeddable":true,"href":"https:\/\/blog.metu.edu.tr\/sdag\/wp-json\/wp\/v2\/users\/7599"}],"replies":[{"embeddable":true,"href":"https:\/\/blog.metu.edu.tr\/sdag\/wp-json\/wp\/v2\/comments?post=80"}],"version-history":[{"count":0,"href":"https:\/\/blog.metu.edu.tr\/sdag\/wp-json\/wp\/v2\/pages\/80\/revisions"}],"wp:attachment":[{"href":"https:\/\/blog.metu.edu.tr\/sdag\/wp-json\/wp\/v2\/media?parent=80"}],"curies":[{"name":"wp","href":"https:\/\/api.w.org\/{rel}","templated":true}]}}