{"id":112,"date":"2018-11-20T17:23:21","date_gmt":"2018-11-20T14:23:21","guid":{"rendered":"http:\/\/blog.metu.edu.tr\/rsonmez?page_id=112"},"modified":"2023-10-06T14:32:58","modified_gmt":"2023-10-06T11:32:58","slug":"industrial","status":"publish","type":"page","link":"https:\/\/blog.metu.edu.tr\/rsonmez\/industrial\/","title":{"rendered":"Industrial"},"content":{"rendered":"<p>Prof. S\u00f6nmez has six years of industrial experience and more than 25 years of consultancy experience. He is performing consultancy services for management, cost and schedule analysis, and dispute resolution of international construction projects.\u00a0 Some of his experiences include:<\/p>\n<p><strong>Industrial:<\/strong><br \/>\n\u2022 Site Project Controls Manager, AMEC-Attila Dogan Joint Venture, MgO EPC Plant Project, Jordan<br \/>\n\u2022 Planning Engineer, Attila Dogan Construction Company, EGO Ankara Gas Distribution Project Phase II<\/p>\n<p><strong>Expert Witness:<\/strong><br \/>\n\u2022 Expert witness in arbitration of a power plant project<br \/>\n\u2022 Provided assistance for preparation of as-built schedules and expert evidence for delay analysis in international arbitration of a EPC process plant<\/p>\n<p><strong>Consultancy:<\/strong><br \/>\n\u2022Expert report on cost revision of G\u00fcrb\u00fclak and T\u00fcrkg\u00f6z\u00fc Border Gate Projects, for the Customs and Tourism Enterprises Co. Inc (GT\u0130)<\/p>\n<p><span style=\"font-size: revert;color: initial\">\u2022Monitoring of project management plan, contract documents, and progress payment reports for Ankara Cyberpark and Ari Teknokent Projects on behalf of the Technology Development Foundation of Turkey<\/span><\/p>\n<p>\u2022 Analysis and comparison of construction costs of block materials for the AKG Yalitim ve Insaat<br \/>\nMalzemeleri San. ve Tic. A.S.<\/p>\n<p>\u2022 Updating and revising of the project schedule for Bandirma Sulphuric Acid Project &#8211; Attila Dogan Construction and Installation<\/p>\n","protected":false},"excerpt":{"rendered":"<p>Prof. S\u00f6nmez has six years of industrial experience and more than 25 years of consultancy experience. He is performing consultancy services for management, cost and schedule analysis, and dispute resolution of international construction projects.\u00a0 Some of his experiences include: Industrial: \u2022 Site Project Controls Manager, AMEC-Attila Dogan Joint Venture, MgO EPC Plant Project, Jordan \u2022 [&hellip;]<\/p>\n","protected":false},"author":4323,"featured_media":0,"parent":0,"menu_order":0,"comment_status":"closed","ping_status":"closed","template":"","meta":{"footnotes":"","_links_to":"","_links_to_target":""},"class_list":["post-112","page","type-page","status-publish","hentry"],"_links":{"self":[{"href":"https:\/\/blog.metu.edu.tr\/rsonmez\/wp-json\/wp\/v2\/pages\/112","targetHints":{"allow":["GET"]}}],"collection":[{"href":"https:\/\/blog.metu.edu.tr\/rsonmez\/wp-json\/wp\/v2\/pages"}],"about":[{"href":"https:\/\/blog.metu.edu.tr\/rsonmez\/wp-json\/wp\/v2\/types\/page"}],"author":[{"embeddable":true,"href":"https:\/\/blog.metu.edu.tr\/rsonmez\/wp-json\/wp\/v2\/users\/4323"}],"replies":[{"embeddable":true,"href":"https:\/\/blog.metu.edu.tr\/rsonmez\/wp-json\/wp\/v2\/comments?post=112"}],"version-history":[{"count":0,"href":"https:\/\/blog.metu.edu.tr\/rsonmez\/wp-json\/wp\/v2\/pages\/112\/revisions"}],"wp:attachment":[{"href":"https:\/\/blog.metu.edu.tr\/rsonmez\/wp-json\/wp\/v2\/media?parent=112"}],"curies":[{"name":"wp","href":"https:\/\/api.w.org\/{rel}","templated":true}]}}