{"id":108,"date":"2018-11-20T17:20:02","date_gmt":"2018-11-20T14:20:02","guid":{"rendered":"http:\/\/blog.metu.edu.tr\/rsonmez?page_id=108"},"modified":"2023-10-05T16:29:43","modified_gmt":"2023-10-05T13:29:43","slug":"research","status":"publish","type":"page","link":"https:\/\/blog.metu.edu.tr\/rsonmez\/research\/","title":{"rendered":"Research"},"content":{"rendered":"<p>Prof. S\u00f6nmez &#8216;s current research interest include optimization, evolutionary computing, machine learning, blockchain and smart contract applications for management of construction projects.<\/p>\n<p><strong>Recent publications:<\/strong><\/p>\n<p><a href=\"https:\/\/avesis.metu.edu.tr\/publication\/details\/bbf10a6b-7a79-401a-b9e0-343e6870fef9\/decentralized-tendering-of-construction-projects-using-blockchain-based-smart-contracts-and-storage-systems\">Decentralized tendering of construction projects using blockchain-based smart contracts and storage systems<\/a> Ahmadisheykhsarmast S.,\u00a0Senji S. G.,\u00a0S\u00f6nmez R.\u00a0 Automation in Construction\u00a0, vol.151, 2023<\/p>\n<p><a style=\"font-size: revert\" href=\"https:\/\/avesis.metu.edu.tr\/publication\/details\/53efd7d6-c3ee-4ef5-9cf1-fc8c632247a0\/blockchain-in-project-management-a-systematic-review-of-use-cases-and-a-design-decision-framework\">Blockchain in project management: a systematic review of use cases and a design decision framework<\/a><span style=\"font-size: revert;color: initial\"> S\u00f6nmez R., Sonmez F. O., Ahmadisheykhsarmast S. <\/span><span style=\"font-size: revert;color: initial\">Journal Of Ambient Intelligence And Humanized Computing<\/span><span style=\"font-size: revert;color: initial\">\u00a0, vol.14, no.7, pp.8433-8447, 2023<\/span><\/p>\n<p><a href=\"https:\/\/avesis.metu.edu.tr\/publication\/details\/afd4ac1b-73a9-4eb2-9349-63cce35895c7\/a-transformative-solution-for-construction-safety-blockchain-based-system-for-accident-information-management\">A transformative solution for construction safety: Blockchain-based system for accident information management <\/a>Ahmadisheykhsarmast S., Aminbakhsh S., S\u00f6nmez R., Uysal F. Journal of Industrial Information Integration\u00a0, vol.35, 2023<\/p>\n<p><a href=\"https:\/\/avesis.metu.edu.tr\/publication\/details\/564e4093-b348-4979-89b1-7de32f556ecc\/bim-integrated-smart-contract-for-construction-project-progress-payment-administration\">BIM integrated smart contract for construction<\/a><a href=\"https:\/\/avesis.metu.edu.tr\/publication\/details\/564e4093-b348-4979-89b1-7de32f556ecc\/bim-integrated-smart-contract-for-construction-project-progress-payment-administration\"> proj<\/a><a href=\"https:\/\/avesis.metu.edu.tr\/publication\/details\/564e4093-b348-4979-89b1-7de32f556ecc\/bim-integrated-smart-contract-for-construction-project-progress-payment-administration\">ect<\/a><a href=\"https:\/\/avesis.metu.edu.tr\/publication\/details\/564e4093-b348-4979-89b1-7de32f556ecc\/bim-integrated-smart-contract-for-construction-project-progress-payment-administration\"> progress payment<\/a><a href=\"https:\/\/avesis.metu.edu.tr\/publication\/details\/564e4093-b348-4979-89b1-7de32f556ecc\/bim-integrated-smart-contract-for-construction-project-progress-payment-administration\"> administration <\/a>S\u00f6nmez R.,\u00a0 Ahmadisheykhsarmast S., Ak\u00e7amete G\u00fcng\u00f6r A. Automation in Construction\u00a0, vol.139, 2022<\/p>\n<p><a href=\"https:\/\/avesis.metu.edu.tr\/publication\/details\/ba3025eb-4860-4c7a-b822-49900048f2e8\/a-graphical-processing-unit-based-parallel-hybrid-genetic-algorithm-for-resource-constrained-multi-project-scheduling-problem\">A graphical processing unit-based parallel hybrid genetic algorithm for resource-constrained multi-project scheduling problem <\/a>Uysal F., S\u00f6nmez R., \u0130\u015fleyen S. K. Concurrency And Computation-Practice &amp; Experience\u00a0, vol.33, no.16, 2021<\/p>\n<p><a href=\"https:\/\/avesis.metu.edu.tr\/publication\/details\/d740e1f1-523e-4ca8-b1ee-4f19041f568e\/discussion-of-artificial-intelligence-and-parametric-construction-cost-estimate-modeling-state-of-the-art-review-by-haytham-h-elmousalami\">Discussion of &#8220;Artificial Intelligence and Parametric Construction Cost Estimate Modeling: State-of-the-Art Review&#8221; by Haytham H. Elmousalami <\/a>S\u00f6nmez R., Uysal F. Journal of Construction Engineering and Management , vol.147, no.6, 2021<\/p>\n<p><a href=\"https:\/\/avesis.metu.edu.tr\/publication\/details\/2df09df9-c765-4882-8c17-edaa7334b358\/a-smart-contract-system-for-security-of-payment-of-construction-contracts\">A smart contract system for security of payment of construction contracts<\/a> Ahmadisheykhsarmast S., S\u00f6nmez R. Automation in Construction, vol.120, 2020<\/p>\n<p><a href=\"https:\/\/avesis.metu.edu.tr\/publication\/details\/21ef69cb-90cd-4ea1-aee6-c245c8820c0c\/smart-contracts-in-construction-industry\">Smart Contracts in Construction Industry <\/a>Salar A., S\u00f6nmez R. IPCMC 2018, 16 &#8211; 18 November 2018, pp.767-774<\/p>\n<p><a href=\"https:\/\/avesis.metu.edu.tr\/publication\/details\/93d31ecf-0e2a-49ae-b4ed-078121111d6d\/activity-uncrashing-heuristic-with-noncritical-activity-rescheduling-method-for-the-discrete-time-cost-trade-off-problem\">Activity Uncrashing Heuristic with Noncritical Activity Rescheduling Method for the Discrete Time-Cost Trade-Off Problem <\/a>S\u00f6nmez R., Aminbakhsh S., Atan T. Journal of Construction Engineering and Management\u00a0, vol.146, no.8, 2020<\/p>\n<p><strong>Complete list of publications:<\/strong><\/p>\n<p><strong><a href=\"https:\/\/avesis.metu.edu.tr\/rsonmez\/publications\" target=\"_blank\" rel=\"noopener\">All publication list<\/a><\/strong><\/p>\n<p><strong>Funded research projects:<\/strong><\/p>\n<p>\u2022 A BIM Integrated Agent-based Simulation Method for Time-Space Conflict Detection among Mobile Resources in Construction Projects &#8211; METU Scientific Research Center<\/p>\n<p>\u2022 An Efficient Memetic Algorithm for the Solving Discrete Time-Cost Trade-Off Problem for Construction Projects &#8211; The Scientific and Technological Research Council of Turkey<\/p>\n<p>\u2022 Development of High Performance Exact and Meta-Heuristic Algorithms for Resource Leveling Problem in Construction Projects The Scientific and Technological Research Council of Turkey<\/p>\n<p>\u2022 Efficient Meta-Heuristic Algorithms for Resource Constrained Multi-Project Scheduling &#8211; METU Scientific Research Center<\/p>\n<p><strong>Thesis supervised:<\/strong><\/p>\n<p><a href=\"https:\/\/avesis.metu.edu.tr\/rsonmez\/experiences\" target=\"_blank\" rel=\"noopener\">List of thesis supervised<\/a><\/p>\n","protected":false},"excerpt":{"rendered":"<p>Prof. S\u00f6nmez &#8216;s current research interest include optimization, evolutionary computing, machine learning, blockchain and smart contract applications for management of construction projects. Recent publications: Decentralized tendering of construction projects using blockchain-based smart contracts and storage systems Ahmadisheykhsarmast S.,\u00a0Senji S. G.,\u00a0S\u00f6nmez R.\u00a0 Automation in Construction\u00a0, vol.151, 2023 Blockchain in project management: a systematic review of use [&hellip;]<\/p>\n","protected":false},"author":4323,"featured_media":0,"parent":0,"menu_order":0,"comment_status":"closed","ping_status":"closed","template":"","meta":{"footnotes":"","_links_to":"","_links_to_target":""},"class_list":["post-108","page","type-page","status-publish","hentry"],"_links":{"self":[{"href":"https:\/\/blog.metu.edu.tr\/rsonmez\/wp-json\/wp\/v2\/pages\/108","targetHints":{"allow":["GET"]}}],"collection":[{"href":"https:\/\/blog.metu.edu.tr\/rsonmez\/wp-json\/wp\/v2\/pages"}],"about":[{"href":"https:\/\/blog.metu.edu.tr\/rsonmez\/wp-json\/wp\/v2\/types\/page"}],"author":[{"embeddable":true,"href":"https:\/\/blog.metu.edu.tr\/rsonmez\/wp-json\/wp\/v2\/users\/4323"}],"replies":[{"embeddable":true,"href":"https:\/\/blog.metu.edu.tr\/rsonmez\/wp-json\/wp\/v2\/comments?post=108"}],"version-history":[{"count":0,"href":"https:\/\/blog.metu.edu.tr\/rsonmez\/wp-json\/wp\/v2\/pages\/108\/revisions"}],"wp:attachment":[{"href":"https:\/\/blog.metu.edu.tr\/rsonmez\/wp-json\/wp\/v2\/media?parent=108"}],"curies":[{"name":"wp","href":"https:\/\/api.w.org\/{rel}","templated":true}]}}