{"id":86,"date":"2019-03-15T13:44:40","date_gmt":"2019-03-15T10:44:40","guid":{"rendered":"http:\/\/blog.metu.edu.tr\/rafetce\/?page_id=86"},"modified":"2019-03-15T14:21:12","modified_gmt":"2019-03-15T11:21:12","slug":"hakkimda","status":"publish","type":"page","link":"https:\/\/blog.metu.edu.tr\/rafetce\/","title":{"rendered":"Hakk\u0131mda"},"content":{"rendered":"<div id=\"pl-86\" class=\"panel-layout\">\n<div id=\"pg-86-0\" class=\"panel-grid panel-no-style\">\n<div id=\"pgc-86-0-0\" class=\"panel-grid-cell\">\n<div id=\"panel-86-0-0-0\" class=\"so-panel widget widget_sow-editor panel-first-child panel-last-child\">\n<div class=\"so-widget-sow-editor so-widget-sow-editor-base\">\n<div class=\"siteorigin-widget-tinymce textwidget\">\n\t<a href=\"https:\/\/blog.metu.edu.tr\/rafetce\/files\/2019\/03\/GeleceginTeknolojileri.jpg\"><img loading=\"lazy\" decoding=\"async\" class=\"alignnone size-large wp-image-21\" src=\"https:\/\/blog.metu.edu.tr\/rafetce\/files\/2019\/03\/GeleceginTeknolojileri-1024x320.jpg\" alt=\"\" width=\"640\" height=\"200\" srcset=\"https:\/\/blog.metu.edu.tr\/rafetce\/files\/2019\/03\/GeleceginTeknolojileri-1024x320.jpg 1024w, https:\/\/blog.metu.edu.tr\/rafetce\/files\/2019\/03\/GeleceginTeknolojileri-300x94.jpg 300w, https:\/\/blog.metu.edu.tr\/rafetce\/files\/2019\/03\/GeleceginTeknolojileri-768x240.jpg 768w, https:\/\/blog.metu.edu.tr\/rafetce\/files\/2019\/03\/GeleceginTeknolojileri.jpg 1920w\" sizes=\"auto, (max-width: 640px) 100vw, 640px\" \/><\/a><\/p>\n<p>Rafet \u00c7evik<\/p>\n<p>ODT\u00dc<\/p>\n<p>2019 &#8211; Mart<\/p>\n<p>G\u0130SAM<\/p>\n<p>Loading&#8230;\n<\/p><\/div>\n<\/div>\n<\/div>\n<\/div>\n<\/div>\n<\/div>\n","protected":false},"excerpt":{"rendered":"<p>Rafet \u00c7evik ODT\u00dc 2019 &#8211; Mart G\u0130SAM Loading&#8230;<\/p>\n","protected":false},"author":3683,"featured_media":0,"parent":0,"menu_order":0,"comment_status":"closed","ping_status":"closed","template":"","meta":{"footnotes":"","_links_to":"","_links_to_target":""},"class_list":["post-86","page","type-page","status-publish","hentry"],"_links":{"self":[{"href":"https:\/\/blog.metu.edu.tr\/rafetce\/wp-json\/wp\/v2\/pages\/86","targetHints":{"allow":["GET"]}}],"collection":[{"href":"https:\/\/blog.metu.edu.tr\/rafetce\/wp-json\/wp\/v2\/pages"}],"about":[{"href":"https:\/\/blog.metu.edu.tr\/rafetce\/wp-json\/wp\/v2\/types\/page"}],"author":[{"embeddable":true,"href":"https:\/\/blog.metu.edu.tr\/rafetce\/wp-json\/wp\/v2\/users\/3683"}],"replies":[{"embeddable":true,"href":"https:\/\/blog.metu.edu.tr\/rafetce\/wp-json\/wp\/v2\/comments?post=86"}],"version-history":[{"count":0,"href":"https:\/\/blog.metu.edu.tr\/rafetce\/wp-json\/wp\/v2\/pages\/86\/revisions"}],"wp:attachment":[{"href":"https:\/\/blog.metu.edu.tr\/rafetce\/wp-json\/wp\/v2\/media?parent=86"}],"curies":[{"name":"wp","href":"https:\/\/api.w.org\/{rel}","templated":true}]}}