{"id":110,"date":"2019-03-15T14:50:22","date_gmt":"2019-03-15T11:50:22","guid":{"rendered":"http:\/\/blog.metu.edu.tr\/rafetce\/?page_id=110"},"modified":"2019-03-15T14:51:53","modified_gmt":"2019-03-15T11:51:53","slug":"iletisim","status":"publish","type":"page","link":"https:\/\/blog.metu.edu.tr\/rafetce\/iletisim\/","title":{"rendered":"\u0130leti\u015fim"},"content":{"rendered":"[contact-form-7 id=&#8221;112&#8243; title=&#8221;\u0130leti\u015fim Formu&#8221;]\n","protected":false},"excerpt":{"rendered":"<p>[contact-form-7 id=&#8221;112&#8243; title=&#8221;\u0130leti\u015fim Formu&#8221;]<\/p>\n","protected":false},"author":3683,"featured_media":0,"parent":0,"menu_order":0,"comment_status":"closed","ping_status":"closed","template":"","meta":{"footnotes":"","_links_to":"","_links_to_target":""},"class_list":["post-110","page","type-page","status-publish","hentry"],"_links":{"self":[{"href":"https:\/\/blog.metu.edu.tr\/rafetce\/wp-json\/wp\/v2\/pages\/110","targetHints":{"allow":["GET"]}}],"collection":[{"href":"https:\/\/blog.metu.edu.tr\/rafetce\/wp-json\/wp\/v2\/pages"}],"about":[{"href":"https:\/\/blog.metu.edu.tr\/rafetce\/wp-json\/wp\/v2\/types\/page"}],"author":[{"embeddable":true,"href":"https:\/\/blog.metu.edu.tr\/rafetce\/wp-json\/wp\/v2\/users\/3683"}],"replies":[{"embeddable":true,"href":"https:\/\/blog.metu.edu.tr\/rafetce\/wp-json\/wp\/v2\/comments?post=110"}],"version-history":[{"count":0,"href":"https:\/\/blog.metu.edu.tr\/rafetce\/wp-json\/wp\/v2\/pages\/110\/revisions"}],"wp:attachment":[{"href":"https:\/\/blog.metu.edu.tr\/rafetce\/wp-json\/wp\/v2\/media?parent=110"}],"curies":[{"name":"wp","href":"https:\/\/api.w.org\/{rel}","templated":true}]}}