{"id":12,"date":"2020-09-07T11:29:09","date_gmt":"2020-09-07T11:29:09","guid":{"rendered":"http:\/\/blog.metu.edu.tr\/prphoton\/?page_id=12"},"modified":"2022-03-30T12:52:44","modified_gmt":"2022-03-30T12:52:44","slug":"people","status":"publish","type":"page","link":"https:\/\/blog.metu.edu.tr\/prphoton\/people\/","title":{"rendered":"PEOPLE"},"content":{"rendered":"\n<hr class=\"wp-block-separator\" \/>\n\n\n\n<p style=\"font-size:35px\"><strong>GROUP LEADER<\/strong><\/p>\n\n\n\n<div class=\"wp-block-media-text alignwide is-stacked-on-mobile is-vertically-aligned-center has-white-color has-text-color has-background\" style=\"background:linear-gradient(50deg,rgba(6,147,227,1) 0%,rgb(155,81,224) 100%);grid-template-columns:17% auto\"><figure class=\"wp-block-media-text__media\"><img loading=\"lazy\" decoding=\"async\" width=\"222\" height=\"227\" src=\"https:\/\/blog.metu.edu.tr\/prphoton\/files\/2020\/09\/1-Emre-Yuce.png\" alt=\"\" class=\"wp-image-71 size-full\" \/><\/figure><div class=\"wp-block-media-text__content\">\n<p class=\"has-white-color has-text-color has-large-font-size\"><strong>Assoc. Prof. Dr. Emre Y\u00fcce<\/strong><\/p>\n<\/div><\/div>\n\n\n\n<hr class=\"wp-block-separator is-style-wide\" \/>\n\n\n\n<p style=\"font-size:35px\"><strong>Ph.D. Students<\/strong><\/p>\n\n\n\n<div class=\"wp-block-columns has-background is-layout-flex wp-container-core-columns-is-layout-9d6595d7 wp-block-columns-is-layout-flex\" style=\"background:linear-gradient(244deg,rgb(238,238,238) 0%,rgb(169,184,195) 100%)\">\n<div class=\"wp-block-column is-layout-flow wp-block-column-is-layout-flow\">\n<figure class=\"wp-block-image size-full\"><img loading=\"lazy\" decoding=\"async\" width=\"300\" height=\"300\" src=\"https:\/\/blog.metu.edu.tr\/prphoton\/files\/2022\/03\/person-1.png\" alt=\"\" class=\"wp-image-622\" srcset=\"https:\/\/blog.metu.edu.tr\/prphoton\/files\/2022\/03\/person-1.png 300w, https:\/\/blog.metu.edu.tr\/prphoton\/files\/2022\/03\/person-1-150x150.png 150w, https:\/\/blog.metu.edu.tr\/prphoton\/files\/2022\/03\/person-1-210x210.png 210w\" sizes=\"auto, (max-width: 300px) 100vw, 300px\" \/><figcaption>\u015eahin K\u00fcrek\u00e7i<\/figcaption><\/figure>\n<\/div>\n\n\n\n<div class=\"wp-block-column is-layout-flow wp-block-column-is-layout-flow\">\n<figure class=\"wp-block-image size-full\"><img loading=\"lazy\" decoding=\"async\" width=\"300\" height=\"300\" src=\"https:\/\/blog.metu.edu.tr\/prphoton\/files\/2022\/03\/person-2.png\" alt=\"\" class=\"wp-image-623\" srcset=\"https:\/\/blog.metu.edu.tr\/prphoton\/files\/2022\/03\/person-2.png 300w, https:\/\/blog.metu.edu.tr\/prphoton\/files\/2022\/03\/person-2-150x150.png 150w, https:\/\/blog.metu.edu.tr\/prphoton\/files\/2022\/03\/person-2-210x210.png 210w\" sizes=\"auto, (max-width: 300px) 100vw, 300px\" \/><figcaption>Deniz Bender<\/figcaption><\/figure>\n<\/div>\n\n\n\n<div class=\"wp-block-column is-layout-flow wp-block-column-is-layout-flow\">\n<figure class=\"wp-block-image size-full\"><img loading=\"lazy\" decoding=\"async\" width=\"300\" height=\"300\" src=\"https:\/\/blog.metu.edu.tr\/prphoton\/files\/2022\/03\/person-3.png\" alt=\"\" class=\"wp-image-624\" srcset=\"https:\/\/blog.metu.edu.tr\/prphoton\/files\/2022\/03\/person-3.png 300w, https:\/\/blog.metu.edu.tr\/prphoton\/files\/2022\/03\/person-3-150x150.png 150w, https:\/\/blog.metu.edu.tr\/prphoton\/files\/2022\/03\/person-3-210x210.png 210w\" sizes=\"auto, (max-width: 300px) 100vw, 300px\" \/><figcaption>Koray \u00dcrkmen<\/figcaption><\/figure>\n<\/div>\n\n\n\n<div class=\"wp-block-column is-layout-flow wp-block-column-is-layout-flow\">\n<figure class=\"wp-block-image size-full\"><img loading=\"lazy\" decoding=\"async\" width=\"300\" height=\"300\" src=\"https:\/\/blog.metu.edu.tr\/prphoton\/files\/2022\/03\/person-5.png\" alt=\"\" class=\"wp-image-626\" srcset=\"https:\/\/blog.metu.edu.tr\/prphoton\/files\/2022\/03\/person-5.png 300w, https:\/\/blog.metu.edu.tr\/prphoton\/files\/2022\/03\/person-5-150x150.png 150w, https:\/\/blog.metu.edu.tr\/prphoton\/files\/2022\/03\/person-5-210x210.png 210w\" sizes=\"auto, (max-width: 300px) 100vw, 300px\" \/><figcaption>Berk Nezir G\u00fcn<\/figcaption><\/figure>\n<\/div>\n\n\n\n<div class=\"wp-block-column is-layout-flow wp-block-column-is-layout-flow\">\n<figure class=\"wp-block-image size-full\"><img loading=\"lazy\" decoding=\"async\" width=\"300\" height=\"300\" src=\"https:\/\/blog.metu.edu.tr\/prphoton\/files\/2022\/03\/person.png\" alt=\"\" class=\"wp-image-621\" srcset=\"https:\/\/blog.metu.edu.tr\/prphoton\/files\/2022\/03\/person.png 300w, https:\/\/blog.metu.edu.tr\/prphoton\/files\/2022\/03\/person-150x150.png 150w, https:\/\/blog.metu.edu.tr\/prphoton\/files\/2022\/03\/person-210x210.png 210w\" sizes=\"auto, (max-width: 300px) 100vw, 300px\" \/><figcaption>Parisa Naghinazhad<\/figcaption><\/figure>\n<\/div>\n<\/div>\n\n\n\n<hr class=\"wp-block-separator is-style-wide\" \/>\n\n\n\n<p style=\"font-size:35px\"><strong>Ms. Students<\/strong><\/p>\n\n\n\n<div class=\"wp-block-columns has-cyan-bluish-gray-background-color has-background is-layout-flex wp-container-core-columns-is-layout-9d6595d7 wp-block-columns-is-layout-flex\">\n<div class=\"wp-block-column is-layout-flow wp-block-column-is-layout-flow\">\n<figure class=\"wp-block-image size-full\"><img loading=\"lazy\" decoding=\"async\" width=\"300\" height=\"300\" src=\"https:\/\/blog.metu.edu.tr\/prphoton\/files\/2022\/03\/person-8.png\" alt=\"\" class=\"wp-image-629\" srcset=\"https:\/\/blog.metu.edu.tr\/prphoton\/files\/2022\/03\/person-8.png 300w, https:\/\/blog.metu.edu.tr\/prphoton\/files\/2022\/03\/person-8-150x150.png 150w, https:\/\/blog.metu.edu.tr\/prphoton\/files\/2022\/03\/person-8-210x210.png 210w\" sizes=\"auto, (max-width: 300px) 100vw, 300px\" \/><figcaption>Ahmet Azg\u0131n<\/figcaption><\/figure>\n<\/div>\n\n\n\n<div class=\"wp-block-column is-layout-flow wp-block-column-is-layout-flow\">\n<figure class=\"wp-block-image size-full\"><img loading=\"lazy\" decoding=\"async\" width=\"300\" height=\"300\" src=\"https:\/\/blog.metu.edu.tr\/prphoton\/files\/2022\/03\/person-9.png\" alt=\"\" class=\"wp-image-630\" srcset=\"https:\/\/blog.metu.edu.tr\/prphoton\/files\/2022\/03\/person-9.png 300w, https:\/\/blog.metu.edu.tr\/prphoton\/files\/2022\/03\/person-9-150x150.png 150w, https:\/\/blog.metu.edu.tr\/prphoton\/files\/2022\/03\/person-9-210x210.png 210w\" sizes=\"auto, (max-width: 300px) 100vw, 300px\" \/><figcaption>Canberk Aslaner<\/figcaption><\/figure>\n<\/div>\n\n\n\n<div class=\"wp-block-column is-layout-flow wp-block-column-is-layout-flow\">\n<figure class=\"wp-block-image size-full\"><img loading=\"lazy\" decoding=\"async\" width=\"300\" height=\"300\" src=\"https:\/\/blog.metu.edu.tr\/prphoton\/files\/2022\/03\/person-12.png\" alt=\"\" class=\"wp-image-633\" srcset=\"https:\/\/blog.metu.edu.tr\/prphoton\/files\/2022\/03\/person-12.png 300w, https:\/\/blog.metu.edu.tr\/prphoton\/files\/2022\/03\/person-12-150x150.png 150w, https:\/\/blog.metu.edu.tr\/prphoton\/files\/2022\/03\/person-12-210x210.png 210w\" sizes=\"auto, (max-width: 300px) 100vw, 300px\" \/><figcaption>Mehmet M\u00fcft\u00fco\u011flu<\/figcaption><\/figure>\n<\/div>\n\n\n\n<div class=\"wp-block-column is-layout-flow wp-block-column-is-layout-flow\">\n<figure class=\"wp-block-image size-full\"><img loading=\"lazy\" decoding=\"async\" width=\"300\" height=\"300\" src=\"https:\/\/blog.metu.edu.tr\/prphoton\/files\/2022\/03\/person-17.png\" alt=\"\" class=\"wp-image-638\" srcset=\"https:\/\/blog.metu.edu.tr\/prphoton\/files\/2022\/03\/person-17.png 300w, https:\/\/blog.metu.edu.tr\/prphoton\/files\/2022\/03\/person-17-150x150.png 150w, https:\/\/blog.metu.edu.tr\/prphoton\/files\/2022\/03\/person-17-210x210.png 210w\" sizes=\"auto, (max-width: 300px) 100vw, 300px\" \/><figcaption>Sena Atila<\/figcaption><\/figure>\n<\/div>\n\n\n\n<div class=\"wp-block-column is-layout-flow wp-block-column-is-layout-flow\">\n<figure class=\"wp-block-image size-full\"><img loading=\"lazy\" decoding=\"async\" width=\"300\" height=\"300\" src=\"https:\/\/blog.metu.edu.tr\/prphoton\/files\/2022\/03\/person-14.png\" alt=\"\" class=\"wp-image-635\" srcset=\"https:\/\/blog.metu.edu.tr\/prphoton\/files\/2022\/03\/person-14.png 300w, https:\/\/blog.metu.edu.tr\/prphoton\/files\/2022\/03\/person-14-150x150.png 150w, https:\/\/blog.metu.edu.tr\/prphoton\/files\/2022\/03\/person-14-210x210.png 210w\" sizes=\"auto, (max-width: 300px) 100vw, 300px\" \/><figcaption>Mehmet Tabak<\/figcaption><\/figure>\n<\/div>\n<\/div>\n\n\n\n<hr class=\"wp-block-separator is-style-wide\" \/>\n\n\n\n<p style=\"font-size:35px\"><strong>B.Sc. Students<\/strong><\/p>\n\n\n\n<div class=\"wp-block-columns is-layout-flex wp-container-core-columns-is-layout-9d6595d7 wp-block-columns-is-layout-flex\">\n<div class=\"wp-block-column is-layout-flow wp-block-column-is-layout-flow\">\n<figure class=\"wp-block-image size-full\"><img loading=\"lazy\" decoding=\"async\" width=\"300\" height=\"300\" src=\"https:\/\/blog.metu.edu.tr\/prphoton\/files\/2022\/03\/person-6.png\" alt=\"\" class=\"wp-image-627\" srcset=\"https:\/\/blog.metu.edu.tr\/prphoton\/files\/2022\/03\/person-6.png 300w, https:\/\/blog.metu.edu.tr\/prphoton\/files\/2022\/03\/person-6-150x150.png 150w, https:\/\/blog.metu.edu.tr\/prphoton\/files\/2022\/03\/person-6-210x210.png 210w\" sizes=\"auto, (max-width: 300px) 100vw, 300px\" \/><figcaption>Kaan Akbay<\/figcaption><\/figure>\n<\/div>\n\n\n\n<div class=\"wp-block-column is-layout-flow wp-block-column-is-layout-flow\">\n<figure class=\"wp-block-image size-full\"><img loading=\"lazy\" decoding=\"async\" width=\"300\" height=\"300\" src=\"https:\/\/blog.metu.edu.tr\/prphoton\/files\/2022\/03\/person-7.png\" alt=\"\" class=\"wp-image-628\" srcset=\"https:\/\/blog.metu.edu.tr\/prphoton\/files\/2022\/03\/person-7.png 300w, https:\/\/blog.metu.edu.tr\/prphoton\/files\/2022\/03\/person-7-150x150.png 150w, https:\/\/blog.metu.edu.tr\/prphoton\/files\/2022\/03\/person-7-210x210.png 210w\" sizes=\"auto, (max-width: 300px) 100vw, 300px\" \/><figcaption>G\u00fcl\u015fah Y\u0131ld\u0131z<\/figcaption><\/figure>\n<\/div>\n\n\n\n<div class=\"wp-block-column is-layout-flow wp-block-column-is-layout-flow\">\n<figure class=\"wp-block-image size-full\"><img loading=\"lazy\" decoding=\"async\" width=\"300\" height=\"300\" src=\"https:\/\/blog.metu.edu.tr\/prphoton\/files\/2022\/03\/person-10.png\" alt=\"\" class=\"wp-image-631\" srcset=\"https:\/\/blog.metu.edu.tr\/prphoton\/files\/2022\/03\/person-10.png 300w, https:\/\/blog.metu.edu.tr\/prphoton\/files\/2022\/03\/person-10-150x150.png 150w, https:\/\/blog.metu.edu.tr\/prphoton\/files\/2022\/03\/person-10-210x210.png 210w\" sizes=\"auto, (max-width: 300px) 100vw, 300px\" \/><figcaption>\u0130rem Kara\u00e7in<\/figcaption><\/figure>\n<\/div>\n\n\n\n<div class=\"wp-block-column is-layout-flow wp-block-column-is-layout-flow\">\n<figure class=\"wp-block-image size-full\"><img loading=\"lazy\" decoding=\"async\" width=\"300\" height=\"300\" src=\"https:\/\/blog.metu.edu.tr\/prphoton\/files\/2022\/03\/person-11.png\" alt=\"\" class=\"wp-image-632\" srcset=\"https:\/\/blog.metu.edu.tr\/prphoton\/files\/2022\/03\/person-11.png 300w, https:\/\/blog.metu.edu.tr\/prphoton\/files\/2022\/03\/person-11-150x150.png 150w, https:\/\/blog.metu.edu.tr\/prphoton\/files\/2022\/03\/person-11-210x210.png 210w\" sizes=\"auto, (max-width: 300px) 100vw, 300px\" \/><figcaption>Meryem \u00c7ift\u00e7i<\/figcaption><\/figure>\n<\/div>\n\n\n\n<div class=\"wp-block-column is-layout-flow wp-block-column-is-layout-flow\">\n<figure class=\"wp-block-image size-full\"><img loading=\"lazy\" decoding=\"async\" width=\"300\" height=\"300\" src=\"https:\/\/blog.metu.edu.tr\/prphoton\/files\/2022\/03\/person-13.png\" alt=\"\" class=\"wp-image-634\" srcset=\"https:\/\/blog.metu.edu.tr\/prphoton\/files\/2022\/03\/person-13.png 300w, https:\/\/blog.metu.edu.tr\/prphoton\/files\/2022\/03\/person-13-150x150.png 150w, https:\/\/blog.metu.edu.tr\/prphoton\/files\/2022\/03\/person-13-210x210.png 210w\" sizes=\"auto, (max-width: 300px) 100vw, 300px\" \/><figcaption>Bilge Selcen Solak<\/figcaption><\/figure>\n<\/div>\n\n\n\n<div class=\"wp-block-column is-layout-flow wp-block-column-is-layout-flow\">\n<figure class=\"wp-block-image size-full\"><img loading=\"lazy\" decoding=\"async\" width=\"300\" height=\"300\" src=\"https:\/\/blog.metu.edu.tr\/prphoton\/files\/2022\/03\/person-15.png\" alt=\"\" class=\"wp-image-636\" srcset=\"https:\/\/blog.metu.edu.tr\/prphoton\/files\/2022\/03\/person-15.png 300w, https:\/\/blog.metu.edu.tr\/prphoton\/files\/2022\/03\/person-15-150x150.png 150w, https:\/\/blog.metu.edu.tr\/prphoton\/files\/2022\/03\/person-15-210x210.png 210w\" sizes=\"auto, (max-width: 300px) 100vw, 300px\" \/><figcaption>U\u011fur \u00c7ak\u0131r<\/figcaption><\/figure>\n<\/div>\n<\/div>\n\n\n\n<div class=\"wp-block-columns is-layout-flex wp-container-core-columns-is-layout-9d6595d7 wp-block-columns-is-layout-flex\">\n<div class=\"wp-block-column is-layout-flow wp-block-column-is-layout-flow\">\n<figure class=\"wp-block-image size-full\"><img loading=\"lazy\" decoding=\"async\" width=\"300\" height=\"300\" src=\"https:\/\/blog.metu.edu.tr\/prphoton\/files\/2022\/03\/person-16.png\" alt=\"\" class=\"wp-image-637\" srcset=\"https:\/\/blog.metu.edu.tr\/prphoton\/files\/2022\/03\/person-16.png 300w, https:\/\/blog.metu.edu.tr\/prphoton\/files\/2022\/03\/person-16-150x150.png 150w, https:\/\/blog.metu.edu.tr\/prphoton\/files\/2022\/03\/person-16-210x210.png 210w\" sizes=\"auto, (max-width: 300px) 100vw, 300px\" \/><figcaption>Ege K\u00fc\u00e7\u00fckk\u00f6m\u00fcrc\u00fc<\/figcaption><\/figure>\n<\/div>\n\n\n\n<div class=\"wp-block-column is-layout-flow wp-block-column-is-layout-flow\">\n<figure class=\"wp-block-image size-full\"><img loading=\"lazy\" decoding=\"async\" width=\"300\" height=\"300\" src=\"https:\/\/blog.metu.edu.tr\/prphoton\/files\/2022\/03\/person-18.png\" alt=\"\" class=\"wp-image-639\" srcset=\"https:\/\/blog.metu.edu.tr\/prphoton\/files\/2022\/03\/person-18.png 300w, https:\/\/blog.metu.edu.tr\/prphoton\/files\/2022\/03\/person-18-150x150.png 150w, https:\/\/blog.metu.edu.tr\/prphoton\/files\/2022\/03\/person-18-210x210.png 210w\" sizes=\"auto, (max-width: 300px) 100vw, 300px\" \/><figcaption>An\u0131l Jean Pekg\u00f6z<\/figcaption><\/figure>\n<\/div>\n\n\n\n<div class=\"wp-block-column is-layout-flow wp-block-column-is-layout-flow\"><\/div>\n\n\n\n<div class=\"wp-block-column is-layout-flow wp-block-column-is-layout-flow\"><\/div>\n\n\n\n<div class=\"wp-block-column is-layout-flow wp-block-column-is-layout-flow\"><\/div>\n\n\n\n<div class=\"wp-block-column is-layout-flow wp-block-column-is-layout-flow\"><\/div>\n<\/div>\n\n\n\n<hr class=\"wp-block-separator is-style-wide\" \/>\n\n\n\n<h2 class=\"wp-block-heading\">Alumni<\/h2>\n\n\n\n<ul class=\"wp-block-list\"><li>Dr. Alim Yolalmaz, Currently at Delfth University, The Netherlands<\/li><li>S\u00fcleyman Kahraman, Currently at CALTECH, California Institute of Technology, USA<\/li><li>\u00c7a\u011fda\u015f An\u0131l Y\u00fcksel, Currently at Meteksan, Turkey<\/li><li>H. \u0130brahim Binici, Currently at METU, Turkey<\/li><li>Yal\u0131n Ba\u015fay, Currently at METU, Turkey<\/li><\/ul>\n\n\n<form role=\"search\" method=\"get\" action=\"https:\/\/blog.metu.edu.tr\/prphoton\/\" class=\"wp-block-search__button-outside wp-block-search__text-button wp-block-search\"    ><label class=\"wp-block-search__label\" for=\"wp-block-search__input-1\" >Search<\/label><div class=\"wp-block-search__inside-wrapper\" ><input class=\"wp-block-search__input\" id=\"wp-block-search__input-1\" placeholder=\"Search in the website...\" value=\"\" type=\"search\" name=\"s\" required \/><button aria-label=\"Search\" class=\"wp-block-search__button wp-element-button\" type=\"submit\" >Search<\/button><\/div><\/form>\n\n\n<p><\/p>\n","protected":false},"excerpt":{"rendered":"<p>GROUP LEADER Assoc. Prof. Dr. Emre Y\u00fcce Ph.D. Students Ms. Students B.Sc. Students Alumni Dr. Alim Yolalmaz, Currently at Delfth University, The Netherlands S\u00fcleyman Kahraman, Currently at CALTECH, California Institute &hellip; <a class=\"readmore\" href=\"https:\/\/blog.metu.edu.tr\/prphoton\/people\/\">Continue Reading &rarr;<\/a><\/p>\n","protected":false},"author":7110,"featured_media":0,"parent":0,"menu_order":0,"comment_status":"closed","ping_status":"closed","template":"","meta":{"footnotes":"","_links_to":"","_links_to_target":""},"class_list":["post-12","page","type-page","status-publish","hentry"],"_links":{"self":[{"href":"https:\/\/blog.metu.edu.tr\/prphoton\/wp-json\/wp\/v2\/pages\/12","targetHints":{"allow":["GET"]}}],"collection":[{"href":"https:\/\/blog.metu.edu.tr\/prphoton\/wp-json\/wp\/v2\/pages"}],"about":[{"href":"https:\/\/blog.metu.edu.tr\/prphoton\/wp-json\/wp\/v2\/types\/page"}],"author":[{"embeddable":true,"href":"https:\/\/blog.metu.edu.tr\/prphoton\/wp-json\/wp\/v2\/users\/7110"}],"replies":[{"embeddable":true,"href":"https:\/\/blog.metu.edu.tr\/prphoton\/wp-json\/wp\/v2\/comments?post=12"}],"version-history":[{"count":0,"href":"https:\/\/blog.metu.edu.tr\/prphoton\/wp-json\/wp\/v2\/pages\/12\/revisions"}],"wp:attachment":[{"href":"https:\/\/blog.metu.edu.tr\/prphoton\/wp-json\/wp\/v2\/media?parent=12"}],"curies":[{"name":"wp","href":"https:\/\/api.w.org\/{rel}","templated":true}]}}