{"id":11,"date":"2020-09-07T11:29:08","date_gmt":"2020-09-07T11:29:08","guid":{"rendered":"http:\/\/blog.metu.edu.tr\/prphoton\/?page_id=11"},"modified":"2022-03-30T12:29:59","modified_gmt":"2022-03-30T12:29:59","slug":"scientific-output","status":"publish","type":"page","link":"https:\/\/blog.metu.edu.tr\/prphoton\/scientific-output\/","title":{"rendered":"SCIENTIFIC OUTPUT"},"content":{"rendered":"\n<h2 class=\"wp-block-heading\" id=\"publications-under-review\">Publications under review:<\/h2>\n\n\n\n<p><strong>1. E. Y\u00fcce, G. Ctistis, J. Claudon, J. M. G\u00e9rard, and W. L. Vos, The role of the local density of optical states in frequency conversion of light in confined media, arXiv:1406.3586.<\/strong><\/p>\n\n\n\n<p><\/p>\n\n\n\n<div class=\"wp-block-group\"><div class=\"wp-block-group__inner-container is-layout-flow wp-block-group-is-layout-flow\">\n<hr class=\"wp-block-separator\" \/>\n<\/div><\/div>\n\n\n\n<div class=\"wp-block-group\"><div class=\"wp-block-group__inner-container is-layout-flow wp-block-group-is-layout-flow\">\n<h2 class=\"wp-block-heading\" id=\"published-research-articles\">Published research articles:<\/h2>\n\n\n\n<p><strong>25. A. Yolalmaz and E. Y\u00fcce, Comprehensive deep learning model for optical holography, 12, 2487 (2022).<\/strong><\/p>\n\n\n\n<p><strong>24.  A. Yolalmaz and E. Y\u00fcce, Hybrid design of spectral splitters and concentrators of light for solar cells using iterative search and neural networks, Photonic Nanostruct. 48, 100987 (2022).<\/strong> <\/p>\n\n\n\n<p><strong>23. E. Y\u00fcce, A. K. Demir, Z. Artvin, R. Sahin, A. Bek and M. E. Tasgin Ultra-large actively tunable photonic band gaps via plasmon-analog of index enhancement, Appl. Phys. Lett. 119, 211103 (2021)<\/strong><\/p>\n\n\n\n<p><strong>22. A. Yolalmaz and E. Y\u00fcce, Spectral splitting and concentration of broadband light using neural networks, APL Photonics 6, 046101 (2021).<\/strong><\/p>\n\n\n\n<p><strong>21. B. N. G\u00fcn and E. Y\u00fcce, Wavefront shaping assisted design of spectral splitters and solar concentrators, Scientific Reports 11, 2825 (2021).<\/strong><\/p>\n<\/div><\/div>\n\n\n\n<p><strong>20. A. Yolalmaz and E. Y\u00fcce, Effective bandwidth approach for the spectral splitting of solar spectrum using diffractive optical elements, Opt. Express 28, 12911 (2020).<\/strong><\/p>\n\n\n\n<p>\u200b<strong>19. E. Y\u00fcce, Nonlinear frequency conversion of light inside a microcavity, Turk. J. Physics 43, 221 (2019).<\/strong><\/p>\n\n\n\n<p><strong>\u200b18. E. Y\u00fcce, J. Lian, S. Sokolov, J. Bertolotti, S. Combri\u00e9, G. Lehoucq, A. De Rossi, A. P. Mosk, Adaptive control of necklace states in a photonic crystal waveguide, ACS Photonics 5, 3984 (2018).<\/strong><\/p>\n\n\n\n<p><strong>\u200b17. Y. Ba\u015fay and E. Y\u00fcce, Broadband spectral splitting of white light via 2D diffractive optical elements, Turk. J. Physics 42, 501 (2018).<\/strong><\/p>\n\n\n\n<p><strong>\u200b16. J. Lian, S. Sokolov, E. Y\u00fcce, S. Combri\u00e9, A. De Rossi, A. P. Mosk, Fano lines in the reflection spectrum of directly coupled systems of waveguides and cavities: Measurements, modeling, and manipulation of the Fano asymmetry, Phys. Rev. A 96, 033812 (2017).<\/strong><\/p>\n\n\n\n<p><strong>\u200b15. S. Sokolov, J. Lian, E. Y\u00fcce, S. Combri\u00e9, A. De Rossi, A. P. Mosk, Tuning out disorder-induced localization in nanophotonic cavity arrays, Opt. Express, 25, 4598 (2017).<\/strong><\/p>\n\n\n\n<p><strong>\u200b14. J. Lian, S. Sokolov, E. Y\u00fcce, S. Combri\u00e9, A. De Rossi, A. P. Mosk, Measurement of the profiles of disorder-induced localized resonances in photonic crystal waveguides by local tuning, Opt. Express, 24, 21939 (2016).<\/strong><\/p>\n\n\n\n<p><strong>\u200b13. E. Y\u00fcce, G. Ctistis, J. Claudon, J. M. G\u00e9rard, and W. L. Vos, Optimal all-optical switching of a microcavity resonance in the telecom range using the electronic Kerr effect, Opt. Express, 24, 239 (2016).<\/strong><\/p>\n\n\n\n<p><strong>\u200b12. J. Lian, S. Sokolov, E. Y\u00fcce, S. Combri\u00e9, A. De Rossi, A. P. Mosk, Dispersion of coupled mode-gap cavities, Opt. Lett. 40, 4488 (2015).<\/strong><\/p>\n\n\n\n<p><strong>\u200b11. Y. Sivan, G. Ctistis, E. Y\u00fcce and A.P. Mosk, Femtosecond-scale switching based on excited free-carriers, Opt. Express 23, 16416 (2015).<\/strong><\/p>\n\n\n\n<p><strong>\u200b10. S. Sokolov, J. Lian, E. Y\u00fcce, S. Combri\u00e9, G. Lehoucq, A. De Rossi, A. P. Mosk, Local thermal resonance control of GaInP photonic crystal membrane cavities using ambient gas cooling, Appl. Phys. Lett. 106, 171113 (2015).<\/strong><\/p>\n\n\n\n<p><strong>\u200b9. E. Y\u00fcce, O. G\u00fcrl\u00fc, G. Thursby, and A. Serpeng\u00fczel, Dynamical Electrical Tuning of a Silicon Microsphere: Used for Spectral Mapping of the Optical Resonances, Appl. Opt. 53, 6181 (2014).<\/strong><\/p>\n\n\n\n<p><strong>\u200b8. Thyrrestrup, E. Y\u00fcce, G. Ctistis, J. Claudon, J. M. G\u00e9rard, and W. L. Vos, Differential ultrafast all-optical switching of the resonances of a micropillar cavity, Appl. Phys. Lett. 105, 111115 (2014).<\/strong><\/p>\n\n\n\n<p><strong>\u200b7. M. S. Murib, E. Y\u00fcce, O. G\u00fcrl\u00fc, and A. Serpeng\u00fczel, Polarization behavior of elastic scattering from a silicon microsphere coupled to an optical fiber, Photon. Res. 2, 45 (2014).<\/strong><\/p>\n\n\n\n<p><strong>\u200b6. E. Y\u00fcce, G. Ctistis, J. Claudon, E. Dupuy,R. Buijs, B. de Ronde, A. P. Mosk, J. M. G\u00e9rard, and W. L. Vos, All-optical switching of a microcavity repeated at terahertz rates, Opt. Lett. 38, 374 (2013).<\/strong><\/p>\n\n\n\n<p class=\"has-text-align-right\"><strong>Highlighted in popular journals:<\/strong><\/p>\n\n\n\n<p class=\"has-text-align-right\"><strong>Terahertz Switching, Optics and Photonics News (OPN) by Optical Society of America (OSA) 24, 4 (2013).<\/strong><\/p>\n\n\n\n<p><strong>\u200b5. E. Y\u00fcce, G. Ctistis, J. Claudon, E. Dupuy, K. J. Boller, J. M. G\u00e9rard, and W. L. Vos Competition between electronic Kerr and free carrier effects in an ultimate-fast optically switched semiconductor microcavity, J. Opt. Soc. Am. B 29, 2630 (2012).<\/strong><\/p>\n\n\n\n<p><strong>\u200b4. E. Karabudak, E.&nbsp; Y\u00fcce, S. Schlautmann, O. Hansen, G. Mul, and H. Gardeniers, On the pathway of photoexcited electrons: probing photon-to-electron and photon-to-phonon conversions in silicon by ATR-IR, Phys. Chem. Chem. Phys. 14, 10882 (2012).<\/strong><\/p>\n\n\n\n<p><strong>\u200b3. A. Demir, E.&nbsp; Y\u00fcce, A. Serpeng\u00fczel, and J. A. Lock, Geometrically enhanced morphology dependent resonances of a dielectric sphere, Appl. Opt. 50, 6652 (2011).<\/strong><\/p>\n\n\n\n<p><strong>\u200b2. Ctistis, E. Y\u00fcce, A. Hartsuiker, J. Claudon, M. Bazin, J. M. G\u00e9rard and W.L. Vos, Ultimate fast optical switching of a planar microcavity in the telecom wavelength range, Appl. Phys. Lett. 98, 161114, (2011).<\/strong><\/p>\n\n\n\n<p class=\"has-text-align-right\"><strong>Highlighted in popular journals:<\/strong><\/p>\n\n\n\n<p class=\"has-text-align-right\"><strong>Switch at speed of light, Nature 473, 127 (2011).<br>A switch in time, Nature Physics 7, 447 (2011).<br>Super switch, Nature Photonics 5, 7 (2011).<\/strong><\/p>\n\n\n\n<div class=\"wp-block-group\"><div class=\"wp-block-group__inner-container is-layout-flow wp-block-group-is-layout-flow\">\n<hr class=\"wp-block-separator\" \/>\n\n\n\n<ol class=\"wp-block-list\"><li><strong>E. Y\u00fcce, O. G\u00fcrl\u00fc, and A. Serpeng\u00fczel, Optical modulation with silicon microspheres, IEEE Photon. Tech. Lett. 21, 1481 (2009).<\/strong><\/li><\/ol>\n<\/div><\/div>\n\n\n\n<div class=\"wp-block-group\"><div class=\"wp-block-group__inner-container is-layout-flow wp-block-group-is-layout-flow\">\n<div id=\"bgLayers_comp-k1et0lev1\" class=\"_3_wbk\">\n<div id=\"bgMedia_comp-k1et0lev1\" class=\"_33YMf\">\u00a0<\/div>\n<\/div>\n<div class=\"\" data-mesh-id=\"comp-k1et0lev1inlineContent\" data-testid=\"inline-content\">\n<div data-mesh-id=\"comp-k1et0lev1inlineContent-gridContainer\" data-testid=\"mesh-container-content\">\n<div id=\"comp-k1et0lev2\" class=\"_1Z_nJ\" data-testid=\"richTextElement\">\n<h2 class=\"font_7\"><span class=\"color_11\">Patents:<\/span><\/h2>\n<\/div>\n<div id=\"comp-kdy72770\" class=\"_1Z_nJ\" data-testid=\"richTextElement\">1. E. Y\u00fcce, K. \u00dcrkmen , High Resolution LIDAR imaging: Beyond rise time limitations,<br \/>TR Patent: 2021-GE-643595, (Pending).<\/div>\n<div class=\"_1Z_nJ\" data-testid=\"richTextElement\"><br \/>2. E. Y\u00fcce, B. N. G\u00fcn, A. Yolalmaz , Fast phase modulation using a digital micro-mirror device (DMD),<br \/>TR Patent: 2021-GE-925882, (Pending).<\/div>\n<div class=\"_1Z_nJ\" data-testid=\"richTextElement\"><br \/>3. E. Y\u00fcce, U. Taylan, High Resolution LIDAR using Multi-face and multi-axis Polygon Scanner,<br \/>TR Patent: 2021-GE-643706, (Pending).<\/div>\n<div class=\"_1Z_nJ\" data-testid=\"richTextElement\"><br \/>4. E. Y\u00fcce, S. K\u00fcrek\u00e7i, Compact Holographic spectrometer using a Spatial Light Modulator (SLM),<br \/>TR Patent: 2020-GE-727150, (Pending).<\/div>\n<div class=\"_1Z_nJ\" data-testid=\"richTextElement\"><br \/>5. E. Y\u00fcce, S. K\u00fcrek\u00e7i, Scattering Based SLM Spectrometer With Multimode Media,<br \/>TR Patent: 2020-GE-541749, (Pending).<\/div>\n<div class=\"_1Z_nJ\" data-testid=\"richTextElement\"><br \/>6. E. Y\u00fcce, A. Yolalmaz and \u00c7. A. Y\u00fcksel , Optical spectrometer based on alternating diffractive optical<br \/>elements,<br \/>TR Patent: 2020-GE-288969 (Pending).<\/div>\n<div class=\"_1Z_nJ\" data-testid=\"richTextElement\"><br \/>7. E. Y\u00fcce and \u00c7. A. Y\u00fcksel, Adaptive mechanisms for fast LIDAR and positioning systems,<br \/>TR Patent: 2018-GE-546166 (Pending), US Patent: GBUY127 (Pending), EU Patent: EP19898586.3<br \/>(Pending), JP Patent: 2021-514053 (Pending).<\/div>\n<\/div>\n<\/div>\n\n\n\n<hr class=\"wp-block-separator has-text-color has-background has-black-background-color has-black-color is-style-wide\" \/>\n<\/div><\/div>\n\n\n\n<h2 class=\"wp-block-heading\" id=\"conference-proceedings\">Conference Proceedings:<\/h2>\n\n\n\n<p><strong>13. N. Avishan, A. Akbiyik, E. Y\u00fcce and A. Bek Single-Step Periodic Photoelectrochemical Texturing of Silicon for Photovoltaics, 37th European Photovoltaic Solar Energy Conference and Exhibition, 3-936338-73-6, pp. 549 &#8211; 553 (2020) doi: 10.4229\/EUPVSEC20202020 -2DV.3.48.<\/strong><\/p>\n\n\n\n<p><strong>12. S. Kurekci, A.T. Temur, M.E. Odabas, G. Afshari and E. Y\u00fcce, Deep learning-based image transmission through a multi-mode fiber, (2020) Proc. SPIE 1135126 (2020).<\/strong><\/p>\n\n\n\n<p><strong>\u200b11. A. Yolalmaz, and E. Y\u00fcce, Angle-independent diffractive optical elements for efficient solar energy conversion, (2020) (2020) Proc. SPIE 113660Q (2020).<\/strong><\/p>\n\n\n\n<p><strong>\u200b10. A. Yolalmaz and E. Y\u00fcce, Designs of Diffractive Optical Elements for Solar Energy Harvesting, 2019 International Conference on Power Generation Systems and Renewable Energy Technologies (PGSRET), Istanbul, Turkey, 2019, pp. 1-5.<\/strong> <strong>doi: 10.1109\/PGSRET.2019.8882681.<\/strong><\/p>\n\n\n\n<p>\u200b<strong>9. E. C. Akbaba, E. Y\u00fcce, B. Ak\u0131no\u011flu, Deep Learning Algorithm Applied to Daily Solar Irradiation Estimations, 2018 6th International Renewable and Sustainable Energy Conference (IRSEC), Rabat, Morocco, 1-4, doi: 10.1109\/IRSEC.2018.8702963, (2018).<\/strong><\/p>\n\n\n\n<p><strong>\u200b8. E. Y\u00fcce, H. Thyrrestrup, E. Peinke, G. Ctistis, J. Claudon, J. M. G\u00e9rard, and W. L. Vos, Identifying the role of the local density of optical states in frequency conversion of light in a microcavity, Conference on Lasers and Electro-Optics \u2013 International Quantum Electronics Conference, (Optical Society of America, 2015), paper CD-P-32, (2015).<\/strong><\/p>\n\n\n\n<p><strong>\u200b7. E. Y\u00fcce, G. Ctistis, J. Claudon, M. Bazin, J. M. G\u00e9rard, and W. L. Vos, All-optical Switching of a Microcavity Repeated at Terahertz Clock Rates, Conference on Lasers and Electro-Optics- International Quantum Electronics Conference, (OSA, 2013), paper CFIE-11-1, (2013).<\/strong><\/p>\n\n\n\n<p><strong>\u200b6. E. Ctistis, E. Y\u00fcce, J. Claudon, A. P. Mosk, J. M. G\u00e9rard, and W. L. Vos, Frequency dependent dynamics of semiconductor microcavities under ultrafast carrier switching, Conference on Lasers and Electro-Optics \u2013 International Quantum Electronics Conference, (OSA, 2013), paper CFIE-P-5, (2013).<\/strong><\/p>\n\n\n\n<p><strong>\u200b5. E. Y\u00fcce, G. Ctistis, J. Claudon, M. Bazin, J. M. G\u00e9rard, and W. L. Vos, Q-factor dependent Kerr switching of semiconductor microcavities, CLEO\/Europe and EQEC 2011 Conference Digest, OSA Technical Digest, paper CI2-6, (2011).<\/strong><\/p>\n\n\n\n<p><strong>\u200b4. E. Y\u00fcce, G. Ctistis, J. Claudon, M. Bazin, J. M. G\u00e9rard, and W. L. Vos, Competition between electronic Kerr and free carrier effects in an ultimate fast switched semiconductor microcavity, CLEO\/Europe and EQEC 2011 Conference Digest, paper CK6-4, (2011).<\/strong><\/p>\n\n\n\n<p><strong>\u200b3. E. Ctistis, E. Y\u00fcce, A. Hartsuiker, M. Bazin, J. Claudon, J. M. G\u00e9rard, and W. L. Vos, Ultimate fast optical switching of a semiconductor photonic microcavity, CLEO\/Europe and EQEC 2011 Conference Digest, paper EI1-3, (2011).<\/strong><\/p>\n\n\n\n<p><strong>\u200b2. E. Y\u00fcce, M.S. Murib, O. G\u00fcrl\u00fc, and A. Serpeng\u00fczel, Silicon microspheres for modulation applications, SPIE 7366, 73660O, (2009).<\/strong><\/p>\n\n\n\n<p><strong>\u200b1. M.S. Murib, E. Y\u00fcce, O. G\u00fcrl\u00fc, and A. Serpeng\u00fczel, Near-infrared resonant cavity enhanced silicon microsphere photodetector, SPIE 7366, 73661M, (2009)<\/strong><\/p>\n\n\n<p><\/p>\n\n\n<hr class=\"wp-block-separator\" \/>\n\n\n<form role=\"search\" method=\"get\" action=\"https:\/\/blog.metu.edu.tr\/prphoton\/\" class=\"wp-block-search__button-outside wp-block-search__text-button wp-block-search\"    ><label class=\"wp-block-search__label\" for=\"wp-block-search__input-1\" >Search<\/label><div class=\"wp-block-search__inside-wrapper\" ><input class=\"wp-block-search__input\" id=\"wp-block-search__input-1\" placeholder=\"Search in the website...\" value=\"\" type=\"search\" name=\"s\" required \/><button aria-label=\"Search\" class=\"wp-block-search__button wp-element-button\" type=\"submit\" >Search<\/button><\/div><\/form>","protected":false},"excerpt":{"rendered":"<p>Publications under review: 1. E. Y\u00fcce, G. Ctistis, J. Claudon, J. M. G\u00e9rard, and W. L. Vos, The role of the local density of optical states in frequency conversion of &hellip; <a class=\"readmore\" href=\"https:\/\/blog.metu.edu.tr\/prphoton\/scientific-output\/\">Continue Reading &rarr;<\/a><\/p>\n","protected":false},"author":7110,"featured_media":0,"parent":0,"menu_order":0,"comment_status":"closed","ping_status":"closed","template":"","meta":{"footnotes":"","_links_to":"","_links_to_target":""},"class_list":["post-11","page","type-page","status-publish","hentry"],"_links":{"self":[{"href":"https:\/\/blog.metu.edu.tr\/prphoton\/wp-json\/wp\/v2\/pages\/11","targetHints":{"allow":["GET"]}}],"collection":[{"href":"https:\/\/blog.metu.edu.tr\/prphoton\/wp-json\/wp\/v2\/pages"}],"about":[{"href":"https:\/\/blog.metu.edu.tr\/prphoton\/wp-json\/wp\/v2\/types\/page"}],"author":[{"embeddable":true,"href":"https:\/\/blog.metu.edu.tr\/prphoton\/wp-json\/wp\/v2\/users\/7110"}],"replies":[{"embeddable":true,"href":"https:\/\/blog.metu.edu.tr\/prphoton\/wp-json\/wp\/v2\/comments?post=11"}],"version-history":[{"count":0,"href":"https:\/\/blog.metu.edu.tr\/prphoton\/wp-json\/wp\/v2\/pages\/11\/revisions"}],"wp:attachment":[{"href":"https:\/\/blog.metu.edu.tr\/prphoton\/wp-json\/wp\/v2\/media?parent=11"}],"curies":[{"name":"wp","href":"https:\/\/api.w.org\/{rel}","templated":true}]}}