{"id":83,"date":"2018-03-01T20:28:45","date_gmt":"2018-03-01T17:28:45","guid":{"rendered":"http:\/\/blog.metu.edu.tr\/ozturkha\/?page_id=83"},"modified":"2018-09-21T13:53:51","modified_gmt":"2018-09-21T10:53:51","slug":"m-sc-students","status":"publish","type":"page","link":"https:\/\/blog.metu.edu.tr\/ozturkha\/students\/current\/m-sc-students\/","title":{"rendered":"M.Sc Students"},"content":{"rendered":"<p>M.S. Students:<\/p>\n<p><a href=\"https:\/\/blog.metu.edu.tr\/ozturkha\/students\/omer-can-pamuk\/\">\u00d6mer Can Pamuk<\/a><\/p>\n<p><a href=\"https:\/\/blog.metu.edu.tr\/ozturkha\/students\/current\/koray-ates\/\">Koray Ate\u015f<\/a><\/p>\n<p><a href=\"https:\/\/blog.metu.edu.tr\/ozturkha\/students\/current\/m-sc-students\/furkan\/\">Furkan Ra\u015fit ARSEN<\/a><\/p>\n<p><a href=\"https:\/\/blog.metu.edu.tr\/ozturkha\/students\/current\/m-sc-students\/volkan\/\">Volkan<\/a><\/p>\n","protected":false},"excerpt":{"rendered":"<p>M.S. Students: \u00d6mer Can Pamuk Koray Ate\u015f Furkan Ra\u015fit ARSEN Volkan<\/p>\n","protected":false},"author":4955,"featured_media":0,"parent":36,"menu_order":1,"comment_status":"closed","ping_status":"closed","template":"","meta":{"footnotes":"","_links_to":"","_links_to_target":""},"class_list":["post-83","page","type-page","status-publish","hentry"],"_links":{"self":[{"href":"https:\/\/blog.metu.edu.tr\/ozturkha\/wp-json\/wp\/v2\/pages\/83","targetHints":{"allow":["GET"]}}],"collection":[{"href":"https:\/\/blog.metu.edu.tr\/ozturkha\/wp-json\/wp\/v2\/pages"}],"about":[{"href":"https:\/\/blog.metu.edu.tr\/ozturkha\/wp-json\/wp\/v2\/types\/page"}],"author":[{"embeddable":true,"href":"https:\/\/blog.metu.edu.tr\/ozturkha\/wp-json\/wp\/v2\/users\/4955"}],"replies":[{"embeddable":true,"href":"https:\/\/blog.metu.edu.tr\/ozturkha\/wp-json\/wp\/v2\/comments?post=83"}],"version-history":[{"count":0,"href":"https:\/\/blog.metu.edu.tr\/ozturkha\/wp-json\/wp\/v2\/pages\/83\/revisions"}],"up":[{"embeddable":true,"href":"https:\/\/blog.metu.edu.tr\/ozturkha\/wp-json\/wp\/v2\/pages\/36"}],"wp:attachment":[{"href":"https:\/\/blog.metu.edu.tr\/ozturkha\/wp-json\/wp\/v2\/media?parent=83"}],"curies":[{"name":"wp","href":"https:\/\/api.w.org\/{rel}","templated":true}]}}