{"id":47,"date":"2017-07-18T15:52:53","date_gmt":"2017-07-18T15:52:53","guid":{"rendered":"http:\/\/blog.metu.edu.tr\/ozturkha\/?page_id=47"},"modified":"2018-09-19T17:17:32","modified_gmt":"2018-09-19T14:17:32","slug":"contacts","status":"publish","type":"page","link":"https:\/\/blog.metu.edu.tr\/ozturkha\/contacts\/","title":{"rendered":"CONTACTS"},"content":{"rendered":"<p align=\"center\"><strong>Assist. Prof. Dr HANDE I\u015eIK \u00d6ZT\u00dcRK<\/strong><\/p>\n<p align=\"center\"><strong>Email: ozturkha@metu.edu.tr<\/strong><\/p>\n<p align=\"center\"><strong>Phone: +90 (312) 210 2437<\/strong><\/p>\n<p align=\"center\"><strong>Fax: +90 (312) 210 5401<\/strong><\/p>\n<p align=\"center\"><strong>Web site: https:\/\/blog.metu.edu.tr\/ozturkha\/<\/strong><\/p>\n<p align=\"center\"><strong>Address: <\/strong><b>K1-403 , Civil Engineering Department, Middle East Technical University <\/b><\/p>\n<p align=\"center\"><b>Cankaya, Ankara, 06800, Turkey<\/b><\/p>\n","protected":false},"excerpt":{"rendered":"<p>Assist. Prof. Dr HANDE I\u015eIK \u00d6ZT\u00dcRK Email: ozturkha@metu.edu.tr Phone: +90 (312) 210 2437 Fax: +90 (312) 210 5401 Web site: https:\/\/blog.metu.edu.tr\/ozturkha\/ Address: K1-403 , Civil Engineering Department, Middle East Technical University Cankaya, Ankara, 06800, Turkey<\/p>\n","protected":false},"author":4955,"featured_media":0,"parent":0,"menu_order":8,"comment_status":"closed","ping_status":"closed","template":"","meta":{"footnotes":"","_links_to":"","_links_to_target":""},"class_list":["post-47","page","type-page","status-publish","hentry"],"_links":{"self":[{"href":"https:\/\/blog.metu.edu.tr\/ozturkha\/wp-json\/wp\/v2\/pages\/47","targetHints":{"allow":["GET"]}}],"collection":[{"href":"https:\/\/blog.metu.edu.tr\/ozturkha\/wp-json\/wp\/v2\/pages"}],"about":[{"href":"https:\/\/blog.metu.edu.tr\/ozturkha\/wp-json\/wp\/v2\/types\/page"}],"author":[{"embeddable":true,"href":"https:\/\/blog.metu.edu.tr\/ozturkha\/wp-json\/wp\/v2\/users\/4955"}],"replies":[{"embeddable":true,"href":"https:\/\/blog.metu.edu.tr\/ozturkha\/wp-json\/wp\/v2\/comments?post=47"}],"version-history":[{"count":0,"href":"https:\/\/blog.metu.edu.tr\/ozturkha\/wp-json\/wp\/v2\/pages\/47\/revisions"}],"wp:attachment":[{"href":"https:\/\/blog.metu.edu.tr\/ozturkha\/wp-json\/wp\/v2\/media?parent=47"}],"curies":[{"name":"wp","href":"https:\/\/api.w.org\/{rel}","templated":true}]}}