{"id":41,"date":"2017-07-18T15:27:11","date_gmt":"2017-07-18T15:27:11","guid":{"rendered":"http:\/\/blog.metu.edu.tr\/ozturkha\/?page_id=41"},"modified":"2017-07-19T17:51:50","modified_gmt":"2017-07-19T14:51:50","slug":"home-2","status":"publish","type":"page","link":"https:\/\/blog.metu.edu.tr\/ozturkha\/","title":{"rendered":"HOME"},"content":{"rendered":"<p>&nbsp;<\/p>\n<p style=\"text-align: center\"><img loading=\"lazy\" decoding=\"async\" class=\"alignnone size-full wp-image-75 aligncenter\" src=\"https:\/\/blog.metu.edu.tr\/ozturkha\/files\/2017\/07\/BETON021116-2-1-e1500475852612.jpg\" alt=\"\" width=\"177\" height=\"180\" \/><\/p>\n<p style=\"text-align: center\"><strong>Assist. Prof. Dr. HANDE I\u015eIK \u00d6ZT\u00dcRK<\/strong><\/p>\n<p style=\"text-align: center\"><strong>Transportation Engineering Division<\/strong><\/p>\n<p style=\"text-align: center\"><b>Civil Engineering Department<\/b><\/p>\n<p style=\"text-align: center\"><b>Middle East Technical University<\/b><\/p>\n<p style=\"text-align: center\"><b>Cankaya, Ankara, 06800, Turkey<\/b><\/p>\n<p style=\"text-align: left\">Research interests:<\/p>\n<p style=\"text-align: left\">Warm Mix Asphalt, Crumb Rubber Modified Asphalt, Image Processing<\/p>\n<p style=\"text-align: center\"><a href=\"https:\/\/www.linkedin.com\/in\/hande-isik-ozturk-b651bb35\">Linkedin<\/a> | <a href=\"https:\/\/www.researchgate.net\/profile\/Hande_Ozturk\">ResearchGate<\/a><\/p>\n","protected":false},"excerpt":{"rendered":"<p>&nbsp; Assist. Prof. Dr. HANDE I\u015eIK \u00d6ZT\u00dcRK Transportation Engineering Division Civil Engineering Department Middle East Technical University Cankaya, Ankara, 06800, Turkey Research interests: Warm Mix Asphalt, Crumb Rubber Modified Asphalt, Image Processing Linkedin | ResearchGate<\/p>\n","protected":false},"author":4955,"featured_media":0,"parent":0,"menu_order":0,"comment_status":"closed","ping_status":"closed","template":"","meta":{"footnotes":"","_links_to":"","_links_to_target":""},"class_list":["post-41","page","type-page","status-publish","hentry"],"_links":{"self":[{"href":"https:\/\/blog.metu.edu.tr\/ozturkha\/wp-json\/wp\/v2\/pages\/41","targetHints":{"allow":["GET"]}}],"collection":[{"href":"https:\/\/blog.metu.edu.tr\/ozturkha\/wp-json\/wp\/v2\/pages"}],"about":[{"href":"https:\/\/blog.metu.edu.tr\/ozturkha\/wp-json\/wp\/v2\/types\/page"}],"author":[{"embeddable":true,"href":"https:\/\/blog.metu.edu.tr\/ozturkha\/wp-json\/wp\/v2\/users\/4955"}],"replies":[{"embeddable":true,"href":"https:\/\/blog.metu.edu.tr\/ozturkha\/wp-json\/wp\/v2\/comments?post=41"}],"version-history":[{"count":0,"href":"https:\/\/blog.metu.edu.tr\/ozturkha\/wp-json\/wp\/v2\/pages\/41\/revisions"}],"wp:attachment":[{"href":"https:\/\/blog.metu.edu.tr\/ozturkha\/wp-json\/wp\/v2\/media?parent=41"}],"curies":[{"name":"wp","href":"https:\/\/api.w.org\/{rel}","templated":true}]}}