{"id":40,"date":"2017-07-18T15:24:45","date_gmt":"2017-07-18T12:24:45","guid":{"rendered":"http:\/\/blog.metu.edu.tr\/ozturkha\/?page_id=40"},"modified":"2018-09-21T14:08:23","modified_gmt":"2018-09-21T11:08:23","slug":"metu-transportation-lab","status":"publish","type":"page","link":"https:\/\/blog.metu.edu.tr\/ozturkha\/metu-transportation-lab\/","title":{"rendered":"METU TRANSPORTATION LAB"},"content":{"rendered":"<p><img loading=\"lazy\" decoding=\"async\" class=\"size-medium wp-image-89 aligncenter\" src=\"https:\/\/blog.metu.edu.tr\/ozturkha\/files\/2018\/09\/photo_2018-09-19_17-13-33-300x200.jpg\" alt=\"\" width=\"300\" height=\"200\" srcset=\"https:\/\/blog.metu.edu.tr\/ozturkha\/files\/2018\/09\/photo_2018-09-19_17-13-33-300x200.jpg 300w, https:\/\/blog.metu.edu.tr\/ozturkha\/files\/2018\/09\/photo_2018-09-19_17-13-33-768x511.jpg 768w, https:\/\/blog.metu.edu.tr\/ozturkha\/files\/2018\/09\/photo_2018-09-19_17-13-33-1024x682.jpg 1024w, https:\/\/blog.metu.edu.tr\/ozturkha\/files\/2018\/09\/photo_2018-09-19_17-13-33-272x182.jpg 272w, https:\/\/blog.metu.edu.tr\/ozturkha\/files\/2018\/09\/photo_2018-09-19_17-13-33.jpg 1280w\" sizes=\"auto, (max-width: 300px) 100vw, 300px\" \/><\/p>\n<p style=\"text-align: center\">From the left side: Isfandiyar Rashidzade, Assoc. Prof. Dr. HED\u0130YE T\u00dcYDE\u015e YAMAN, Assist. Prof. Dr ASLI AK\u00c7AMETE G\u00dcNG\u00d6R, Me, Reza Shabani, Necdet Aydo\u011fan, Prof. Dr. MURAT G\u00dcLER, Ahmet Sa\u011flam, Prof. Dr. \u0130SMA\u0130L \u00d6ZG\u00dcR YAMAN, Farshad Kamran, Laleh Sorkhi<\/p>\n<p><img loading=\"lazy\" decoding=\"async\" class=\"alignnone size-medium wp-image-90 aligncenter\" src=\"https:\/\/blog.metu.edu.tr\/ozturkha\/files\/2018\/09\/photo_2018-09-19_17-13-33-2-300x225.jpg\" alt=\"\" width=\"300\" height=\"225\" srcset=\"https:\/\/blog.metu.edu.tr\/ozturkha\/files\/2018\/09\/photo_2018-09-19_17-13-33-2-300x225.jpg 300w, https:\/\/blog.metu.edu.tr\/ozturkha\/files\/2018\/09\/photo_2018-09-19_17-13-33-2-768x576.jpg 768w, https:\/\/blog.metu.edu.tr\/ozturkha\/files\/2018\/09\/photo_2018-09-19_17-13-33-2.jpg 1024w\" sizes=\"auto, (max-width: 300px) 100vw, 300px\" \/><\/p>\n<p style=\"text-align: center\">From the left side: Farshad Kamran, Me<\/p>\n<p><img loading=\"lazy\" decoding=\"async\" class=\"alignnone size-medium wp-image-104 aligncenter\" src=\"https:\/\/blog.metu.edu.tr\/ozturkha\/files\/2018\/09\/photo_2018-09-21_14-00-13-300x225.jpg\" alt=\"\" width=\"300\" height=\"225\" srcset=\"https:\/\/blog.metu.edu.tr\/ozturkha\/files\/2018\/09\/photo_2018-09-21_14-00-13-300x225.jpg 300w, https:\/\/blog.metu.edu.tr\/ozturkha\/files\/2018\/09\/photo_2018-09-21_14-00-13-768x576.jpg 768w, https:\/\/blog.metu.edu.tr\/ozturkha\/files\/2018\/09\/photo_2018-09-21_14-00-13-1024x768.jpg 1024w, https:\/\/blog.metu.edu.tr\/ozturkha\/files\/2018\/09\/photo_2018-09-21_14-00-13.jpg 1280w\" sizes=\"auto, (max-width: 300px) 100vw, 300px\" \/><\/p>\n<p style=\"text-align: center\">From the left side: Me, Farshad Kamran,\u00a0Prof. Dr. MURAT G\u00dcLER<\/p>\n<p><img loading=\"lazy\" decoding=\"async\" class=\"alignnone size-medium wp-image-105 aligncenter\" src=\"https:\/\/blog.metu.edu.tr\/ozturkha\/files\/2018\/09\/photo_2018-09-21_14-00-13-3-300x200.jpg\" alt=\"\" width=\"300\" height=\"200\" srcset=\"https:\/\/blog.metu.edu.tr\/ozturkha\/files\/2018\/09\/photo_2018-09-21_14-00-13-3-300x200.jpg 300w, https:\/\/blog.metu.edu.tr\/ozturkha\/files\/2018\/09\/photo_2018-09-21_14-00-13-3-768x511.jpg 768w, https:\/\/blog.metu.edu.tr\/ozturkha\/files\/2018\/09\/photo_2018-09-21_14-00-13-3-1024x682.jpg 1024w, https:\/\/blog.metu.edu.tr\/ozturkha\/files\/2018\/09\/photo_2018-09-21_14-00-13-3-272x182.jpg 272w, https:\/\/blog.metu.edu.tr\/ozturkha\/files\/2018\/09\/photo_2018-09-21_14-00-13-3.jpg 1280w\" sizes=\"auto, (max-width: 300px) 100vw, 300px\" \/><\/p>\n<p style=\"text-align: center\">From the left side: Farshad Kamran,\u00a0Me, Ahmet Sa\u011flam<\/p>\n<p><img loading=\"lazy\" decoding=\"async\" class=\"alignnone size-medium wp-image-106 aligncenter\" src=\"https:\/\/blog.metu.edu.tr\/ozturkha\/files\/2018\/09\/photo_2018-09-21_14-00-13-2-300x300.jpg\" alt=\"\" width=\"300\" height=\"300\" srcset=\"https:\/\/blog.metu.edu.tr\/ozturkha\/files\/2018\/09\/photo_2018-09-21_14-00-13-2-300x300.jpg 300w, https:\/\/blog.metu.edu.tr\/ozturkha\/files\/2018\/09\/photo_2018-09-21_14-00-13-2-150x150.jpg 150w, https:\/\/blog.metu.edu.tr\/ozturkha\/files\/2018\/09\/photo_2018-09-21_14-00-13-2.jpg 650w\" sizes=\"auto, (max-width: 300px) 100vw, 300px\" \/><\/p>\n<p style=\"text-align: center\">From the left side: Farshad Kamran, \u00d6mer Can Pamuk<\/p>\n","protected":false},"excerpt":{"rendered":"<p>From the left side: Isfandiyar Rashidzade, Assoc. Prof. Dr. HED\u0130YE T\u00dcYDE\u015e YAMAN, Assist. Prof. Dr ASLI AK\u00c7AMETE G\u00dcNG\u00d6R, Me, Reza Shabani, Necdet Aydo\u011fan, Prof. Dr. MURAT G\u00dcLER, Ahmet Sa\u011flam, Prof. Dr. \u0130SMA\u0130L \u00d6ZG\u00dcR YAMAN, Farshad Kamran, Laleh Sorkhi From the left side: Farshad Kamran, Me From the left side: Me, Farshad Kamran,\u00a0Prof. Dr. MURAT G\u00dcLER [&hellip;]<\/p>\n","protected":false},"author":4955,"featured_media":0,"parent":0,"menu_order":7,"comment_status":"closed","ping_status":"closed","template":"","meta":{"footnotes":"","_links_to":"","_links_to_target":""},"class_list":["post-40","page","type-page","status-publish","hentry"],"_links":{"self":[{"href":"https:\/\/blog.metu.edu.tr\/ozturkha\/wp-json\/wp\/v2\/pages\/40","targetHints":{"allow":["GET"]}}],"collection":[{"href":"https:\/\/blog.metu.edu.tr\/ozturkha\/wp-json\/wp\/v2\/pages"}],"about":[{"href":"https:\/\/blog.metu.edu.tr\/ozturkha\/wp-json\/wp\/v2\/types\/page"}],"author":[{"embeddable":true,"href":"https:\/\/blog.metu.edu.tr\/ozturkha\/wp-json\/wp\/v2\/users\/4955"}],"replies":[{"embeddable":true,"href":"https:\/\/blog.metu.edu.tr\/ozturkha\/wp-json\/wp\/v2\/comments?post=40"}],"version-history":[{"count":0,"href":"https:\/\/blog.metu.edu.tr\/ozturkha\/wp-json\/wp\/v2\/pages\/40\/revisions"}],"wp:attachment":[{"href":"https:\/\/blog.metu.edu.tr\/ozturkha\/wp-json\/wp\/v2\/media?parent=40"}],"curies":[{"name":"wp","href":"https:\/\/api.w.org\/{rel}","templated":true}]}}