{"id":32,"date":"2017-07-18T14:51:23","date_gmt":"2017-07-18T11:51:23","guid":{"rendered":"http:\/\/blog.metu.edu.tr\/ozturkha\/?page_id=32"},"modified":"2018-09-21T13:51:47","modified_gmt":"2018-09-21T10:51:47","slug":"students","status":"publish","type":"page","link":"https:\/\/blog.metu.edu.tr\/ozturkha\/students\/","title":{"rendered":"STUDENTS"},"content":{"rendered":"<h2>Current Students:<\/h2>\n<h5>PhD:<\/h5>\n<p><a href=\"http:\/\/blog.metu.edu.tr\/ozturkha\/laleh-sorkhi\/\">Laleh Sorkhi<\/a><\/p>\n<p class=\"entry-title\"><a href=\"https:\/\/blog.metu.edu.tr\/ozturkha\/students\/current\/phd\/duygu-demirturk\/\">Duygu Demirt\u00fcrk<\/a><\/p>\n<p><a href=\"https:\/\/blog.metu.edu.tr\/ozturkha\/students\/current\/phd\/farshad-kamran\/\">Farshad Kamran<\/a><\/p>\n<h5>M.S. Students:<\/h5>\n<p><a href=\"https:\/\/blog.metu.edu.tr\/ozturkha\/students\/omer-can-pamuk\/\">\u00d6mer Can Pamuk<\/a><\/p>\n<p><a href=\"https:\/\/blog.metu.edu.tr\/ozturkha\/students\/current\/koray-ates\/\">Koray Ate\u015f<\/a><\/p>\n<p><a href=\"https:\/\/blog.metu.edu.tr\/ozturkha\/students\/current\/m-sc-students\/furkan\/\">Furkan Ra\u015fit ARSEN<\/a><\/p>\n<p><a href=\"https:\/\/blog.metu.edu.tr\/ozturkha\/students\/current\/m-sc-students\/volkan\/\">Volkan<\/a><\/p>\n<h5>Undergraduate Students:<\/h5>\n<p>Emine\u00a0 Bilge Tan<\/p>\n<p>Isfandiyar Rashidzade<\/p>\n<h2>Graduated Students:<\/h2>\n<h5>M.S. Students:<\/h5>\n<p><a href=\"https:\/\/blog.metu.edu.tr\/ozturkha\/students\/farshad-kamran\/\">Farshad Kamran<\/a><\/p>\n","protected":false},"excerpt":{"rendered":"<p>Current Students: PhD: Laleh Sorkhi Duygu Demirt\u00fcrk Farshad Kamran M.S. Students: \u00d6mer Can Pamuk Koray Ate\u015f Furkan Ra\u015fit ARSEN Volkan Undergraduate Students: Emine\u00a0 Bilge Tan Isfandiyar Rashidzade Graduated Students: M.S. Students: Farshad Kamran<\/p>\n","protected":false},"author":4955,"featured_media":0,"parent":0,"menu_order":6,"comment_status":"closed","ping_status":"closed","template":"","meta":{"footnotes":"","_links_to":"","_links_to_target":""},"class_list":["post-32","page","type-page","status-publish","hentry"],"_links":{"self":[{"href":"https:\/\/blog.metu.edu.tr\/ozturkha\/wp-json\/wp\/v2\/pages\/32","targetHints":{"allow":["GET"]}}],"collection":[{"href":"https:\/\/blog.metu.edu.tr\/ozturkha\/wp-json\/wp\/v2\/pages"}],"about":[{"href":"https:\/\/blog.metu.edu.tr\/ozturkha\/wp-json\/wp\/v2\/types\/page"}],"author":[{"embeddable":true,"href":"https:\/\/blog.metu.edu.tr\/ozturkha\/wp-json\/wp\/v2\/users\/4955"}],"replies":[{"embeddable":true,"href":"https:\/\/blog.metu.edu.tr\/ozturkha\/wp-json\/wp\/v2\/comments?post=32"}],"version-history":[{"count":0,"href":"https:\/\/blog.metu.edu.tr\/ozturkha\/wp-json\/wp\/v2\/pages\/32\/revisions"}],"wp:attachment":[{"href":"https:\/\/blog.metu.edu.tr\/ozturkha\/wp-json\/wp\/v2\/media?parent=32"}],"curies":[{"name":"wp","href":"https:\/\/api.w.org\/{rel}","templated":true}]}}