{"id":24,"date":"2017-07-18T14:23:11","date_gmt":"2017-07-18T14:23:11","guid":{"rendered":"http:\/\/blog.metu.edu.tr\/ozturkha\/?page_id=24"},"modified":"2018-09-19T16:53:50","modified_gmt":"2018-09-19T13:53:50","slug":"publications","status":"publish","type":"page","link":"https:\/\/blog.metu.edu.tr\/ozturkha\/publications\/","title":{"rendered":"PUBLICATIONS"},"content":{"rendered":"<h3>Patents:<\/h3>\n<p><strong>6.1.1. <\/strong>Kutay, M.E., <strong>Ozturk, H.I.<\/strong> \u201cAsphalt Foam Collapse Test Methods and Related Apparatus\u201d\u00a0 US Patent, Publication Number: US20140360406 A1, Application Number: US 14\/299,483 2014.<\/p>\n<h3>Refereed Journal Publications:<\/h3>\n<p><strong>6.2.1.<\/strong> Kutay, M.E., <strong>Ozturk, H.I.,<\/strong> Abbas, A. ve Hu, C. \u201cComparison of 2D and 3D Image-Based Aggregate Morphological Indices\u201d, International Journal of Pavement Engineering, Vol. 12, Issue 4, pp. 421-431 (2011).<\/p>\n<p><strong>6.2.2.<\/strong> Kutay, M.E. ve <strong>Ozturk, H.I.<\/strong> \u201cInvestigation of Moisture Dissipation in Foam based Warm Mix Asphalt Using Synchrotron-Based X-Ray Microtomography\u201d, ASCE Journal of Materials in Civil Engineering, Vol. 24, No 6, pp. 674-683 (2012).<\/p>\n<p><strong>6.2.3. Ozturk, H.I. <\/strong>ve Kutay, M.E. \u201cNovel Testing Procedure for Assesment of Quality of Foamed Warm Mix Asphalt Binders\u201d, ASCE Journal of Materials in Civil Engineering, Vol. 26., No.8, (2014).<\/p>\n<p><strong>6.2.4. Ozturk, H.I.<\/strong> ve Kutay, M.E. \u201cAn Artificial Neural Network Model for Virtual Superpave Asphalt Mixture Design\u201d, International Journal of Pavement Engineering, Volume 15, Issue 2, pp 151-162,(2014).<\/p>\n<p><strong>6.2.5. Ozturk, H.I<\/strong>. ve Kutay, M.E. \u201cSensitivity of Nozzle-Based Foamed Asphalt Binder Characteristics to Foaming Parameters\u201d, Transportation Research Record: Journal of the Transportation Research Board, (2014) bas\u0131m a\u015famas\u0131nda.<\/p>\n<p><strong>6.2.6. <\/strong>\u00d6zt\u00fcrk, H.I., Tan, E.B., \u015eeng\u00fcn, E. and Yaman, \u0130.\u00d6., 2018. Farkl\u0131 trafik, zemin, malzeme ve iklim ko\u015fullar\u0131 i\u00e7in mekanistik-ampirik (ME) y\u00f6ntemle tasarlanan derzli donat\u0131s\u0131z rijit \u00fcstyap\u0131 sistemlerinin kar\u015f\u0131la\u015ft\u0131r\u0131lmas\u0131.\u00a0<em>Gazi \u00dcniversitesi M\u00fchendislik-Mimarl\u0131k Fak\u00fcltesi Dergisi<\/em>,\u00a0<em>2018<\/em>(2018).<\/p>\n<h3>Refereed Conference Proceedings:<\/h3>\n<p><strong>6.3.1. <\/strong>Kutay, M.E., <strong>Ozturk, H.I.<\/strong> ve Gibson, N. \u201c3D Micromechanical Simulation of Compaction of Hot Mix Asphalt Using Real Aggregate Shapes Obtained from X-ray CT\u201d, ASCE Engineering Mechanics Institute&#8217;s Special Publication: Pavements and Materials: Testing and Modeling in Multiple Length Scales. Reston, VA, ISBN (print): 978-0-7844-1129-2, 2010.<\/p>\n<p><strong>6.3.2. Ozturk, H.I.,<\/strong> Tascioglu, B., Kutay, M.E., ve Littrup, G. \u201cImpact of Crumb Rubber Modified Binder Preparation Process on Hot Mix Asphalt Performance\u201d, 5<sup>th<\/sup> Eurasphalt &amp; Eurobitume Congress, Istanbul, Turkey, 2012.<\/p>\n<p><strong>6.3.3. Ozturk, H.I.<\/strong> ve Kutay, M.E. \u201cImproving Efficiency of Asphalt Mix Design using Artificial Neural Networks\u201d, 10<sup>th<\/sup> International Conference on Advances in Civil Engineering, Ankara, Turkey, 2012.<\/p>\n<p><strong>6.3.4.<\/strong> Kutay, M.E. ve <strong>Ozturk, H.I.<\/strong> \u201cInternal structure characteristics of crumb rubber modified asphalt binders: An analysis using 3D X-ray Microtomography Imaging\u201d, Asphalt Rubber Conference, Munich, Germany, 2012.<\/p>\n<p><strong>6.3.5. Ozturk, H.I.<\/strong> ve Kutay, M.E. \u201cEffect of Foamed Binder Characteristics on Warm-Mix Asphalt Performance\u201d, Transportation Research Board 93<sup>rd<\/sup> Annual Meeting Compendium Papers, Washington DC, USA , 2014.<\/p>\n<p><strong>6.3.6.<\/strong> Jamrah, A. Kutay, M.E., ve <strong>Ozturk, H.I.<\/strong> \u201cCharacterization of Asphalt Materials Common to Michigan in Support of the Implementation of the Mechanistic-Empirical Pavement Design Guide\u201d, Transportation Research Board 93<sup>rd<\/sup> Annual Meeting Compendium Papers, Washington DC, USA,2014.<\/p>\n<p><strong>6.3.7. <\/strong><strong>Ozturk, H.I.<\/strong> \u201cAn Overview of Foamed based Warm Mix Asphalt and Recent Developments\u201d 1st IRF Europe&amp;Central Asia Regional Congress, Istanbul, 2015.<\/p>\n<p><strong>6.3.8.<\/strong> Kutay, M.E.,\u00a0 Mogawer, W., <strong>Ozturk, H.I.,<\/strong> Austerman, A. and Krcmarik, M. <sup>\u00a0<\/sup>\u201cInvestigation of Blending of RAP and RAS binder into Virgin Binder at Mixture Level using Fatigue Tests and Image Correlation\u201d, Transportation Research Board 96<sup>rd<\/sup> Annual Meeting Compendium Papers, Washington DC, USA, 2016.<\/p>\n<p><strong>6.3.9.\u00a0 Ozturk, H.I. , <\/strong>Saglik, A., Birol, D., Gungor, A. G. \u201cAn Artificial Neural Network Base prediction model and sensitivity analysis for Marshall Mix Design\u201d 6<sup>th<\/sup> Eurasphalt &amp; Eurobitume Congress, Prag Chez Rebublic, 2016<\/p>\n<p><strong>6.3.10.\u00a0 Ozturk, H.I, <\/strong>Kiran, E. \u201cFirst Step of Application of Mechanistical-Emprical Pavement Design for Turkey: Processing of Climate Data\u201d12. International Congress On Advances In Civil Engineering, 2016.<\/p>\n<p><strong>6.3.11.<\/strong> <strong>Ozturk, H.I.,<\/strong> Pamuk, O. \u201dEffect of Compaction Temperatures on the Warm Mix Asphalt Volumetrics and Stability\u201d Tenth International Conference on the Bearing Capacity of Roads, Railways and Airfields, Athens, Greece, 2017.<\/p>\n<p><strong>\u00a0<\/strong><strong>6.3.12. Ozturk, H.I., <\/strong>Kamran , F. \u201cEffect of Conditioning Time and Temperature on the Volumetrics and Stability of Dry Process Crumb Rubber Modified Warm Asphalt Mixtures\u201d 18th World Road Meeting, New Delhi, India, 2017.<\/p>\n<p><strong>6.3.13. Ozturk, H.I., <\/strong>Kamran , F.\u201d Effect of Dry Process Crumb Rubber Modification on the Compactibility of Warm and Hot Mix Asphalt\u201d, Asphalt Rubber Conference, Kruger Park, South Africa, 2018.<\/p>\n<p><strong>6.3.14. <\/strong><strong>Ozturk, H.I.,<\/strong> Ozcan, G.A., Ate\u015f,, K. \u201cA Strategic Plan for the Implementation and Monitoring of Performance-based Maintenance Contracting (PBMC) for Turkish Construction Sector\u201d, 13th International Congress on Advances in Civil Engineering, 12-14 September 2018, Izmir\/TURKEY<\/p>\n<p><strong>6.3.15.<\/strong> Ipekyuz, B, Genel, V., Ozturk, O.F. \u00a0Oz, B., \u00a0<strong>Ozturk, H.I<\/strong>., Tuydes-Yaman, H. \u201cPerception of Parking Pricing and Willingness-to-Pay (WTP): \u00a0A Preliminary Evaluation among METU Campus Users\u201d , 13th International Congress on Advances in Civil Engineering, 12-14 September 2018, Izmir\/TURKEY<\/p>\n<h3>Refereed Conference Proceedings <b>(National)<\/b>:<\/h3>\n<p><strong>6.4.1. Ozturk, H.I. <\/strong>ve Kutay, M.E. \u201cP\u00fcsk\u00fcrtme Tekni\u011fiyle \u00dcretilen K\u00f6p\u00fck Bit\u00fcmle Il\u0131k Kar\u0131\u015f\u0131m Asfalt \u00dcretimi\u201d , 6. Ulusal Asfalt Sempozyumu Bildirileri, Ankara, 2014.<\/p>\n<p><strong>6.4.2. Ozturk, H.I.<\/strong> ve Kutay, M.E. \u00a0\u201cLastik Modifiyeli Bit\u00fcmlerin S\u0131cak Kar\u0131\u015f\u0131mlarda Kullan\u0131m Potansiyelleri\u201d , 6. Ulusal Asfalt Sempozyumu Bildirileri, Ankara, 2014.<\/p>\n<p><strong>6.4.3. Ozturk, H.I<\/strong>. \u201c\u0130klim De\u011fi\u015fikli\u011finin Asfalt Kaplamalar\u0131 \u00fczerindeki etkileri ve yeni yap\u0131m stratejileri\u201d , 7. Ulusal Asfalt Sempozyumu Bildirileri, Ankara, 2017.<\/p>\n","protected":false},"excerpt":{"rendered":"<p>Patents: 6.1.1. Kutay, M.E., Ozturk, H.I. \u201cAsphalt Foam Collapse Test Methods and Related Apparatus\u201d\u00a0 US Patent, Publication Number: US20140360406 A1, Application Number: US 14\/299,483 2014. Refereed Journal Publications: 6.2.1. Kutay, M.E., Ozturk, H.I., Abbas, A. ve Hu, C. \u201cComparison of 2D and 3D Image-Based Aggregate Morphological Indices\u201d, International Journal of Pavement Engineering, Vol. 12, Issue [&hellip;]<\/p>\n","protected":false},"author":4955,"featured_media":0,"parent":0,"menu_order":2,"comment_status":"closed","ping_status":"closed","template":"","meta":{"footnotes":"","_links_to":"","_links_to_target":""},"class_list":["post-24","page","type-page","status-publish","hentry"],"_links":{"self":[{"href":"https:\/\/blog.metu.edu.tr\/ozturkha\/wp-json\/wp\/v2\/pages\/24","targetHints":{"allow":["GET"]}}],"collection":[{"href":"https:\/\/blog.metu.edu.tr\/ozturkha\/wp-json\/wp\/v2\/pages"}],"about":[{"href":"https:\/\/blog.metu.edu.tr\/ozturkha\/wp-json\/wp\/v2\/types\/page"}],"author":[{"embeddable":true,"href":"https:\/\/blog.metu.edu.tr\/ozturkha\/wp-json\/wp\/v2\/users\/4955"}],"replies":[{"embeddable":true,"href":"https:\/\/blog.metu.edu.tr\/ozturkha\/wp-json\/wp\/v2\/comments?post=24"}],"version-history":[{"count":0,"href":"https:\/\/blog.metu.edu.tr\/ozturkha\/wp-json\/wp\/v2\/pages\/24\/revisions"}],"wp:attachment":[{"href":"https:\/\/blog.metu.edu.tr\/ozturkha\/wp-json\/wp\/v2\/media?parent=24"}],"curies":[{"name":"wp","href":"https:\/\/api.w.org\/{rel}","templated":true}]}}