{"id":376,"date":"2016-07-08T11:22:35","date_gmt":"2016-07-08T08:22:35","guid":{"rendered":"http:\/\/blog.metu.edu.tr\/ozturk\/?page_id=376"},"modified":"2016-07-11T16:14:57","modified_gmt":"2016-07-11T13:14:57","slug":"6-toplumsal-hizmet-halk-gunu-odtu-degerlendirme-merkezi","status":"publish","type":"page","link":"https:\/\/blog.metu.edu.tr\/ozturk\/6-toplumsal-hizmet-halk-gunu-odtu-degerlendirme-merkezi\/","title":{"rendered":"6-Toplumsal Hizmet: Halk G\u00fcn\u00fc-ODT\u00dc De\u011ferlendirme Merkezi"},"content":{"rendered":"<p><a href=\"https:\/\/blog.metu.edu.tr\/ozturk\/files\/2016\/06\/tozturk2.jpg\"><img loading=\"lazy\" decoding=\"async\" class=\"alignnone wp-image-306\" src=\"https:\/\/blog.metu.edu.tr\/ozturk\/files\/2016\/06\/tozturk2-1024x983.jpg\" alt=\"tozturk2\" width=\"214\" height=\"205\" srcset=\"https:\/\/blog.metu.edu.tr\/ozturk\/files\/2016\/06\/tozturk2-1024x983.jpg 1024w, https:\/\/blog.metu.edu.tr\/ozturk\/files\/2016\/06\/tozturk2-300x288.jpg 300w, https:\/\/blog.metu.edu.tr\/ozturk\/files\/2016\/06\/tozturk2-768x738.jpg 768w, https:\/\/blog.metu.edu.tr\/ozturk\/files\/2016\/06\/tozturk2.jpg 1261w\" sizes=\"auto, (max-width: 214px) 100vw, 214px\" \/><\/a><\/p>\n<p>De\u011ferli \u00d6\u011fretim \u00dcyeleri<\/p>\n<p>Rekt\u00f6rl\u00fc\u011fe adayl\u0131\u011f\u0131mla birlikte, 25 May\u0131s 2016 tarihinden itibaren s\u0131ras\u0131 ile<a href=\"\/ozturk?page_id=178\"> \u00d6zge\u00e7mi\u015f- Altyap\u0131 ve \u00d6rg\u00fctlenme<\/a>, \u00a0<a href=\"\/ozturk?page_id=203\">Lisans E\u011fitimi-ODT\u00dc Giri\u015f S\u0131nav\u0131<\/a>, \u00a0 <a href=\"\/ozturk?page_id=263\">\u00a0Lisans E\u011fitimi-Disiplinleraras\u0131 Yandal Programlar\u0131 ve Tasar\u0131m Projeleri<\/a>, \u00a0 \u00a0<a href=\"\/ozturk?page_id=288\">Lisans\u00fcst\u00fc E\u011fitim<\/a>, \u00a0\u00a0<a href=\"\/ozturk?page_id=318\">Ara\u015ft\u0131rma-Doktorasonras\u0131 Ara\u015ft\u0131rmac\u0131 Deste\u011fi<\/a> konular\u0131ndaki g\u00f6r\u00fc\u015flerimi yakla\u015f\u0131k birer hafta ara ile sizler ile payla\u015fma f\u0131rsat\u0131 buldum. Bu iletimde <strong>toplumsal hizmet<\/strong> konusundaki g\u00f6r\u00fc\u015flerimi sizlere payla\u015farak ana konulardaki \u00f6nerilerimi tamamlam\u0131\u015f olaca\u011f\u0131m.<\/p>\n<p style=\"text-align: justify\">Toplumsal hizmet konusunda \u00dcniversitemiz faaliyetleri geni\u015f bir yelpazeyi kapsamaktad\u0131r. \u015e\u00fcphesiz \u015fimdiye kadar ger\u00e7ekle\u015ftirdi\u011fimiz bu faaliyetleri bundan b\u00f6yle de s\u00fcrd\u00fcrece\u011fiz. Bu ba\u011flamda belki eskiye oranla daha fazla \u00f6nem vermemiz gereken bir alan da halk ile do\u011frudan ili\u015fkilerimizdir. \u00dcniversitemiz, \u00f6\u011frencilere bilimi sevdirme, yaz kamplar\u0131 ve benzeri alanlarda yo\u011fun faaliyetler i\u00e7inde olagelmi\u015ftir. Yine benzer \u015fekilde, \u00f6zellikle deprem ve benzeri afetlerde, toplumumuzun yaralar\u0131n\u0131 sarmada camiam\u0131z her zaman \u00f6nc\u00fc olmu\u015ftur.<\/p>\n<p style=\"text-align: justify\">T\u00fcm bunlara kar\u015f\u0131l\u0131k, \u00c7ernobil kazas\u0131 hari\u00e7, yapt\u0131\u011f\u0131m\u0131z ara\u015ft\u0131rmalar\u0131 halkla payla\u015fma konusunda yeteri kadar \u00e7aba i\u00e7erisinde olmad\u0131\u011f\u0131m\u0131z da bir ger\u00e7ektir. \u00d6zellikle yak\u0131n \u00e7evremiz, Ankara halk\u0131, bu a\u00e7\u0131dan \u00f6zel \u00f6nem arz etmektedir. Ankara yereline y\u00f6nelik yapaca\u011f\u0131m\u0131z projelere ve \u00e7al\u0131\u015fmalara \u015f\u00fcphesiz halk\u0131n ilgisi \u00e7ok y\u00fcksek olacakt\u0131r. Bu \u00e7al\u0131\u015fmalar\u0131 \u00f6nplana \u00e7\u0131kartmal\u0131 ve ger\u00e7ekle\u015ftirdi\u011fimiz \u00e7al\u0131\u015fmalar\u0131 Ankara halk\u0131 ile payla\u015fmal\u0131y\u0131z.<\/p>\n<p style=\"text-align: justify\"><a href=\"https:\/\/blog.metu.edu.tr\/ozturk\/files\/2016\/07\/halkgunu.jpg\"><img loading=\"lazy\" decoding=\"async\" class=\"alignnone wp-image-374\" src=\"https:\/\/blog.metu.edu.tr\/ozturk\/files\/2016\/07\/halkgunu-1024x570.jpg\" alt=\"halkgunu\" width=\"579\" height=\"322\" srcset=\"https:\/\/blog.metu.edu.tr\/ozturk\/files\/2016\/07\/halkgunu-1024x570.jpg 1024w, https:\/\/blog.metu.edu.tr\/ozturk\/files\/2016\/07\/halkgunu-300x167.jpg 300w, https:\/\/blog.metu.edu.tr\/ozturk\/files\/2016\/07\/halkgunu-768x428.jpg 768w, https:\/\/blog.metu.edu.tr\/ozturk\/files\/2016\/07\/halkgunu.jpg 1908w\" sizes=\"auto, (max-width: 579px) 100vw, 579px\" \/><\/a><\/p>\n<p style=\"text-align: justify\">Ankara\u2019ya y\u00f6nelik \u00e7al\u0131\u015fmalar\u0131, belki biz hocalar\u0131n ve lisans\u00fcst\u00fc \u00f6\u011frencilerimizin k\u0131smen kat\u0131ld\u0131\u011f\u0131 ancak a\u011f\u0131rl\u0131kl\u0131 olarak lisans \u00f6\u011frencilerimizin y\u00fcr\u00fctt\u00fc\u011f\u00fc toplumsal sorumluluk projeleri olarak ele almam\u0131z daha uygun olacakt\u0131r. Burada s\u00f6z\u00fc edilen \u00e7al\u0131\u015fmalar, lisans e\u011fitimi kapsam\u0131nda yayg\u0131nla\u015ft\u0131r\u0131lmas\u0131n\u0131 hedefledi\u011fimiz disiplinleraras\u0131 tasar\u0131m projeleri format\u0131na \u00f6zellikle uygundur. Lisans \u00f6\u011frencimizden olu\u015fan disiplinleraras\u0131 ekiplerin mentor hocalar\u0131m\u0131z\u0131n yol g\u00f6stericili\u011finde ger\u00e7ekle\u015ftirecekleri bu \u00e7al\u0131\u015fmalar hem \u00f6\u011frencilerimiz hem de Ankara halk\u0131 a\u00e7\u0131s\u0131ndan \u015f\u00fcphesiz \u00e7ok yararl\u0131 olacakt\u0131r.<\/p>\n<p style=\"text-align: justify\">Yap\u0131lacak bu \u00e7al\u0131\u015fmalar\u0131 senede bir kez d\u00fczenleyece\u011fimiz bir halk g\u00fcn\u00fc ile Ankaral\u0131lar ve medya ile payla\u015fmal\u0131y\u0131z. Bir taraftan uygun formatta sergilenecek bu \u00e7al\u0131\u015fmalar, di\u011fer taraftan bilimsel ve sanatsal s\u00f6yle\u015filer, b\u00f6l\u00fcm\/m\u00fcze\/laboratuvar gezileri halk\u0131n \u00dcniversitemiz hakk\u0131nda do\u011frudan bilgilendirilmesi a\u00e7\u0131s\u0131ndan \u00e7ok yararl\u0131 olacakt\u0131r. Yap\u0131lan \u00e7al\u0131\u015fmalar\u0131 tematik olarak d\u00fczenleyerek al\u0131\u015fveri\u015f merkezlerinde d\u00f6n\u00fc\u015f\u00fcml\u00fc olarak sergileyebilir, bu \u015fekilde eri\u015fim imkanlar\u0131m\u0131z\u0131 daha da artt\u0131rabiliriz.<\/p>\n<p style=\"text-align: justify\">Ankara i\u00e7in d\u00fczenlemeyi planlad\u0131\u011f\u0131m\u0131z bu faaliyetlerin bir b\u00f6l\u00fcm\u00fcn\u00fc il, il dola\u015farak \u00fclke geneline yaymam\u0131z faydal\u0131 olacakt\u0131r. Bir toplumsal hizmet faaliyeti olarak yap\u0131lacak bu \u00e7al\u0131\u015fma, ayn\u0131 zamanda nitelikli \u00f6\u011frencilerin \u00dcniversitemize kazand\u0131r\u0131lmas\u0131 a\u00e7\u0131s\u0131ndan da yararl\u0131 olacakt\u0131r. Bu kapsamda ortaokul \u00f6\u011frencilerine y\u00f6nelik olarak ger\u00e7ekle\u015ftiregeldi\u011fimiz \u201cBilim E\u011flencelidir\u201d \u00e7al\u0131\u015fmalar\u0131m\u0131z\u0131 art\u0131rarak s\u00fcrd\u00fcrmemizde \u015f\u00fcphesiz yarar vard\u0131r.<\/p>\n<p style=\"text-align: justify\">Toplumsal hizmet olarak lise \u00f6\u011frencilerine y\u00f6nelik \u00e7al\u0131\u015fmalar\u0131m\u0131zda \u015fimdiye kadarkilerden farkl\u0131 bir yakla\u015f\u0131ma y\u00f6nelmemiz ODT\u00dc olarak fark\u0131m\u0131z\u0131 ortaya koymak a\u00e7\u0131s\u0131ndan \u00f6nemlidir. Ziyaret etti\u011fimiz illerde lise \u00f6\u011frencilerine bu ama\u00e7la s\u0131nav verebilir, bu \u015fekilde \u00f6\u011frencilerin yetenek ve e\u011filimlerinin ortaya \u00e7\u0131kmas\u0131na yard\u0131mc\u0131 olabiliriz.<\/p>\n<p style=\"text-align: justify\"><a href=\"https:\/\/blog.metu.edu.tr\/ozturk\/files\/2016\/07\/degerlendirme2-2.jpg\"><img loading=\"lazy\" decoding=\"async\" class=\"alignnone wp-image-383\" src=\"https:\/\/blog.metu.edu.tr\/ozturk\/files\/2016\/07\/degerlendirme2-2-1024x644.jpg\" alt=\"degerlendirme2\" width=\"421\" height=\"265\" srcset=\"https:\/\/blog.metu.edu.tr\/ozturk\/files\/2016\/07\/degerlendirme2-2-1024x644.jpg 1024w, https:\/\/blog.metu.edu.tr\/ozturk\/files\/2016\/07\/degerlendirme2-2-300x189.jpg 300w, https:\/\/blog.metu.edu.tr\/ozturk\/files\/2016\/07\/degerlendirme2-2-768x483.jpg 768w, https:\/\/blog.metu.edu.tr\/ozturk\/files\/2016\/07\/degerlendirme2-2.jpg 1815w\" sizes=\"auto, (max-width: 421px) 100vw, 421px\" \/><\/a><\/p>\n<p style=\"text-align: justify\">Burada planlanan yakla\u015f\u0131m, yard\u0131mc\u0131 olman\u0131n daha da \u00f6tesindedir. Planlama, E\u011fitim Fak\u00fcltemizin y\u00f6nlendiricili\u011finde Geli\u015ftirme Vakf\u0131 ve Mezunlar Derne\u011fi kat\u0131l\u0131mlar\u0131 ile bir s\u0131nav merkezinin kurulmas\u0131 ve bu \u015fekilde s\u0131navlar\u0131n olu\u015fturulacak profesyonel bir kadro taraf\u0131ndan haz\u0131rlanmas\u0131 ve ger\u00e7ekle\u015ftirilmesi \u015feklindedir. Kurulmas\u0131 planlan <strong>ODT\u00dc De\u011ferlendirme Merkezi<\/strong>\u2019nin uzmanl\u0131k alan\u0131 \u00dcniversite \u00f6ncesi e\u011fitim konular\u0131nda klasik s\u0131nav yapmak ve de\u011ferlendirmektir(*). Bu s\u0131navlar \u015fimdilik temel bilimleri esas alacak ve uygulamaya matematik ve fizik konular\u0131 ile ba\u015flayacakt\u0131r. Takiben s\u0131navlar di\u011fer temel bilim konular\u0131n\u0131 (ve ileride sosyal bilimleri de) da kapsayacak \u015fekilde geni\u015fletilecektir. \u015e\u00fcphesiz alan\u0131n gerektirdi\u011fi durumlarda s\u0131nav format\u0131n\u0131n ille de klasik olmas\u0131 gerekmemektedir. Bu a\u00e7\u0131dan kurulacak merkezin halen Ankara\u2019da vermekte oldu\u011fumuz \u0130ngilizce Yeterlik S\u0131nav\u0131n\u0131 ziyaret edilen illerde vererek i\u015fe ba\u015flamas\u0131, Mimarl\u0131k Fak\u00fclte\u2019mizce 90 \u2018l\u0131 y\u0131llarda uygulanan ODT\u00dc-Tasar\u0131m s\u0131nav\u0131n\u0131 da portf\u00f6y\u00fcne eklemesi yararl\u0131 olacakt\u0131r.<\/p>\n<p style=\"text-align: justify\">ODT\u00dc de\u011ferlendirme s\u0131navlar\u0131 ilk 4 y\u0131l\u0131 takiben yurtd\u0131\u015f\u0131nda da verilemeye ba\u015flanacak ve bu \u015fekilde \u00f6\u011frenci de\u011ferlendirilmesine y\u00f6nelik uluslararas\u0131 d\u00fczeyde g\u00fcvenilir bir s\u0131nav sistemi olu\u015fturulacakt\u0131r.<\/p>\n<p style=\"text-align: justify\">Sevgi ve Sayg\u0131lar\u0131mla<\/p>\n<p style=\"text-align: justify\">Tayfur \u00d6zt\u00fcrk<\/p>\n<p><a href=\"https:\/\/www.yumpu.com\/xx\/embed\/view\/4djOnH3mEkcpSs8u\"><img loading=\"lazy\" decoding=\"async\" class=\"alignnone wp-image-386\" src=\"https:\/\/blog.metu.edu.tr\/ozturk\/files\/2016\/07\/nasilbirodtu.jpg\" alt=\"nasilbirodtu\" width=\"457\" height=\"338\" srcset=\"https:\/\/blog.metu.edu.tr\/ozturk\/files\/2016\/07\/nasilbirodtu.jpg 924w, https:\/\/blog.metu.edu.tr\/ozturk\/files\/2016\/07\/nasilbirodtu-300x222.jpg 300w, https:\/\/blog.metu.edu.tr\/ozturk\/files\/2016\/07\/nasilbirodtu-768x569.jpg 768w\" sizes=\"auto, (max-width: 457px) 100vw, 457px\" \/><\/a><\/p>\n<p>(*) Halen \u00f6\u011frenci de\u011ferlendirmesinde klasik usulde s\u0131nav\u0131 esas alan <a href=\"http:\/\/www.jcq.org.uk\/examination-system\/size-and-scale-of-the-system\">uygulamalar<\/a> mevcuttur.<\/p>\n","protected":false},"excerpt":{"rendered":"<p>De\u011ferli \u00d6\u011fretim \u00dcyeleri Rekt\u00f6rl\u00fc\u011fe adayl\u0131\u011f\u0131mla birlikte, 25 May\u0131s 2016 tarihinden itibaren s\u0131ras\u0131 ile \u00d6zge\u00e7mi\u015f- Altyap\u0131 ve \u00d6rg\u00fctlenme, \u00a0Lisans E\u011fitimi-ODT\u00dc Giri\u015f S\u0131nav\u0131, \u00a0 \u00a0Lisans E\u011fitimi-Disiplinleraras\u0131 Yandal Programlar\u0131 ve Tasar\u0131m Projeleri, \u00a0 \u00a0Lisans\u00fcst\u00fc E\u011fitim, \u00a0\u00a0Ara\u015ft\u0131rma-Doktorasonras\u0131 Ara\u015ft\u0131rmac\u0131 Deste\u011fi konular\u0131ndaki g\u00f6r\u00fc\u015flerimi yakla\u015f\u0131k birer hafta ara ile sizler ile payla\u015fma f\u0131rsat\u0131 buldum. Bu iletimde toplumsal hizmet konusundaki g\u00f6r\u00fc\u015flerimi sizlere payla\u015farak [&hellip;]<\/p>\n","protected":false},"author":2845,"featured_media":0,"parent":0,"menu_order":0,"comment_status":"closed","ping_status":"closed","template":"","meta":{"footnotes":"","_links_to":"","_links_to_target":""},"class_list":["post-376","page","type-page","status-publish","hentry"],"_links":{"self":[{"href":"https:\/\/blog.metu.edu.tr\/ozturk\/wp-json\/wp\/v2\/pages\/376","targetHints":{"allow":["GET"]}}],"collection":[{"href":"https:\/\/blog.metu.edu.tr\/ozturk\/wp-json\/wp\/v2\/pages"}],"about":[{"href":"https:\/\/blog.metu.edu.tr\/ozturk\/wp-json\/wp\/v2\/types\/page"}],"author":[{"embeddable":true,"href":"https:\/\/blog.metu.edu.tr\/ozturk\/wp-json\/wp\/v2\/users\/2845"}],"replies":[{"embeddable":true,"href":"https:\/\/blog.metu.edu.tr\/ozturk\/wp-json\/wp\/v2\/comments?post=376"}],"version-history":[{"count":0,"href":"https:\/\/blog.metu.edu.tr\/ozturk\/wp-json\/wp\/v2\/pages\/376\/revisions"}],"wp:attachment":[{"href":"https:\/\/blog.metu.edu.tr\/ozturk\/wp-json\/wp\/v2\/media?parent=376"}],"curies":[{"name":"wp","href":"https:\/\/api.w.org\/{rel}","templated":true}]}}