{"id":178,"date":"2016-05-25T16:13:11","date_gmt":"2016-05-25T13:13:11","guid":{"rendered":"http:\/\/blog.metu.edu.tr\/ozturk\/?page_id=178"},"modified":"2016-07-12T09:13:25","modified_gmt":"2016-07-12T06:13:25","slug":"ozgecmis-altyapi-ve-orgutlenme","status":"publish","type":"page","link":"https:\/\/blog.metu.edu.tr\/ozturk\/ozgecmis-altyapi-ve-orgutlenme\/","title":{"rendered":"1-\u00d6zgecmi\u015f, Altyap\u0131 ve \u00d6rg\u00fctlenme"},"content":{"rendered":"<p>&nbsp;<\/p>\n<table>\n<tbody>\n<tr>\n<td width=\"384\"><a href=\"https:\/\/blog.metu.edu.tr\/ozturk\/files\/2016\/06\/tozturk2.jpg\"><img loading=\"lazy\" decoding=\"async\" class=\"alignnone wp-image-306\" src=\"https:\/\/blog.metu.edu.tr\/ozturk\/files\/2016\/06\/tozturk2-1024x983.jpg\" alt=\"tozturk2\" width=\"172\" height=\"165\" srcset=\"https:\/\/blog.metu.edu.tr\/ozturk\/files\/2016\/06\/tozturk2-1024x983.jpg 1024w, https:\/\/blog.metu.edu.tr\/ozturk\/files\/2016\/06\/tozturk2-300x288.jpg 300w, https:\/\/blog.metu.edu.tr\/ozturk\/files\/2016\/06\/tozturk2-768x738.jpg 768w, https:\/\/blog.metu.edu.tr\/ozturk\/files\/2016\/06\/tozturk2.jpg 1261w\" sizes=\"auto, (max-width: 172px) 100vw, 172px\" \/><\/a><\/p>\n<table>\n<tbody>\n<tr>\n<td width=\"384\"><\/td>\n<\/tr>\n<\/tbody>\n<\/table>\n<\/td>\n<td width=\"384\">\n<p style=\"text-align: justify\"><a href=\"https:\/\/www.yumpu.com\/xx\/embed\/view\/4djOnH3mEkcpSs8u\"><img loading=\"lazy\" decoding=\"async\" class=\"wp-image-386 alignright\" src=\"https:\/\/blog.metu.edu.tr\/ozturk\/files\/2016\/07\/nasilbirodtu.jpg\" alt=\"nasilbirodtu\" width=\"231\" height=\"171\" srcset=\"https:\/\/blog.metu.edu.tr\/ozturk\/files\/2016\/07\/nasilbirodtu.jpg 924w, https:\/\/blog.metu.edu.tr\/ozturk\/files\/2016\/07\/nasilbirodtu-300x222.jpg 300w, https:\/\/blog.metu.edu.tr\/ozturk\/files\/2016\/07\/nasilbirodtu-768x569.jpg 768w\" sizes=\"auto, (max-width: 231px) 100vw, 231px\" \/><\/a><\/p>\n<\/td>\n<\/tr>\n<\/tbody>\n<\/table>\n<p style=\"text-align: left\"><strong>\u00a0 \u00a0 \u00a0 \u00a0 \u00a0 \u00a0 \u00a0 \u00a0 \u00a0 \u00a0 \u00a0 \u00a0 \u00a0 \u00a0 \u00a0 \u00a0 \u00a0 \u00a0 \u00a0 \u00a0 \u00a0 \u00a0 \u00a0 \u00a0 \u00a0 \u00a0 \u00a0 \u00a0 \u00a0 \u00a0 \u00a0<\/strong><\/p>\n<p>De\u011ferli \u00d6\u011fretim \u00dcyeleri<\/p>\n<p style=\"text-align: justify\">Mensubu olmaktan b\u00fcy\u00fck gurur duydu\u011fum \u00dcniversitemizin 12 Temmuz 2016\u2019da yap\u0131lacak olan rekt\u00f6rl\u00fck se\u00e7iminde aday olmaya karar verdim. 60. y\u0131l\u0131m\u0131z\u0131 kutlad\u0131\u011f\u0131m\u0131z bu y\u0131l talip oldu\u011fum bu g\u00f6revin farkl\u0131 sorumluluklar y\u00fckleyen, me\u015fakkatli ancak ayn\u0131 zamanda \u00e7ok onurlu bir g\u00f6rev oldu\u011funun bilincindeyim.<\/p>\n<p style=\"text-align: justify\">Aday olurken, sahip oldu\u011fum idari tecr\u00fcbeyi, \u00f6rg\u00fctlenme ve altyap\u0131 hakk\u0131nda d\u00fc\u015f\u00fcncelerimi sizlerle payla\u015fmak istiyorum. \u00dcniversiteye giri\u015f sistemi, lisans e\u011fitimi, lisans\u00fcst\u00fc e\u011fitim, ara\u015ft\u0131rma ve topluma hizmet konular\u0131nda g\u00f6r\u00fc\u015f ve \u00f6nceliklerimi ise <span style=\"text-decoration: underline\">takip eden haftalarda<\/span> sizlerle payla\u015fmak isterim.<\/p>\n<p style=\"text-align: justify\">1973 y\u0131l\u0131nda \u0130stanbul Teknik \u00dcniversitesi\u2019nden mezun oldum. Takiben Cambridge \u00dcniversitesinde doktoram\u0131 yapt\u0131m. Sheffield \u00dcniversitesi ve \u0130stanbul Teknik \u00dcniversitesinde birer y\u0131l \u201cDoktorasonras\u0131 Ara\u015ft\u0131rmac\u0131 \u201d olarak \u00e7al\u0131\u015ft\u0131ktan sonra 1980 y\u0131l\u0131nda \u00dcniversitemiz Metalurji ve Malzeme M\u00fchendisli\u011fi B\u00f6l\u00fcm\u00fc\u2019nde g\u00f6revime ba\u015flad\u0131m. Bu s\u00fcre\u00e7 zarf\u0131nda 1989-90 y\u0131llar\u0131nda yedinci y\u0131l iznimi Kanada McMaster \u00dcniversitesi\u2019nde ve ABD Los Alamos National Laboratory\u2019de kulland\u0131m.<\/p>\n<p style=\"text-align: justify\">1994-96 y\u0131llar\u0131 aras\u0131nda iki y\u0131l b\u00f6l\u00fcm Ba\u015fkan Yard\u0131mc\u0131l\u0131\u011f\u0131 g\u00f6revinde bulundum. Takiben 1996-2003 y\u0131llar\u0131 aras\u0131nda Fen Bilimleri Enstit\u00fcs\u00fc\u2019nde g\u00f6rev yapt\u0131m. Enstit\u00fc\u2019de E\u011fitimden, Mimarl\u0131\u011fa, Fen B\u00f6l\u00fcmlerinden M\u00fchendisli\u011fe farkl\u0131 g\u00f6r\u00fc\u015f ve yakla\u015f\u0131mlar\u0131 bir arada harmanlayan uyumlu ve verimli oldu\u011funu d\u00fc\u015f\u00fcnd\u00fc\u011f\u00fcm 7 y\u0131l\u0131 a\u015fk\u0131n bir y\u00f6neticilik tecr\u00fcbem oldu. Bu s\u00fcre\u00e7 i\u00e7erisinde Rekt\u00f6rl\u00fc\u011f\u00fcm\u00fcz\u00fcn \u00f6nc\u00fcl\u00fc\u011f\u00fcnde Sosyal Bilimler ve Enformatik Enstit\u00fcleri ile birlikte lisans\u00fcst\u00fc e\u011fitim ortam\u0131m\u0131z\u0131n verimli hale getirilmesi i\u00e7in yeni programlar ba\u015flatt\u0131k. Bir <strong>Anadolu\u2019yu D\u00f6n\u00fc\u015ft\u00fcrme<\/strong> projesi olarak \u00d6YP ba\u015flatt\u0131\u011f\u0131m\u0131z bu programlar\u0131n en \u00f6nemilisidir. Bug\u00fcn farkl\u0131 \u00fcniversitelerde ODT\u00dc k\u00fclt\u00fcr\u00fc ile g\u00f6revlerini s\u00fcrd\u00fcren 500\u2019un \u00fczerinde \u00f6\u011fretim \u00fcyesi verilen bu emeklerin \u00a0kar\u015f\u0131l\u0131\u011f\u0131d\u0131r. Takiben 2005-2012 y\u0131llar\u0131 aras\u0131nda yine 7 seneyi a\u015fk\u0131n bir s\u00fcre B\u00f6l\u00fcm Ba\u015fkanl\u0131\u011f\u0131 g\u00f6revini s\u00fcrd\u00fcrd\u00fcm. Eskiyen ara\u015ft\u0131rma altyap\u0131m\u0131z\u0131 ve laboratuvarlar\u0131m\u0131z\u0131 b\u00f6l\u00fcm \u00f6\u011fretim\u00a0\u00fcyelerimizle birlikte olu\u015fturdu\u011fumuz projelerle yeniledik. Bu s\u00fcre zarf\u0131nda B\u00f6l\u00fcm olarak &#8211; di\u011fer B\u00f6l\u00fcmlerimizde de oldu\u011fu gibi- en \u00f6nemli kazanc\u0131m\u0131z \u00dcniversitemize kazand\u0131rd\u0131\u011f\u0131m\u0131z gen\u00e7 \u00f6\u011fretim \u00fcyeleri olmu\u015ftur.<\/p>\n<p style=\"text-align: justify\">Kurulu\u015fundan bu yana \u00a0\u015f\u00fcphesiz \u00dcniversitemiz \u00e7ok \u00f6nemli mesafeler kat etti. Bug\u00fcn verdi\u011fi e\u011fitim, mezunlar\u0131 ve mezun \u00f6rg\u00fctlenmesi, teknopark\u0131, geli\u015ftirme vakf\u0131 okullar\u0131 ve her d\u00fczeyde uluslararas\u0131 ba\u015far\u0131lar\u0131 ile herkesin g\u0131pta etti\u011fi bir toplulu\u011fuz. \u015e\u00fcphesiz bu ba\u015far\u0131lar\u0131m\u0131z y\u00f6neticilerimizin, mensup ve mezunlar\u0131m\u0131z\u0131n ola\u011fan\u00fcst\u00fc \u00e7abalar\u0131n\u0131n bir sonucudur. Belki burada ola\u011fan\u00fcst\u00fc olan di\u011fer bir y\u00f6n, t\u00fcm bu eri\u015fimleri 8-10 bin \u00f6\u011frenci i\u00e7in tasarlanm\u0131\u015f bir idari yap\u0131lanma ile ger\u00e7ekle\u015ftirmi\u015f olmam\u0131zd\u0131r.<\/p>\n<p style=\"text-align: justify\">\u00dcniversitemizin 8-10 bin \u00f6\u011frenciye sahip oldu\u011fu evrede \u00f6n planda olan ama\u00e7 odakl\u0131 yakla\u015f\u0131mlar\u0131m\u0131z\u0131n say\u0131lar\u0131m\u0131z\u0131n y\u00fckselmesi ile zaman zaman dikkatten ka\u00e7mas\u0131 normal kar\u015f\u0131lanmal\u0131d\u0131r. Bununla birlikte ayn\u0131 ivmeyi muhafaza edebilmemiz ancak enerjimizi i\u00e7eride t\u00fcketmeyecek yeni d\u00fczenlemelerle m\u00fcmk\u00fcn olabilecektir. \u00dcniversite Y\u00f6netim Kurulu\u2019nda 3 y\u0131l g\u00f6rev yapm\u0131\u015f bir \u00f6\u011fretim \u00fcyesi olarak yasal \u00e7er\u00e7evenin ne kadar belirleyici oldu\u011funu biliyorum. Ancak yine de mevcut i\u015flev odakl\u0131 lineer \u00f6rg\u00fctlenmemizi, ama\u00e7 odakl\u0131 yatay bile\u015fenlerle nas\u0131l destekleyece\u011fimiz, bu amaca y\u00f6nelik ba\u015flam\u0131\u015f olan uygulamalar\u0131 nas\u0131l artt\u0131raca\u011f\u0131m\u0131z ele almam\u0131z gereken ana sorun alanlar\u0131m\u0131zdan biridir.<\/p>\n<p style=\"text-align: justify\"><a href=\"https:\/\/blog.metu.edu.tr\/ozturk\/files\/2016\/06\/circuit.png\"><img loading=\"lazy\" decoding=\"async\" class=\"wp-image-223 aligncenter\" src=\"https:\/\/blog.metu.edu.tr\/ozturk\/files\/2016\/06\/circuit-1024x297.png\" alt=\"circuit\" width=\"831\" height=\"241\" srcset=\"https:\/\/blog.metu.edu.tr\/ozturk\/files\/2016\/06\/circuit-1024x297.png 1024w, https:\/\/blog.metu.edu.tr\/ozturk\/files\/2016\/06\/circuit-300x87.png 300w, https:\/\/blog.metu.edu.tr\/ozturk\/files\/2016\/06\/circuit-768x223.png 768w\" sizes=\"auto, (max-width: 831px) 100vw, 831px\" \/><\/a><\/p>\n<p style=\"text-align: justify\">Yap\u0131 i\u015flerimizin \u00dcniversite\u2019mizin gitgide artan bak\u0131m onar\u0131m, yenileme, yeni bina ihtiya\u00e7lar\u0131n\u0131 mevcut yap\u0131 i\u00e7erisinde kar\u015f\u0131lamas\u0131 m\u00fcmk\u00fcn g\u00f6z\u00fckmemektedir. Rekt\u00f6rl\u00fc\u011f\u00fcm\u00fczce yeni haz\u0131rlanm\u0131\u015f olan Mekansal Strateji ve Tasar\u0131m K\u0131lavuzu ve konuya ili\u015fkin olarak olu\u015fturulmas\u0131 g\u00fcndemde olan yetkili komisyon, y\u00fck payla\u015f\u0131m\u0131n\u0131 m\u00fcmk\u00fcn k\u0131lacak bir zemin haz\u0131rlam\u0131\u015ft\u0131r. Bu ba\u011flamda standart bak\u0131m onar\u0131m, mevcudu yenileme, g\u00fc\u00e7lendirme vb. aktiviteler ilgili ana birimlerin sorumlulu\u011funa b\u0131rak\u0131l\u0131rken, mimari b\u00fct\u00fcnl\u00fc\u011f\u00fcn \u00f6nem arz etti\u011fi yeni bina, alle vb ortak mekanlara ili\u015fkin faaliyetlerin Rekt\u00f6rl\u00fck\u00e7e y\u00fcr\u00fct\u00fclmesi d\u00fc\u015f\u00fcn\u00fclebilecek bir i\u015fb\u00f6l\u00fcm\u00fc modelidir.<\/p>\n<p style=\"text-align: justify\">\u0130nsan g\u00fcc\u00fc a\u00e7\u0131s\u0131ndan da benzer zorluklarla kar\u015f\u0131 kar\u015f\u0131yay\u0131z. \u0130htiya\u00e7 duyulan say\u0131 ve nitelikte yeni eleman temini k\u0131sa vadede m\u00fcmk\u00fcn g\u00f6z\u00fckmemektedir. Bu durumda ihtiya\u00e7 duyulan alanlarda idari personelimizin birden fazla birimde zaman payla\u015f\u0131m\u0131 esas\u0131nda g\u00f6rev alaca\u011f\u0131 yeni bir modeli denememiz ve ba\u015far\u0131l\u0131 olmas\u0131 durumunda yayg\u0131nla\u015ft\u0131rmam\u0131z bir \u00e7\u00f6z\u00fcm alternatifi olarak ele almaya de\u011fer g\u00f6z\u00fckmektedir.<\/p>\n<p style=\"text-align: justify\">\u00dcniversite\u2019mizin g\u00fczel bir gelene\u011fi adayl\u0131k s\u00fcrecinde yap\u0131lan b\u00f6l\u00fcm ziyaretleridir. B\u00f6l\u00fcm Ba\u015fkanlar\u0131m\u0131zca birlikte belirlenecek bir zamanlama \u00a0i\u00e7ersinde sizleri ziyaret etmek, kar\u015f\u0131l\u0131kl\u0131 g\u00f6r\u00fc\u015f al\u0131\u015fveri\u015finde bulunmak, \u015fimdiye kadar s\u00fcrd\u00fcrd\u00fc\u011f\u00fcm temaslarla \u015fekil kazanan yakla\u015f\u0131mlar\u0131 daha da olgunla\u015ft\u0131rmak isterim.<\/p>\n<p style=\"text-align: justify\">\u015e\u00fcphesiz talip oldu\u011fum bu zor g\u00f6revin alt\u0131ndan kalkmak ancak sizlerin destek ve enerjisi ile m\u00fcmk\u00fcnd\u00fcr. \u00dclkemiz i\u00e7in, \u00f6nc\u00fc ODT\u00dc\u2019ye her zamankinden daha fazla ihtiya\u00e7 duyuldu\u011funu bilerek, d\u00f6n\u00fc\u015ft\u00fcr\u00fcc\u00fc i\u015flevimizi hep birlikte s\u00fcrd\u00fcrmeye devam edece\u011fiz.<\/p>\n<p style=\"text-align: justify\">Sevgi ve sayg\u0131lar\u0131mla<\/p>\n<p style=\"text-align: justify\">Tayfur \u00d6zt\u00fcrk<\/p>\n<p style=\"text-align: justify\"><a href=\"https:\/\/www.yumpu.com\/xx\/embed\/view\/4djOnH3mEkcpSs8u\"><img loading=\"lazy\" decoding=\"async\" class=\"\" src=\"https:\/\/blog.metu.edu.tr\/ozturk\/files\/2016\/07\/nasilbirodtu.jpg\" alt=\"nasilbirodtu\" width=\"245\" height=\"181\" \/><\/a><\/p>\n<p>&nbsp;<\/p>\n<p>&nbsp;<\/p>\n","protected":false},"excerpt":{"rendered":"<p>&nbsp; \u00a0 \u00a0 \u00a0 \u00a0 \u00a0 \u00a0 \u00a0 \u00a0 \u00a0 \u00a0 \u00a0 \u00a0 \u00a0 \u00a0 \u00a0 \u00a0 \u00a0 \u00a0 \u00a0 \u00a0 \u00a0 \u00a0 \u00a0 \u00a0 \u00a0 \u00a0 \u00a0 \u00a0 \u00a0 \u00a0 \u00a0 De\u011ferli \u00d6\u011fretim \u00dcyeleri Mensubu olmaktan b\u00fcy\u00fck gurur duydu\u011fum \u00dcniversitemizin 12 Temmuz 2016\u2019da yap\u0131lacak olan rekt\u00f6rl\u00fck se\u00e7iminde aday olmaya karar verdim. 60. y\u0131l\u0131m\u0131z\u0131 kutlad\u0131\u011f\u0131m\u0131z [&hellip;]<\/p>\n","protected":false},"author":2845,"featured_media":0,"parent":0,"menu_order":0,"comment_status":"closed","ping_status":"closed","template":"","meta":{"footnotes":"","_links_to":"","_links_to_target":""},"class_list":["post-178","page","type-page","status-publish","hentry"],"_links":{"self":[{"href":"https:\/\/blog.metu.edu.tr\/ozturk\/wp-json\/wp\/v2\/pages\/178","targetHints":{"allow":["GET"]}}],"collection":[{"href":"https:\/\/blog.metu.edu.tr\/ozturk\/wp-json\/wp\/v2\/pages"}],"about":[{"href":"https:\/\/blog.metu.edu.tr\/ozturk\/wp-json\/wp\/v2\/types\/page"}],"author":[{"embeddable":true,"href":"https:\/\/blog.metu.edu.tr\/ozturk\/wp-json\/wp\/v2\/users\/2845"}],"replies":[{"embeddable":true,"href":"https:\/\/blog.metu.edu.tr\/ozturk\/wp-json\/wp\/v2\/comments?post=178"}],"version-history":[{"count":0,"href":"https:\/\/blog.metu.edu.tr\/ozturk\/wp-json\/wp\/v2\/pages\/178\/revisions"}],"wp:attachment":[{"href":"https:\/\/blog.metu.edu.tr\/ozturk\/wp-json\/wp\/v2\/media?parent=178"}],"curies":[{"name":"wp","href":"https:\/\/api.w.org\/{rel}","templated":true}]}}