{"id":148,"date":"2016-05-22T17:11:32","date_gmt":"2016-05-22T14:11:32","guid":{"rendered":"http:\/\/blog.metu.edu.tr\/ozturk\/?page_id=148"},"modified":"2020-11-27T20:00:04","modified_gmt":"2020-11-27T17:00:04","slug":"yayinlar","status":"publish","type":"page","link":"https:\/\/blog.metu.edu.tr\/ozturk\/yayinlar\/","title":{"rendered":"Yay\u0131nlar"},"content":{"rendered":"<ul>\n<li>Akbayrak S, \u00c7akmak G, \u00d6zt\u00fcrk T, \u00d6zkar S Rhodium (0), Ruthenium (0) and Palladium (0) nanoparticles supported on carbon-coated iron: Magnetically isolable and reusable catalysts for hydrolytic dehydrogenation of of ammonia borane, International Journal of Hydrogen Energy (online), 2020<\/li>\n<li>Sar\u0131 Do\u011fancan,Ya\u015far Bengisu,Pi\u015fkin Fatih, Kalay Yunus Eren, \u00d6zt\u00fcrk Tayfur Segregation Resistant Nanocrystalline \/ Amorphous (La, Sr) CoO3-(La, Sr) 2CoO4 Composite Cathodes for IT-SOFCs , Journal of The Electrochemical Society 166, F1157,2019<\/li>\n<li>\u00c7akmak G\u00fclhan \u00d6zt\u00fcrk Tayfur, Continuous synthesis of graphite with tunable interlayer distance, Diamond and Related Materials 96, 134-139,2019<\/li>\n<li>Pi\u015fkin Fatih, \u00d6zt\u00fcrk Tayfur Nb-Pd-Ti BCC thin films for hydrogen separation Journal of Alloys and Compounds 775, 411-418 2019<\/li>\n<li>Sar\u0131 Do\u011fancan,Pi\u015fkin Fatih,Toruno\u011flu Ziya \u00c7a\u011fr\u0131, Kalay Yunus Eren, \u00d6zt\u00fcrk Tayfur Combinatorial development of nanocrystalline\/amorphous (La, Sr) CoO3-(La, Sr) 2CoO4 composite cathodes for IT-SOFCs Solid State Ionics 326, 124-130, 2018<\/li>\n<li>Toruno\u011flu Ziya \u00c7a\u011fr\u0131, Sar\u0131 Do\u011fancan, Demircan Oktay, Kalay Yunus Eren, \u00d6zt\u00fcrk Tayfur, Kuru Yener, One pot synthesis of (La, Sr) CoO3\/(La, Sr) 2CoO4 for IT-SOFCs cathodes, International Journal of Hydrogen Energy 43, 18642-18649, 2018<\/li>\n<li>Livan Pelin, \u00d6zt\u00fcrk Tayfur Carbon encapsulation of elemental nanoparticles by spark discharge Journal of Materials Science 53, 14350-14360,2018<\/li>\n<li>Patat \u015eaban, \u00dclgen A. Y\u0131ld\u0131z S. T\u00fcrkmen AR, \u00d6zt\u00fcrk Tayfur Wood derived hard carbon anode material for low-cost sodium-ion batteries towards practical application for grid energy storage Bulgarian Chemical Communications, 50, 181 &#8211; 186, 2018<\/li>\n<li> \u00d6zt\u00fcrk Tayfur, Preface: 2nd International Symposium on Materials for Energy Storage and Conversion (mESC-IS2017) International Journal of Hydrogen Energy 43, 18545-18548,2018<\/li>\n<li> Ey\u00f6vge Cavit, \u00d6zt\u00fcrk Tayfur, Nafion coated Mg50Ni50 and (La, Mg) 2Ni7 negative electrodes for NiMH batteries, Journal of The Electrochemical Society 165, A2203-A2208,2018<\/li>\n<li> Livan Pelin, Miser Burcu,Alt\u0131nok Serta\u00e7, Ey\u00f6vge Cavit, Aydinol Mehmet Kadri, \u00d6zt\u00fcrk Tayfur Carbon Encapsulated Silicon Nanoparticles as Anodes for Lithium Ion Batteries, ECS Transactions 77 (11), 373-382, 2017<\/li>\n<li> Sari Do\u011fancan, Torunoglu Ziya Cagri, Kalay Yunus Eren, \u00d6zt\u00fcrk Tayfur, Preparation of La 0.8 Sr 0.2 CoO 3-d sputtering targets using a deformable compaction die&#8221;, Ceramics International, Vol 43, 15185, 2017<\/li>\n<li> Pi\u015fkin Fatih, \u00d6zt\u00fcrk Tayfur, &#8221; Combinatorial screening of Pd-Ag-Ni membranes for hydrogen separation&#8221;, Journal of Membrane Science, Vol 524, 631, 2017<\/li>\n<li>Aktekin Burak, Ey\u00f6vge Cavit, \u00d6zt\u00fcrk Tayfur, Carbon coating of magnesium particles, Journal of Alloys and Compounds, Vol 720, 17, 2017<\/li>\n<li>Tan&nbsp;Semra , Shen Yang ,&nbsp;\u015eahin Ezgi Onur ,Nor\u00e9us, Dag, &nbsp;\u00d6zt\u00fcrkTayfur , Activation behavior of an AB2 type metal hydride alloy for NiMH batteries,&nbsp;Special Issue: 1st International Symposium on Materials for Energy Storage and Conversion (mESC-IS 2015),&nbsp;International Journal of Hydrogen Energy&nbsp;&nbsp;41,&nbsp;9948\u20139953,&nbsp;2016<\/li>\n<li>Piskin, Fatih; Akyildiz, Hasan; Ozturk, Tayfur, \u201cTi modified Pd-Ag membranes for hydrogen separation\u201d, International Journal of Hydrogen Energy,24, 7553-7558, 2015<\/li>\n<li>Aydinli, Alptekin; Aktekin, Burak; Ozturk, Tayfur, \u201cSize reduction in Mg rich intermetallics via hydrogen decrepitation\u201d, Journal of Alloys and Compounds, 645, S27-S31 , 2015<\/li>\n<li>Aktekin B, Cakmak, G, Ozturk T \u201d Induction thermal plasma synthesis of Mg2Ni nanoparticles\u201d, International Journal of Hydrogen Energy 39 9859-9864 2014<\/li>\n<li>Cakmak, Gulhan; Ozturk, Tayfur , Milling of magnesium powders without additives Powder Technology 237 484-488 2013<\/li>\n<li>Gharavi A G.; Akyildiz H, Ozturk T. \u201cThickness effects in hydrogen sorption of Mg\/Pd thin films\u201d Journal of Alloys and Compounds 580 S175-S178 2013<\/li>\n<li>Cakmak, G; Ozturk, T ECAP processing and mechanical milling of Mg and Mg-Ti powders: a comparative study Journal of Materials Science 46 5559-5567 2011<\/li>\n<li>Olmez, R; Cakmak, G; Ozturk, T Combinatorial search for hydrogen storage alloys: Mg-Ni and Mg-Ni-Ti International Journal of Hydrogen Energy 35 11957-11965 2010.<\/li>\n<li>Tan, S; Aydinol, K; Ozturk, T; et al. \u201cDirect synthesis of Mg-Ni compounds from their oxides\u201d Journal of Alloys and Compounds 504 134-140 2010<\/li>\n<li>Akyildiz, H; Ozturk T \u201cHydrogen sorption in crystalline and amorphous Mg-Cu thin films\u201d Journal of Alloys and Compounds 492 745-750 2010<\/li>\n<li>Ozgit. C, Aky\u0131ld\u0131z H. Ozturk T. \u201cIsochronal hydrogenation of textured Mg\/Pd thin films\u201d Thin Solid Films 518 4762-4767 2010<\/li>\n<li>Cakmak, G; Karoly, Z; Mohai, I; Ozturk T. et al.\u201dThe processing of Mg-Ti for hydrogen storage; mechanical milling and plasma synthesis\u201d, International Journal of Hydrogen Energy 35 10412-10418 2010<\/li>\n<li>Ors T, Tan S,&nbsp;&nbsp;Ozturk T,&nbsp; Karakaya I. &#8220;Synthesis of Fe-4.6 wt% B alloy via electro-deoxidation of mixed oxides&#8221;, Journal of Materials Science, 44 (13): 3514-3519 JUL 2009<\/li>\n<li>Tan S, Ors T, Aydinol MK,&nbsp;Ozturk T., &#8220;Synthesis of FeTi from mixed oxide precursors&#8221; Journal of Alloys and Compounds, 475 (1-2): 368-372 MAY 5 2009<\/li>\n<li>Akyildiz H,&nbsp; Ozenbas M,&nbsp;&nbsp;Ozturk T., &nbsp;&#8220;Hydrogen absorption in magnesium based crystalline thin films&#8221;, Int. Journal of Hydrogen Energy, 31 (10),&nbsp; 1379-1383 AUG 2006<\/li>\n<li>Yazar O, Ediz T,&nbsp;Ozturk T, &#8220;Control of macrostructure in deformation processing of metal\/metal laminates&#8221;, Acta Materialia, 53 (2): 375-381 JAN 2005<\/li>\n<li>Guvendiren M, Bayboru E,&nbsp;Ozturk T, &#8220;Effects of additives on mechanical milling and hydrogenation of magnesium powders&#8221;, International Journal of Hydrogen Energy, 29 (5): 491-496 Apr 2004<\/li>\n<li>Gunduz G, Uslu I, Onal I, et al., Effects of Different Parameters on the Densities of Uranium-Dioxide and Uranium Dioxide-Gadolinium Oxide Fuels Produced by the Sol-Gel Technique, Nuclear Technology, 111 (1): 63-69 Jul 1995<\/li>\n<li>Mekhrabov AO, Ressamoglu A,&nbsp;Ozturk T, &#8220;A Study of Impurity Effect on Ordering Characteristics of Fe3Al Intermetallics&#8221;, Journal of Alloys and Compounds, 205 (1-2): 147-156, Mar 1994<\/li>\n<li>Ozturk T, Mirmesdagh J, Ediz T, &#8220;Strain Partitioning and Plastic-Flow in Some Metal-Metal Laminates&#8221;, Materials Science and Engineering a-Structural Materials Properties Microstructure And Processing, 175 (1-2): 125-129 Feb 28 1994<\/li>\n<li>Ozturk T, Poole WJ, Embury JD, &#8220;The Deformation of Cu-W Laminates&#8221;, Materials Science and Engineering a-Structural Materials Properties Microstructure and Processing, 148 (2): 175-178 Dec 14 1991<\/li>\n<li>Ozturk T, Davies GJ, &#8220;Texture and Formability in FCC Metals and Alloys&#8221;, Materials Science and Technology, 5 (2): 186-193 Feb 1989<\/li>\n<li>Ozturk T, &#8220;Deformation and Recrystallization Textures in Cross-Rolled Sheets of Copper And Alpha-Brass&#8221;, Scripta Metallurgica, 22 (10): 1611-1616 OCT 1988<\/li>\n<li>Ozturk T, &#8220;An Evaluation of Recrystallization Textures in Rolled Cu-Zn Alloys&#8221;, Zeitschrift Fur Metallkunde, 79 (4): 217-219 Apr 1988<\/li>\n<li>Ozturk T, Davies GJ, &#8220;Texture Softening and Strain Instability in FCC Metals &#8211; Plane-Strain Deformation&#8221;, Acta Metallurgica, 35 (9): 2307-2314 Sep 1987<\/li>\n<\/ul>\n","protected":false},"excerpt":{"rendered":"<p>Akbayrak S, \u00c7akmak G, \u00d6zt\u00fcrk T, \u00d6zkar S Rhodium (0), Ruthenium (0) and Palladium (0) nanoparticles supported on carbon-coated iron: Magnetically isolable and reusable catalysts for hydrolytic dehydrogenation of of ammonia borane, International Journal of Hydrogen Energy (online), 2020 Sar\u0131 Do\u011fancan,Ya\u015far Bengisu,Pi\u015fkin Fatih, Kalay Yunus Eren, \u00d6zt\u00fcrk Tayfur Segregation Resistant Nanocrystalline \/ Amorphous (La, Sr) [&hellip;]<\/p>\n","protected":false},"author":2845,"featured_media":0,"parent":0,"menu_order":0,"comment_status":"closed","ping_status":"closed","template":"","meta":{"footnotes":"","_links_to":"","_links_to_target":""},"class_list":["post-148","page","type-page","status-publish","hentry"],"_links":{"self":[{"href":"https:\/\/blog.metu.edu.tr\/ozturk\/wp-json\/wp\/v2\/pages\/148","targetHints":{"allow":["GET"]}}],"collection":[{"href":"https:\/\/blog.metu.edu.tr\/ozturk\/wp-json\/wp\/v2\/pages"}],"about":[{"href":"https:\/\/blog.metu.edu.tr\/ozturk\/wp-json\/wp\/v2\/types\/page"}],"author":[{"embeddable":true,"href":"https:\/\/blog.metu.edu.tr\/ozturk\/wp-json\/wp\/v2\/users\/2845"}],"replies":[{"embeddable":true,"href":"https:\/\/blog.metu.edu.tr\/ozturk\/wp-json\/wp\/v2\/comments?post=148"}],"version-history":[{"count":0,"href":"https:\/\/blog.metu.edu.tr\/ozturk\/wp-json\/wp\/v2\/pages\/148\/revisions"}],"wp:attachment":[{"href":"https:\/\/blog.metu.edu.tr\/ozturk\/wp-json\/wp\/v2\/media?parent=148"}],"curies":[{"name":"wp","href":"https:\/\/api.w.org\/{rel}","templated":true}]}}