{"id":144,"date":"2016-05-22T16:39:49","date_gmt":"2016-05-22T13:39:49","guid":{"rendered":"http:\/\/blog.metu.edu.tr\/ozturk\/?page_id=144"},"modified":"2020-11-27T19:41:06","modified_gmt":"2020-11-27T16:41:06","slug":"tezler","status":"publish","type":"page","link":"https:\/\/blog.metu.edu.tr\/ozturk\/tezler\/","title":{"rendered":"Tezler"},"content":{"rendered":"<ul>\n<li><a href=\"http:\/\/www.mu.edu.tr\/tr\/personel\/fatihpiskin\">Fatih Pi\u015fkin<\/a>, &#8221;A Combinatorial Study On Hydrogen Separation Membranes&#8221;, Doktora, 2018.<\/li>\n<li><a href=\"http:\/\/www.mu.edu.tr\/tr\/personel\/gulhancakmak\">G\u00fclhan \u00c7akmak<\/a>, &#8221;The processing of Mg-Ti powder for hydrogen storage&#8221;,&nbsp; Doktora, 2011.<\/li>\n<li>Serdar Tan, &#8221;Direct synthesis of hydrogen storage alloys from their oxides&#8221;,&nbsp; Doktora, 2011.<\/li>\n<li><a href=\"https:\/\/www.selcuk.edu.tr\/muhendislik\/metalurji_ve_malzeme\/akademik_personel\/bilgi\/6384\/tr\">Hasan Aky\u0131ld\u0131z<\/a>, &#8221;Hydrogen storage in magnesium based thin films&#8221;,&nbsp; Doktora, 2010.<\/li>\n<li>, &#8221;Investigation of fracture behavior of steel\/steel laminates&#8221;,&nbsp; Doktora, 2004.<\/li>\n<li><a href=\"http:\/\/mete.metu.edu.tr\/tr\/people\/c-hakan-gur\">Cemil Hakan G\u00fcr<\/a>, &#8221;Finite element modelling and measurement of stress evoluation in quenching processes&#8221;,&nbsp; Doktora, 1995.<\/li>\n<li>Havva Eda Aysal, &#8221;Thermal Plasma Synthesis Of LSC-113\/LSC-214 Composite Cathode For IT-SOFCs; Y\u00fcksek Lisans, 2019.<\/li>\n<li>Pelin Livan, &#8221;Carbon Encapsulation of Elemental Nanoparticles&#8221;,Y\u00fcksek Lisans, 2018<\/li>\n<li>Do\u011fancan Sar\u0131, &#8221;Combinatorial Development Of Lsc-113\/Lsc-214 Cathode Materials For Intermediate Temperature Solid Oxide Fuel Cellss&#8221;,  Y\u00fcksek Lisans, 2017.<\/li>\n<li>Ziya \u00c7a\u011fr\u0131 Toruno\u011flu, &#8221;Utilization Of (La1-xSrx)CoO3-\u03b4\/(La1-ySry)2CoO4\u00b1\u03b4 Heterostructures As Cathode For IT-SOFCs&#8221; -Yener Kuru ile birlikte- Y\u00fcksek Lisans, 2017.<\/li>\n<li>G\u00f6zde Y\u0131ld\u0131r\u0131m, &#8221;Design and Construction of a Coating Reactor for R.F. Thermal Plasma System&#8221;,&nbsp; Y\u00fcksek Lisans, 2017.<\/li>\n<li>Alptekin Ayd\u0131nl\u0131, &#8221;Hydrogen decrepitation of magnesium-rich intermetallics&#8221;,&nbsp; Y\u00fcksek Lisans, 2013.<\/li>\n<li>Burak Aktekin, &#8221;Induction plasma synthesis of Mg-Ni nanoparticles&#8221;,&nbsp; Y\u00fcksek Lisans, 2013.<\/li>\n<li>Fatih Pi\u015fkin, &#8221;Deposition and testing of thin film hydrogen separation membranes&#8221;,&nbsp; Y\u00fcksek Lisans, 2013.<\/li>\n<li>Ayshe Gharemeshg GharaV\u0130, &#8221;Thickness effects in hydrogen sorption of magnesium\/palladium thin films&#8221;,&nbsp; Y\u00fcksek Lisans, 2012.<\/li>\n<li>H\u00fcseyin Erg\u00fcn, &#8221;Design of a high temperature erosion apparatus for testing of boiler tubes&#8221;,&nbsp; Y\u00fcksek Lisans, 2010.<\/li>\n<li>\u00c7a\u011fla \u00d6zgit, &#8221;Isochronal hydrogenation of textured magnesium\/palladium thin films&#8221;,&nbsp; Y\u00fcksek Lisans, 2009.<\/li>\n<li>Rabia \u00d6lmez, &#8221;Combinatorial study of hydrogen storage alloys&#8221;,&nbsp; Y\u00fcksek Lisans, 2009.<\/li>\n<li>Ebru Saralo\u011flu, &#8221;Effect of ecap and subsequent heat treatments on microstructure and mechanical properties of 2024 aluminum alloy&#8221;,&nbsp; Y\u00fcksek Lisans, 2008.<\/li>\n<li>Taylan \u00d6rs, &#8221;Ferroboron production by electrodeoxidation&#8221;,&nbsp; Y\u00fcksek Lisans, 2008.<\/li>\n<li>Ceylan Kubilay, &#8221;Effect of TiH2 particle size on foaming of aluminium&#8221;,&nbsp; Y\u00fcksek Lisans, 2005.<\/li>\n<li>Serdar Tan, &#8221;Optimization of macrostructure in aluminium foams&#8221;,&nbsp; Y\u00fcksek Lisans, 2003.<\/li>\n<li>Murat G\u00fcvendiren, &#8221;Effects of additives on mechanical milling and hydrogenation of magnesium powders&#8221;,&nbsp; Y\u00fcksek Lisans, 2003.<\/li>\n<li>Elif Bayb\u00f6r\u00fc, &#8221;Mechanical milling of magnesium powders and measurement of their hydrogen sorption characteristics&#8221;,&nbsp; Y\u00fcksek Lisans, 2001.<\/li>\n<li>\u00d6zg\u00fcr Yazar, &#8221;Control of microstructure in metal composites, a finite element study&#8221;,&nbsp; Y\u00fcksek Lisans, 1999.<\/li>\n<li>Ay\u00e7a Ertekin, &#8221;Effect of process variables on the molgg filling time in resin transfer molding&#8221;,&nbsp; Y\u00fcksek Lisans, 1998.<\/li>\n<li>Selim Karaku\u015f, &#8221;Production of Al-Cu metallic foam&#8221;,&nbsp; Y\u00fcksek Lisans, 1998.<\/li>\n<li>K\u0131v\u0131lc\u0131m \u00d6nal, &#8221;Production of intermetallic reinforced metal matrix composites via in-situ reactions&#8221;,&nbsp; Y\u00fcksek Lisans, 1998.<\/li>\n<li>Ozan Ercan, &#8221;Deformation behaviour of metal-metal laminates; A FEM study&#8221;,&nbsp; Y\u00fcksek Lisans, 1997.<\/li>\n<li>Adem Onat, &#8221;Production and microstructure characterization of silicon carbide particulate reinforced aluminum-coper alloy matrix composites by squeeze casting method&#8221;,&nbsp; Y\u00fcksek Lisans, 1995.<\/li>\n<li>Ekin Soydaner, &#8221;Factors affecting macrostructural evolution in al-based metal\/metal laminates&#8221;,&nbsp; Y\u00fcksek Lisans, 1995.<\/li>\n<li>S.M.Jav\u0131ad Mirmesdagh, &#8221;Strain partitioning and plastic flow in some metal\/ metal laminates&#8221;,&nbsp; Y\u00fcksek Lisans, 1993.<\/li>\n<li>Mehmet Tansal, &#8221;High temperature torsion testing&#8221;,&nbsp; Y\u00fcksek Lisans, 1988.<\/li>\n<li>Zafer Filiz, &#8221;Inclusions in cast, homogenized and extruded etial-2l aluminum alloy&#8221;,&nbsp; Y\u00fcksek Lisans, 1988.<\/li>\n<li>Ali Bilici, &#8221;Void initiation in spheroidized 1035 steel&#8221;,&nbsp; Y\u00fcksek Lisans, 1988.<\/li>\n<li>N\u00fcvit G\u00fcnel, &#8221;Effect of Process variables on on texture and formability of Al-K,lled Low -C steel &#8221;,&nbsp; Y\u00fcksek Lisans, 1986.<\/li>\n<li>Ali Ca\u011fr\u0131 \u00c7\u00f6pl\u00fc, &#8221;Determination of limit strains in sheet forming&#8221;,&nbsp; Y\u00fcksek Lisans, 1986.<\/li>\n<li>Vedat Akdeniz, &#8221;Effect of intial Microstructure on the development of roolling and anneakling textures in Al Killed Low C steel&#8221;, Y\u00fcksek Lisans, 1986.<\/li>\n<li>Can Koyuncu , &#8221;Development of Rolling and recrystallization textures in aged Cu-1.7%Be-0.34%Co alloy&#8221;,&nbsp; Y\u00fcksek Lisans, 1983.<\/li>\n<li><a href=\"http:\/\/www1.uwindsor.ca\/gapt\/6\/dr-ahmet-alpas\">Ahmet Tu\u011frul Alpas<\/a> , &#8221;Recrsytallization behaviour and the development pf annealing textures in a supersaturated Cu-Be alloy&#8221;,&nbsp; y\u00fcksek lisans, 1983.<\/li>\n<\/ul>\n","protected":false},"excerpt":{"rendered":"<p>Fatih Pi\u015fkin, &#8221;A Combinatorial Study On Hydrogen Separation Membranes&#8221;, Doktora, 2018. G\u00fclhan \u00c7akmak, &#8221;The processing of Mg-Ti powder for hydrogen storage&#8221;,&nbsp; Doktora, 2011. Serdar Tan, &#8221;Direct synthesis of hydrogen storage alloys from their oxides&#8221;,&nbsp; Doktora, 2011. Hasan Aky\u0131ld\u0131z, &#8221;Hydrogen storage in magnesium based thin films&#8221;,&nbsp; Doktora, 2010. , &#8221;Investigation of fracture behavior of steel\/steel laminates&#8221;,&nbsp; [&hellip;]<\/p>\n","protected":false},"author":2845,"featured_media":0,"parent":0,"menu_order":0,"comment_status":"closed","ping_status":"closed","template":"","meta":{"footnotes":"","_links_to":"","_links_to_target":""},"class_list":["post-144","page","type-page","status-publish","hentry"],"_links":{"self":[{"href":"https:\/\/blog.metu.edu.tr\/ozturk\/wp-json\/wp\/v2\/pages\/144","targetHints":{"allow":["GET"]}}],"collection":[{"href":"https:\/\/blog.metu.edu.tr\/ozturk\/wp-json\/wp\/v2\/pages"}],"about":[{"href":"https:\/\/blog.metu.edu.tr\/ozturk\/wp-json\/wp\/v2\/types\/page"}],"author":[{"embeddable":true,"href":"https:\/\/blog.metu.edu.tr\/ozturk\/wp-json\/wp\/v2\/users\/2845"}],"replies":[{"embeddable":true,"href":"https:\/\/blog.metu.edu.tr\/ozturk\/wp-json\/wp\/v2\/comments?post=144"}],"version-history":[{"count":0,"href":"https:\/\/blog.metu.edu.tr\/ozturk\/wp-json\/wp\/v2\/pages\/144\/revisions"}],"wp:attachment":[{"href":"https:\/\/blog.metu.edu.tr\/ozturk\/wp-json\/wp\/v2\/media?parent=144"}],"curies":[{"name":"wp","href":"https:\/\/api.w.org\/{rel}","templated":true}]}}