{"id":131,"date":"2016-05-22T09:37:03","date_gmt":"2016-05-22T06:37:03","guid":{"rendered":"http:\/\/blog.metu.edu.tr\/ozturk\/?page_id=131"},"modified":"2023-03-02T14:51:27","modified_gmt":"2023-03-02T11:51:27","slug":"home-2","status":"publish","type":"page","link":"https:\/\/blog.metu.edu.tr\/ozturk\/","title":{"rendered":"Hakk\u0131nda"},"content":{"rendered":"<h3 class=\"main_header_title\"><span style=\"color: #333333\"><a href=\"https:\/\/blog.metu.edu.tr\/ozturk\/files\/2019\/07\/web-to.jpg\"><img loading=\"lazy\" decoding=\"async\" class=\"alignnone wp-image-477\" src=\"https:\/\/blog.metu.edu.tr\/ozturk\/files\/2019\/07\/web-to-838x1024.jpg\" alt=\"\" width=\"200\" height=\"245\" srcset=\"https:\/\/blog.metu.edu.tr\/ozturk\/files\/2019\/07\/web-to-838x1024.jpg 838w, https:\/\/blog.metu.edu.tr\/ozturk\/files\/2019\/07\/web-to-245x300.jpg 245w, https:\/\/blog.metu.edu.tr\/ozturk\/files\/2019\/07\/web-to-768x938.jpg 768w, https:\/\/blog.metu.edu.tr\/ozturk\/files\/2019\/07\/web-to.jpg 1009w\" sizes=\"auto, (max-width: 200px) 100vw, 200px\" \/><\/a><\/span><\/h3>\n<h3 class=\"main_header_title\"><span style=\"color: #333333\">Prof. Dr. Tayfur \u00d6zt\u00fcrk<\/span><\/h3>\n<p class=\"main_header_title\">\nMetalurji ve Malzeme M\u00fchendisli\u011fi B\u00f6l\u00fcm\u00fc\u00a0\u00a0 D-203<br \/>\nTelefon: +90 (312) 210-5935<br \/>\nFaks: +90 (312) 210-2518<br \/>\nE-posta: ozturk@metu.edu.tr<\/p>\n<p><span style=\"color: #993300\"><strong>E\u011fitim<\/strong><\/span><\/p>\n<ul>\n<li><strong>Doktora<\/strong>, Metalurji ve Malzeme Bilimi\u00a0, Cambridge \u00dcniversitesi, 1978<\/li>\n<li><strong>Lisans,<\/strong> Metalurji M\u00fchendisli\u011fi, Istanbul Teknik \u00dcniversitesi, 1973<\/li>\n<\/ul>\n<p><span style=\"color: #993300\"><strong>Akademik\u00a0\u00a0<\/strong><\/span><\/p>\n<ul>\n<li><strong>Profes\u00f6r( Emekli\/Ek G\u00f6revli): <\/strong>2020-\u00a0 : Metalurji ve Malzeme M\u00fchendisli\u011fi, ODT\u00dc<\/li>\n<li><strong>Profes\u00f6r:\u00a0<\/strong> 1989- 2020: Metalurji ve Malzeme M\u00fchendisli\u011fi, ODT\u00dc<\/li>\n<li><strong>Do\u00e7ent :<\/strong> 1984-1989: Metalurji ve Malzeme M\u00fchendisli\u011fi, ODT\u00dc<\/li>\n<li><strong>Yard\u0131mc\u0131 Do\u00e7ent :<\/strong> 1981- 1984: Metalurji ve Malzeme M\u00fchendisli\u011fi, ODT\u00dc<\/li>\n<li><strong>\u00d6\u011fretim G\u00f6revlisi :<\/strong> 1980-1981: Metalurji ve Malzeme M\u00fchendisli\u011fi, ODT\u00dc<\/li>\n<li><strong>Doktorasonras\u0131 Ara\u015ft\u0131rmac\u0131:<\/strong> 1979-1980: Istanbul Teknik \u00a0\u00dcniversitesi<\/li>\n<li><strong>Doktorasonras\u0131 Ara\u015ft\u0131rmac\u0131:<\/strong> 1978-1979: Sheffield\u00a0\u00dcniversitesi, \u0130ngiltere\n<ul>\n<li><strong>Misafir Ara\u015ft\u0131rmac\u0131<\/strong>: 1989: McMaster Universitesi, Kanada<\/li>\n<li><strong>Misafir Ara\u015ft\u0131rmac\u0131:<\/strong> 1990: Los Alamos Ulusal Laboratuar\u0131, ABD<\/li>\n<\/ul>\n<\/li>\n<\/ul>\n<p><strong><span style=\"color: #993300\">\u0130dari\u00a0\u00a0<\/span><\/strong><\/p>\n<ul>\n<li style=\"list-style-type: none\">\n<ul>\n<li>2018-2020 :Founding Director, ENDAM, The Center for Energy<br \/>\nMaterials and Storage Devices.<\/li>\n<li>2016-2019 : Senato \u00dcyesi<\/li>\n<li>2011-2013 : Parlar Vakf\u0131 Y\u00f6netim Kurulu \u00dcyesi<\/li>\n<li>2001-2004 : \u00dcniversite Y\u00f6netim Kurulu \u00dcyesi<\/li>\n<li>2004-2011 : B\u00f6l\u00fcm Ba\u015fkan\u0131 Metalurji ve Malzeme M\u00fchendisli\u011fi B\u00f6l\u00fcm\u00fc, ODT\u00dc<\/li>\n<\/ul>\n<\/li>\n<\/ul>\n<p style=\"padding-left: 60px\"><a href=\"https:\/\/blog.metu.edu.tr\/ozturk\/files\/2016\/06\/LisansEgitimindeArastirmaN.pdf\">Lisans E\u011fitiminde Ara\u015ft\u0131rma<\/a><br \/>\n<a href=\"https:\/\/blog.metu.edu.tr\/ozturk\/files\/2016\/06\/3M-Egitim-PrograminasilOlmalidirM-1.pdf\">Metalurji ve Malzeme M\u00fchendisli\u011fi E\u011fitim Program\u0131 Nas\u0131l Olmal\u0131?<\/a><\/p>\n<ul>\n<li style=\"list-style-type: none\">\n<ul>\n<li style=\"text-align: left\">1996- 2003 : Fen Bilimleri Enstit\u00fcs\u00fc Ba\u015fkan\u0131, ODT\u00dc.<\/li>\n<\/ul>\n<\/li>\n<\/ul>\n<p style=\"padding-left: 60px\"><a href=\"https:\/\/blog.metu.edu.tr\/ozturk\/files\/2016\/06\/Phases-of-OYP-from-the-first-to-the-newg.pdf\">\u0130lk\u2019inden Yeni\u2019sine \u00d6\u011fretim \u00dcyesi Yeti\u015ftirme Program\u0131<\/a><\/p>\n<ul>\n<li>1994-1996 : B\u00f6l\u00fcm Ba\u015fkan Yard\u0131mc\u0131s\u0131, Metalurji \u00a0M\u00fchendisli\u011fi B\u00f6l\u00fcm\u00fc,\u00a0ODT\u00dc<\/li>\n<\/ul>\n","protected":false},"excerpt":{"rendered":"<p>Prof. Dr. Tayfur \u00d6zt\u00fcrk Metalurji ve Malzeme M\u00fchendisli\u011fi B\u00f6l\u00fcm\u00fc\u00a0\u00a0 D-203 Telefon: +90 (312) 210-5935 Faks: +90 (312) 210-2518 E-posta: ozturk@metu.edu.tr E\u011fitim Doktora, Metalurji ve Malzeme Bilimi\u00a0, Cambridge \u00dcniversitesi, 1978 Lisans, Metalurji M\u00fchendisli\u011fi, Istanbul Teknik \u00dcniversitesi, 1973 Akademik\u00a0\u00a0 Profes\u00f6r( Emekli\/Ek G\u00f6revli): 2020-\u00a0 : Metalurji ve Malzeme M\u00fchendisli\u011fi, ODT\u00dc Profes\u00f6r:\u00a0 1989- 2020: Metalurji ve Malzeme M\u00fchendisli\u011fi, ODT\u00dc [&hellip;]<\/p>\n","protected":false},"author":2845,"featured_media":0,"parent":0,"menu_order":0,"comment_status":"closed","ping_status":"closed","template":"","meta":{"footnotes":"","_links_to":"","_links_to_target":""},"class_list":["post-131","page","type-page","status-publish","hentry"],"_links":{"self":[{"href":"https:\/\/blog.metu.edu.tr\/ozturk\/wp-json\/wp\/v2\/pages\/131","targetHints":{"allow":["GET"]}}],"collection":[{"href":"https:\/\/blog.metu.edu.tr\/ozturk\/wp-json\/wp\/v2\/pages"}],"about":[{"href":"https:\/\/blog.metu.edu.tr\/ozturk\/wp-json\/wp\/v2\/types\/page"}],"author":[{"embeddable":true,"href":"https:\/\/blog.metu.edu.tr\/ozturk\/wp-json\/wp\/v2\/users\/2845"}],"replies":[{"embeddable":true,"href":"https:\/\/blog.metu.edu.tr\/ozturk\/wp-json\/wp\/v2\/comments?post=131"}],"version-history":[{"count":0,"href":"https:\/\/blog.metu.edu.tr\/ozturk\/wp-json\/wp\/v2\/pages\/131\/revisions"}],"wp:attachment":[{"href":"https:\/\/blog.metu.edu.tr\/ozturk\/wp-json\/wp\/v2\/media?parent=131"}],"curies":[{"name":"wp","href":"https:\/\/api.w.org\/{rel}","templated":true}]}}