{"id":7,"date":"2017-10-26T09:42:56","date_gmt":"2017-10-26T09:42:56","guid":{"rendered":"http:\/\/blog.metu.edu.tr\/ozsahin\/?page_id=7"},"modified":"2024-03-21T14:27:41","modified_gmt":"2024-03-21T14:27:41","slug":"publications","status":"publish","type":"page","link":"https:\/\/blog.metu.edu.tr\/ozsahin\/publications\/","title":{"rendered":"Publications"},"content":{"rendered":"<p><a href=\"https:\/\/scholar.google.com\/citations?hl=en&amp;user=xwtgMlsAAAAJ&amp;view_op=list_works&amp;sortby=pubdate\" target=\"_blank\" rel=\"noopener\">Please click to be directed to Google Scholar Profile<\/a><\/p>\n<p><strong>Refereed Journal Papers<\/strong><\/p>\n<ol>\n<li>ALTUN, B., \u00c7ALI\u015eKAN, H., &amp; \u00d6Z\u015eAH\u0130N, O., (2024). Development of a dynamic simulation model for CNC table vibration estimation in milling operations, Journal of the Faculty of Engineering and Architecture of Gazi University , vol.39, no.3, 1703-1718.<\/li>\n<li>B. Altun, H. \u00c7al\u0131\u015fkan, O. \u00d6zsahin, Position-dependent FRF identification without force measurement in milling process, International Journal of Advanced Manufacturing Technologies, (128), 4981-4996, 2023.<\/li>\n<li>A. Iglesias, L. Taner Tun\u00e7, O. \u00d6zsahin, O. Franco, J. Munoa, and E. Budak, Alternative experimental methods for machine tool dynamics identification: A review, Mech. Syst. Signal Process.,(170), 1\u201319, 2022.<\/li>\n<li>L. T. Tunc, O \u00d6zsahin, Use of inverse stability solutions for identification of uncertainties in the dynamics of machining processes, Advances in Manufacturing 6 (3), 308-318, 2018.<\/li>\n<li>M Postel, O \u00d6zsahin, Y Altintas, High speed tooltip FRF predictions of arbitrary tool-holder combinations based on operational spindle identification, International Journal of Machine Tools and Manufacture, 129 (2018) 48-60.<\/li>\n<li>\u00d6zsahin, Determination of tool point FRF of micro tools under operational conditions using analytical methods, Journal of the Faculty of Engineering and Architecture of Gazi University, 33\/2, (2018), 529-539.<\/li>\n<li>Matthias, O. \u00d6z\u015fahin, Y. Altintas, B. Denkena, Receptance coupling based algorithm for the identification of contact parameters at holder\u2013tool interface, CIRP Journal of Manufacturing Science and Technology, 13, (2016), 37-45.<\/li>\n<li>Comak, O. Ozsahin, Y. Altintas, Stability of Milling Operations With Asymmetric Cutter Dynamics in Rotating Coordinates, Trans. ASME Journal of Manufacturing Science and Engineering, 138 (2016).<\/li>\n<li>\u00d6z\u015fahin, Y. Altintas, Prediction of frequency response function (FRF) of asymmetric tools from the analytical coupling of spindle and beam models of holder and tool, International Journal of Machine Tools and Manufacture, 92 (2015) 31-40.<\/li>\n<li>\u00d6z\u015fahin, E. Budak, H. N. \u00d6zg\u00fcven,Identification of Bearing Dynamics under Operational Conditions for Chatter Stability Prediction in High Speed Machining Operations, Precision Engineering, 42 (2015) 53-65.<\/li>\n<li>\u00d6z\u015fahin, E. Budak, H. N. \u00d6zg\u00fcven, In-Process Tool Point FRF Identification under Operational Conditions Using Inverse Stability Solution, International Journal of Machine Tools and Manufacture, 89 (2014) 64-73.<\/li>\n<li>\u00d6z\u015fahin, H.N. \u00d6zg\u00fcven, E. Budak, Analytical modeling of asymmetric multi-segment rotor \u2013 bearing systems with Timoshenko beam model including gyroscopic moments, Computers &amp; Structures, 144 (2014) 119-126.<\/li>\n<li>\u00d6z\u015fahin, H. N. \u00d6zg\u00fcven, E. Budak, Analysis and Compensation of Mass Loading Effect of Accelerometers on Tool Point FRF Measurements for Chatter Stability Predictions,International Journal of Machine Tools and Manufacture,\u00a050 (2010) 585-589.<\/li>\n<li>\u00d6z\u015fahin,\u00a0A. Erturk,\u00a0H. N. \u00d6zg\u00fcven and\u00a0E. Budak, A Closed-Form Approach for Identification of Dynamical Contact Parameters in Spindle-Holder-Tool Assemblies, International Journal of Machine Tools and Manufacture,49 (2009) 25-35.<\/li>\n<\/ol>\n<p><strong>Papers Published in International Conference Proceedings<\/strong><\/p>\n<ol>\n<li>Rahimzadeh Berenji, Kaveh\u00a0and\u00a0Ozsahin, Orkun\u00a0and\u00a0Budak, Erhan,\u00a0Effect of spindle design on spindle dynamics and chatter stability, International Symposium on Precision Engineering and Sustainable Manufacturing (PRESM), 21-23 July, Jeju, South Korea, 2021.<\/li>\n<li>Karata\u015f, O. \u00d6z\u015fahin, H. N. \u00d6zg\u00fcven, and E. Budak, \u201cDesign optimization of tool holder extension for enhanced chatter stability by using component mode tuning method, 9th CIRP Conference on High Performance cutting (HPC), 24-26 May, Sheffield, UK, 2021.<\/li>\n<li>\u00d6z\u015fahin, M Ritou, E Budak, C Rabr\u00e9au, S Le Loch, Identification of spindle dynamics by receptance coupling for non-contact excitation system, 17th CIRP Conference on Modelling of Machining Operations, CIRP CMMO, 13 &#8211; 14 June, Sheffield, UK, 2019.<\/li>\n<li>\u00d6z\u015fahin, Analysis and Design of Variable Pitch Tools for the Improved Productivity, 9. International Congress on Machining (UTIS), 8-10 November, Antalya, Turkey, 2018.<\/li>\n<li>O. \u00d6z\u015fahin, E. Budak, H. N.\u00a0\u00d6zg\u00fcven, Analytical Modeling of the Machine Tool Spindle Dynamics under Operational Conditions, Proceedings of the \u2013 37th MATADOR Conference, 24-27July, Manchester, UK, 2012.<\/li>\n<li>O.\u00a0\u00d6z\u015fahin, E. Budak, H. N.\u00a0\u00d6zg\u00fcven, Investigating Dynamics of Machine Tool Spindles under Operational Conditions, Proceedings of the 13th CIRP Conference on Modeling of Machining Operations, 12-13 May 2011,\u00a0Sintra, Portugal, Advanced Materials Research, Vol.\u00a0\u00a0223, pp. 610-621, 2011.<\/li>\n<li>O. \u00d6z\u015fahin, H. N. \u00d6zg\u00fcven, E. Budak,Mass Loading Effect of Accelerometers on Tool Point FRF and Stability Diagrams, Proceedings\u00a0of the 12th CIRP Conference on Modeling of\u00a0Machining Operations, San Sebastian, Spain, May 12-13,\u00a0\u00a02009.<\/li>\n<li>O. \u00d6z\u015fahin, H. N. \u00d6zg\u00fcven, E. Budak,Estimation Of Dynamic Contact Parameters For Machine Tool Spindle-Holder-Tool Assemblies Using Artificial Neural Networks, Proceedings of the 3rd CIRP International Conference on Manufacturing Engineering (ICMEN),\u00a0Kassandra,\u00a0Greece, October 1-4, 2008.<\/li>\n<li>E. \u00d6zl\u00fc, O. \u00d6z\u015fahin, H.N. \u00d6zg\u00fcven, E. Budak, The Use of Noise Masurement in Machining Stability Analysis, The 36<sup>th<\/sup> International Congress and Exhibition on\u00a0 Noise Control Engineering, \u0130stanbul, Turkey, 28-31 August 2007.<\/li>\n<\/ol>\n<p><strong>Papers Published in National Conference Proceedings<\/strong><\/p>\n<ol>\n<li>A.\u00a0 \u00c7omak, R. Koca, E. \u00d6zl\u00fc, O.\u00a0 \u00d6z\u015fahin, E.\u00a0 \u00d6zt\u00fcrk, T. Tun\u00e7, Taner , E. Uysal, E. Budak, H. N.\u00a0 \u00d6zg\u00fcven, Tala\u015fl\u0131 imalat s\u00fcre\u00e7lerinin kararl\u0131l\u0131\u011f\u0131 ve tak\u0131m tezgah dinami\u011fi (Machining process stability and machine tool dynamics), 16. Ulusal Makina Teorisi Sempozyumu (UMTS), Erzurum, T\u00fcrkiye, 2013.<\/li>\n<li>O. \u00d6z\u015fahin, E. Budak, H. N. \u00d6zg\u00fcven (2015), Frezeleme esnas\u0131ndaki tezgah dinami\u011finin belirlenmesi ve modellenmesi,\u00a0<a href=\"http:\/\/mfge.atilim.edu.tr\/personel\/publishDetails\/id\/5286?lang=tr\">6. Tala\u015fl\u0131 \u0130malat Sempozyumu<\/a>, \u0130stanbul<\/li>\n<\/ol>\n","protected":false},"excerpt":{"rendered":"<p>Please click to be directed to Google Scholar Profile Refereed Journal Papers ALTUN, B., \u00c7ALI\u015eKAN, H., &amp; \u00d6Z\u015eAH\u0130N, O., (2024). Development of a dynamic simulation model for CNC table vibration estimation in milling operations, Journal of the Faculty of Engineering and Architecture of Gazi University , vol.39, no.3, 1703-1718. B. Altun, H. \u00c7al\u0131\u015fkan, O. \u00d6zsahin, [&hellip;]<\/p>\n","protected":false},"author":5137,"featured_media":0,"parent":0,"menu_order":0,"comment_status":"closed","ping_status":"closed","template":"","meta":{"footnotes":"","_links_to":"","_links_to_target":""},"class_list":["post-7","page","type-page","status-publish","hentry"],"_links":{"self":[{"href":"https:\/\/blog.metu.edu.tr\/ozsahin\/wp-json\/wp\/v2\/pages\/7","targetHints":{"allow":["GET"]}}],"collection":[{"href":"https:\/\/blog.metu.edu.tr\/ozsahin\/wp-json\/wp\/v2\/pages"}],"about":[{"href":"https:\/\/blog.metu.edu.tr\/ozsahin\/wp-json\/wp\/v2\/types\/page"}],"author":[{"embeddable":true,"href":"https:\/\/blog.metu.edu.tr\/ozsahin\/wp-json\/wp\/v2\/users\/5137"}],"replies":[{"embeddable":true,"href":"https:\/\/blog.metu.edu.tr\/ozsahin\/wp-json\/wp\/v2\/comments?post=7"}],"version-history":[{"count":0,"href":"https:\/\/blog.metu.edu.tr\/ozsahin\/wp-json\/wp\/v2\/pages\/7\/revisions"}],"wp:attachment":[{"href":"https:\/\/blog.metu.edu.tr\/ozsahin\/wp-json\/wp\/v2\/media?parent=7"}],"curies":[{"name":"wp","href":"https:\/\/api.w.org\/{rel}","templated":true}]}}