{"id":151,"date":"2024-02-29T06:25:53","date_gmt":"2024-02-29T06:25:53","guid":{"rendered":"https:\/\/blog.metu.edu.tr\/ozsahin\/?page_id=151"},"modified":"2024-03-05T08:31:02","modified_gmt":"2024-03-05T08:31:02","slug":"thesis-supervised","status":"publish","type":"page","link":"https:\/\/blog.metu.edu.tr\/ozsahin\/thesis-supervised\/","title":{"rendered":"Thesis Supervised"},"content":{"rendered":"<p><img decoding=\"async\" class=\"alignnone\" src=\"https:\/\/blog.metu.edu.tr\/ozsahin\/files\/2017\/10\/IMG_1653-237x300.jpg\" title=\"\" alt=\"\" \/><\/p>\n<p>\u00a0<\/p>\n<p><strong><span style=\"color: #ff0000\">COMPLETED<\/span><\/strong><\/p>\n\n\n<p>Ayy\u0131ld\u0131z H. <strong>Contact dynamics identification of holder extension assembly via inverse structural modification method<\/strong>, 2024, Co-Supervision with Prof. Dr. H. Nevzat \u00d6zg\u00fcven<\/p>\n\n\n\n<p>Kurt C.F. <strong>Development of viscoelastic dampers for boring bars<\/strong>, (2023), Co-Supervision with Assistant Prof. Dr. G\u00f6khan \u00d6zgen<\/p>\n\n\n\n<p>Tola E. <strong>Design optimization of tool extension components in machine tool assemblies based on the absorber effect between subcomponent modes<\/strong>, (2022)<\/p>\n\n\n\n<p>Karakas M. <strong>Investigation of vibration based fault detection methods for spindle bearings<\/strong>, (2022)<\/p>\n\n\n\n<p>Akp\u0131nar A<strong>. Structural and aeroelastic flutter analysis of wing store systems and structural modification approach in aeroelasticity<\/strong>, (2021)<\/p>\n","protected":false},"excerpt":{"rendered":"<p>\u00a0 COMPLETED Ayy\u0131ld\u0131z H. Contact dynamics identification of holder extension assembly via inverse structural modification method, 2024, Co-Supervision with Prof. Dr. H. Nevzat \u00d6zg\u00fcven Kurt C.F. Development of viscoelastic dampers for boring bars, (2023), Co-Supervision with Assistant Prof. Dr. G\u00f6khan \u00d6zgen Tola E. Design optimization of tool extension components in machine tool assemblies based on [&hellip;]<\/p>\n","protected":false},"author":5137,"featured_media":0,"parent":0,"menu_order":0,"comment_status":"closed","ping_status":"closed","template":"","meta":{"footnotes":"","_links_to":"","_links_to_target":""},"class_list":["post-151","page","type-page","status-publish","hentry"],"_links":{"self":[{"href":"https:\/\/blog.metu.edu.tr\/ozsahin\/wp-json\/wp\/v2\/pages\/151","targetHints":{"allow":["GET"]}}],"collection":[{"href":"https:\/\/blog.metu.edu.tr\/ozsahin\/wp-json\/wp\/v2\/pages"}],"about":[{"href":"https:\/\/blog.metu.edu.tr\/ozsahin\/wp-json\/wp\/v2\/types\/page"}],"author":[{"embeddable":true,"href":"https:\/\/blog.metu.edu.tr\/ozsahin\/wp-json\/wp\/v2\/users\/5137"}],"replies":[{"embeddable":true,"href":"https:\/\/blog.metu.edu.tr\/ozsahin\/wp-json\/wp\/v2\/comments?post=151"}],"version-history":[{"count":0,"href":"https:\/\/blog.metu.edu.tr\/ozsahin\/wp-json\/wp\/v2\/pages\/151\/revisions"}],"wp:attachment":[{"href":"https:\/\/blog.metu.edu.tr\/ozsahin\/wp-json\/wp\/v2\/media?parent=151"}],"curies":[{"name":"wp","href":"https:\/\/api.w.org\/{rel}","templated":true}]}}