{"id":73,"date":"2016-02-25T11:27:39","date_gmt":"2016-02-25T11:27:39","guid":{"rendered":"http:\/\/blog.metu.edu.tr\/ozguven\/?page_id=73"},"modified":"2025-04-24T09:30:44","modified_gmt":"2025-04-24T09:30:44","slug":"verilen-kisa-kurslar","status":"publish","type":"page","link":"https:\/\/blog.metu.edu.tr\/ozguven\/verilen-kisa-kurslar\/","title":{"rendered":"Verilen K\u0131sa Kurslar"},"content":{"rendered":"<p><img loading=\"lazy\" decoding=\"async\" class=\"\" src=\"https:\/\/blog.metu.edu.tr\/ozguven\/files\/2020\/11\/IMG_0618-1.jpeg\" alt=\"This image has an empty alt attribute; its file name is IMG_0618-1.jpeg\" width=\"310\" height=\"341\" \/><\/p>\n<h4><span style=\"color: #cf3030\"><strong>END\u00dcSTR\u0130YE VER\u0130LEN KISA KURSLAR<\/strong><\/span><\/h4>\n<p><b>&#8220;Modal Domain Approaches for Nonlinear Identification and Analysis in Industry&#8221;,<\/b><span style=\"font-weight: 400\"> 8 \u015eubat 2025, Sekiz saatlik e\u011fitimin \u00fc. saati (Matthew S. Allen ve Benjamin Pacini ile birlikte).<\/span><\/p>\n<p><b>&#8220;Experimental Substructuring and Transfer Path Analysis for Structural Assemblies&#8221;<\/b><span style=\"font-weight: 400\">, CISM, Udine, Italy, 13-17 May\u0131s 2024, 35 saatlik e\u011fitimin 5 saati (Daniel Rixen, Matt Allen, Gregor \u010cepon, Joshua W. R. Meggitt and Maarten van der Seijs ile birlikte).<\/span><\/p>\n<p><span style=\"font-weight: 400\"><strong>&#8220;Advanced Topics in Structural Dynamics&#8221;<\/strong>, ROKETSAN (10 saatlik e\u011fitim program\u0131) &#8211; 17-20 Aral\u0131k 2024.<\/span><\/p>\n<p><strong>&#8220;Temel Bina Akusti\u011fi &#8211; D1 Sertifikas\u0131na Y\u00f6nelik E\u011fitim Program\u0131&#8221;<\/strong>, T\u00fcrk Akustik Derne\u011fi, (72 saatlik e\u011fitim program\u0131n\u0131n 12 saati &#8211; Aral\u0131k 2018,\u00a0 Mart 2019, Haziran 2019, \u015eubat 2022 ve Kas\u0131m 2024).<\/p>\n<p><strong>&#8220;Temel Titre\u015fim E\u011fitimi\u201d, <\/strong>ROKETSAN, (8 saatlik e\u011fitim program\u0131) 6-8 Mart 2024 ve 19-21 Mart 2024.<\/p>\n<p><strong>&#8220;Modal Analysis, Modal Testing and Signal Processing\u201d<\/strong>, ODT\u00dc S\u00fcrekli E\u011fitim Merkezi, Ankara, 24-27 Ocak 2017, 3-6 Nisan 2013 ve 11 \u2013 14 Nisan 2012 tarihlerinde \u00fc\u00e7 kez, (M. \u00c7al\u0131\u015fkan ve Melin \u015eahin (ODT\u00dc) ile birlikte).<\/p>\n<p><strong>&#8220;\u00c7evre G\u00fcr\u00fclt\u00fcs\u00fcne \u0130li\u015fkin \u015eikayetlerin De\u011ferlendirilmesi,\u00d6l\u00e7\u00fcm\u00fc, Denetimi ve \u0130zlenmesine \u0130li\u015fkin A Tipi Sertifikaya Y\u00f6nelik E\u011fitim Program\u0131&#8221;,\u00a0<\/strong>ODT\u00dc S\u00fcrekli E\u011fitim Merkezi, Ankara Aral\u0131k 2005&#8217;den bu yana pek \u00e7ok kez (M. \u00c7al\u0131\u015fkan (ODT\u00dc) ile birlikte).<\/p>\n<p><strong>&#8220;Modal Testing and Modal Analysis&#8221;,\u00a0<\/strong>ODT\u00dc S\u00fcrekli E\u011fitim Merkezi, Ankara, 2-4 Haziran 2004, (M. \u0130mreg\u00fcn (Imperial College) ve K. Y. \u015eanl\u0131t\u00fcrk (\u0130T\u00dc) ile birlikte).<\/p>\n<p><strong>&#8220;End\u00fcstriyel G\u00fcr\u00fclt\u00fc Kontrol\u00fc&#8221; \u0130YEM<\/strong>, Gebze, Mart 2000&#8217;den bu yana bir\u00e7ok kez (iki g\u00fcnl\u00fck k\u0131sa kursun t\u00fcm\u00fc).<\/p>\n<p><strong>&#8220;Rotating Machinery Vibrations &#8211; Machinery Diagnostics, Predictive Maintenance and Balancing&#8221;<\/strong>, EB\u0130, ODT\u00dc, Ankara, 25-29 Haziran 1990, SEM, ODT\u00dc, Ankara, 1-5 Temmuz 1991, (G. Aksu (ODT\u00dc) ile birlikte).<\/p>\n<p><strong>&#8220;Makina Titre\u015fimleri ve Diyagnostikte Kullan\u0131m\u0131 &#8211; \u0130leri D\u00fczey Kurs&#8221;<\/strong>, ALPET-PETK\u0130M, Alia\u011fa Petro Kimya Sanayi, Alia\u011fa, \u0130zmir, 19-21 Haziran1989 (3 g\u00fcnl\u00fck kursun t\u00fcm\u00fc).<\/p>\n<p><strong>&#8220;Makina Titre\u015fim Analizi, Titre\u015fimlerin Makina Bak\u0131m\u0131, Makina Durumu \u0130zleme ve Hata Te\u015fhisinde Kullan\u0131m\u0131&#8221;<\/strong>, ALPET-PETK\u0130M, Alia\u011fa Petro Kimya Sanayi, Alia\u011fa,\u0130zmir, 20-24 Mart 1989 (Bir haftal\u0131k kursun t\u00fcm\u00fc).<\/p>\n<p><strong>&#8220;End\u00fcstriyel G\u00fcr\u00fclt\u00fc Kontrolu ve Uygulamalar\u0131&#8221;<\/strong>, Teknopark, ODT\u00dc, Ankara, 11-14 Nisan 1988. (M. \u00c7al\u0131\u015fkan (ODT\u00dc) ile birlikte).<\/p>\n<p><strong>&#8220;Makina \u00d6mr\u00fcn\u00fcn Uzat\u0131lmas\u0131nda Titre\u015fim Kontrol\u00fc ve Analizinin \u00d6nemi&#8221;<\/strong>, SEGEM, UNIDO, Ankara, 23-27 Ocak 1989, (S.Nielsen (Br\u00fcsel &amp; Kjaer, Denmark) ile birlikte).<\/p>\n<p><strong>&#8220;Gear Noise&#8221;,\u00a0<\/strong>The Ohio State University, Colombus, Ohio,U.S.A., 17-19 Eyl\u00fcl 1986. (D.R. Houser (OSU), R. Singh (OSU) ve D.B. Welbourn(England) ile birlikte).<\/p>\n<p><strong>&#8220;End\u00fcstriyel Titre\u015fim Kontrolu ve Titre\u015fim Analizi&#8221;<\/strong>, Ere\u011fli Demir ve \u00c7elik Fabrikalar\u0131, Ere\u011fli, 4-8 Haziran 1984. (Bir haftal\u0131k kursun t\u00fcm\u00fc).<\/p>\n<p><strong>&#8220;End\u00fcstriyel G\u00fcr\u00fclt\u00fc Kontrolu&#8221;<\/strong>, SEGEM, UNIDO, Ankara, 11-19 Ekim 1982, 12-16 Mart 1984, 26-30 Kas\u0131m 1984, 6-10 May\u0131s 1985. (Bir haftal\u0131k kursun t\u00fcm\u00fc).<\/p>\n","protected":false},"excerpt":{"rendered":"<p>END\u00dcSTR\u0130YE VER\u0130LEN KISA KURSLAR &#8220;Modal Domain Approaches for Nonlinear Identification and Analysis in Industry&#8221;, 8 \u015eubat 2025, Sekiz saatlik e\u011fitimin \u00fc. saati (Matthew S. Allen ve Benjamin Pacini ile birlikte). &#8220;Experimental Substructuring and Transfer Path Analysis for Structural Assemblies&#8221;, CISM, <a class=\"more-link\" href=\"https:\/\/blog.metu.edu.tr\/ozguven\/verilen-kisa-kurslar\/\">Read More &#8230;<\/a><\/p>\n","protected":false},"author":3177,"featured_media":0,"parent":0,"menu_order":0,"comment_status":"closed","ping_status":"closed","template":"","meta":{"footnotes":"","_links_to":"","_links_to_target":""},"class_list":["post-73","page","type-page","status-publish","hentry"],"_links":{"self":[{"href":"https:\/\/blog.metu.edu.tr\/ozguven\/wp-json\/wp\/v2\/pages\/73","targetHints":{"allow":["GET"]}}],"collection":[{"href":"https:\/\/blog.metu.edu.tr\/ozguven\/wp-json\/wp\/v2\/pages"}],"about":[{"href":"https:\/\/blog.metu.edu.tr\/ozguven\/wp-json\/wp\/v2\/types\/page"}],"author":[{"embeddable":true,"href":"https:\/\/blog.metu.edu.tr\/ozguven\/wp-json\/wp\/v2\/users\/3177"}],"replies":[{"embeddable":true,"href":"https:\/\/blog.metu.edu.tr\/ozguven\/wp-json\/wp\/v2\/comments?post=73"}],"version-history":[{"count":0,"href":"https:\/\/blog.metu.edu.tr\/ozguven\/wp-json\/wp\/v2\/pages\/73\/revisions"}],"wp:attachment":[{"href":"https:\/\/blog.metu.edu.tr\/ozguven\/wp-json\/wp\/v2\/media?parent=73"}],"curies":[{"name":"wp","href":"https:\/\/api.w.org\/{rel}","templated":true}]}}