{"id":21,"date":"2016-02-24T09:54:08","date_gmt":"2016-02-24T09:54:08","guid":{"rendered":"http:\/\/blog.metu.edu.tr\/ozguven\/?page_id=21"},"modified":"2025-04-18T07:04:26","modified_gmt":"2025-04-18T07:04:26","slug":"verilen-dersler","status":"publish","type":"page","link":"https:\/\/blog.metu.edu.tr\/ozguven\/verilen-dersler\/","title":{"rendered":"Verilen Dersler"},"content":{"rendered":"<p><img loading=\"lazy\" decoding=\"async\" class=\"\" src=\"https:\/\/blog.metu.edu.tr\/ozguven\/files\/2020\/11\/IMG_0618-1.jpeg\" alt=\"This image has an empty alt attribute; its file name is IMG_0618-1.jpeg\" width=\"310\" height=\"341\" \/><\/p>\n<h4><span style=\"color: #cf3030\"><strong>VER\u0130LEN DERSLER<\/strong><\/span><\/h4>\n<h5 style=\"color: #cf3030\"><strong>ODT\u00dc&#8217;de Verilen Dersler<\/strong><\/h5>\n<p>ME 208 Dynamics<br \/>ME 301 Mechanisms<br \/>ME 302 Dynamics of Machinery<br \/>ME 309 Dynamics of Engineering Systems<br \/>ME 404 Dynamics of Machinery<br \/>ME 429 Mechanical Vibrations<br \/>ME 502 Advanced Dynamics &#8211; Lisans\u00fcst\u00fc Dersi<br \/>ME 512 Advanced Vibrations &#8211; Lisans\u00fcst\u00fc Dersi<br \/>ME 526 Vibration of Continuous Systems with Computational Methods &#8211; Lisans\u00fcst\u00fc Dersi (ME 512&#8217;nin yeniden d\u00fczenlenmi\u015f \u015fekli)<br \/>ME 532 Advanced Machinery Vibrations &#8211; Lisans\u00fcst\u00fc Dersi<\/p>\n<h5 style=\"color: #cf3030\"><strong>Ohio State \u00dcniversitesinde Verilen Dersler<\/strong><\/h5>\n<p>ME 651 Principles of Mechanical Design II<br \/>ME 652 Principles of Mechanical Design III<br \/>ME 850 Dynamics of High Speed Machinery &#8211; Lisans\u00fcst\u00fc Dersi<\/p>\n<h5 style=\"color: #cf3030\"><strong>M\u00fcnih Teknik \u00dcniversitesinde Verilen Ders<\/strong><\/h5>\n<p>Advanced Topics in Structural Dynamics \u2013 Graduate Course<\/p>\n\n\n<p><\/p>\n","protected":false},"excerpt":{"rendered":"<p>VER\u0130LEN DERSLER ODT\u00dc&#8217;de Verilen Dersler ME 208 DynamicsME 301 MechanismsME 302 Dynamics of MachineryME 309 Dynamics of Engineering SystemsME 404 Dynamics of MachineryME 429 Mechanical VibrationsME 502 Advanced Dynamics &#8211; Lisans\u00fcst\u00fc DersiME 512 Advanced Vibrations &#8211; Lisans\u00fcst\u00fc DersiME 526 Vibration <a class=\"more-link\" href=\"https:\/\/blog.metu.edu.tr\/ozguven\/verilen-dersler\/\">Read More &#8230;<\/a><\/p>\n","protected":false},"author":3177,"featured_media":0,"parent":0,"menu_order":0,"comment_status":"closed","ping_status":"closed","template":"","meta":{"footnotes":"","_links_to":"","_links_to_target":""},"class_list":["post-21","page","type-page","status-publish","hentry"],"_links":{"self":[{"href":"https:\/\/blog.metu.edu.tr\/ozguven\/wp-json\/wp\/v2\/pages\/21","targetHints":{"allow":["GET"]}}],"collection":[{"href":"https:\/\/blog.metu.edu.tr\/ozguven\/wp-json\/wp\/v2\/pages"}],"about":[{"href":"https:\/\/blog.metu.edu.tr\/ozguven\/wp-json\/wp\/v2\/types\/page"}],"author":[{"embeddable":true,"href":"https:\/\/blog.metu.edu.tr\/ozguven\/wp-json\/wp\/v2\/users\/3177"}],"replies":[{"embeddable":true,"href":"https:\/\/blog.metu.edu.tr\/ozguven\/wp-json\/wp\/v2\/comments?post=21"}],"version-history":[{"count":0,"href":"https:\/\/blog.metu.edu.tr\/ozguven\/wp-json\/wp\/v2\/pages\/21\/revisions"}],"wp:attachment":[{"href":"https:\/\/blog.metu.edu.tr\/ozguven\/wp-json\/wp\/v2\/media?parent=21"}],"curies":[{"name":"wp","href":"https:\/\/api.w.org\/{rel}","templated":true}]}}