{"id":19,"date":"2016-02-24T09:52:58","date_gmt":"2016-02-24T09:52:58","guid":{"rendered":"http:\/\/blog.metu.edu.tr\/ozguven\/?page_id=19"},"modified":"2020-11-28T12:28:37","modified_gmt":"2020-11-28T12:28:37","slug":"iletisim","status":"publish","type":"page","link":"https:\/\/blog.metu.edu.tr\/ozguven\/iletisim\/","title":{"rendered":"\u0130leti\u015fim"},"content":{"rendered":"<p><span class=\"unnamed31\"><img loading=\"lazy\" decoding=\"async\" class=\"\" src=\"https:\/\/blog.metu.edu.tr\/ozguven\/files\/2020\/11\/IMG_0618-1.jpeg\" alt=\"This image has an empty alt attribute; its file name is IMG_0618-1.jpeg\" width=\"310\" height=\"341\" \/><\/span><\/p>\n<p><span class=\"unnamed31\">Makina M\u00fchendisli\u011fi B\u00f6l\u00fcm\u00fc<\/span>,<br \/>\n<span class=\"unnamed31\">Orta Do\u011fu Teknik \u00dcniversitesi<\/span><br \/>\n06531 Ankara<\/p>\n<p><span style=\"color: #cf3030\"><strong>Tel:<\/strong><\/span>\u00a0(312) 210 2549<\/p>\n<p><span style=\"color: #cf3030\"><strong>E-posta:<\/strong><\/span> <a href=\"mailto:ozguven@metu.edu.tr\">ozguven@metu.edu.tr<\/a><\/p>\n","protected":false},"excerpt":{"rendered":"<p>Makina M\u00fchendisli\u011fi B\u00f6l\u00fcm\u00fc, Orta Do\u011fu Teknik \u00dcniversitesi 06531 Ankara Tel:\u00a0(312) 210 2549 E-posta: ozguven@metu.edu.tr<\/p>\n","protected":false},"author":3177,"featured_media":0,"parent":0,"menu_order":0,"comment_status":"closed","ping_status":"closed","template":"","meta":{"footnotes":"","_links_to":"","_links_to_target":""},"class_list":["post-19","page","type-page","status-publish","hentry"],"_links":{"self":[{"href":"https:\/\/blog.metu.edu.tr\/ozguven\/wp-json\/wp\/v2\/pages\/19","targetHints":{"allow":["GET"]}}],"collection":[{"href":"https:\/\/blog.metu.edu.tr\/ozguven\/wp-json\/wp\/v2\/pages"}],"about":[{"href":"https:\/\/blog.metu.edu.tr\/ozguven\/wp-json\/wp\/v2\/types\/page"}],"author":[{"embeddable":true,"href":"https:\/\/blog.metu.edu.tr\/ozguven\/wp-json\/wp\/v2\/users\/3177"}],"replies":[{"embeddable":true,"href":"https:\/\/blog.metu.edu.tr\/ozguven\/wp-json\/wp\/v2\/comments?post=19"}],"version-history":[{"count":0,"href":"https:\/\/blog.metu.edu.tr\/ozguven\/wp-json\/wp\/v2\/pages\/19\/revisions"}],"wp:attachment":[{"href":"https:\/\/blog.metu.edu.tr\/ozguven\/wp-json\/wp\/v2\/media?parent=19"}],"curies":[{"name":"wp","href":"https:\/\/api.w.org\/{rel}","templated":true}]}}