{"id":17,"date":"2016-02-24T09:51:41","date_gmt":"2016-02-24T09:51:41","guid":{"rendered":"http:\/\/blog.metu.edu.tr\/ozguven\/?page_id=17"},"modified":"2023-01-13T13:20:16","modified_gmt":"2023-01-13T13:20:16","slug":"hosgeldiniz","status":"publish","type":"page","link":"https:\/\/blog.metu.edu.tr\/ozguven\/","title":{"rendered":"Ho\u015fgeldiniz!"},"content":{"rendered":"<p><img loading=\"lazy\" decoding=\"async\" class=\"\" src=\"https:\/\/blog.metu.edu.tr\/ozguven\/files\/2020\/11\/IMG_0618-1.jpeg\" alt=\"This image has an empty alt attribute; its file name is IMG_0618-1.jpeg\" width=\"310\" height=\"341\" \/><\/p>\n<h4><span style=\"color: #cf3030\"><strong>\u00d6\u011eREN\u0130M \u00d6ZGE\u00c7M<span style=\"color: #cf3030\">\u0130\u015e\u0130<\/span><\/strong><\/span><\/h4>\n<p><strong>Doktora<\/strong> The University of Manchester, Manchester, \u0130ngiltere, 1978.<br \/>\n<strong>Y\u00fcksek Lisans<\/strong> Makina M\u00fchendisli\u011fi B\u00f6l\u00fcm\u00fc, ODT\u00dc, 1975.<br \/>\n<strong>Lisans<\/strong> Makina M\u00fchendisli\u011fi B\u00f6l\u00fcm\u00fc, ODT\u00dc, 1973.<br \/>\n<strong>Haz\u0131rl\u0131k<\/strong> Haz\u0131rl\u0131k Okulu, ODT\u00dc, 1969.<br \/>\n<strong>Lise<\/strong> Ankara Atat\u00fcrk Lisesi, 1968.<\/p>\n<h4><span style=\"color: #cf3030\"><strong>AKADEM\u0130K G\u00d6RE<span style=\"color: #cf3030\">V<\/span>LER<\/strong><\/span><\/h4>\n<p><strong>Profes\u00f6r<\/strong> (Yar\u0131 zamanl\u0131)&nbsp;Makina M\u00fchendisli\u011fi B\u00f6l\u00fcm\u00fc, ODT\u00dc, 2018 &#8211; Devam ediyor.<br \/>\n<strong>Ziyaret\u00e7i \u00d6\u011fretim \u00dcyesi <\/strong>Department of Mechanical Engineering, Technical University of Munich, Almanya, Ekim &#8211; Aral\u0131k 2022<strong>.<\/strong><br \/>\n<strong>Profes\u00f6r<\/strong> Makina M\u00fchendisli\u011fi B\u00f6l\u00fcm\u00fc, ODT\u00dc, 1989 &#8211; 2018.<br \/>\n<strong>Ziyaret\u00e7i \u00d6\u011fretim \u00dcyes<\/strong><strong>i<\/strong> Department of Mechanical Engineering, The Ohio State University, Columbus, Ohio, ABD, 1985-1987.<br \/>\n<strong>Do\u00e7ent<\/strong> Makina M\u00fchendisli\u011fi B\u00f6l\u00fcm\u00fc, ODT\u00dc, 1983-1989.<br \/>\n<strong>Doktora Sonras\u0131 Ara\u015ft\u0131rma<\/strong> Department of Mechanical Engineering, Imperial College, Londra, \u0130ngiltere (Temmuz-Eyl\u00fcl 1983).<br \/>\n<strong>Yard\u0131mc\u0131 Do\u00e7ent<\/strong> Makina M\u00fchendisli\u011fi B\u00f6l\u00fcm\u00fc, ODT\u00dc, 1980-1983.<br \/>\n<strong>\u00d6\u011fretim G\u00f6revlisi<\/strong> Makina M\u00fchendisli\u011fi B\u00f6l\u00fcm\u00fc, ODT\u00dc, 1979-1980.<br \/>\n<strong>Asistan<\/strong>&nbsp;Makina M\u00fchendisli\u011fi B\u00f6l\u00fcm\u00fc, ODT\u00dc, 1973-1975.<br \/>\n<strong>\u00d6\u011frenci Asistan<\/strong> Makina M\u00fchendisli\u011fi B\u00f6l\u00fcm\u00fc, ODT\u00dc, 1972-1973.<\/p>\n<h4><span style=\"color: #cf3027\"><strong>\u0130DAR\u0130 G\u00d6REVLER<\/strong><\/span><\/h4>\n<p><strong>Rekt\u00f6r Yard\u0131mc\u0131s\u0131<\/strong><br \/>\nOrta Do\u011fu Teknik \u00dcniversitesi, 2008-2016.<\/p>\n<p><strong>T\u00dcB\u0130TAK Ba\u015fkan Yard\u0131mc\u0131s\u0131<\/strong><br \/>\nT\u00dcB\u0130TAK, 1998-2003.<\/p>\n<p><strong>Rekt\u00f6r Dan\u0131\u015fman\u0131<\/strong><br \/>\nOrta Do\u011fu Teknik \u00dcniversitesi, 1995-1998.<br \/>\n(Teknokent, Ara\u015ft\u0131rmalar Koordinat\u00f6rl\u00fc\u011f\u00fc ve \u00dcniversite-Sanayi \u0130\u015fbirli\u011finden Sorumlu)<\/p>\n<p><strong>Genel M\u00fcd\u00fcr ve Y\u00f6netim Kurulu Ba\u015fkan\u0131<\/strong><br \/>\nT\u00fcrkiye \u00c7imento ve Toprak Sanayii (\u00c7\u0130TOSAN), 1992-1995.<\/p>\n<p><strong>T\u00fcrkiye \u00c7imento Sanayicileri Birli\u011fi Ba\u015fkan\u0131<\/strong><br \/>\nT\u00fcrkiye \u00c7imento Sanayicileri Birli\u011fi &#8211; T\u00fcrk \u00c7imento, 1992-1995.<\/p>\n<p><strong>T\u00dcB\u0130TAK Ba\u015fkan Dan\u0131\u015fman\u0131<\/strong><br \/>\nT\u00dcB\u0130TAK, 1991-1992.<\/p>\n<h4><\/h4>\n","protected":false},"excerpt":{"rendered":"<p>\u00d6\u011eREN\u0130M \u00d6ZGE\u00c7M\u0130\u015e\u0130 Doktora The University of Manchester, Manchester, \u0130ngiltere, 1978. Y\u00fcksek Lisans Makina M\u00fchendisli\u011fi B\u00f6l\u00fcm\u00fc, ODT\u00dc, 1975. Lisans Makina M\u00fchendisli\u011fi B\u00f6l\u00fcm\u00fc, ODT\u00dc, 1973. Haz\u0131rl\u0131k Haz\u0131rl\u0131k Okulu, ODT\u00dc, 1969. Lise Ankara Atat\u00fcrk Lisesi, 1968. AKADEM\u0130K G\u00d6REVLER Profes\u00f6r (Yar\u0131 zamanl\u0131)&nbsp;Makina M\u00fchendisli\u011fi B\u00f6l\u00fcm\u00fc, <a class=\"more-link\" href=\"https:\/\/blog.metu.edu.tr\/ozguven\/\">Read More &#8230;<\/a><\/p>\n","protected":false},"author":918,"featured_media":0,"parent":0,"menu_order":0,"comment_status":"closed","ping_status":"closed","template":"","meta":{"footnotes":"","_links_to":"","_links_to_target":""},"class_list":["post-17","page","type-page","status-publish","hentry"],"_links":{"self":[{"href":"https:\/\/blog.metu.edu.tr\/ozguven\/wp-json\/wp\/v2\/pages\/17","targetHints":{"allow":["GET"]}}],"collection":[{"href":"https:\/\/blog.metu.edu.tr\/ozguven\/wp-json\/wp\/v2\/pages"}],"about":[{"href":"https:\/\/blog.metu.edu.tr\/ozguven\/wp-json\/wp\/v2\/types\/page"}],"author":[{"embeddable":true,"href":"https:\/\/blog.metu.edu.tr\/ozguven\/wp-json\/wp\/v2\/users\/918"}],"replies":[{"embeddable":true,"href":"https:\/\/blog.metu.edu.tr\/ozguven\/wp-json\/wp\/v2\/comments?post=17"}],"version-history":[{"count":0,"href":"https:\/\/blog.metu.edu.tr\/ozguven\/wp-json\/wp\/v2\/pages\/17\/revisions"}],"wp:attachment":[{"href":"https:\/\/blog.metu.edu.tr\/ozguven\/wp-json\/wp\/v2\/media?parent=17"}],"curies":[{"name":"wp","href":"https:\/\/api.w.org\/{rel}","templated":true}]}}