{"id":15,"date":"2016-02-24T09:49:06","date_gmt":"2016-02-24T09:49:06","guid":{"rendered":"http:\/\/blog.metu.edu.tr\/ozguven\/?page_id=15"},"modified":"2024-12-01T11:34:47","modified_gmt":"2024-12-01T11:34:47","slug":"hakkinda","status":"publish","type":"page","link":"https:\/\/blog.metu.edu.tr\/ozguven\/hakkinda\/","title":{"rendered":"Hakk\u0131nda"},"content":{"rendered":"\n<figure class=\"wp-block-image is-resized\"><img decoding=\"async\" src=\"https:\/\/blog.metu.edu.tr\/ozguven\/files\/2020\/11\/IMG_0618-1.jpeg\" alt=\"This image has an empty alt attribute; its file name is IMG_0618-1.jpeg\" style=\"width:311px;height:342px\" \/><\/figure>\n\n\n\n<h4 class=\"wp-block-heading\"><span style=\"color: #cf3027\"><strong>\u00d6D\u00dcL ve BURSLAR<\/strong><\/span><\/h4>\n\n\n\n<ul class=\"wp-block-list\">\n<li>Tez Dan\u0131\u015fman\u0131 \u00d6d\u00fcl\u00fc (TTGV Dr. Ak\u0131n \u00c7akmak\u00e7\u0131 Tez \u00d6d\u00fclleri) (2020, 2010).<\/li>\n\n\n\n<li>Tez Dan\u0131\u015fman\u0131 \u00d6d\u00fcl\u00fc (ODT\u00dc Fen Bilimleri Enstit\u00fcs\u00fc Tez \u00d6d\u00fclleri) (2018, 2014, 2013, 2006, 2001, 1999, 1992).<\/li>\n\n\n\n<li>T\u00dcBA \u00dcniversite Ders Kitaplar\u0131 Telif Eser \u00d6d\u00fcl\u00fc (&#8220;G\u00fcr\u00fclt\u00fc Kontrol\u00fc: End\u00fcstriyel ve \u00c7evresel G\u00fcr\u00fclt\u00fc&#8221; kitab\u0131yla) (2009).<\/li>\n\n\n\n<li>ODT\u00dc Tez Dan\u0131\u015fman\u0131 \u00d6d\u00fcl\u00fc (ODT\u00dc Parlar E\u011fitim ve Ara\u015ft\u0131rma Vakf\u0131) (2006, 2001 ve 1999).<\/li>\n\n\n\n<li>Fellow, American Society of Mechanical Engineers (2003).<\/li>\n\n\n\n<li>ODT\u00dc E\u011fitimde \u00dcst\u00fcn Ba\u015far\u0131 \u00d6d\u00fcl\u00fc (ODT\u00dc Parlar E\u011fititim ve Ara\u015ft\u0131rma Vakf\u0131) (2001).<\/li>\n\n\n\n<li>ODT\u00dc Y\u0131l\u0131n E\u011fitimcisi \u00d6d\u00fcl\u00fc (ODT\u00dc Parlar E\u011fitim ve Ara\u015ft\u0131rma Vakf\u0131) (2000 ve 1999).<\/li>\n\n\n\n<li>NASA &#8220;Certificate of Recognition&#8221; (1993).<\/li>\n\n\n\n<li>T\u00dcB\u0130TAK Te\u015fvik \u00d6d\u00fcl\u00fc (1985).<\/li>\n\n\n\n<li>Fulbright Doktora Sonras\u0131 Ara\u015ft\u0131rma Bursu (1985-1986).<\/li>\n\n\n\n<li>NATO Yurt D\u0131\u015f\u0131 Doktora Sonras\u0131 Bilimsel Ara\u015ft\u0131rma Bursu (1983).<\/li>\n\n\n\n<li>Milli E\u011fitim Bakanl\u0131\u011f\u0131 Yurt D\u0131\u015f\u0131 Doktora Bursu (1975-1978).<\/li>\n\n\n\n<li>CENTO Bursu (1970-1975).<\/li>\n\n\n\n<li>\u00dcniversiteleraras\u0131 Merkezi Se\u00e7me S\u0131nav\u0131 T\u00fcrkiye Birincili\u011fi (1968).<\/li>\n\n\n\n<li>Ankara Atat\u00fcrk Lisesi Okul Birincili\u011fi (1968).<\/li>\n<\/ul>\n\n\n\n<h4 class=\"wp-block-heading\"><span style=\"color: #cf3027\"><strong>\u00dcYEL\u0130KLER<\/strong><\/span><\/h4>\n\n\n\n<ul class=\"wp-block-list\">\n<li>Bilim Akademisi (2023)<\/li>\n\n\n\n<li>American Society of Mechanical Engineers (ASME) Member (1980) &#8211; Fellow (2003)<\/li>\n\n\n\n<li>Society of Experimental Mechanics \u2013 Memeber (2002)<\/li>\n\n\n\n<li>Institution of Diagnostic Engineers &#8211; Founder Fellow (F. I. Diag. E.) (1984-1988)<\/li>\n\n\n\n<li>Makina M\u00fchendisleri Odas\u0131 (MMO) (1973)<\/li>\n\n\n\n<li>Makina Tasar\u0131m ve \u0130malat Derne\u011fi (MAT\u0130M) (1986)<\/li>\n\n\n\n<li>Fulbright Derne\u011fi (1992)<\/li>\n\n\n\n<li>Bilim ve Teknoloji Politikalar\u0131 Derne\u011fi (1995)<\/li>\n<\/ul>\n\n\n\n<h4 class=\"wp-block-heading\"><span style=\"color: #cf3027\"><strong>YURTDI\u015eI HAKEML\u0130KLER<\/strong><\/span><\/h4>\n\n\n\n<ul class=\"wp-block-list\">\n<li>Mechanical Systems and Signal Processing<\/li>\n\n\n\n<li>International Journal of Machine Tools and Manufacture<\/li>\n\n\n\n<li>Journal of Sound and Vibration<\/li>\n\n\n\n<li>Journal of Structural Dynamics<\/li>\n\n\n\n<li>Transactions of ASME Journal of Applied Mechanics<\/li>\n\n\n\n<li>Transactions of ASME Journal of Vibration Acoustics, Stress and Reliability in Design<\/li>\n\n\n\n<li>Transactions of ASME Journal of Vibration and Acoustics<\/li>\n\n\n\n<li>Transactions of ASME Journal of Mechanical Design<\/li>\n\n\n\n<li>CIRP<\/li>\n\n\n\n<li>Sound and Vibration<\/li>\n\n\n\n<li>Journal of Vibration and Control<\/li>\n\n\n\n<li>Journal of Multi Body Dynamics<\/li>\n\n\n\n<li>Mechanics Based Design of Structures and Machines<\/li>\n\n\n\n<li>National Science Foundation (NSF), ABD, Proje \u00d6nerileri<\/li>\n\n\n\n<li>European Science Foundation (ESF), Bilimsel Program ve Network \u00d6nerileri<\/li>\n<\/ul>\n\n\n\n<h4 class=\"wp-block-heading\"><span style=\"color: #cf3027\"><strong>K\u0130\u015e\u0130SEL B\u0130LG\u0130LER<\/strong><\/span><\/h4>\n\n\n\n<p>Evli (<a href=\"\/ozguven\/?page_id=59\" target=\"_blank\" rel=\"noopener noreferrer\">\u015e\u00fckran<\/a>) ve bir k\u0131z \u00e7ocu\u011fu (<a href=\"\/ozguven\/?page_id=61\" target=\"_blank\" rel=\"noopener noreferrer\">Nevran<\/a>) babas\u0131.<\/p>\n\n\n\n<p><span style=\"color: #cf3027\"><strong>ResearchGate<\/strong><\/span>:<a href=\"https:\/\/www.researchgate.net\/profile\/H_Oezgueven\" target=\"_blank\" rel=\"noopener noreferrer\">&nbsp;https:\/\/www.researchgate.net\/profile\/H_Oezgueven<\/a><\/p>\n\n\n\n<p><span style=\"color: #cf301a\"><span style=\"color: #cf3127\"><strong>Mendeley<\/strong><\/span><span style=\"color: #404040;font-size: 1.5rem\">:&nbsp;<a href=\"https:\/\/www.mendeley.com\/profiles\/h-nevzat-ozguven\/stats\/?viewAsOther=true\">https:\/\/www.mendeley.com\/profiles\/h-nevzat-ozguven\/stats\/?viewAsOther=true<\/a><\/span><\/span><\/p>\n\n\n\n<p><span style=\"color: #cf301a\"><strong>Orchid ID<\/strong><\/span><b>:&nbsp;<\/b>orcid.org\/0000-0002-2876-3363<\/p>\n","protected":false},"excerpt":{"rendered":"<p>\u00d6D\u00dcL ve BURSLAR \u00dcYEL\u0130KLER YURTDI\u015eI HAKEML\u0130KLER K\u0130\u015e\u0130SEL B\u0130LG\u0130LER Evli (\u015e\u00fckran) ve bir k\u0131z \u00e7ocu\u011fu (Nevran) babas\u0131. ResearchGate:&nbsp;https:\/\/www.researchgate.net\/profile\/H_Oezgueven Mendeley:&nbsp;https:\/\/www.mendeley.com\/profiles\/h-nevzat-ozguven\/stats\/?viewAsOther=true Orchid ID:&nbsp;orcid.org\/0000-0002-2876-3363<\/p>\n","protected":false},"author":3177,"featured_media":225,"parent":0,"menu_order":0,"comment_status":"closed","ping_status":"closed","template":"","meta":{"footnotes":"","_links_to":"","_links_to_target":""},"class_list":["post-15","page","type-page","status-publish","has-post-thumbnail","hentry"],"_links":{"self":[{"href":"https:\/\/blog.metu.edu.tr\/ozguven\/wp-json\/wp\/v2\/pages\/15","targetHints":{"allow":["GET"]}}],"collection":[{"href":"https:\/\/blog.metu.edu.tr\/ozguven\/wp-json\/wp\/v2\/pages"}],"about":[{"href":"https:\/\/blog.metu.edu.tr\/ozguven\/wp-json\/wp\/v2\/types\/page"}],"author":[{"embeddable":true,"href":"https:\/\/blog.metu.edu.tr\/ozguven\/wp-json\/wp\/v2\/users\/3177"}],"replies":[{"embeddable":true,"href":"https:\/\/blog.metu.edu.tr\/ozguven\/wp-json\/wp\/v2\/comments?post=15"}],"version-history":[{"count":0,"href":"https:\/\/blog.metu.edu.tr\/ozguven\/wp-json\/wp\/v2\/pages\/15\/revisions"}],"wp:featuredmedia":[{"embeddable":true,"href":"https:\/\/blog.metu.edu.tr\/ozguven\/wp-json\/wp\/v2\/media\/225"}],"wp:attachment":[{"href":"https:\/\/blog.metu.edu.tr\/ozguven\/wp-json\/wp\/v2\/media?parent=15"}],"curies":[{"name":"wp","href":"https:\/\/api.w.org\/{rel}","templated":true}]}}