{"id":11,"date":"2016-02-24T09:46:46","date_gmt":"2016-02-24T09:46:46","guid":{"rendered":"http:\/\/blog.metu.edu.tr\/ozguven\/?page_id=11"},"modified":"2020-11-28T12:21:02","modified_gmt":"2020-11-28T12:21:02","slug":"diger-idari-gorevler","status":"publish","type":"page","link":"https:\/\/blog.metu.edu.tr\/ozguven\/diger-idari-gorevler\/","title":{"rendered":"Di\u011fer \u0130dari G\u00f6revler"},"content":{"rendered":"<p><img loading=\"lazy\" decoding=\"async\" class=\"\" src=\"https:\/\/blog.metu.edu.tr\/ozguven\/files\/2020\/11\/IMG_0618-1.jpeg\" alt=\"This image has an empty alt attribute; its file name is IMG_0618-1.jpeg\" width=\"310\" height=\"341\" \/><\/p>\n<h4><span style=\"color: #cf3030\"><strong>D\u0130\u011eER \u0130DAR\u0130 G\u00d6REVLER, KOM\u0130TE VE Y\u00d6NET\u0130M KURULU \u00dcYEL\u0130KLER\u0130<\/strong><\/span><\/h4>\n<h5><span style=\"color: #cf3030\"><strong>Uluslararas\u0131 Komite ve Y\u00f6netim Kurulu \u00dcyelikleri<\/strong><\/span><\/h5>\n<ul>\n<li>EUREKA- T\u00fcrkiye Ulusal Proje Koordinat\u00f6r\u00fc, 2001 &#8211; 2004.<\/li>\n<li>Avrupa Bilim Vakf\u0131 (ESF), PESC Komitesi \u00dcyesi, 1998 &#8211; 2000.<\/li>\n<li>OECD Global Science Forum (Eski &#8220;Mega Science Forum&#8221;) \u00dcyesi (T\u00fcrkiye temsilcisi),1998 &#8211; 2000.<\/li>\n<li>Avrupa \u00c7imento \u00dcreticileri Birli\u011fi (CEMBUREAU) Y\u00f6netim Kurulu \u00dcyesi, 1992 &#8211; 1995.<\/li>\n<\/ul>\n<h5><span style=\"color: #cf3030\"><strong>Y\u00f6netim Kurulu \u00dcyelikleri<\/strong><\/span><\/h5>\n<ul>\n<li>ODT\u00dc Kuzey K\u0131br\u0131s Kamp\u00fcs\u00fc Y\u00f6netim Kurulu, 2008 &#8211; 2016.<\/li>\n<li>ODT\u00dc M\u00fchendislik Fak\u00fcltesi Y\u00f6netim Kurulu, 2007- 2008<\/li>\n<li>Bilimsel ve Teknik Ara\u015ft\u0131rma Vakf\u0131 (B\u0130TAV), Kurucu \u00dcye ve Y\u00f6netim Kurulu \u00dcyesi, 1995 &#8211; 2006.<\/li>\n<li>T\u00dcB\u0130TAK Savunma Sanayi Ara\u015ft\u0131rma Geli\u015ftirme Enstit\u00fcs\u00fc (SAGE), 1998 &#8211; 2003.<\/li>\n<li>T\u00dcB\u0130TAK Bilgi Teknolojileri ve Elektronik Ara\u015ft\u0131rma Enstit\u00fcs\u00fc (B\u0130LTEN),1998 &#8211; 2003.<\/li>\n<li>Temiz Enerji Vakf\u0131, 1999-2002.<\/li>\n<li>T\u00dcB\u0130TAK Ulusal Akademik A\u011f ve Bilgi Merkezi (ULAKB\u0130M), 1999 &#8211; 2000.<\/li>\n<li>T\u00dcB\u0130TAK Ulusal Metroloji Enstit\u00fcs\u00fc (UME), 1999 &#8211; 2000.<\/li>\n<li>Orta Do\u011fu Yaz\u0131l\u0131m A.\u015e., Y\u00f6netim Kurulu Ba\u015fkan\u0131, 1995 &#8211; 1998.<\/li>\n<li>ODT\u00dc S\u00fcrekli E\u011fitim Merkezi, 1991-1994 (Y\u00f6netim Kurulu Ba\u015fkan\u0131, 1990 &#8211; 1991).<\/li>\n<li>ODT\u00dc Makina Tasar\u0131m ve \u0130malat Ara\u015ft\u0131rma Merkezi, 1982 &#8211; 1983.<\/li>\n<\/ul>\n<h5><span style=\"color: #cf3030\"><strong>Di\u011fer \u0130dari G\u00f6revler ve Kurul \u00dcyelikleri<\/strong><\/span><\/h5>\n<ul>\n<li>\u00dcniversiteleraras\u0131 Kurul Do\u00e7entlik Komisyonu \u00dcyesi, 2015 &#8211; 2016.<\/li>\n<li>ODT\u00dc Bolonya E\u015fg\u00fcd\u00fcm Kurulu Ba\u015fkan\u0131, 2009 &#8211; 2016.<\/li>\n<li>\u00dcniversiteleraras\u0131 Kurul \u00dcyesi, 2008 &#8211; 2016.<\/li>\n<li>ODT\u00dc Senato \u00dcyesi, 2008 &#8211; 2016.<\/li>\n<li>Dayan\u0131kl\u0131 T\u00fcketim Mallar\u0131 Sekt\u00f6r Meclisi Akademik Dan\u0131\u015fman\u0131, TOBB, 2007 &#8211; 2008.<\/li>\n<li>\u00dcniversiteleraras\u0131 Kurul M\u00fchendislik Temel Alan Dan\u0131\u015fma Komisyonu \u00dcyesi, 2006 &#8211; 2008.<\/li>\n<li>Elginkan Vakf\u0131 Teknoloji \u00d6d\u00fclleri J\u00fcrisi \u00dcyesi, 2006 &#8211; 2007.<\/li>\n<li>Parlar Vakf\u0131 \u00d6d\u00fcl J\u00fcrisi \u00dcyesi, 1992 -1998 ve 2006 &#8211; 2007.<\/li>\n<li>T\u00dcB\u0130TAK-TTGV-T\u00dcS\u0130AD Teknoloji \u00d6d\u00fclleri ve Teknoloji Kongresi Y\u00fcr\u00fctme Kurulu, 2000 &#8211; 2003. (Ba\u015fkan, 2000 &#8211; 2002).<\/li>\n<li>Bilim ve Teknoloji Y\u00fcksek Kurulu (BTYK) \u00dcyesi, 1998 &#8211; 2000.<\/li>\n<li>Orta Anadolu \u0130hracat\u00e7\u0131 Birlikleri Ba\u015fkan\u0131, 1992 &#8211; 1995.<\/li>\n<li>T\u00fcrkiye \u00c7imento ve Toprak \u00dcr\u00fcnleri \u0130hracat\u00e7\u0131lar\u0131 Birli\u011fi Ba\u015fkan\u0131, 1992 &#8211; 1995.<\/li>\n<li>T\u00fcrkiye \u0130hracat\u00e7\u0131lar Meclisi \u00dcyesi, 1992 &#8211; 1995.<\/li>\n<li>Makina, Kimyasal Teknolojiler, Malzeme ve \u0130malat Sistemleri Ara\u015ft\u0131rma Grubu (M\u0130SAG) Y\u00fcr\u00fctme Komitesi \u00dcyesi, T\u00dcB\u0130TAK, 1991 &#8211; 1998.<\/li>\n<li>Kitap Yay\u0131n Komisyonu \u00dcyesi, Makina M\u00fchendisleri Odas\u0131, Ankara, 1974 &#8211; 1975.<\/li>\n<\/ul>\n<h5><span style=\"color: #cf3030\"><strong>ODT\u00dc&#8217;deki Komite \u00dcyelikleri<\/strong><\/span><\/h5>\n<ul>\n<li>\u0130nsan Kaynaklar\u0131 Komitesi \u00dcyesi, Makina M\u00fchendisli\u011fi B\u00f6l\u00fcm\u00fc, ODT\u00dc, 2005 &#8211; 2008.<\/li>\n<li>Y\u00fcksek Lisans Komitesi \u00dcyesi, Makina M\u00fchendisli\u011fi B\u00f6l\u00fcm\u00fc, ODT\u00dc, 2004 &#8211; 2008.<\/li>\n<li>Doktora Komitesi \u00dcyesi, Makina M\u00fchendisli\u011fi B\u00f6l\u00fcm\u00fc, ODT\u00dc, 1987 &#8211; 2001 (Koordinat\u00f6r, 1987 &#8211; 1992).<\/li>\n<li>\u0130cra kurulu \u00dcyesi, ODT\u00dc-KOSGEB Teknoloji Geli\u015ftirme Merkezi, ODT\u00dc, 1996 &#8211; 1998.<\/li>\n<li>ODT\u00dc-Teknokent Y\u00fcr\u00fctme Kurulu Koordinat\u00f6r\u00fc, 1995 &#8211; 1998.<\/li>\n<li>Lisans Komitesi \u00dcyesi, Makina M\u00fchendisli\u011fi B\u00f6l\u00fcm\u00fc, ODT\u00dc, 1979 &#8211; 1985 (Koordinat\u00f6r,1982 &#8211; 1985).<\/li>\n<\/ul>\n<h5><span style=\"color: #cf3030\"><strong>Bilimsel\/Program Komite \u00dcyelikleri<\/strong><\/span><\/h5>\n<ul>\n<li>Bilimsel Komite \u00dcyesi, 11th International Conference on Vibrations in Rotating Machinery, 13-15 Eyl\u00fcl 2016, Manchester, \u0130ngiltere.<\/li>\n<li>Bilimsel Komite \u00dcyesi, 9th International Conference on Vibrations in Rotating Machinery, 8-10 Eyl\u00fcl 2008, Exeter, \u0130ngiltere.<\/li>\n<li>&#8220;Gear Dynamics and Noise&#8221; \u00fczerine davetli olarak \u00f6zel oturum organizasyonu, Inter-noise2008, The 37th International Congress and Exhibition on Noise Control Engineering, Shangai, \u00c7in, 26-29 Ekim 2008.<\/li>\n<li>D\u00fczenleme Kurulu \u00dcyesi, Internoise 2007 (The 36th International Congress and Exhibition on Noise Control Engineering), \u0130stanbul 2006 &#8211; 2007.<\/li>\n<li>IASP-International Association of Science Parks, 1999 Bilim ve Teknoloji Parklar\u0131 Konferans\u0131, 1997 &#8211; 1999.<\/li>\n<li>Birinci Sanayi Y\u00fcksek Konseyi D\u00fczenleme Kurulu \u00dcyesi, T.C. Sanayi Bakanl\u0131\u011f\u0131,Abant, 1993.<\/li>\n<li>Program Komite \u00dcyesi, European Joint Conference on Engineering Systems Designand Analysis, ASME Konferans\u0131, \u0130stanbul, 1991 &#8211; 1992.<\/li>\n<li>D\u00fczenleme Kurulu \u00dcyesi, Birinci Ulusal Makina Tasar\u0131m ve \u0130malat Kongresi, MAT\u0130MAREN, ODT\u00dc, Ankara, 1983 &#8211; 1984.<\/li>\n<li>D\u00fczenleme Kurulu \u00dcyesi, T\u00dcB\u0130TAK Birinci Ulusal Makina Teorisi Sempozyumu, ODT\u00dc, Ankara, 1983 &#8211; 1984.<\/li>\n<\/ul>\n","protected":false},"excerpt":{"rendered":"<p>D\u0130\u011eER \u0130DAR\u0130 G\u00d6REVLER, KOM\u0130TE VE Y\u00d6NET\u0130M KURULU \u00dcYEL\u0130KLER\u0130 Uluslararas\u0131 Komite ve Y\u00f6netim Kurulu \u00dcyelikleri EUREKA- T\u00fcrkiye Ulusal Proje Koordinat\u00f6r\u00fc, 2001 &#8211; 2004. Avrupa Bilim Vakf\u0131 (ESF), PESC Komitesi \u00dcyesi, 1998 &#8211; 2000. OECD Global Science Forum (Eski &#8220;Mega Science Forum&#8221;) <a class=\"more-link\" href=\"https:\/\/blog.metu.edu.tr\/ozguven\/diger-idari-gorevler\/\">Read More &#8230;<\/a><\/p>\n","protected":false},"author":3177,"featured_media":0,"parent":0,"menu_order":0,"comment_status":"closed","ping_status":"closed","template":"","meta":{"footnotes":"","_links_to":"","_links_to_target":""},"class_list":["post-11","page","type-page","status-publish","hentry"],"_links":{"self":[{"href":"https:\/\/blog.metu.edu.tr\/ozguven\/wp-json\/wp\/v2\/pages\/11","targetHints":{"allow":["GET"]}}],"collection":[{"href":"https:\/\/blog.metu.edu.tr\/ozguven\/wp-json\/wp\/v2\/pages"}],"about":[{"href":"https:\/\/blog.metu.edu.tr\/ozguven\/wp-json\/wp\/v2\/types\/page"}],"author":[{"embeddable":true,"href":"https:\/\/blog.metu.edu.tr\/ozguven\/wp-json\/wp\/v2\/users\/3177"}],"replies":[{"embeddable":true,"href":"https:\/\/blog.metu.edu.tr\/ozguven\/wp-json\/wp\/v2\/comments?post=11"}],"version-history":[{"count":0,"href":"https:\/\/blog.metu.edu.tr\/ozguven\/wp-json\/wp\/v2\/pages\/11\/revisions"}],"wp:attachment":[{"href":"https:\/\/blog.metu.edu.tr\/ozguven\/wp-json\/wp\/v2\/media?parent=11"}],"curies":[{"name":"wp","href":"https:\/\/api.w.org\/{rel}","templated":true}]}}