{"id":74,"date":"2016-02-25T11:29:23","date_gmt":"2016-02-25T11:29:23","guid":{"rendered":"http:\/\/blog.metu.edu.tr\/ozguven\/?page_id=74"},"modified":"2025-04-24T09:32:21","modified_gmt":"2025-04-24T09:32:21","slug":"short-courses-given-to-industry","status":"publish","type":"page","link":"https:\/\/blog.metu.edu.tr\/ozguven\/en\/short-courses-given-to-industry\/","title":{"rendered":"Short Courses"},"content":{"rendered":"<p><img loading=\"lazy\" decoding=\"async\" class=\"\" src=\"https:\/\/blog.metu.edu.tr\/ozguven\/files\/2020\/11\/IMG_0618-1.jpeg\" alt=\"This image has an empty alt attribute; its file name is IMG_0618-1.jpeg\" width=\"310\" height=\"341\" \/><\/p>\n<h4><span style=\"color: #cf3030\"><strong>SHORT COURSES GIVEN TO INDUSTRY<\/strong><\/span><\/h4>\n<p><b>Modal Domain Approaches for Nonlinear Identification and Analysis in Industry,<\/b><span style=\"font-weight: 400\"> February 8, 2025 (Eight hours course with Matthew S. Allen and Benjamin Pacini).<\/span><\/p>\n<p><b>Experimental Substructuring and Transfer Path Analysis for Structural Assemblies<\/b><span style=\"font-weight: 400\">, CISM, Udine, Italy, May 13-17, 2024 (Five days course with Daniel Rixen, Matt Allen, Gregor \u010cepon, Joshua W. R. Meggitt and Maarten van der Seijs).<\/span><\/p>\n<p><span style=\"font-weight: 400\"><strong>&#8220;Advanced Topics in Structural Dynamics&#8221;<\/strong>, ROKETSAN, December 17-20, 2024.<\/span><\/p>\n<p><strong>Certificate Program on Building Acoustics<\/strong>, Turkish Acoustical Society, \u0130stanbul, Four times in 2018, 2019, 2022 and 2024 (12 hours of a 72 hours course).<\/p>\n<p><strong>&#8220;Basics of Mechanical Vibrations\u201d, <\/strong>ROKETSAN, March 6-8, 2024.<\/p>\n<p><strong>Modal Analysis, Modal Testing and Signal Processing<\/strong>, METU Continuing Education Center, Ankara, January 24-27, 2017, April 3-6, 2013 and April 11-14, 2012 (Four days course with Prof. Dr. M. \u00c7al\u0131\u015fkan and Assist. Prof. Dr. Melin \u015eahin).<\/p>\n<p><strong>Certificate Program on Engineering Acoustics<\/strong>, METU Continuing Education Center, Ankara, Several times since 2009 (Four days course with Prof. Dr. M. \u00c7al\u0131\u015fkan).<\/p>\n<p><strong>Assessment and Management of Environmental Noise<\/strong>, METU Continuing Education Center, Ankara, Several times between 2005 and 2009 (One week course with Prof. Dr. M. \u00c7al\u0131\u015fkan, Z. Gemici and R. Erim).<\/p>\n<p><strong>Modal Testing and Modal Analysis<\/strong>, METU Continuing Education Center, Ankara, 2-4 June 2004, (3 days course with M. \u0130mreg\u00fcn, Imperial College, London and K. Y. \u015eanl\u0131t\u00fcrk, Istanbul Technical University, Istanbul).<\/p>\n<p><strong>Industrial Noise Control<\/strong>, \u0130YEM, Gebze, Several times between 2000 and 2003, (2 days course).<\/p>\n<p><strong>Rotating Machinery Vibrations &#8211; Machinery Diagnostics, Predictive Maintenance &amp; Balancing<\/strong>, METU, Ankara, June 25-29, 1990, July 1-5, 1991, (One week course with Prof. Dr. G. Aksu).<\/p>\n<p><strong>Machine Health Monitoring and Fault Diagnosis by Vibration Measurements &#8211; Advanced Course<\/strong>, ALPET-PETK\u0130M (Alia\u011fa Petrochemical Ind. Inc.), \u0130zmir, June 19-21, 1989.<\/p>\n<p><strong>Machinery Vibrations and Use of Vibration Measurements in Predictive Maintenance, Machine Health Monitoring and Fault Diagnosis<\/strong>, ALPET-PETK\u0130M (Alia\u011fa Petrochemical Ind. Inc.), \u0130zmir, March 20-24, 1989 (3 day course).<\/p>\n<p><strong>Vibration Analysis and Control in Machinery<\/strong>, Industrial Training and Development Center, UNIDO, Ankara, January 23-27, 1989 (One week course with S. Nielsen from Br\u00fcel and Kjaer, Denmark).<\/p>\n<p><strong>Industrial Noise Control and Applications<\/strong>, METU Technopolis, Ankara, April 11-14, 1988, (One week course with M. \u00c7al\u0131\u015fkan, METU)<\/p>\n<p><strong>Gear Noise<\/strong>, The Ohio State University, Columbus, Ohio, September 17-19, 1986 (Contribution-1 hour lecture).<\/p>\n<p><strong>Industrial Vibration Control and Vibration Analysis<\/strong>, Ere\u011fli Iron and Steel Factories, Ere\u011fli, June 4-8, 1984, (One week course).<\/p>\n<p><strong>Industrial Noise Control<\/strong>, Industrial Training and Development Center, UNIDO, Ankara, Several times between 1982 and 1985, (One week course).<\/p>\n","protected":false},"excerpt":{"rendered":"<p>SHORT COURSES GIVEN TO INDUSTRY Modal Domain Approaches for Nonlinear Identification and Analysis in Industry, February 8, 2025 (Eight hours course with Matthew S. Allen and Benjamin Pacini). Experimental Substructuring and Transfer Path Analysis for Structural Assemblies, CISM, Udine, Italy, <a class=\"more-link\" href=\"https:\/\/blog.metu.edu.tr\/ozguven\/en\/short-courses-given-to-industry\/\">Read More &#8230;<\/a><\/p>\n","protected":false},"author":3177,"featured_media":264,"parent":0,"menu_order":0,"comment_status":"closed","ping_status":"closed","template":"","meta":{"footnotes":"","_links_to":"","_links_to_target":""},"class_list":["post-74","page","type-page","status-publish","has-post-thumbnail","hentry"],"_links":{"self":[{"href":"https:\/\/blog.metu.edu.tr\/ozguven\/en\/wp-json\/wp\/v2\/pages\/74","targetHints":{"allow":["GET"]}}],"collection":[{"href":"https:\/\/blog.metu.edu.tr\/ozguven\/en\/wp-json\/wp\/v2\/pages"}],"about":[{"href":"https:\/\/blog.metu.edu.tr\/ozguven\/en\/wp-json\/wp\/v2\/types\/page"}],"author":[{"embeddable":true,"href":"https:\/\/blog.metu.edu.tr\/ozguven\/en\/wp-json\/wp\/v2\/users\/3177"}],"replies":[{"embeddable":true,"href":"https:\/\/blog.metu.edu.tr\/ozguven\/en\/wp-json\/wp\/v2\/comments?post=74"}],"version-history":[{"count":0,"href":"https:\/\/blog.metu.edu.tr\/ozguven\/en\/wp-json\/wp\/v2\/pages\/74\/revisions"}],"wp:featuredmedia":[{"embeddable":true,"href":"https:\/\/blog.metu.edu.tr\/ozguven\/en\/wp-json\/wp\/v2\/media\/264"}],"wp:attachment":[{"href":"https:\/\/blog.metu.edu.tr\/ozguven\/en\/wp-json\/wp\/v2\/media?parent=74"}],"curies":[{"name":"wp","href":"https:\/\/api.w.org\/{rel}","templated":true}]}}