{"id":63,"date":"2016-02-24T20:13:13","date_gmt":"2016-02-24T20:13:13","guid":{"rendered":"http:\/\/blog.metu.edu.tr\/ozguven\/?page_id=63"},"modified":"2016-03-10T19:26:36","modified_gmt":"2016-03-10T19:26:36","slug":"sukran-ozguven","status":"publish","type":"page","link":"https:\/\/blog.metu.edu.tr\/ozguven\/en\/sukran-ozguven\/","title":{"rendered":"\u015e\u00fckran \u00d6zg\u00fcven"},"content":{"rendered":"<p><a href=\"https:\/\/blog.metu.edu.tr\/ozguven\/files\/2016\/02\/Sukran_3R-1.jpg\" rel=\"attachment wp-att-102\"><img loading=\"lazy\" decoding=\"async\" class=\"alignnone size-medium wp-image-102\" src=\"https:\/\/blog.metu.edu.tr\/ozguven\/files\/2016\/02\/Sukran_3R-1-300x274.jpg\" alt=\"Sukran_3R\" width=\"300\" height=\"274\" srcset=\"https:\/\/blog.metu.edu.tr\/ozguven\/files\/2016\/02\/Sukran_3R-1-300x274.jpg 300w, https:\/\/blog.metu.edu.tr\/ozguven\/files\/2016\/02\/Sukran_3R-1.jpg 962w\" sizes=\"auto, (max-width: 300px) 100vw, 300px\" \/><\/a><a href=\"https:\/\/blog.metu.edu.tr\/ozguven\/files\/2016\/02\/SukranNevzat.png\" rel=\"attachment wp-att-103\"><img loading=\"lazy\" decoding=\"async\" class=\"alignnone size-medium wp-image-103\" src=\"https:\/\/blog.metu.edu.tr\/ozguven\/files\/2016\/02\/SukranNevzat-300x275.png\" alt=\"Sukran&amp;Nevzat\" width=\"300\" height=\"275\" srcset=\"https:\/\/blog.metu.edu.tr\/ozguven\/files\/2016\/02\/SukranNevzat-300x275.png 300w, https:\/\/blog.metu.edu.tr\/ozguven\/files\/2016\/02\/SukranNevzat.png 998w\" sizes=\"auto, (max-width: 300px) 100vw, 300px\" \/><\/a><a href=\"https:\/\/blog.metu.edu.tr\/ozguven\/files\/2016\/02\/Sukran_portre.jpg\" rel=\"attachment wp-att-60\"><br \/>\n<\/a><\/p>\n<p style=\"padding-left: 80px\"><span style=\"color: #cf3030\"><strong>\u015e\u00fckran \u00d6zg\u00fcven<\/strong><\/span><\/p>\n<p style=\"padding-left: 80px\"><strong><span style=\"color: #cf3030\">E-mail:<\/span><\/strong> sukranozguven@gmail.com<\/p>\n","protected":false},"excerpt":{"rendered":"<p>\u015e\u00fckran \u00d6zg\u00fcven E-mail: sukranozguven@gmail.com<\/p>\n","protected":false},"author":3177,"featured_media":0,"parent":0,"menu_order":0,"comment_status":"closed","ping_status":"closed","template":"","meta":{"footnotes":"","_links_to":"","_links_to_target":""},"class_list":["post-63","page","type-page","status-publish","hentry"],"_links":{"self":[{"href":"https:\/\/blog.metu.edu.tr\/ozguven\/en\/wp-json\/wp\/v2\/pages\/63","targetHints":{"allow":["GET"]}}],"collection":[{"href":"https:\/\/blog.metu.edu.tr\/ozguven\/en\/wp-json\/wp\/v2\/pages"}],"about":[{"href":"https:\/\/blog.metu.edu.tr\/ozguven\/en\/wp-json\/wp\/v2\/types\/page"}],"author":[{"embeddable":true,"href":"https:\/\/blog.metu.edu.tr\/ozguven\/en\/wp-json\/wp\/v2\/users\/3177"}],"replies":[{"embeddable":true,"href":"https:\/\/blog.metu.edu.tr\/ozguven\/en\/wp-json\/wp\/v2\/comments?post=63"}],"version-history":[{"count":0,"href":"https:\/\/blog.metu.edu.tr\/ozguven\/en\/wp-json\/wp\/v2\/pages\/63\/revisions"}],"wp:attachment":[{"href":"https:\/\/blog.metu.edu.tr\/ozguven\/en\/wp-json\/wp\/v2\/media?parent=63"}],"curies":[{"name":"wp","href":"https:\/\/api.w.org\/{rel}","templated":true}]}}