{"id":26,"date":"2016-02-24T10:03:23","date_gmt":"2016-02-24T10:03:23","guid":{"rendered":"http:\/\/blog.metu.edu.tr\/ozguven\/?page_id=26"},"modified":"2026-02-21T15:03:01","modified_gmt":"2026-02-21T15:03:01","slug":"theses-supervised","status":"publish","type":"page","link":"https:\/\/blog.metu.edu.tr\/ozguven\/en\/theses-supervised\/","title":{"rendered":"Theses Supervised"},"content":{"rendered":"<p><img loading=\"lazy\" decoding=\"async\" class=\"\" src=\"https:\/\/blog.metu.edu.tr\/ozguven\/files\/2020\/11\/IMG_0618-1.jpeg\" alt=\"This image has an empty alt attribute; its file name is IMG_0618-1.jpeg\" width=\"310\" height=\"341\" \/><\/p>\n<h4><span style=\"color: #cf3030\"><strong>THESES SUPERVISED<\/strong><\/span><\/h4>\n<h5><span style=\"color: #cf3000\"><strong>ONGOING<\/strong><\/span><\/h5>\n<p>Camc\u0131, M. S., <strong>\u201c<\/strong><b>Nonlinear Sub-structuring and Identification Using Quasi-linearization<\/b><strong>\u201d <\/strong>(Started in September 2021 &#8211; Co-Supervision with \u00a0Prof. Dr. B. \u00d6zer).<\/p>\n<h5><span style=\"color: #cf3000\"><strong>COMPLETED<\/strong><\/span><\/h5>\n<p>\u00c7elik, F. K., \u201c<b>Decoupling of Nonlinear Substructures using Quasi-Linear Frequency Response Functions<\/b>\u201d, (Co-Supervision with Assoc. Prof. Dr. B. \u00d6zer), August 2025.<\/p>\n<p>G\u00fcrb\u00fcz, M. Fatih, \u201c<b>A Novel Nonlinear System Identification Method: FCT-HFS Framework<\/b>\u201d, (Co-Supervision with Assoc. Prof. Dr. B. \u00d6zer), July 2024.<\/p>\n<p>Ekinci, E. C.,\u00a0\u201c<strong>Structural Modification of Nonlinear Systems Using Modal Model<\/strong>\u201d, February 2024, (Co-Supervision with \u00a0Assoc. Prof. Dr. B. \u00d6zer).<\/p>\n<p><span style=\"font-weight: 400\">Ayy\u0131ld\u0131z, H., &#8220;<\/span><b>Contact Dynamics Identification of Holder Extension Assembly Via Inverse Structural Modification Method<\/b>&#8220;, January 2024, (Co-supervision with Assistant Prof. Dr. Orkun \u00d6z\u015fahin)<\/p>\n<p>Aydo\u011fan, M. \u00d6., (Ph. D.) \u201c<strong>Dynamic Modelling and Analysis of Split-Torque Face-Gear Systems<\/strong>\u201d, September 2022, (Co-Supervision with Dr. Zihni Bur\u00e7ay Sar\u0131bay).<\/p>\n<p>Koyuncu, A., (Ph. D.) \u201c<strong>Design, Modelling and Analysis of a Novel Implantable Bone Conduction Hearing Aid with a Piezoelectric Actuator<\/strong>\u201d, September 202, (Co-Supervision with Assoc. Prof. Dr. M. \u015eahin \u2013 Aerospace Eng. Department).<\/p>\n<p>Karaa\u011fa\u00e7l\u0131, T., (Ph. D.) \u201c<strong>Nonlinear System Identification and Nonlinear Experimental Modal Analysis by Using Response Controlled Stepped Sine Testing\u201d, <\/strong>December 2020.<\/p>\n<p>Karata\u015f, G., \u201c<strong>Suppression of Tool Tip FRF in Machine Tool Assemblies by Component Mode Tuning Method\u201d<\/strong>, September 2020, (Co-Supervision with Prof. Dr. E. Budak, Sabanc\u0131 University).<\/p>\n<p>Camc\u0131, M. S., &#8220;<strong>Modifications in Optomechanical Systems for Vibration Reduction by Using Sequential Model Updating Method<\/strong>&#8220;,\u00a0July 2020.<\/p>\n<p>Tekin, M., \u201c<strong>Dynamic Modeling of Joints in 3D Structural Models<\/strong>\u201d, November 2019.<\/p>\n<p>Bilen, M. E., \u201c<strong>Development of A Hybrid Global Optimization Algorithm and Its Application to Helicopter Rotor Structural Optimization<\/strong>\u201d, June 2019, (Co-Supervision with Prof. Dr. E. Ci\u011fero\u011flu).<\/p>\n<p>\u00d6zt\u00fcrk, V. Y., (Ph. D.) \u201c<strong>A Parametric Study on Planetary Gear Dynamics<\/strong>\u201d, June 2018, (Co-Supervision with Assoc. Prof. Dr. E. Ci\u011fero\u011flu).<\/p>\n<p>Kalayc\u0131o\u011flu, T., (Ph. D.) \u201c<strong>Investigation of Decoupling Techniques for Linear and Nonlinear Systems<\/strong>\u201d, March 2018.<\/p>\n<p>Ferhato\u011flu, E., \u201c<strong>A New Modal Superposition Method for Nonlinear Vibration Analysis of Structures Using Hybrid Mode Shapes<\/strong>\u201d, December 2017, (Co-Supervision with Assoc. Prof. Dr. E. Ci\u011fero\u011flu).<\/p>\n<p>Yilmaz, E. E., \u201c<strong>Dynamic Modelling in Micromachining<\/strong>\u201d, December 2015, (Co-Supervision with Prof. Dr. E. Budak, Sabanc\u0131 University).<\/p>\n<p>Canbalo\u011flu, G., (Ph. D.) \u201c<strong>Development of a Model Updating Technique for Non-Linear Systems<\/strong>\u201d, September 2015.<\/p>\n<p>\u00d6z\u015fahin, O., (Ph. D.) \u201c<strong>Analysis and Modelling of Machine Tool Dynamics and Cutting Stability During Operation<\/strong>\u201d, May 2014, (Co-Supervision with Prof. Dr. E. Budak, Sabanc\u0131 University)).<\/p>\n<p>Genco\u011flu, C., \u201c<strong>Active Vibration Control of Beams and Cylindrical Structures Using Piezoelectric Patches<\/strong>\u201d, January 2014.<\/p>\n<p>Koyuncu, A., \u201c<strong>Identification of Nonlinearities in Structural Dynamics by Using Artificial Neural Networks and Optimization<\/strong>\u201d, September 2013, (Co-Supervision with Assist. Prof. Dr. E. Ci\u011fero\u011flu).<\/p>\n<p>Beker, L., \u201c<strong>MEMS Piezoelectric Energy Harvester for Cochlear Implant Applications<\/strong>\u201d, July 2013, (Co-Supervision with Assoc. Prof. Dr. H. K\u00fclah, Electrical and Electronics Engineering Department).<\/p>\n<p>L\u00fcleci, \u0130. F., \u201c<b>Active Vibration Control of Beam and Plates by Using Piezoelectric Patch Actuators<\/b>\u201d, January 2013.<\/p>\n<p>Aykan, M., (Ph. D.) \u201c<b>Possibilistic Interpretation of Mistuning in Bladed Disks by Fuzzy Algebra<\/b>\u201d, January 2013.<\/p>\n<p>Karata\u015f, H. \u00c7., \u201c<strong>Identification of Mistuning in Bladed Disk Assemblies<\/strong>\u201d, September 2012 \u2013 (Co-Supervision with Assist. Prof. Dr. E. Ci\u011fero\u011flu ).<\/p>\n<p>Tol, \u015e., \u201c<strong>Dynamic Modeling of Structural Joints<\/strong>\u201d, June 2012.<\/p>\n<p>Kalayc\u0131o\u011flu, T., \u201c<strong>Harmonic Response of Large Engineering Structures with Nonlinear Modifications<\/strong>\u201d, September 2011.<\/p>\n<p>Karaa\u011fa\u00e7l\u0131, T., \u201c<strong>Determination of Dynamically Equivalent FE Models of Aircraft Structures by Using Modal Test Dat<\/strong>a\u201d September 2010, (Co-Supervision with Dr. E. N. Y\u0131ld\u0131z, SAGE).<\/p>\n<p>Demirkan, \u00d6., \u201c<strong>The Effects of Structural Modifications on Acoustic Characteristics of Enclosed Bodies<\/strong>\u201d, July 2010, (Co-Supervision with Prof. Dr. M. \u00c7al\u0131\u015fkan).<\/p>\n<p>Y\u00fcmer, M. E., \u201c<strong>On the Non-Linear Vibration and Mistuning Identification of Bladed Disks<\/strong>\u201d January 2010, (Co-Supervision with Dr. E. Ci\u011fero\u011flu).<\/p>\n<p>Alan, S. \u201c<b>Development of a Fast Analytical Method for Prediction of Part Dynamics in Machining Stability Analysis<\/b>\u201d, September 2009, (Co-Supervision with Assoc. Prof. Dr. E. Budak, Sabanc\u0131 University).<\/p>\n<p>K\u0131l\u0131\u00e7, Z. M., \u201c<strong>Non-linear Dynamic Modeling and Analysis of Spindle-Tool Assemblies in Machining Centers<\/strong>\u201d, August 2009, (Co-Supervision with Prof. Dr. Yusuf ALTINTA\u015e, University of British Columbia, Canada).<\/p>\n<p>Bediz, B., \u201c<strong>Human Tibial Bone Strength Prediction by Vibration Analysis for Diagnosing Progressing Osteoporosis<\/strong>\u201d, July 2009, (Co-Supervision with Prof. Dr. Feza Korkusuz)<\/p>\n<p>Canbalo\u011flu, G., \u201c<strong>Structural Modification with Additional Degrees of Freedom in Large Systems<\/strong>\u201d, July 2009, (Co-Supervision with Dr. Halidun Fildi\u015fi, ASELSAN).<\/p>\n<p>\u00d6zt\u00fcrk, M., \u201c<strong>Finite Element Structural Modal Updating by Using Experimental Frequency Response Functions<\/strong>\u201d, May 2009.<\/p>\n<p>Abat, D., \u201c<strong>Harmonic Vibration Analysis of Large Structures with Local Nonlinearity<\/strong>\u201d, February 2009.<\/p>\n<p>Av\u015far, A. L., \u201c<strong>Dynamic Modeling and Analysis of Vibration Effects on Performance of Optical Systems<\/strong>\u201d, August 2008, (Co-Supervision with Dr. Halidun Fildi\u015fi, ASELSAN).<\/p>\n<p>\u00d6z\u015fahin, O., \u201c<strong>An Investigation on Dynamic Contact Parameters in Machining Center Spindle \u2013 Tool Assemblies<\/strong>\u201d, August 2008, (Co-Supervision with Assoc. Prof. Dr. E. Budak, Sabanc\u0131 University).<\/p>\n<p>Arslan, \u00d6., \u201c<strong>Modal Identification of Non-Linear Substructures and Implementation in Structural Coupling Analysis<\/strong>\u201d, August 2008.<\/p>\n<p>Orbay, G., \u201c<b>Nonlinear Vibration of Mistuned Bladed Disk Assemblies<\/b>\u201d, June 2008.<\/p>\n<p>Aytekin, B., \u201c<strong>Vibration Analysis of PCBs and Electronic Components<\/strong>\u201d, April 2008.<\/p>\n<p>Atlar, S., \u201c<strong>Modeling Part Dynamics in Machining Processes Considering Material Removal<\/strong>\u201d, December 2007, (Co-Supervision with Assoc. Prof. Dr. E. Budak, Sabanc\u0131 University).<\/p>\n<p>K\u00f6ksal, S., \u201cD<strong>evelopment and Comparative Evaluation of a New Structural Modification Method in Application to Aircraft Structures<\/strong>\u201d, September 2006, (Co-Supervision with Dr. M. C\u00f6mert, SAGE).<\/p>\n<p>Kozak, M. T. \u201c<strong>Investigation of Model Updating Techniques and their Applications to Aircraft Structures<\/strong>\u201d, September 2006, (Co-Supervision with Dr. M. C\u00f6mert, SAGE).<\/p>\n<p>B\u00fcke, F., \u201c<strong>An Investigation on the Application of Operational Modal Analysis<\/strong>\u201d, September 2006, (Co-Supervision with Dr. M. C\u00f6mert, SAGE).<\/p>\n<p>Ert\u00fcrk, A., \u201c<strong>Dynamic Modeling \u00a0Spindle-Tool Assemblies in Machining Centers<\/strong>\u201d, May 2006, (Co-Supervision with Assoc. Prof. Dr. E. Budak, Sabanc\u0131 University) (Presently; Assistant Professor at Georgia Institute of Technology).<\/p>\n<p>G\u00fcrkan, E., \u201c<strong>Nonlinear Mathematical Modeling of Gear Rotor Bearing Systems Including Bearing Clearance<\/strong>\u201d December 2005.<\/p>\n<p>Aydo\u011fan, M.\u00d6. \u201c<strong>Damage Detection in Structures Using Vibration Measurements<\/strong>\u201d, December 2003.<\/p>\n<p>Ci\u011fero\u011flu, E., \u201c<strong>Non-linear Vibration Analysis of Bladed Disks with Dry Friction Dampers<\/strong>\u201d, August 2002 (Presently; Associate Professor at METU).<\/p>\n<p>Y\u0131ld\u0131z, E.N., \u201c<strong>Aeroelastic Analysis of Nonlinear Control Surface<\/strong>\u201d, December 2000.<\/p>\n<p>C\u00f6mert, M. D., (Ph. D.), \u201c<strong>Dynamics of Interacting Missile-Launcher Systems with Flexibility<\/strong>\u201d, September 2000 (Presently; System and Control Technologies Group Coordinator, Defence Industries Research and Development Institute (SAGE), Ankara).<\/p>\n<p>Sever, \u0130. A., \u201c<strong>Nonlinear Body Bending Aeroelasticiy of Kinetic Energy Projectiles<\/strong>\u201d, December 1999.<\/p>\n<p>\u00d6zer, M. B., \u201c<strong>A New Method on Identification of Symmetrical Non-Linearities in Structures<\/strong>\u201d, August 1999.<\/p>\n<p>Do\u011fruer, C. U., \u201c<strong>Dynamic Analysis of Spur Gear<\/strong>\u201d, June 1999.<\/p>\n<p>G\u00fcler, H. C., (Ph. D.) \u201c<strong>Biomechanical Modeling of Lower Extremity and Simulation of Foot during Gate<\/strong>\u201d (Co-Supervision with Prof. Dr. S. T. T\u00fcmer), December 1998.<\/p>\n<p>\u00d6zbek, M., \u201c<strong>Computer-Based Teaching Using Hypermedia for the Mechanical Vibrations Course<\/strong>\u201d, February 1996.<\/p>\n<p>C\u00f6mert, M. D., \u201c<strong>Harmonic Forced Vibration Analysis of Assembled Structures with Non-Linear Coupling<\/strong>\u201d, September 1994 (Presently; System and Control Technologies Group Coordinator, Defence Industries Research and Development Institute, Ankara)<\/p>\n<p>Maliha, R. M., (Ph.D.), \u201c<strong>Non-Linear Dynamic Analysis of Rotors to Internal Excitation by Using Describing Functions and Finite Methods<\/strong>\u201d, August 1994.<\/p>\n<p>\u015earda\u011f\u0131, Y., \u201c<strong>Flexible Rotor Balancing by the Influence Coefficient Method<\/strong>\u201d, (Co supervisor: Prof. Dr. G. Aksu), January 1994.<\/p>\n<p>Okan, S. T., \u201c<b>Dynamic Analysis of Mult-Stage Helical Geared Rotors with Transfer Matrix Method<\/b>\u201d, February 1994.<\/p>\n<p>Tahtal\u0131, M., \u201c<strong>Vibration Analysis of Damped Structures and Structural Reanalysis Using a New Structural Modification Method<\/strong>\u201d, January 1993 (Presently; Lecturer at School of Aerospace and Mechanical Engineering, Australian Defence Force Academy, Australia).<\/p>\n<p>Kuran, B., \u201c<b>Dynamic Analysis of Harmonically Excited Non-linear Structures by Using Iterative Modal Method<\/b>\u201d, August 1992.<\/p>\n<p>Kesan, M., \u201c<strong>Modeling and Analysis of Spur and Helical Gears on Flexible Rotors<\/strong>\u201d, January 1992.<\/p>\n<p>G\u00fcler, H. C., \u201c<strong>Biomechanical Simulation of Human Impact Landing Using an Open Linkage Dynamic Model<\/strong>\u201d, January 1992 (Presently; Senior Engineer, Bertec, Ohio State University, USA)<\/p>\n<p>Y\u0131lmaz, D., \u201c<strong>Dynamic Modelling and Analysis of Multi-Geared Rotors Including Lateral and Torsional Vibration Coupling<\/strong>\u201d, August 1991.<\/p>\n<p>Yal\u00e7\u0131nta\u015f, M., \u201c<strong>Fault Diagnosis of Gears by Computer Simulation<\/strong>\u201d August 1990.<\/p>\n<p>Tanr\u0131kulu, \u00d6., \u201c<strong>Identification of Nonlinearities in Vibrating Structures<\/strong>\u201d (September 1989 &#8211; September 1990). (Completed his thesis in Imperial College London)<\/p>\n<p>\u015eener, \u00d6. Sedat, \u201c<strong>Dynamic Analysis of Geared Shaft Systems by Using Continuous System Model<\/strong>s\u201d, July 1989.<\/p>\n<p>Budak, E., \u201c<strong>Dynamic Analysis of Nonlinear Structures for Harmonic Excitation<\/strong>\u201d, July 1989(Presently; Associate Professor, Sabanci University, Turkey).<\/p>\n<p>\u00c7etinkaya, N., \u201c<strong>Vibration Analysis of Structures Using Substructure Synthesis<\/strong>\u201d, (Co supervisor: Assoc. Prof. Dr. Mehmet \u00c7al\u0131\u015fkan) February 1989.<\/p>\n<p>Kahraman, A., \u201c<strong>Geared Rotor Dynamics<\/strong>\u201d, (Co-supervision of a Ph.D. thesis with Prof. Dr. Houser at The Ohio State University during the period 1986-1987) (Presently; Professor and Director of the Gear Dynamics and Gear Noise Research Laboratory, Mechanical Engineering Department, Ohio State University, USA).<\/p>\n<p>E\u015fkinat, E., \u201c<strong>Vibration Analysis of Large Structures by Finite Element Method and Substructure Synthesis Technique<\/strong>\u201d, March 1985 (Presently; Associate Professor, Mechanical Engineering Department, Bogazici University, Turkey).<\/p>\n<p>\u00c7and\u0131r, B., \u201c<strong>Optimum Dynamic Vibration Absorbers for Beams<\/strong>\u201d, March 1985.<\/p>\n<p>Bakiler, T. C., \u201c<strong>Experimental Determination of Complex Modulus of Elasticity of Viscoelastic Materials<\/strong>\u201d, September 1984.<\/p>\n<p>Karacaer, V., \u201c<strong>Design and Construction of a Vibratory Table<\/strong>\u201d, May 1984.<\/p>\n<p>Yaman, Y., \u201c<strong>Modal Identification of Structurally Damped Mechanical Structures<\/strong>\u201d, February 1984 (Presently; Professor, Department of Aerospace Engineering, Middle East Technical University, Turkey).<\/p>\n<p>Erda\u015f, G., \u201c<strong>Free Vibration Analysis of Beams and Plates Using Finite Element Method<\/strong>\u201d, October 1983.<\/p>\n<p>Korkusuz, E., \u201c<strong>Motion Analysis of a Particle on Vibratory Conveyors<\/strong>\u201d, July 1983.<\/p>\n<p>\u00d6zkan, Z. L., \u201c<strong>Whirling Speeds and Unbalance Responses of Rotating Shafts Using Finite Element Methods<\/strong>\u201d, January 1983 (Presently; Quality Management &amp; Engineering Services Director, MIKES, Ankara).<\/p>\n<p>Semercigil, S. E., \u201c<strong>Dynamic Response of Large Order Damped Linear Mechanical Systems by Modal Analysis<\/strong>\u201d, August 1982 (Presently; Senior Lecturer, School of Architectural, Civil and Mechanical Engineering, Victoria University, Australia).<\/p>\n<p>Demirer, E. S., \u201c<strong>Free and Forced Vibration Analysis of Beams Carrying Discrete Masse<\/strong>s\u201d, June 1982.<\/p>\n<p>Botsal\u0131, F. M., \u201c<strong>Free and Forced Vibrations of Continuous Beams on Elastic Supports by Modal Analysis<\/strong>\u201d, February 1982 (Presently; Professor, Mechanical Engineering Department, Selcuk University, Turkey).<\/p>\n","protected":false},"excerpt":{"rendered":"<p>THESES SUPERVISED ONGOING Camc\u0131, M. S., \u201cNonlinear Sub-structuring and Identification Using Quasi-linearization\u201d (Started in September 2021 &#8211; Co-Supervision with \u00a0Prof. Dr. B. \u00d6zer). COMPLETED \u00c7elik, F. K., \u201cDecoupling of Nonlinear Substructures using Quasi-Linear Frequency Response Functions\u201d, (Co-Supervision with Assoc. Prof. <a class=\"more-link\" href=\"https:\/\/blog.metu.edu.tr\/ozguven\/en\/theses-supervised\/\">Read More &#8230;<\/a><\/p>\n","protected":false},"author":3177,"featured_media":0,"parent":0,"menu_order":0,"comment_status":"closed","ping_status":"closed","template":"","meta":{"footnotes":"","_links_to":"","_links_to_target":""},"class_list":["post-26","page","type-page","status-publish","hentry"],"_links":{"self":[{"href":"https:\/\/blog.metu.edu.tr\/ozguven\/en\/wp-json\/wp\/v2\/pages\/26","targetHints":{"allow":["GET"]}}],"collection":[{"href":"https:\/\/blog.metu.edu.tr\/ozguven\/en\/wp-json\/wp\/v2\/pages"}],"about":[{"href":"https:\/\/blog.metu.edu.tr\/ozguven\/en\/wp-json\/wp\/v2\/types\/page"}],"author":[{"embeddable":true,"href":"https:\/\/blog.metu.edu.tr\/ozguven\/en\/wp-json\/wp\/v2\/users\/3177"}],"replies":[{"embeddable":true,"href":"https:\/\/blog.metu.edu.tr\/ozguven\/en\/wp-json\/wp\/v2\/comments?post=26"}],"version-history":[{"count":0,"href":"https:\/\/blog.metu.edu.tr\/ozguven\/en\/wp-json\/wp\/v2\/pages\/26\/revisions"}],"wp:attachment":[{"href":"https:\/\/blog.metu.edu.tr\/ozguven\/en\/wp-json\/wp\/v2\/media?parent=26"}],"curies":[{"name":"wp","href":"https:\/\/api.w.org\/{rel}","templated":true}]}}