{"id":13,"date":"2016-02-24T09:47:53","date_gmt":"2016-02-24T09:47:53","guid":{"rendered":"http:\/\/blog.metu.edu.tr\/ozguven\/?page_id=13"},"modified":"2020-11-29T06:35:35","modified_gmt":"2020-11-29T06:35:35","slug":"board-and-committee-memberships","status":"publish","type":"page","link":"https:\/\/blog.metu.edu.tr\/ozguven\/en\/board-and-committee-memberships\/","title":{"rendered":"Board and Committee Memberships"},"content":{"rendered":"<p><img loading=\"lazy\" decoding=\"async\" class=\"\" src=\"https:\/\/blog.metu.edu.tr\/ozguven\/files\/2020\/11\/IMG_0618-1.jpeg\" alt=\"This image has an empty alt attribute; its file name is IMG_0618-1.jpeg\" width=\"310\" height=\"341\" \/><\/p>\n<h4><span style=\"color: #cf3030\"><strong>INTERNATIONAL COMMITTE MEMBERSHIPS<\/strong><\/span><\/h4>\n<ul>\n<li>National Project Coordinator of Turkey in EUREKA, Brussels, 3\/2001-7\/2004<\/li>\n<li>European Science Foundation (ESF), Physical and Engineering Science Committee (PESC), 6\/1998-12\/2000<\/li>\n<li>OECD Global Science Forum, OECD, Paris, 6\/1998-12\/2000.<\/li>\n<\/ul>\n<h4><span style=\"color: #cf3030\"><strong>BOARD MEMBERSHIPS<\/strong><\/span><\/h4>\n<ul>\n<li>The Interuniversity Council of Turkey, 2008-2016<\/li>\n<li>University Senate, METU, Ankara, Turkey,2008-2016<\/li>\n<li>Executive Board, METU Northern Cyprus Campus, 2008-2016<\/li>\n<li>Faculty Executive Board, Faculty of Engineering, METU, Ankara, Turkey,2007-2008<\/li>\n<li>Board and Founder Member, Scientific and Technical Research Foundation, Ankara, Turkey, 1995-2006<\/li>\n<li>T\u00dcB\u0130TAK Information Technologies and Electronics Research Institute (B\u0130LTEN), Ankara, Turkey, 1998-2003<\/li>\n<li>T\u00dcB\u0130TAK Defense Industries Research and Development Institute (SAGE), Ankara, Turkey, 1998-2003<\/li>\n<li>Clean Energy Foundation, Ankara, Turkey. 1998-2002<\/li>\n<li>National Metrology Institute, Gebze, Turkey, 1999-2001<\/li>\n<li>Turkish Academic Network and Information Center (ULAKB\u0130M), Ankara, Turkey, 1999-2000<\/li>\n<li>METU-KOSGEB Technology Development Center, METU, Ankara, Turkey, 1996-1998<\/li>\n<li>President of the Board, Middle East Software Co. (Orta Do\u011fu Yaz\u0131l\u0131m A.\u015e.), Ankara, Turkey, 1995-1998<\/li>\n<li>President of the Board, Turkish Cement Manufacturers&#8217; Association, Ankara, Turkey, 1992-1995<\/li>\n<li>European Cement Association (CEMBUREAU), Brussels, 1992-1995<\/li>\n<li>Continuing Education Center, METU, Ankara, Turkey, 1990-1995<\/li>\n<li>President of the Board, Continuing Education Center, METU, Ankara, Turkey, 1990-1992<\/li>\n<\/ul>\n<h4><span style=\"color: #cf3030\"><strong>NATIONAL COMMITTE MEMBERSHIPS<\/strong><\/span><\/h4>\n<ul>\n<li>Elginkan Foundation, Technology Award Committee, 2006-2008<\/li>\n<li>Prof. Dr. Mustafa Parlar Education and Research Foundation Award Committee, 1992-1998 and 2006 \u2013 2007<\/li>\n<li>Chairman, Technology Award Committee, T\u00dcB\u0130TAK-Technology Development Foundation- The Turkish Industrialists&#8217; and Businessmen&#8217;s Association (TUSIAD), 2000-2002<\/li>\n<li>Graduate Committee, Mechanical Engineering Department, METU. 1992-2001<\/li>\n<li>Research Grant Committee for Mechanical and Chemical Technology, Materials and Manufacturing Systems, T\u00dcB\u0130TAK, 1991-1998<\/li>\n<li>Coordinator of the Graduate Committee, Mechanical Engineering Department, METU, 1987-1992<\/li>\n<li>Coordinator of the Undergraduate Committee, Mechanical Engineering Department, METU, 1982-1985<\/li>\n<li>Member of the Executive Committee of the Machine Design and Production Research Center, METU, 1982-1983<\/li>\n<li>Undergraduate Committee, Mechanical Engineering Department, METU, 1979-1982<\/li>\n<\/ul>\n<h4><span style=\"color: #cf3030\"><strong>OTHER MEMBERSHIPS<\/strong><\/span><\/h4>\n<ul>\n<li>Member of the Supreme Council of Science and Technology, Turkey, 1998-2000<\/li>\n<li>METU Technopolis Coordinator, METU. 1995-1998<\/li>\n<\/ul>\n","protected":false},"excerpt":{"rendered":"<p>INTERNATIONAL COMMITTE MEMBERSHIPS National Project Coordinator of Turkey in EUREKA, Brussels, 3\/2001-7\/2004 European Science Foundation (ESF), Physical and Engineering Science Committee (PESC), 6\/1998-12\/2000 OECD Global Science Forum, OECD, Paris, 6\/1998-12\/2000. BOARD MEMBERSHIPS The Interuniversity Council of Turkey, 2008-2016 University Senate, <a class=\"more-link\" href=\"https:\/\/blog.metu.edu.tr\/ozguven\/en\/board-and-committee-memberships\/\">Read More &#8230;<\/a><\/p>\n","protected":false},"author":3177,"featured_media":0,"parent":0,"menu_order":0,"comment_status":"closed","ping_status":"closed","template":"","meta":{"footnotes":"","_links_to":"","_links_to_target":""},"class_list":["post-13","page","type-page","status-publish","hentry"],"_links":{"self":[{"href":"https:\/\/blog.metu.edu.tr\/ozguven\/en\/wp-json\/wp\/v2\/pages\/13","targetHints":{"allow":["GET"]}}],"collection":[{"href":"https:\/\/blog.metu.edu.tr\/ozguven\/en\/wp-json\/wp\/v2\/pages"}],"about":[{"href":"https:\/\/blog.metu.edu.tr\/ozguven\/en\/wp-json\/wp\/v2\/types\/page"}],"author":[{"embeddable":true,"href":"https:\/\/blog.metu.edu.tr\/ozguven\/en\/wp-json\/wp\/v2\/users\/3177"}],"replies":[{"embeddable":true,"href":"https:\/\/blog.metu.edu.tr\/ozguven\/en\/wp-json\/wp\/v2\/comments?post=13"}],"version-history":[{"count":0,"href":"https:\/\/blog.metu.edu.tr\/ozguven\/en\/wp-json\/wp\/v2\/pages\/13\/revisions"}],"wp:attachment":[{"href":"https:\/\/blog.metu.edu.tr\/ozguven\/en\/wp-json\/wp\/v2\/media?parent=13"}],"curies":[{"name":"wp","href":"https:\/\/api.w.org\/{rel}","templated":true}]}}