{"id":5,"date":"2012-09-24T20:18:03","date_gmt":"2012-09-24T20:18:03","guid":{"rendered":"http:\/\/blog.metu.edu.tr\/ozcebe\/?page_id=5"},"modified":"2012-12-17T09:17:51","modified_gmt":"2012-12-17T09:17:51","slug":"ozgecmis","status":"publish","type":"page","link":"https:\/\/blog.metu.edu.tr\/ozcebe\/ozgecmis\/","title":{"rendered":"\u00d6zge\u00e7mi\u015f"},"content":{"rendered":"<p><strong>K\u0130\u015e\u0130SEL B\u0130LG\u0130LER\u0130<\/strong><\/p>\n<ul>\n<li>Do\u011fum Yeri ve Tarihi: \u0130stanbul, 8 Eyl\u00fcl 1957<\/li>\n<li>Medeni Hali: Evli, iki \u00e7ocuklu<\/li>\n<\/ul>\n<p><strong>E\u011e\u0130T\u0130M\u0130<\/strong><\/p>\n<ul>\n<li>Doktora, 1987, Toronto \u00dcniversitesi, Kanada<\/li>\n<li>Y\u00fcksek Lisans, 1981, ODT\u00dc, Ankara<\/li>\n<li>Lisans, November 1979, ODT\u00dc, Ankara<\/li>\n<li>Lise,\u00a01974,\u00a0Tevfik Fikret Lisesi, Ankara<\/li>\n<\/ul>\n<p><strong>ARA\u015eTIRMA ALANLARI<\/strong><\/p>\n<ul>\n<li>Yap\u0131 M\u00fchendisli\u011fi, Betonarme Yap\u0131lar<\/li>\n<li>Deprem M\u00fchendisli\u011fi<\/li>\n<\/ul>\n<p><strong>G\u00d6REVLER\u0130<\/strong><\/p>\n<p><span style=\"text-decoration: underline\">ODT\u00dc \u0130n\u015faat M\u00fchendisli\u011fi<\/span><\/p>\n<ul>\n<li>Ara\u015ft\u0131rma Asistan\u0131,\u00a04\/1980 \u2013 9\/1987 (8\/1982 \u2013 6\/1987 aras\u0131 \u00fccretsiz izinli)<\/li>\n<li>E\u011fitim G\u00f6revlisi: 9\/1987 \u2013 1\/ 1988<\/li>\n<li>Yard\u0131mc\u0131 Do\u00e7ent: 1\/1988 \u2013 10\/1991<\/li>\n<li>Do\u00e7ent: 10\/1991 \u2013 8\/1998<\/li>\n<li>Profes\u00f6r: 8\/1991 &#8211; devam ediyor<\/li>\n<\/ul>\n<p><span style=\"text-decoration: underline\">Toronto \u00dcniversitesi \u0130n\u015faat M\u00fchendisli\u011fi B\u00f6l\u00fcm\u00fc<\/span><\/p>\n<ul>\n<li>Ara\u015ft\u0131rma G\u00f6revlisi: 9\/1982 \u2013 6\/1987<\/li>\n<\/ul>\n<p><span style=\"text-decoration: underline\">Toronto \u00dcniversitesi Matematik\u00a0B\u00f6l\u00fcm\u00fc<\/span><\/p>\n<ul>\n<li>E\u011fitim Asistan\u0131: 9\/1984 \u2013 6\/1986<\/li>\n<\/ul>\n<p><strong>\u0130DAR\u0130 G\u00d6REVLER\u0130<\/strong><\/p>\n<ul>\n<li>ODT\u00dc \u0130n\u015faat M\u00fchendisli\u011fi B\u00f6l\u00fcm Ba\u015fkan\u0131,\u00a012\/2006 \u2013 10\/2012<\/li>\n<li>ODT\u00dc MFD Fak\u00fclte Y\u00f6netim Kurulu \u00dcyesi (Yard\u0131mc\u0131 Do\u00e7ent Temsilcisi), 1988 &#8211; 1991<\/li>\n<li>ODT\u00dc MFD Fak\u00fclte Kurulu \u00dcyesi (Do\u00e7ent Temsilcisi), 1991 \u2013 1994<\/li>\n<li>ODT\u00dc MFD Ara\u015ft\u0131rma Fonu Projeleri Komisyonu \u00dcyesi, 2000 \u2013 2006<\/li>\n<li>ODT\u00dc Deprem M\u00fchendisli\u011fi Ara\u015ft\u0131rma Merkezi Y\u00fcr\u00fctme Kurulu \u00dcyesi, 1995 \u2013 2004<\/li>\n<li>T\u00dcB\u0130TAK Yap\u0131 M\u00fchendisli\u011fi Ara\u015ft\u0131rma \u00dcnitesi Kurucu Ba\u015fkan\u0131,\u00a0SERU, 2001 \u2013 2006<\/li>\n<li>&#8220;TS500 &#8211; Betonarme Yap\u0131lar\u0131n Tasar\u0131m ve Yap\u0131m Kurallar\u0131&#8221; Y\u00f6netmelik Komisyonu \u00dcyesi, 1995-2000<\/li>\n<li>Uluslararas\u0131 Standartlar Organizasyonu, &#8220;ISO TC\/71; Beton, Betonarme, \u00d6ngermeli Beton \u00c7al\u0131\u015fma Grubu&#8221; \u00a0T\u00fcrk Standartlar\u0131 Enstit\u00fcs\u00fc (TSE) Delegesi, 2000-2010<\/li>\n<li>Amerikan Beton Enstit\u00fcs\u00fc, 314 Numaral\u0131 Komitesinin Asil \u00dcyesi,\u00a02004 \u2013 devam ediyor<\/li>\n<li>\u00a0Amerikan Beton Enstit\u00fcs\u00fc, 318W Numaral\u0131 Komitesinin Asil \u00dcyesi, 2000 &#8211; devam ediyor<\/li>\n<\/ul>\n<p><strong>\u00d6D\u00dcLLER\u0130<\/strong><\/p>\n<ul>\n<li>ODT\u00dc Performans \u00d6d\u00fcl\u00fc, 2000, 2002, 2003, 2004, 2005, 2006, 2007, 2009, 2010<\/li>\n<li>&#8220;NATO 2004 Summit&#8221; Bilim \u00d6d\u00fcl\u00fc, <a href=\"http:\/\/www.nato.int\/science\/news\/2004\/n040615b.htm\">http:\/\/www.nato.int\/science\/news\/2004\/n040615b.htm<\/a><\/li>\n<li>Toronto \u00dcniversitesi E\u011fitim Bursu, 1982 &#8211; 1987<\/li>\n<li>Fulbright Bursu, 1982 (kullanmad\u0131m)<\/li>\n<\/ul>\n<p><strong>\u00dcYEL\u0130KLER\u0130<\/strong><\/p>\n<ul>\n<li>TMMOB &#8211; \u0130MO, Kay\u0131tl\u0131 \u00dcye<\/li>\n<li>T\u00fcrkiye K\u00f6pr\u00fc ve \u0130n\u015faat Cemiyeti, Kay\u0131tl\u0131 \u00dcye<\/li>\n<li>Amerikan Beton Enstit\u00fcs\u00fc, Kay\u0131tl\u0131 \u00dcye<\/li>\n<li>T\u00fcrkiye Deprem M\u00fchendisli\u011fi Derne\u011fi Kurucu \u00dcyesi<\/li>\n<\/ul>\n<p>&nbsp;<\/p>\n","protected":false},"excerpt":{"rendered":"<p>K\u0130\u015e\u0130SEL B\u0130LG\u0130LER\u0130 Do\u011fum Yeri ve Tarihi: \u0130stanbul, 8 Eyl\u00fcl 1957 Medeni Hali: Evli, iki \u00e7ocuklu E\u011e\u0130T\u0130M\u0130 Doktora, 1987, Toronto \u00dcniversitesi, Kanada Y\u00fcksek Lisans, 1981, ODT\u00dc, Ankara Lisans, November 1979, ODT\u00dc, Ankara Lise,\u00a01974,\u00a0Tevfik Fikret Lisesi, Ankara ARA\u015eTIRMA ALANLARI Yap\u0131 M\u00fchendisli\u011fi, Betonarme Yap\u0131lar Deprem M\u00fchendisli\u011fi G\u00d6REVLER\u0130 ODT\u00dc \u0130n\u015faat M\u00fchendisli\u011fi Ara\u015ft\u0131rma Asistan\u0131,\u00a04\/1980 \u2013 9\/1987 (8\/1982 \u2013 6\/1987 aras\u0131 [&hellip;]<\/p>\n","protected":false},"author":797,"featured_media":0,"parent":0,"menu_order":0,"comment_status":"open","ping_status":"open","template":"","meta":{"footnotes":"","_links_to":"","_links_to_target":""},"class_list":["post-5","page","type-page","status-publish","hentry"],"_links":{"self":[{"href":"https:\/\/blog.metu.edu.tr\/ozcebe\/wp-json\/wp\/v2\/pages\/5","targetHints":{"allow":["GET"]}}],"collection":[{"href":"https:\/\/blog.metu.edu.tr\/ozcebe\/wp-json\/wp\/v2\/pages"}],"about":[{"href":"https:\/\/blog.metu.edu.tr\/ozcebe\/wp-json\/wp\/v2\/types\/page"}],"author":[{"embeddable":true,"href":"https:\/\/blog.metu.edu.tr\/ozcebe\/wp-json\/wp\/v2\/users\/797"}],"replies":[{"embeddable":true,"href":"https:\/\/blog.metu.edu.tr\/ozcebe\/wp-json\/wp\/v2\/comments?post=5"}],"version-history":[{"count":0,"href":"https:\/\/blog.metu.edu.tr\/ozcebe\/wp-json\/wp\/v2\/pages\/5\/revisions"}],"wp:attachment":[{"href":"https:\/\/blog.metu.edu.tr\/ozcebe\/wp-json\/wp\/v2\/media?parent=5"}],"curies":[{"name":"wp","href":"https:\/\/api.w.org\/{rel}","templated":true}]}}