{"id":10,"date":"2012-09-24T20:25:58","date_gmt":"2012-09-24T20:25:58","guid":{"rendered":"http:\/\/blog.metu.edu.tr\/ozcebe\/?page_id=10"},"modified":"2012-11-20T16:48:24","modified_gmt":"2012-11-20T16:48:24","slug":"projeler","status":"publish","type":"page","link":"https:\/\/blog.metu.edu.tr\/ozcebe\/projeler\/","title":{"rendered":"Projeler"},"content":{"rendered":"<p>A) CAPACITY BUILDING PROJECTS IN EARTHQUAKE ENGINEERING EDUCATION AND RESEARCH<\/p>\n<p>A1) The MEEES Erasmus Mundus Masters Course Program in the field of Earthquake Engineering and Engineering Seismology<\/p>\n<p>Central coordination is carried out by: Institute for Advanced Study\/University of Pavia<\/p>\n<p>National Coordinators: Dr. Haluk SUCUO\u011eLU, Dr. G\u00fcney \u00d6ZCEBE<\/p>\n<p>Webpage: <a href=\"http:\/\/www.meees.org\/\" target=\"_blank\">http:\/\/www.meees.org\/<\/a><\/p>\n<p>The MEEES Maters Course Program had been prepared by a consortium comprising four academic institutions, namely (i) the Institute for Advanced Study of Pavia (IUSS), (ii) the University of Patras, (iii) the University of Grenoble 1 &#8220;Joseph Fourier&#8221; and (iv) the Middle East Technical University.\u00a0 \u201cThe MEEES Proposal\u201d was among the 170 masters degree proposals submitted to the commission within the framework of FP7 EM II Master Courses (Action 1). MEEES Masters Course Program was the first and the only Erasmus Mundus Masters Program in which a Turkish partner took place.<\/p>\n<p>Graduate students involved in this Erasmus Mundus Masters course have the possibility of following a 18-month MSc programs on either Earthquake Engineering or Engineering Seismology. In addition, the proposed EM Masters course envisages also the possibility of students following a 18-month study program that leads to the attainment of a Masters degree on Earthquake Engineering and Engineering Seismology.<\/p>\n<p>MEEES graduates will be awarded a Joint Masters degree diploma by the Rectors of the Istituto Universitario di Studi Superiori, the University of Patras, the University of Grenoble 1 &#8220;Joseph Fourier&#8221; and the Middle East Technical University. The official language is English. Admission to the course depends mainly on academic qualifications, past professional experience, reference letters and English proficiency.<\/p>\n<p>A total of 11 students from different Turkish universities were enrolled with the MEEES program. Half of them have already finished their studies and the others are carrying out their studies in te partner institutions. Until now 6 students from Canada to Pakistan took courses in the Department of Civil Engineering of METU and two of these students are currently working on their thesis. Their thesis work is supervised by METU-CE Faculty.<\/p>\n<p>A2) Capacity Building in Earthquake Research for Risk Reduction in Urban Environments<\/p>\n<p>Principal Coordinator: Dr. Haluk SUCUO\u011eLU, Co-Coordinator: Dr. G\u00fcney \u00d6ZCEBE<\/p>\n<p>Final Report: <a href=\"http:\/\/cordis.europa.eu\/documents\/documentlibrary\/121978991EN6.pdf\" target=\"_blank\">http:\/\/cordis.europa.eu\/documents\/documentlibrary\/121978991EN6.pdf<\/a><\/p>\n<p>CyBER project was developed in relevance to the Seismic Risk Reduction RTD activities of the 6th Framework Programme to initiate implementations for safer urban environments, hence to search for methods for reducing exposure to seismic risk. It was aimed at increasing the capacity of METU\u2019s Earthquake Engineering Research Center (METU-EERC) to a center of excellence.\u00a0 Furthermore, collaboration of METU_EERC with the expert seismic research institutions of Europe within the scope of the project also increased the level of scientific co-operation, technical capabilities and enhancement of human potential.<\/p>\n<p>The European Community funds allocated to this project was 650,000 EUR.\u00a0 Middle East Technical University acceded to the contract in accordance with the procedures referring to a financial contribution for the implementation of this project within the framework of the specific research and technological development program \u2018Integrating and Strengthening the European Research Area\u2019. The duration of the project was 36 months spanning between 2005 and 2008<\/p>\n<p>At the end of project activities METU-EERC has gained a pseudo-dynamic testing facility where earthquake simulation tests of 6 meters high 10 meters wide and 10 meters long structural systems or components can be made. METU-EERC testing facility is the largest facility of its kind in Turkey.<\/p>\n<p>B) MAJOR RESEARH PROJECTS IN STRUCTURAL AND EARTHQUAKE ENGINEERING<\/p>\n<p>B1) Investigation of Various Structural Rehabilitation Methods by Pseudo-dynamic Protocols (T\u00dcB\u0130TAK-106M451)<\/p>\n<p>Research Team: Dr. G\u00fcney \u00d6zcebe, Dr. Bar\u0131\u015f Binici, Dr. Erdem Canbay, Dr. \u00d6zg\u00fcr Kur\u00e7<\/p>\n<p>The 106M451 TUBITAK Project titled \u201cInvestigation of Strengthening Procedures by Pseudo Dynamic Testing\u201d had a total budget of 342.150.-TL. The Project was conducted between February 1 2007 and June 1 2010. Five international peer-reviewed conference proceeding and two journal publications were printed by using the results from the project. A final national journal publication summarizing all the results is under preparation.<\/p>\n<p>The Project focused on pseudo-dynamic testing of \u00bd scale-2 story-3 three bay RC frames with and without structural retrofits. The conducted pseudo dynamic tests are a premier in pseudo dynamic testing in the nation. Efe Gokce Kurt, who was funded by the project graduated with a Master of Science Degree by submitting his thesis based on the outcomes of the project and he is now a Ph.D. candidate in Purdue University.<\/p>\n<p>At the end of extensive testing program valuable data was acquired and this data will be used in the development of next generation seismic codes.<\/p>\n<p>B2) Evaluation and Advancement of the Seismic Assessment and Strengthening Methods in the Turkish Seismic Code through Experimental and Analytical Research (T\u00dcB\u0130TAK KAMAG 1007, 108G034, 2010-2013)<\/p>\n<p>Principal Coordinator: Dr. Haluk Sucuo\u011flu<\/p>\n<p>Project Team: Dr. Sinan Akkar, Dr. Bar\u0131\u015f Binici, Dr. Burcu Burak, Dr. Erdem Canbay, Dr. Altu\u011f Erberik, Dr. \u00d6zg\u00fcr Kur\u00e7, Dr. G\u00fcney \u00d6zcebe, Dr. Ahmet Yakut<\/p>\n<p>The research outlined in this proposal focusses on the consistency of diferent seismic performance assessment techniques and strengthening methodologies proposed for existing buildings, their applicability in the practice, and their conformity to the procedures employed in the technical guidelines of other earthquake prone countries. The first phase of the proposed experimental research studies is on the experimental verification of performance acceptance criteria stated in the Turkish Seismic Code for different structural components. The aim of the second phase of experimental research is to develop the most efficient and feasible strengthening methods for especially the school buildings. This study founded on the test-bed of the previous study (Project BI) also uses the new dynamic simulation system (pseudo-dynamic testing system) which has been developed in the Structural Mechanics Laboratory of the Middle East Technical University, with a funding from the EC Framework 6 Programme. The total duration of the project is foreseen as three years. In accordance with the results obtained from the proposed research, necessary corrections and improvements will be made in the Code in order to establish safe and reliable methods and regulations for achieving efficient risk reduction in existing seismically vulnerable buildings.<\/p>\n<p>There are currently 9 researchers and 4 MS and\/or Ph.D. students working in different project packages. Project activities are expected to end by June 2013.<\/p>\n<p>B3) Seismic Assessment and Rehabilitation of Existing Buildings (NATO SfP9977231)<\/p>\n<p>Project Director: Dr. G\u00fcney \u00d6zcebe<\/p>\n<p>Partner Country Coordinators: Dr. Mihail Garevski, Macedonia, Dr. Michael Fardis and Dr. Kyriazis Pitilakis, Greece, Dr. James O. Jirsa, USA.<\/p>\n<p>National Project Team: Please visit this <a href=\"http:\/\/www.seru.metu.edu.tr\/org.html\">link<\/a> for detailed information.<\/p>\n<p>The general objective of this study was to develop simple methodologies for the seismic vulnerability assessment and sound, practical and economical rehabilitation techniques for seismically vulnerable buildings in Turkey and Greece. Seismic evaluation and rehabilitation works of the existing buildings necessitate participation of a large number of practicing engineers. However, these tasks require special expertise. Therefore, a major thrust of this project was to develop engineer-training programs to enhance the knowledge of the practicing engineer and to disseminate the findings and the end-results of the proposed research program.<\/p>\n<p>The proposed project had three specific goals. The first goal was to develop methodologies for the seismic vulnerability assessment of the existing buildings, which will offer guidance for engineers in evaluating existing buildings that might present unacceptable risk to life-safety in future earthquakes. To preserve life-safety in buildings that are identified as weak, it is necessary to provide strengthening that conforms to acceptable safety standards under earthquake forces. This leads to the second goal of the proposed project that was to develop simple, effective and economical strengthening techniques and strategies, which are applicable to buildings in use in Balkan countries. The final goal is the dissemination of the knowledge gained.<\/p>\n<p>Project was financed by the Science for Peace program of NATO. The total NATO funds allocated for the project was 711,000 EUR. A matching amount (cash and in-kind was) provided by Turkey. T\u00dcB\u0130TAK has funded this project via \u201cStructural Engineering Research Unit-<a href=\"http:\/\/www.seru.metu.edu.tr\" target=\"_blank\">SERU<\/a>\u201d projects summing up to 595,000 USD.<\/p>\n<p>During the project activities a thorough three-tier seismic vulnerability assessment methodology was developed to assess the seismic vulnerability of existing buildings on a regional scale. This methodology was used by the Istanbul Metropolitan Municipality to assess the regional seismic vulnerability of Zeytinburnu, Fatih and K\u00fc\u00e7\u00fck\u00e7ekmece districts of Istanbul. More than 150,000 buildings were assessed within the framework of this assessment studies.<\/p>\n<p>Moreover two occupant friendly retrofit techniques were developed to upgrade the seismic safety of existing buildings.<\/p>\n<p>Moreover, two innovative rehabilitation techniques were also developed. As they do not require the evacuation of the building under consideration, these rehab technologies are of special value especially when the rehabilitation of large building stocks is under consideration. Through the course of the project, necessary verification studies and a pilot application were conducted to validate the reliability of the methodologies proposed. Within the scope of this pilot study <a href=\"http:\/\/www.nato.int\/ebookshop\/video\/six_colours\/SixColours.swf\" target=\"_blank\">a 10-story building in Antakya<\/a> was rehabilitated in 6 months without evacuating the occupants of the building during rehab work.<\/p>\n<p>Over the four years of its tenure, the project has brought together researchers from four countries, namely Macedonia, Greece, Turkey and the United States. In the joint research activities, research teams from 7 different research institutes and universities collaborated for the common goal of earthquake risk mitigation in big cities. A total of 5 Ph.D. and 16 MS students completed their graduate studies.<\/p>\n<p>B4) Studies on High-Strength and High-Performance Concrete<\/p>\n<p>Research Team: Dr. Guney Ozcebe Dr. U\u011fur Ersoy, Dr. Tu\u011frul Tankut, Dr. Erdem Canbay<\/p>\n<p>In these studies the behavior of reinforced concrete beams and columns made of high-strength concrete were investigated under static and reversed-cyclic loading. Studies spread over a time span from 1992 to 1999. Numerous tests were performed to assess the performance of such elements. Test parameters included the concrete strength and reinforcement details. At the end of extensive experimental investigation design tools were proposed for safer design of reinforced high-strength concrete members. Among which the \u201cdefinition of the minimum shear reinforcement requirement\u201d [based on a sound solid-mechanics formulation, which was fine-tuned by the test results] was adopted as a design tool by the American Concrete Institute in 2002. In all four different code cycles ACI 318: Building Code Requirements for Structural Concrete <a href=\"ACI318_refs.pdf\" target=\"_blank\">cites<\/a> the paper published by Ozcebe, Ersoy and Tankut (1999).<\/p>\n<p>These studies were financed by T\u00dcB\u0130TAK, through MAG and \u0130\u00c7TAG channels. During the course of these studies 5 MS theses have been completed. Three prestigious papers were published in highly cited magazines.<\/p>\n<p>A summary of R&amp;D activities under B-type research activities is given below.<\/p>\n<p>(T\u00dcB\u0130TAK &amp; NATO PROJECTS ONLY)<\/p>\n<p>Investigation and Development of Performance Based Assessment Methodologies for New Generation Seismic Codes<\/p>\n<p>T\u00dcB\u0130TAK (KAMAG), 775,000 USD, 2010-2013, Co-coordinator, National<\/p>\n<p>Investigation of Various Structural Rehabilitation Methods by Pseudo-dynamic Protocols<\/p>\n<p>T\u00dcB\u0130TAK (1001), 248,839 USD, 2007-2010, Principal Investigator, National<\/p>\n<p>Harmonization of Seismic Hazard and Risk Reduction in Countries Influenced by Vrancea Earthquakes<\/p>\n<p>NATO SfP, 371,811USD, 2005-2009, Principal Investigator, International<\/p>\n<p>Strengthening of Infilled Frames by Using Wire-Mesh Reinforcement<\/p>\n<p>T\u00dcB\u0130TAK (\u0130\u00c7TAG), 34,576 USD; 2005-2008, Researcher, National<\/p>\n<p>Ductile Hybrid Connections in Prefabricated Beam-Column Connections<\/p>\n<p>T\u00dcB\u0130TAK (\u0130\u00c7TAG), 27,905 USD, 2003-2005, Researcher, ational<\/p>\n<p>Seismic Assessment and Rehabilitation of Existing Buildings<\/p>\n<p>NATO SfP, 669,043 USD, 2001-2006, Principal Investigator, International<\/p>\n<p>Structural Engineering\u00a0 Research Unit<\/p>\n<p>T\u00dcB\u0130TAK (\u0130\u00c7TAG), 595,000 USD, 2001-2006, Principal Coordinator, National<\/p>\n<p>Effect of RC Infills on the Seismic Behavior of Structures<\/p>\n<p>T\u00dcB\u0130TAK (MAG), 41,085 USD, 1999-2001, Principal Investigator, National<\/p>\n<p>Seismic Energy Dissipation in Prefabricated RC Frames by Formation of Plastic Hinges<\/p>\n<p>T\u00dcB\u0130TAK (MAG), 30,570 USD, 1995-1997, Researcher, National<\/p>\n<p>Seismic Behavior of RC Frames Strengthened with RC Infills<\/p>\n<p>T\u00dcB\u0130TAK (MAG), 57,200 USD, 1994-1998, Principal Investigator, National<\/p>\n<p>Investigation of the Behavior of High Strength RC Members<\/p>\n<p>T\u00dcB\u0130TAK (MAG), 46,300 USD, 1991-1994, Principal Investigator, National<\/p>\n<p>&nbsp;<\/p>\n","protected":false},"excerpt":{"rendered":"<p>A) CAPACITY BUILDING PROJECTS IN EARTHQUAKE ENGINEERING EDUCATION AND RESEARCH A1) The MEEES Erasmus Mundus Masters Course Program in the field of Earthquake Engineering and Engineering Seismology Central coordination is carried out by: Institute for Advanced Study\/University of Pavia National Coordinators: Dr. Haluk SUCUO\u011eLU, Dr. G\u00fcney \u00d6ZCEBE Webpage: http:\/\/www.meees.org\/ The MEEES Maters Course Program had [&hellip;]<\/p>\n","protected":false},"author":797,"featured_media":0,"parent":0,"menu_order":0,"comment_status":"open","ping_status":"open","template":"","meta":{"footnotes":"","_links_to":"","_links_to_target":""},"class_list":["post-10","page","type-page","status-publish","hentry"],"_links":{"self":[{"href":"https:\/\/blog.metu.edu.tr\/ozcebe\/wp-json\/wp\/v2\/pages\/10","targetHints":{"allow":["GET"]}}],"collection":[{"href":"https:\/\/blog.metu.edu.tr\/ozcebe\/wp-json\/wp\/v2\/pages"}],"about":[{"href":"https:\/\/blog.metu.edu.tr\/ozcebe\/wp-json\/wp\/v2\/types\/page"}],"author":[{"embeddable":true,"href":"https:\/\/blog.metu.edu.tr\/ozcebe\/wp-json\/wp\/v2\/users\/797"}],"replies":[{"embeddable":true,"href":"https:\/\/blog.metu.edu.tr\/ozcebe\/wp-json\/wp\/v2\/comments?post=10"}],"version-history":[{"count":0,"href":"https:\/\/blog.metu.edu.tr\/ozcebe\/wp-json\/wp\/v2\/pages\/10\/revisions"}],"wp:attachment":[{"href":"https:\/\/blog.metu.edu.tr\/ozcebe\/wp-json\/wp\/v2\/media?parent=10"}],"curies":[{"name":"wp","href":"https:\/\/api.w.org\/{rel}","templated":true}]}}