{"id":12,"date":"2017-09-28T18:25:18","date_gmt":"2017-09-28T18:25:18","guid":{"rendered":"http:\/\/blog.metu.edu.tr\/oyazici\/?page_id=12"},"modified":"2023-09-02T19:30:28","modified_gmt":"2023-09-02T19:30:28","slug":"research","status":"publish","type":"page","link":"https:\/\/blog.metu.edu.tr\/oyazici\/?page_id=12","title":{"rendered":"Research"},"content":{"rendered":"\n<ul class=\"wp-block-list\"><li><strong>Publications:<\/strong><div class=\"layoutArea\"><div class=\"column\"><\/div><\/li><\/ul>\n\n\n\n<ul class=\"wp-block-list\">\n<li>Ki\u015fisel A.U.\u00d6, Yazici, O.;Upper level sets of Lelong numbers on Hirzebruch surfaces\u00a0J. Geom. Anal.33(2023), no.8, Paper No. 250, 14 pp.<\/li>\n\n\n\n<li>G\u00f6\u011f\u00fc\u015f, N.G, G\u00fcny\u00fcz O, Yazici O.;Core Sets in Kahler Manifolds J. Math. Anal. Appl. 525 (2023), no.2, Paper No. 127175.<\/li>\n\n\n\n<li>Yazici, O. ; A note on the transfinite diameter of Bernstein sets.&nbsp;Turkish Journal of Mathematics. (2022) Vol. 46: No. 7, Article 14. https:\/\/doi.org\/10.55730\/1300-0098.3300<\/li>\n<\/ul>\n\n\n\n<ul class=\"wp-block-list\">\n<li>Ki\u015fisel A.U.\u00d6, Yazici, O.;&nbsp;Upper level sets of Lelong numbers on&nbsp;P2&nbsp;and cubic curves. Math. Z. 300 (2022), no. 3, 2917-2930.<\/li>\n\n\n\n<li>Yazici, O.;&nbsp;Local boundedness of Catlin&nbsp;q-type.&nbsp;Mediterr. J. Math. 19 (2022), no. 1, Paper No. 24, 11 pp<\/li>\n\n\n\n<li>Yazici, O.;&nbsp;Finite type points on subsets of&nbsp;Cn. J. Math. Anal. Appl. 487 (2020), no. 1, 123978, 6 pp.<\/li>\n\n\n\n<li>Yazici, O.;&nbsp;Holomorphic extension of meromorphic mappings along real analytic hypersurfaces. Ann.Mat. Pura Appl. (4) 199 (2020), no. 4, 1337-1342.<\/li>\n\n\n\n<li>Yazici, O.;&nbsp;Dynamical Estimates on a Class of Quadratic Polynomial Automorphisms of&nbsp;C3, Complex Var. Elliptic Equ. 62 (2017), no. 2, 230-240.<\/li>\n\n\n\n<li>Yazici, O.;&nbsp;Extension of plurisubharmonic functions in the Lelong class, Illinois J. Math. Volume 58, Number 1 (2014), 219-231<\/li>\n\n\n\n<li>Yazici, O.;A lower bound for the weighted log canonical threshold of toric plurisubharmonic functions&nbsp;(In Preparation)<\/li>\n<\/ul>\n\n\n\n<ul class=\"wp-block-list\">\n<li><div class=\"layoutArea\"><div class=\"layoutArea\"><div class=\"column\"><strong>Thesis:<\/strong><\/div><\/div><\/div>\n<ul class=\"wp-block-list\">\n<li><div class=\"layoutArea\"><div class=\"layoutArea\"><div class=\"column\"><em>Extension of plurisubharmonic functions and dynamics of polynomial mappings<\/em>, Ph.D Thesis, Syracuse University (2015) <\/div><\/div><\/div><\/li>\n\n\n\n<li><div class=\"layoutArea\">&nbsp;<em>Kolmogorov problem on widths asymptotics and pluripotential theory,<\/em> M.S. Thesis, Sabanci University (2008)<\/div><\/li>\n<\/ul>\n<\/li>\n<\/ul>\n","protected":false},"excerpt":{"rendered":"<p>Publications:<\/p>\n","protected":false},"author":5006,"featured_media":0,"parent":0,"menu_order":0,"comment_status":"closed","ping_status":"closed","template":"","meta":{"footnotes":"","_links_to":"","_links_to_target":""},"class_list":["post-12","page","type-page","status-publish","hentry"],"_links":{"self":[{"href":"https:\/\/blog.metu.edu.tr\/oyazici\/index.php?rest_route=\/wp\/v2\/pages\/12","targetHints":{"allow":["GET"]}}],"collection":[{"href":"https:\/\/blog.metu.edu.tr\/oyazici\/index.php?rest_route=\/wp\/v2\/pages"}],"about":[{"href":"https:\/\/blog.metu.edu.tr\/oyazici\/index.php?rest_route=\/wp\/v2\/types\/page"}],"author":[{"embeddable":true,"href":"https:\/\/blog.metu.edu.tr\/oyazici\/index.php?rest_route=\/wp\/v2\/users\/5006"}],"replies":[{"embeddable":true,"href":"https:\/\/blog.metu.edu.tr\/oyazici\/index.php?rest_route=%2Fwp%2Fv2%2Fcomments&post=12"}],"version-history":[{"count":0,"href":"https:\/\/blog.metu.edu.tr\/oyazici\/index.php?rest_route=\/wp\/v2\/pages\/12\/revisions"}],"wp:attachment":[{"href":"https:\/\/blog.metu.edu.tr\/oyazici\/index.php?rest_route=%2Fwp%2Fv2%2Fmedia&parent=12"}],"curies":[{"name":"wp","href":"https:\/\/api.w.org\/{rel}","templated":true}]}}