{"id":8,"date":"2015-03-19T17:05:52","date_gmt":"2015-03-19T15:05:52","guid":{"rendered":"http:\/\/blog.metu.edu.tr\/omerd\/?page_id=8"},"modified":"2023-10-12T16:05:26","modified_gmt":"2023-10-12T13:05:26","slug":"personalinfo","status":"publish","type":"page","link":"https:\/\/blog.metu.edu.tr\/omerd\/personalinfo\/","title":{"rendered":"Personal"},"content":{"rendered":"<table style=\"height: 309px\" width=\"643\">\n<tbody>\n<tr>\n<td width=\"132\">Date and Place of Birth<\/td>\n<td width=\"510\">09.03.1970, \u00c7ank\u0131r\u0131, Turkey<\/td>\n<\/tr>\n<tr>\n<td width=\"132\">Nationality<\/td>\n<td width=\"510\">Turkish<\/td>\n<\/tr>\n<tr>\n<td width=\"132\">Marital Status<\/td>\n<td width=\"510\">Married<\/td>\n<\/tr>\n<tr>\n<td width=\"132\"><\/td>\n<td width=\"510\"><\/td>\n<\/tr>\n<tr>\n<td width=\"132\">E-Mail<\/td>\n<td width=\"510\">omerd@metu.edu.tr<\/td>\n<\/tr>\n<\/tbody>\n<\/table>\n","protected":false},"excerpt":{"rendered":"<p>Date and Place of Birth 09.03.1970, \u00c7ank\u0131r\u0131, Turkey Nationality Turkish Marital Status Married E-Mail omerd@metu.edu.tr<\/p>\n","protected":false},"author":3015,"featured_media":0,"parent":0,"menu_order":0,"comment_status":"open","ping_status":"open","template":"","meta":{"footnotes":"","_links_to":"","_links_to_target":""},"class_list":["post-8","page","type-page","status-publish","hentry"],"_links":{"self":[{"href":"https:\/\/blog.metu.edu.tr\/omerd\/wp-json\/wp\/v2\/pages\/8","targetHints":{"allow":["GET"]}}],"collection":[{"href":"https:\/\/blog.metu.edu.tr\/omerd\/wp-json\/wp\/v2\/pages"}],"about":[{"href":"https:\/\/blog.metu.edu.tr\/omerd\/wp-json\/wp\/v2\/types\/page"}],"author":[{"embeddable":true,"href":"https:\/\/blog.metu.edu.tr\/omerd\/wp-json\/wp\/v2\/users\/3015"}],"replies":[{"embeddable":true,"href":"https:\/\/blog.metu.edu.tr\/omerd\/wp-json\/wp\/v2\/comments?post=8"}],"version-history":[{"count":0,"href":"https:\/\/blog.metu.edu.tr\/omerd\/wp-json\/wp\/v2\/pages\/8\/revisions"}],"wp:attachment":[{"href":"https:\/\/blog.metu.edu.tr\/omerd\/wp-json\/wp\/v2\/media?parent=8"}],"curies":[{"name":"wp","href":"https:\/\/api.w.org\/{rel}","templated":true}]}}