{"id":31,"date":"2015-03-19T22:01:06","date_gmt":"2015-03-19T20:01:06","guid":{"rendered":"http:\/\/blog.metu.edu.tr\/omerd\/?page_id=31"},"modified":"2015-03-24T15:56:39","modified_gmt":"2015-03-24T13:56:39","slug":"project-work","status":"publish","type":"page","link":"https:\/\/blog.metu.edu.tr\/omerd\/project-work\/","title":{"rendered":"Project Work"},"content":{"rendered":"<table width=\"643\">\n<tbody>\n<tr>\n<td width=\"64\"><strong>2013 \u2013Cont <\/strong><\/td>\n<td width=\"579\"><em>Principal Investigator <\/em><\/p>\n<p>Investigating the Effect of Social Networks with respect to Instruction, Teacher and Students (BAP-05-05-2013-004)<\/td>\n<\/tr>\n<tr>\n<td width=\"64\"><strong>2012 \u2013 Cont.<\/strong><\/td>\n<td width=\"579\"><em>Principal Investigator <\/em><\/p>\n<p>Improving Teachers\u2019, Students\u2019 and Parents\u2019 knowledge and skills in IT Security in Primary and Secondary Schools. METU Scientific Research Project<\/td>\n<\/tr>\n<tr>\n<td width=\"64\"><strong>2012 \u20132013<\/strong><\/td>\n<td width=\"579\"><em>Researcher<\/em><\/p>\n<p>Developing Mobile Supported Learning Environments and Evaluating Those Based on Cognitive Load Theory. METU Scientific research Project<\/td>\n<\/tr>\n<tr>\n<td width=\"64\"><strong>2011- 2013<\/strong><\/td>\n<td width=\"579\"><em>Principal Investigator <\/em><\/p>\n<p><em>Cisco Networking Academy, Turkey Impact Study Project, METU. Consultant<\/em><\/td>\n<\/tr>\n<tr>\n<td width=\"64\"><strong>2008-2009<\/strong><\/td>\n<td width=\"579\"><em>Researcher<\/em><\/p>\n<p>Cisco Networking Academy, Turkey Ministry of National Education Vocational Schools Cisco IT Essentials Course Evaluation Project<\/td>\n<\/tr>\n<tr>\n<td width=\"64\"><strong>2005-2006<\/strong><\/td>\n<td width=\"579\"><em>Researcher<\/em><\/p>\n<p>Cisco Networking Academy Evaluation Project, Indiana University \u2013 Bloomington, IN, USA. Cisco Funded 3 year research, approximately- $2,000,000 project.<\/td>\n<\/tr>\n<tr>\n<td width=\"64\"><strong>2005-2006<\/strong><\/td>\n<td width=\"579\"><em>Researcher<\/em><\/p>\n<p>Decatur School District Systemic Change Project, Indiana University \u2013 Bloomington, IN, USA<\/td>\n<\/tr>\n<tr>\n<td width=\"64\"><strong>2004-2006<\/strong><\/td>\n<td width=\"579\"><em>Active in project development phase and\u00a0\u00a0 member of supreme council of the project. <\/em><\/p>\n<p>EGMEP \u201cEmniyet Genel M\u00fcd\u00fcrl\u00fc\u011f\u00fc E\u011fitim Portal\u0131\u201d, DPT Project, METU, 2004-2006.\u00a0 Active in project development phase and\u00a0\u00a0 member of supreme council of the project. (Aproximatly $1.000.000 DPT project)<\/td>\n<\/tr>\n<\/tbody>\n<\/table>\n","protected":false},"excerpt":{"rendered":"<p>2013 \u2013Cont Principal Investigator Investigating the Effect of Social Networks with respect to Instruction, Teacher and Students (BAP-05-05-2013-004) 2012 \u2013 Cont. Principal Investigator Improving Teachers\u2019, Students\u2019 and Parents\u2019 knowledge and skills in IT Security in Primary and Secondary Schools. METU Scientific Research Project 2012 \u20132013 Researcher Developing Mobile Supported Learning Environments and Evaluating Those Based [&hellip;]<\/p>\n","protected":false},"author":3015,"featured_media":0,"parent":0,"menu_order":0,"comment_status":"open","ping_status":"open","template":"","meta":{"footnotes":"","_links_to":"","_links_to_target":""},"class_list":["post-31","page","type-page","status-publish","hentry"],"_links":{"self":[{"href":"https:\/\/blog.metu.edu.tr\/omerd\/wp-json\/wp\/v2\/pages\/31","targetHints":{"allow":["GET"]}}],"collection":[{"href":"https:\/\/blog.metu.edu.tr\/omerd\/wp-json\/wp\/v2\/pages"}],"about":[{"href":"https:\/\/blog.metu.edu.tr\/omerd\/wp-json\/wp\/v2\/types\/page"}],"author":[{"embeddable":true,"href":"https:\/\/blog.metu.edu.tr\/omerd\/wp-json\/wp\/v2\/users\/3015"}],"replies":[{"embeddable":true,"href":"https:\/\/blog.metu.edu.tr\/omerd\/wp-json\/wp\/v2\/comments?post=31"}],"version-history":[{"count":0,"href":"https:\/\/blog.metu.edu.tr\/omerd\/wp-json\/wp\/v2\/pages\/31\/revisions"}],"wp:attachment":[{"href":"https:\/\/blog.metu.edu.tr\/omerd\/wp-json\/wp\/v2\/media?parent=31"}],"curies":[{"name":"wp","href":"https:\/\/api.w.org\/{rel}","templated":true}]}}