{"id":28,"date":"2015-03-19T21:51:30","date_gmt":"2015-03-19T19:51:30","guid":{"rendered":"http:\/\/blog.metu.edu.tr\/omerd\/?page_id=28"},"modified":"2015-03-24T16:10:26","modified_gmt":"2015-03-24T14:10:26","slug":"book-chapter","status":"publish","type":"page","link":"https:\/\/blog.metu.edu.tr\/omerd\/book-chapter\/","title":{"rendered":"Book Chapter and Translation"},"content":{"rendered":"<p><strong>Book Chapter<\/strong><\/p>\n<table>\n<tbody>\n<tr>\n<td><strong>2011<\/strong><\/td>\n<td>Delialio\u011flu, \u00d6. (2011). Bili\u015fim sistemleri g\u00fcvenli\u011fi ve ilgili etik kavramlar. In A. \u015eent\u00fcrk (Ed), Temel bilgi teknolojileri ve bilgisayar kullan\u0131m\u0131 (pp. 509-537). Bursa: Ekin Bas\u0131m Yay\u0131n Da\u011f\u0131t\u0131m.<\/td>\n<\/tr>\n<\/tbody>\n<\/table>\n<p>&nbsp;<\/p>\n<p><strong>Book Translations<\/strong><\/p>\n<table cellspacing=\"5\" cellpadding=\"5\">\n<tbody>\n<tr>\n<td><strong>2002<\/strong><\/td>\n<td>\u00a0Microsoft Exchange 2000 Server Uygulama ve Y\u00f6netimi &#8211; Installing, Configuring, and Administering Microsoft Exchange 2000 Server, Microsoft Corporation ISBN: 9755092927,<br \/>\n\u00d6. Delialio\u011flu, B. Adal\u0131\u011f, G. Beyazk\u0131l\u0131\u00e7, M.Tan, S. \u00d6zkaya, A. Pamuk\u00e7u<\/td>\n<\/tr>\n<tr>\n<td>\u00a0<strong>2000<\/strong><\/td>\n<td>\u00a0Bir Bak\u0131\u015fta Access 2000, Microsoft Access 2000 At a Glance, Microsoft Corporation ISBN: 975-509-196-3; \u00d6. Delialio\u011flu<\/td>\n<\/tr>\n<tr>\n<td>\u00a0<strong>2000<\/strong><\/td>\n<td>\u00a0Ad\u0131m Ad\u0131m Microsoft Windows 2000 Professional<br \/>\nT\u00fcrk\u00e7e S\u00fcr\u00fcm, Microsoft Windows 2000 Professional Step by Step, Microsoft Corporation ISBN: 975-509-219-6; \u00d6. Delialio\u011flu, H\u00fclya Kale, S\u00fcleyman Kale<\/td>\n<\/tr>\n<tr>\n<td>\u00a0<strong>2000<\/strong><\/td>\n<td>\u00a0Ad\u0131m Ad\u0131m Microsoft Access 2000, Microsoft Access 2000 Step by Step, Microsoft Corporation ISBN: 975-509-212-9; \u00d6. Delialio\u011flu<\/td>\n<\/tr>\n<\/tbody>\n<\/table>\n<p>&nbsp;<\/p>\n","protected":false},"excerpt":{"rendered":"<p>Book Chapter 2011 Delialio\u011flu, \u00d6. (2011). Bili\u015fim sistemleri g\u00fcvenli\u011fi ve ilgili etik kavramlar. In A. \u015eent\u00fcrk (Ed), Temel bilgi teknolojileri ve bilgisayar kullan\u0131m\u0131 (pp. 509-537). Bursa: Ekin Bas\u0131m Yay\u0131n Da\u011f\u0131t\u0131m. &nbsp; Book Translations 2002 \u00a0Microsoft Exchange 2000 Server Uygulama ve Y\u00f6netimi &#8211; Installing, Configuring, and Administering Microsoft Exchange 2000 Server, Microsoft Corporation ISBN: 9755092927, \u00d6. [&hellip;]<\/p>\n","protected":false},"author":3015,"featured_media":0,"parent":0,"menu_order":0,"comment_status":"open","ping_status":"open","template":"","meta":{"footnotes":"","_links_to":"","_links_to_target":""},"class_list":["post-28","page","type-page","status-publish","hentry"],"_links":{"self":[{"href":"https:\/\/blog.metu.edu.tr\/omerd\/wp-json\/wp\/v2\/pages\/28","targetHints":{"allow":["GET"]}}],"collection":[{"href":"https:\/\/blog.metu.edu.tr\/omerd\/wp-json\/wp\/v2\/pages"}],"about":[{"href":"https:\/\/blog.metu.edu.tr\/omerd\/wp-json\/wp\/v2\/types\/page"}],"author":[{"embeddable":true,"href":"https:\/\/blog.metu.edu.tr\/omerd\/wp-json\/wp\/v2\/users\/3015"}],"replies":[{"embeddable":true,"href":"https:\/\/blog.metu.edu.tr\/omerd\/wp-json\/wp\/v2\/comments?post=28"}],"version-history":[{"count":0,"href":"https:\/\/blog.metu.edu.tr\/omerd\/wp-json\/wp\/v2\/pages\/28\/revisions"}],"wp:attachment":[{"href":"https:\/\/blog.metu.edu.tr\/omerd\/wp-json\/wp\/v2\/media?parent=28"}],"curies":[{"name":"wp","href":"https:\/\/api.w.org\/{rel}","templated":true}]}}