{"id":2,"date":"2025-05-06T08:26:31","date_gmt":"2025-05-06T08:26:31","guid":{"rendered":"https:\/\/blog.metu.edu.tr\/oed\/?page_id=2"},"modified":"2025-05-06T08:35:39","modified_gmt":"2025-05-06T08:35:39","slug":"sample-page","status":"publish","type":"page","link":"https:\/\/blog.metu.edu.tr\/oed\/sample-page\/","title":{"rendered":"Y\u00f6netim Kurulu"},"content":{"rendered":"\n<p><strong>ORTA DO\u011eU \u00d6\u011eRET\u0130M ELEMANLARI DERNE\u011e\u0130 YK<\/strong><\/p>\n\n\n\n<p><strong>Mehmet Somel- (BA\u015eKAN)<\/strong><\/p>\n\n\n\n<p><strong>Biyolojik Bilimler B\u00f6l\u00fcm\u00fc<\/strong><\/p>\n\n\n\n<p><strong>E-posta:&nbsp;<\/strong><a href=\"mailto:msomel@metu.edu.tr\"><strong>msomel@metu.edu.tr<\/strong><\/a><\/p>\n\n\n\n<p><strong>Tel: 0 312 210 64 60<\/strong><\/p>\n\n\n\n<p><strong>Birten \u00c7elik- (BA\u015eKAN YARDIMCISI)<\/strong><\/p>\n\n\n\n<p><strong>Tarih B\u00f6l\u00fcm\u00fc<\/strong><\/p>\n\n\n\n<p><strong>E-posta:&nbsp;<\/strong><a href=\"mailto:birten@metu.edu.tr\"><strong>birten@metu.edu.tr<\/strong><\/a><\/p>\n\n\n\n<p><strong>Tel: 0 312 210 31 70<\/strong><\/p>\n\n\n\n<p><strong>Besim Can Z\u0131rh \u2013 (SAYMAN)<\/strong><\/p>\n\n\n\n<p><strong>Sosyoloji B\u00f6l\u00fcm\u00fc<\/strong><\/p>\n\n\n\n<p><strong>E-posta<\/strong>:&nbsp;<a href=\"mailto:besimcan@metu.edu.tr\"><strong>besimcan@metu.edu.tr<\/strong><\/a><\/p>\n\n\n\n<p><strong>Tel: 0 312 210 59 95<\/strong><\/p>\n\n\n\n<p><strong>Zeynep Pelin Bay\u0131nd\u0131r- (YAZMAN)<\/strong><\/p>\n\n\n\n<p><strong>End\u00fcstri M\u00fchendisli\u011fi B\u00f6l\u00fcm\u00fc<\/strong><\/p>\n\n\n\n<p><strong>E-posta:&nbsp;<\/strong><a href=\"mailto:bpelin@metu.edu.tr\"><strong>bpelin@metu.edu.tr<\/strong><\/a><\/p>\n\n\n\n<p><strong>Tel: 0 312 210&nbsp;47 93<\/strong><\/p>\n\n\n\n<p><strong>Osman Balaban -(\u00dcYE)<\/strong><\/p>\n\n\n\n<p><strong>\u015eehir ve B\u00f6lge Planlama&nbsp;B\u00f6l\u00fcm\u00fc<\/strong><\/p>\n\n\n\n<p><strong>E-posta:&nbsp;<\/strong><a href=\"mailto:ozdemira@metu.edu.tr\"><strong>obalaban@metu.edu.tr<\/strong><\/a><\/p>\n\n\n\n<p><strong>Tel: 0 312 210 22 51<\/strong><\/p>\n\n\n\n<p><strong>Ahmet Burak B\u00fcy\u00fckcivelek- (\u00dcYE)<\/strong><\/p>\n\n\n\n<p><strong><strong>\u015eehir ve B\u00f6lge Planlama\u00a0B\u00f6l\u00fcm\u00fc<\/strong><\/strong><\/p>\n\n\n\n<p><strong>E-posta: aburakb@metu.edu.tr<\/strong><\/p>\n\n\n\n<p><strong>Tel: 0 312 210 62 28<\/strong><\/p>\n\n\n\n<p><strong>\u00d6\u011fr. G\u00f6r. Ay\u015fen Y\u0131lmazer- (\u00dcYE)<\/strong><\/p>\n\n\n\n<p><strong>Temel \u0130ngilizce B\u00f6l\u00fcm\u00fc<\/strong><\/p>\n\n\n\n<p><strong>E-posta:&nbsp;<\/strong><a href=\"mailto:yil@metu.edu.tr\"><strong>yil@metu.edu.tr<\/strong><\/a><\/p>\n\n\n\n<p><strong>Tel: 0 312 210 21 60<\/strong><\/p>\n\n\n\n<p><\/p>\n","protected":false},"excerpt":{"rendered":"<p>ORTA DO\u011eU \u00d6\u011eRET\u0130M ELEMANLARI DERNE\u011e\u0130 YK Mehmet Somel- (BA\u015eKAN) Biyolojik Bilimler B\u00f6l\u00fcm\u00fc E-posta:&nbsp;msomel@metu.edu.tr Tel: 0 312 210 64 60 Birten \u00c7elik- (BA\u015eKAN YARDIMCISI) Tarih B\u00f6l\u00fcm\u00fc E-posta:&nbsp;birten@metu.edu.tr Tel: 0 312 210 31 70 Besim Can Z\u0131rh \u2013 (SAYMAN) Sosyoloji B\u00f6l\u00fcm\u00fc E-posta:&nbsp;besimcan@metu.edu.tr Tel: 0 312 210 59 95 Zeynep Pelin Bay\u0131nd\u0131r- (YAZMAN) End\u00fcstri M\u00fchendisli\u011fi B\u00f6l\u00fcm\u00fc E-posta:&nbsp;bpelin@metu.edu.tr Tel: [&hellip;]<\/p>\n","protected":false},"author":9387,"featured_media":0,"parent":0,"menu_order":0,"comment_status":"closed","ping_status":"open","template":"","meta":{"footnotes":"","_links_to":"","_links_to_target":""},"class_list":["post-2","page","type-page","status-publish","hentry"],"_links":{"self":[{"href":"https:\/\/blog.metu.edu.tr\/oed\/wp-json\/wp\/v2\/pages\/2","targetHints":{"allow":["GET"]}}],"collection":[{"href":"https:\/\/blog.metu.edu.tr\/oed\/wp-json\/wp\/v2\/pages"}],"about":[{"href":"https:\/\/blog.metu.edu.tr\/oed\/wp-json\/wp\/v2\/types\/page"}],"author":[{"embeddable":true,"href":"https:\/\/blog.metu.edu.tr\/oed\/wp-json\/wp\/v2\/users\/9387"}],"replies":[{"embeddable":true,"href":"https:\/\/blog.metu.edu.tr\/oed\/wp-json\/wp\/v2\/comments?post=2"}],"version-history":[{"count":0,"href":"https:\/\/blog.metu.edu.tr\/oed\/wp-json\/wp\/v2\/pages\/2\/revisions"}],"wp:attachment":[{"href":"https:\/\/blog.metu.edu.tr\/oed\/wp-json\/wp\/v2\/media?parent=2"}],"curies":[{"name":"wp","href":"https:\/\/api.w.org\/{rel}","templated":true}]}}