{"id":19,"date":"2025-05-06T08:49:21","date_gmt":"2025-05-06T08:49:21","guid":{"rendered":"https:\/\/blog.metu.edu.tr\/oed\/?page_id=19"},"modified":"2025-05-06T08:49:21","modified_gmt":"2025-05-06T08:49:21","slug":"iletisim","status":"publish","type":"page","link":"https:\/\/blog.metu.edu.tr\/oed\/iletisim\/","title":{"rendered":"\u0130leti\u015fim"},"content":{"rendered":"<p>Derne\u011fimizle ilgili her t\u00fcrl\u00fc soru, \u00f6neri ve g\u00f6r\u00fc\u015f\u00fcn\u00fcz\u00fc oed@metu.edu.tr adresine posta ile g\u00f6nderebilirsiniz. <\/p>\n","protected":false},"excerpt":{"rendered":"<p>Derne\u011fimizle ilgili her t\u00fcrl\u00fc soru, \u00f6neri ve g\u00f6r\u00fc\u015f\u00fcn\u00fcz\u00fc oed@metu.edu.tr adresine posta ile g\u00f6nderebilirsiniz.<\/p>\n","protected":false},"author":9387,"featured_media":0,"parent":0,"menu_order":0,"comment_status":"closed","ping_status":"closed","template":"","meta":{"footnotes":"","_links_to":"","_links_to_target":""},"class_list":["post-19","page","type-page","status-publish","hentry"],"_links":{"self":[{"href":"https:\/\/blog.metu.edu.tr\/oed\/wp-json\/wp\/v2\/pages\/19","targetHints":{"allow":["GET"]}}],"collection":[{"href":"https:\/\/blog.metu.edu.tr\/oed\/wp-json\/wp\/v2\/pages"}],"about":[{"href":"https:\/\/blog.metu.edu.tr\/oed\/wp-json\/wp\/v2\/types\/page"}],"author":[{"embeddable":true,"href":"https:\/\/blog.metu.edu.tr\/oed\/wp-json\/wp\/v2\/users\/9387"}],"replies":[{"embeddable":true,"href":"https:\/\/blog.metu.edu.tr\/oed\/wp-json\/wp\/v2\/comments?post=19"}],"version-history":[{"count":0,"href":"https:\/\/blog.metu.edu.tr\/oed\/wp-json\/wp\/v2\/pages\/19\/revisions"}],"wp:attachment":[{"href":"https:\/\/blog.metu.edu.tr\/oed\/wp-json\/wp\/v2\/media?parent=19"}],"curies":[{"name":"wp","href":"https:\/\/api.w.org\/{rel}","templated":true}]}}