{"id":16,"date":"2025-05-06T08:45:53","date_gmt":"2025-05-06T08:45:53","guid":{"rendered":"https:\/\/blog.metu.edu.tr\/oed\/?page_id=16"},"modified":"2025-05-06T08:51:47","modified_gmt":"2025-05-06T08:51:47","slug":"uyelik","status":"publish","type":"page","link":"https:\/\/blog.metu.edu.tr\/oed\/uyelik\/","title":{"rendered":"\u00dcyelik"},"content":{"rendered":"<p>ODT\u00dc\u2019de \u00e7al\u0131\u015fan veya \u00e7al\u0131\u015fm\u0131\u015f olan t\u00fcm bilim ve e\u011fitim emek\u00e7ileri derne\u011fimize \u00fcye olabilir. \u00dcyelik ko\u015fullar\u0131 T\u00fcz\u00fck&#8217;te belirtilen Dernek ama\u00e7lar\u0131 do\u011frultusunda \u00e7al\u0131\u015fmak ve aidat vermektir.<\/p>\n<p>\u00dcyelik aidat\u0131 ayl\u0131k 75 TL&#8217;dir.<\/p>\n<p>\u00dcye olmak isteyenler ekteki iki sayfay\u0131 doldurarak Y\u00f6netim Kurulu \u00fcyelerinden birine fiziki olarak veya epostayla iletebilir.\u00a0<\/p>\n\n\n<div class=\"wp-block-file\"><a id=\"wp-block-file--media-b363a7ea-1899-4a7e-9202-1ec3ff85b92f\" href=\"https:\/\/blog.metu.edu.tr\/oed\/files\/2025\/05\/OED_Uyeformu2024_v2.doc\">OED_Uyeformu2024_v2<\/a><a href=\"https:\/\/blog.metu.edu.tr\/oed\/files\/2025\/05\/OED_Uyeformu2024_v2.doc\" class=\"wp-block-file__button wp-element-button\" download aria-describedby=\"wp-block-file--media-b363a7ea-1899-4a7e-9202-1ec3ff85b92f\">Download<\/a><\/div>\n","protected":false},"excerpt":{"rendered":"<p>ODT\u00dc\u2019de \u00e7al\u0131\u015fan veya \u00e7al\u0131\u015fm\u0131\u015f olan t\u00fcm bilim ve e\u011fitim emek\u00e7ileri derne\u011fimize \u00fcye olabilir. \u00dcyelik ko\u015fullar\u0131 T\u00fcz\u00fck&#8217;te belirtilen Dernek ama\u00e7lar\u0131 do\u011frultusunda \u00e7al\u0131\u015fmak ve aidat vermektir. \u00dcyelik aidat\u0131 ayl\u0131k 75 TL&#8217;dir. \u00dcye olmak isteyenler ekteki iki sayfay\u0131 doldurarak Y\u00f6netim Kurulu \u00fcyelerinden birine fiziki olarak veya epostayla iletebilir.\u00a0<\/p>\n","protected":false},"author":9387,"featured_media":0,"parent":0,"menu_order":0,"comment_status":"closed","ping_status":"closed","template":"","meta":{"footnotes":"","_links_to":"","_links_to_target":""},"class_list":["post-16","page","type-page","status-publish","hentry"],"_links":{"self":[{"href":"https:\/\/blog.metu.edu.tr\/oed\/wp-json\/wp\/v2\/pages\/16","targetHints":{"allow":["GET"]}}],"collection":[{"href":"https:\/\/blog.metu.edu.tr\/oed\/wp-json\/wp\/v2\/pages"}],"about":[{"href":"https:\/\/blog.metu.edu.tr\/oed\/wp-json\/wp\/v2\/types\/page"}],"author":[{"embeddable":true,"href":"https:\/\/blog.metu.edu.tr\/oed\/wp-json\/wp\/v2\/users\/9387"}],"replies":[{"embeddable":true,"href":"https:\/\/blog.metu.edu.tr\/oed\/wp-json\/wp\/v2\/comments?post=16"}],"version-history":[{"count":0,"href":"https:\/\/blog.metu.edu.tr\/oed\/wp-json\/wp\/v2\/pages\/16\/revisions"}],"wp:attachment":[{"href":"https:\/\/blog.metu.edu.tr\/oed\/wp-json\/wp\/v2\/media?parent=16"}],"curies":[{"name":"wp","href":"https:\/\/api.w.org\/{rel}","templated":true}]}}