{"id":99,"date":"2016-04-29T11:34:33","date_gmt":"2016-04-29T08:34:33","guid":{"rendered":"http:\/\/blog.metu.edu.tr\/ngencer\/?page_id=99"},"modified":"2023-07-24T14:22:30","modified_gmt":"2023-07-24T11:22:30","slug":"alumni-2","status":"publish","type":"page","link":"https:\/\/blog.metu.edu.tr\/ngencer\/alumni-2\/","title":{"rendered":"Alumni"},"content":{"rendered":"<h3>Ph. D. Students:<\/h3>\n<h5>\u00dcmit \u0130rgin (2021)<\/h5>\n<h5>Azadeh Kamali Tafreshi (2016)<\/h5>\n<h5>Can Bar\u0131\u015f Top (2013) (<span style=\"color: #3366ff\"><strong>METU Thesis of the Year Award, 2013<\/strong><\/span>)<\/h5>\n<h5>Koray \u00d6zdal \u00d6zkan (2013)<\/h5>\n<h5>Feza Carlak (2013)<\/h5>\n<h5>Reyhan Zengin (2013)<\/h5>\n<h5>Ali B\u00fclent U\u015fakl\u0131 (2006)<\/h5>\n<h5>Serap Ayd\u0131n (2005)<\/h5>\n<h5>Zeynep Akal\u0131n (<span style=\"color: #3366ff\"><strong>METU Thesis of the year Award, 2005<\/strong><\/span>)<\/h5>\n<h5>Can E. Acar (2003)<\/h5>\n<h5><\/h5>\n<h3>M Sc. Students<\/h3>\n<h5>Gamze Onuker (2019)<\/h5>\n<h5>Fikret Tatar (2019)<\/h5>\n<h5>Ahmet \u00d6nder Tetik (2018)<\/h5>\n<h5>Keivan Kaboutari (2017)<\/h5>\n<h5>Onur Avan (2017)<\/h5>\n<h5>Elyar Ghalichi (2017)<\/h5>\n<h5>Utku Baran Kulga (2017)<\/h5>\n<h5>Mahsa Keykhali (2016)<\/h5>\n<h5>Yi\u011fit \u00dcrkmezt\u00fcrk (2016)<\/h5>\n<h5>Damla Alptekin (2015)<\/h5>\n<h5>Ula\u015f \u0130nan (2015)<\/h5>\n<h5>Cansu Akbay (2015)<\/h5>\n<h5>M\u00fcrsel Karada\u015f (2014)<\/h5>\n<h5>Muhammed Ye\u015filkaya (2014) (Co-supervisor)<\/h5>\n<h5>Soner G\u00f6z\u00fc (2014)<\/h5>\n<h5>Galip \u00d6zdemir (2013)<\/h5>\n<h5>Erman Acar (2011)<\/h5>\n<h5>Berna Ak\u0131nc\u0131 (2010)<\/h5>\n<h5>Balkar Erdo\u011fan (2009)<\/h5>\n<h5>Mustafa Yurtk\u00f6lesi (2008)<\/h5>\n<h5>\u00c7a\u011fda\u015f Alt\u0131n (2008)<\/h5>\n<h5>Do\u011fa G\u00fcrsoy (2007)<\/h5>\n<h5>Koray \u00d6zdal \u00d6zkan (<strong><span style=\"color: #3366ff\">2006, METU Thesis of the year Award, 2007<\/span><\/strong>)<\/h5>\n<h5>Sercan Taha Ahi (2007)<\/h5>\n<h5>\u0130lyas Evrim \u00c7olak (2006)<\/h5>\n<h5>Yolda\u015f Ataseven (2005)<\/h5>\n<h5>Cemil K\u0131z\u0131l\u00f6z (2005)<\/h5>\n<h5>Dilan G\u00f6r\u00fcr (2003)<\/h5>\n<h5>Ayhan Serkan \u015e\u0131k (2003)<\/h5>\n<h5>Ba\u015fak \u00dclker Karbeyaz (<span style=\"color: #3366ff\"><strong>METU Thesis of the year Award, 2002<\/strong><\/span>)<\/h5>\n<h5>Tafseer Ahmad (2001)<\/h5>\n<h5>Burak Yenigun (2000)<\/h5>\n<h5>\u0130hsan O\u011fuz Tanzer (1998)<\/h5>\n<h5>Mehmet Kemal \u00d6zdemir (1998)<\/h5>\n<h5>Mehmet Nejat Tek (1998)<\/h5>\n<h5><\/h5>\n<h5><\/h5>\n<h5><\/h5>\n<h5><\/h5>\n","protected":false},"excerpt":{"rendered":"<p>Ph. D. Students: \u00dcmit \u0130rgin (2021) Azadeh Kamali Tafreshi (2016) Can Bar\u0131\u015f Top (2013) (METU Thesis of the Year Award, 2013) Koray \u00d6zdal \u00d6zkan (2013) Feza Carlak (2013) Reyhan Zengin (2013) Ali B\u00fclent U\u015fakl\u0131 (2006) Serap Ayd\u0131n (2005) Zeynep Akal\u0131n (METU Thesis of the year Award, 2005) Can E. Acar (2003) M Sc. Students Gamze&hellip; <a href=\"https:\/\/blog.metu.edu.tr\/ngencer\/alumni-2\/\">Read More<\/a><\/p>\n","protected":false},"author":3861,"featured_media":0,"parent":0,"menu_order":0,"comment_status":"closed","ping_status":"closed","template":"","meta":{"footnotes":"","_links_to":"","_links_to_target":""},"class_list":["post-99","page","type-page","status-publish","hentry"],"_links":{"self":[{"href":"https:\/\/blog.metu.edu.tr\/ngencer\/wp-json\/wp\/v2\/pages\/99","targetHints":{"allow":["GET"]}}],"collection":[{"href":"https:\/\/blog.metu.edu.tr\/ngencer\/wp-json\/wp\/v2\/pages"}],"about":[{"href":"https:\/\/blog.metu.edu.tr\/ngencer\/wp-json\/wp\/v2\/types\/page"}],"author":[{"embeddable":true,"href":"https:\/\/blog.metu.edu.tr\/ngencer\/wp-json\/wp\/v2\/users\/3861"}],"replies":[{"embeddable":true,"href":"https:\/\/blog.metu.edu.tr\/ngencer\/wp-json\/wp\/v2\/comments?post=99"}],"version-history":[{"count":0,"href":"https:\/\/blog.metu.edu.tr\/ngencer\/wp-json\/wp\/v2\/pages\/99\/revisions"}],"wp:attachment":[{"href":"https:\/\/blog.metu.edu.tr\/ngencer\/wp-json\/wp\/v2\/media?parent=99"}],"curies":[{"name":"wp","href":"https:\/\/api.w.org\/{rel}","templated":true}]}}