{"id":95,"date":"2016-04-29T11:31:30","date_gmt":"2016-04-29T08:31:30","guid":{"rendered":"http:\/\/blog.metu.edu.tr\/ngencer\/?page_id=95"},"modified":"2017-02-13T13:29:30","modified_gmt":"2017-02-13T10:29:30","slug":"conference-papers","status":"publish","type":"page","link":"https:\/\/blog.metu.edu.tr\/ngencer\/conference-papers\/","title":{"rendered":"Conference Papers"},"content":{"rendered":"<h5><span style=\"color: #808080\"><strong>2017\u00a0<\/strong><\/span><\/h5>\n<h5>Received Signal in Harmonic Motion Microwave Doppler Imaging as a Function of Tumor Position in a 3D Scheme, \u00dcmit \u0130rgin, Can Bar\u0131\u015f Top; Azadeh Kamali Tafreshi and Nevzat Gen\u00e7er, ISMICT 2017 Int. Symp. Medical Information and Communication Technology, 6-8 February, Lisbon, Portugal<\/h5>\n<h5><strong><span style=\"color: #808080\">2016<\/span><\/strong><\/h5>\n<h5>Elyar Ghalichi, Nevzat G\u00fcneri Gen\u00e7er, An Analytical Solution for Forward Problem of Magneto-Acousto-Electrical Tomography, BIOEM 2016, 7-10 June 2016, Ghent Belgium.<\/h5>\n<h5>Reyhan Zengin, Nevzat Gencer, A numerical study on the resolution limit of Magneto-Acousto-Electrical Tomography using Magnetic Field Measurements, BIOEM 2016, 7-10 June 2016, Ghent Belgium.<\/h5>\n<h5>Azadeh Kamali Tafreshi, Can Bar\u0131\u015f Top, \u00dcmit \u0130rgin, Nevzat G\u00fcneri Gen\u00e7er \u201cRealization of Harmonic Motion Microwave Doppler Imaging Method\u201d, BIOEM 2016, 7-10 June 2016, Ghent Belgium.<\/h5>\n<h5>Damla Alptekin, Lale Alatan, Nevzat G. Gen\u00e7er, \u201cDual Band PIFA Design For Biomedical Applications\u201d, 2016 10th European Conference on Antennas and Propagation (EuCAP), Davos, Switzerland.<\/h5>\n<h5><span style=\"color: #808080\"><strong>2015<\/strong><\/span><\/h5>\n<h5>M\u00fcrsel Karada\u015f, Nevzat G. Gen\u00e7er, \u201c2D Simulations Based on General Time-Dependent Reciprocal Relation for LFEIT\u201d, 37TH Annual International Conference Of The IEEE Engineering In Medicine And Biology Society (EMBC), IEEE Engineering in Medicine and Biology Society Conference Proceedings Pages: 1556-1559,\u00a0 2015<\/h5>\n<h5><span style=\"color: #808080\"><strong>2014<\/strong><\/span><\/h5>\n<h5>Azadeh Kamali Tafreshi, M\u00fcrsel Karada\u015f, C. Bar\u0131\u015f Top, Nevzat G. Gen\u00e7er, \u201cData Acquisition System for Harmonic Motion Microwave Doppler Imaging\u201d, 36th Annual International Conference of the IEEE-Engineering-in-Medicine-and-Biology-Society (EMBC) Location: Chicago, IL Date: AUG 26-30, 2014 Pages: 2873-2876<\/h5>\n<h5>Can Bar\u0131\u015f Top, Azadeh Kamali Tafreshi, Nevzat G. Gen\u00e7er, \u201cHarmonic Motion Microwave Doppler Imaging Method for Breast Tumor Detection\u201d, 36th Annual International Conference of the IEEE-Engineering-in-Medicine-and-Biology-Society (EMBC) Location: Chicago, IL Date: AUG 26-30, 2014 Pages: 6076-6079.<\/h5>\n<h5>Damla Alptekin, Nevzat G\u00fcneri Gen\u00e7er, Fikret K\u00fc\u00e7\u00fckdeveci, \u201cA dual band antenna design for implantable medical devices\u201d, 2014 18th National Biomedical Engineering Meeting (BIYOMUT), \u0130stanbul, Turkey.<\/h5>\n<h5>\u00a0<span style=\"color: #808080\"><strong>2011<\/strong><\/span><\/h5>\n<h5>H. Feza Carlak, Nevzat G. Gen\u00e7er, Cengiz Be\u015fikci, \u201cMedical Thermal Imaging of Electrically Stimulated Woman Breast: a simulation study\u201d, 33rd Annual International Conference of the IEEE Engineering-in-Medicine-and-Biology-Society (EMBS) Location: Boston, MA Date: AUG 30-SEP 03, 2011 Pages: 4905-4908.<\/h5>\n<h5><span style=\"color: #808080\"><strong>2009<\/strong><\/span><\/h5>\n<h5>Hasan Balkar Erdo\u011fan, Berna Ak\u0131nc\u0131, Erman Acar, Ali B\u00fclent U\u015fakl\u0131, Nevzat G\u00fcneri Gen\u00e7er,\u201d Bilgisayar Aray\u00fcz\u00fc Uygulamalar\u0131 i\u00e7in Prototip Donan\u0131m Tasar\u0131m\u0131\u201d, BIYOMUT 2009, \u0130zmir, 2009.<\/h5>\n<h5>Koray \u00d6zdal \u00d6zkan, Nevzat G. Gen\u00e7er, \u201cDokular\u0131n Elektriksel \u0130letkenliklerinin Dokunmas\u0131z Y\u00f6ntemlerle G\u00f6r\u00fcnt\u00fclenmesi: ODT\u00dc Beyin Ara\u015ft\u0131rmalar\u0131 Laboratuvarlar\u0131nda Geli\u015ftirilen Veri Toplama Sistemleri\u201d, B\u0130YOMUT 2009, \u0130zmir, 2009.<\/h5>\n<h5>Berna Ak\u0131nc\u0131, Nevzat G\u00fcneri Gen\u00e7er, \u201cS\u0131n\u0131fl\u0131 Hareket D\u00fc\u015f\u00fcnsel EEG Verisinin Ortak Seyrek Spektral Uzamsal \u00d6r\u00fcnt\u00fcler Y\u00f6ntemiyle S\u0131n\u0131fland\u0131r\u0131lmas\u0131\u201d, BIYOMUT 2009, \u0130zmir, 2009.<\/h5>\n<h5>Can Bar\u0131\u015f Top, Nevzat Gen\u00e7er, \u201cFDFD Y\u00f6ntemi ile Dokunmas\u0131z Elektriksel \u0130letkenlik G\u00f6r\u00fcnt\u00fcleme Benzetim \u00c7al\u0131\u015fmalar\u0131\u201d, BIYOMUT 2009, \u0130zmir, 2009.<\/h5>\n<h5>Feza Carlak, Nevzat G. Gen\u00e7er, \u201cElektriksel Olarak Uyar\u0131lm\u0131\u015f G\u00f6\u011f\u00fcs Modelinin Termal G\u00f6r\u00fcnt\u00fcleme Sim\u00fclasyonlar\u0131\u201d, BIYOMUT 2009, \u0130zmir, 2009.<\/h5>\n<h5>Hasan Balkar Erdo\u011fan, Nevzat G\u00fcneri Gen\u00e7er, \u201cP300 Heceleme Paradigmas\u0131nda Wiener Ters Evri\u015fim Modelinin Uygulanmas\u0131\u201c, BIYOMUT 2009, \u0130zmir, 2009.<\/h5>\n<h5>Reyhan Zengin, Nevzat G. Gen\u00e7er, \u201cDokunmas\u0131z Elektriksel \u0130letkenlik G\u00f6r\u00fcnt\u00fclemesinde Ger\u00e7ek\u00e7i Kafa Modeli ile \u0130leri Problem \u00c7\u00f6z\u00fcm\u00fc\u201d, BIYOMUT 2009, \u0130zmir, 2009.<\/h5>\n<h5><strong><span style=\"color: #808080\">2008<\/span><\/strong><\/h5>\n<h5>Koray \u00d6. \u00d6zkan, N. G. Gen\u00e7er, \u201cD\u00fc\u015f\u00fck Frekansl\u0131 Manyetik Alanlar Kullanarak Dokular\u0131n Elektriksel \u0130letkenli\u011finin G\u00f6r\u00fcnt\u00fclenmesi\u201d, Gen\u00e7 Bilim \u0130nsanlar\u0131 Ile Beyin Biyofizi\u011fi \u00c7al\u0131\u015ftay\u0131 II: Beyin Asimetrisi Ve Kognitif \u00d6l\u00e7\u00fcmlerde Mult. \u0130zmir, 2008.<\/h5>\n<h5>A. B. U\u015fakl\u0131, N. G. Gen\u00e7er, \u201c\u00c7ok Kanall\u0131 Elektroensefalografik Veri Toplama Sistemi Gen\u00e7 Bilim \u0130nsanlar\u0131 ile Beyin Biyofizi\u011fi \u00c7al\u0131\u015ftay\u0131 II: Beyin Asimetrisi ve Kognitif \u00d6l\u00e7\u00fcmlerde Mult.\u201d, \u0130zmir 2008.<\/h5>\n<h5>Koray \u00d6. \u00d6zkan, N. G. Gen\u00e7er, Dokular\u0131n Elektriksel \u0130letkenli\u011finin Dokunmas\u0131z Y\u00f6ntemlerle G\u00f6r\u00fcnt\u00fclenmesi: Alg\u0131lay\u0131c\u0131 Dizilimli Sistem 13. Biyomedikal M\u00fchendisli\u011fi Ulusal Konferans\u0131, Biyomut 2008, 238-241, 2008.<\/h5>\n<h5>C. B. Top, N. G. Gen\u00e7er, \u201cDokunmas\u0131z Elektriksel \u0130letkenlik G\u00f6r\u00fcnt\u00fcleme Y\u00f6ntemi ile Meme Kanseri Tan\u0131s\u0131 \u00dczerine Sim\u00fclasyon \u00c7al\u0131\u015fmalar\u0131\u201d, 13. Biyomedikal M\u00fchendisli\u011fi Ulusal Konferans\u0131, Biyomut 2008, 433-436, 2008.<\/h5>\n<h5>Koray \u00d6. \u00d6zkan, N. G. Gen\u00e7er, \u201cDokular\u0131n Elektriksel \u0130letkenli\u011finin Dokunmas\u0131z Y\u00f6ntemlerle G\u00f6r\u00fcnt\u00fclenmesi: Tek Bobinli Sistem\u201d, 13. Biyomedikal M\u00fchendisli\u011fi Ulusal Konferans\u0131, Biyomut 2008, 242-245, 2008.<\/h5>\n<h5>\u00c7. Alt\u0131n, N. G. Gen\u00e7er, \u201c\u0130nternet \u00dczerinden \u00c7al\u0131\u015fan Manyetik Rezonans G\u00f6r\u00fcnt\u00fcleme Sim\u00fclator\u00fc\u201d, 13. Biyomedikal M\u00fchendisli\u011fi Ulusal Konferans\u0131, Biyomut 2008, 363-366, 2008.<\/h5>\n<h5>R. Zengin, N. G. Gen\u00e7er, \u201cAnsys Yaz\u0131l\u0131m\u0131 \u0130le Elektriksel \u0130letkenlik G\u00f6r\u00fcnt\u00fclemesi i\u00e7in \u0130leri Problem \u00c7\u00f6z\u00fcm\u00fc\u201d, 13. Biyomedikal M\u00fchendisli\u011fi Ulusal Konferans\u0131, B\u0130YOMUT 2008<strong>,\u00a0<\/strong>246-249, 2008.<\/h5>\n<h5>A. B. Usakl\u0131, N. G. Gen\u00e7er, \u201c256 Kanall\u0131 Elektroensefalografik Veri Toplama Sistemi 13. Biyomedikal M\u00fchendisli\u011fi Ulusal Konferansi, B\u0130YOMUT 2008 234-237 2008.<\/h5>\n<h5>M. Yurtk\u00f6lesi, N. G. Gen\u00e7er, \u201c\u0130nsan Beyninin \u0130letkenlik G\u00f6r\u00fcnt\u00fclemesinin Uyar\u0131lm\u0131\u015f Potansiyeller \u0130le Yap\u0131lmas\u0131\u201d, 13. Biyomedikal M\u00fchendisli\u011fi Ulusal Konferans\u0131, B\u0130YOMUT 2008, 250-253, 2008.<\/h5>\n<h5><strong><span style=\"color: #808080\">2005<\/span><\/strong><\/h5>\n<h5>Nevzat G. Gen\u00e7er, Zeynep Akal\u0131n, \u201cUse of the Isolated Problem Approach for the multi-compartment BEM models of electric source imaging\u201d, Proc. BEM&amp;NFSI, Minneapolis, May 2005.<\/h5>\n<h5><span style=\"color: #808080\"><strong>2003<\/strong><\/span><\/h5>\n<h5>Nevzat G. Gen\u00e7er, Can E. Acar, Use of the reciprocal problems in Electro-magnetic source imaging of the human brain,\u00a025th Annual International Conference of IEEE Engineering in Medicine and Biology Conference, pp. 2667-2670, September 2003.<\/h5>\n<h5>Zeynep Akal\u0131n, Nevzat G. Gen\u00e7er, An Accelerated BEM formulation for the formulation of ESI using realistic head models,\u00a025th Annual International Conference of IEEE Engineering in Medicine and Biology Conference, pp. 2671-2674, September 2003.<\/h5>\n<h5>Can E. Acar, Nevzat G. Gen\u00e7er, Sensitivity of EEG and MEG to conductivity perturbations,\u00a025th Annual International Conference of IEEE Engineering in Medicine and Biology Conference, pp. 2834-2837, September 2003.<\/h5>\n<h5>Serap K\u0131l\u0131\u00e7, Nevzat G. Gen\u00e7er, Buyurman Baykal, Comparison of methods for extraction of evoked potentials,\u00a025th Annual International Conference of IEEE Engineering in Medicine and Biology Conference, pp. 2495-2498, September 2003.<\/h5>\n<h5>Yolda\u015f Ataseven, Can E. Acar, Zeynep Akal\u0131n, Nevzat G. Gen\u00e7er, \u0130nsan beyninin elektro-manyetik kaynak g\u00f6r\u00fcnt\u00fclemesinde s\u0131n\u0131r elemanlar\u0131 y\u00f6nteminin (SEY) paralel uygulamas\u0131, Biyomedikal M\u00fchendisli\u011fi ulusal toplant\u0131s\u0131, B\u0130YOMUT 2003, 197-201, Istanbul.<\/h5>\n<h5>Zeynep Akal\u0131n, Nevzat G. Gen\u00e7er, Elektro-manyetik kaynak g\u00f6r\u00fcnt\u00fcleme ileri probleminde ger\u00e7ek\u00e7i kafa modelleri ve iletkenli\u011fe duyarl\u0131l\u0131k analizi, Biyomedikal M\u00fchendisli\u011fi Ulusal Toplant\u0131s\u0131, B\u0130YOMUT 2003, 64-67, \u0130stanbul<\/h5>\n<h5>Evrim \u00c7olak, Nevzat G. Gen\u00e7er, Biyolojik doku iletkenliklerinin dokunmas\u0131z y\u00f6ntemlerle g\u00f6r\u00fcnt\u00fclenmesi, Biyomedikal M\u00fchendisli\u011fi ulusal toplant\u0131s\u0131, B\u0130YOMUT 2003, 38-41, \u0130stanbul<\/h5>\n<h5>A. Serkan \u015e\u0131k, Nevzat G. Gen\u00e7er, X-\u0131\u015f\u0131nl\u0131 g\u00f6r\u00fcnt\u00fcleme fizi\u011fi e\u011fitimi i\u00e7in Java\/Flash Tabanl\u0131 Benzetim Arabirim Tasar\u0131m\u0131, Biyomedikal M\u00fchendisli\u011fi ulusal toplant\u0131s\u0131, B\u0130YOMUT 2003, 106-109, \u0130stanbul<\/h5>\n<h5>Serap K\u0131l\u0131\u00e7, Nevzat G. Gen\u00e7er, Buyurman Baykal, \u201cEB\u00c7\u2019den Uyar\u0131lm\u0131\u015f potansiyellerin kestirimi i\u00e7in \u00fc\u00e7 ayarlan\u0131r s\u00fczge\u00e7 ile altuzay d\u00fczenleme y\u00f6nteminin k\u0131yaslanmas\u0131\u201d, 11. Sinyal \u0130\u015fleme ve \u0130leti\u015fim Uygulamalar\u0131 Kurultay\u0131, 612-615, Haziran 2003, \u0130stanbul<\/h5>\n<h5>Serap K\u0131l\u0131\u00e7, Nevzat G. Gen\u00e7er, Buyurman Baykal, \u201cUyar\u0131lm\u0131\u015f potansiyellerin elde edilmesinde altuzay y\u00f6ntemi ile birle\u015ftirilerek etkili kestirim sa\u011flayan iki farkl\u0131 Wiener s\u00fczge\u00e7 yakla\u015f\u0131m\u0131\u201d, 11. Sinyal \u0130\u015fleme ve \u0130leti\u015fim Uygulamalar\u0131 Kurultay\u0131, 616-619, Haziran 2003, \u0130stanbul<\/h5>\n<h5><span style=\"color: #808080\"><strong>2002<\/strong><\/span><\/h5>\n<h5>Can E. Acar, Nevzat G. Gen\u00e7er, \u201cA high performance PC-based Parallel Computing Platform for Electro-magnetic Source Imaging\u201d, The XXIXth International Congress on Electrocardiology and the 4<sup>th<\/sup>\u00a0International Conference on Bioelectromagnetism, July 2002, Montreal, Canada.<\/h5>\n<h5>Zeynep Akal\u0131n, Nevzat G. Gencer, \u201cInvestigating the effects of eye conductivity on EMSI forward problem using a Realistic BEM Head Model\u201d, The XXIXth International Congress on Electrocardiology and the 4<sup>th<\/sup>\u00a0International Conference on Bioelectromagnetism, July 2002, Montreal, Canada.<\/h5>\n<h5><span style=\"color: #808080\"><strong>2001<\/strong><\/span><\/h5>\n<h5>Tafseer Ahmad, Nevzat G. Gencer, \u201cDevelopment of a data acquisition system for electrical conductivity images of biological tissues via contactless measurements\u201d, 23<sup>rd<\/sup>\u00a0Annual International Conference of IEEE\/ EMBS, October 2001, Istanbul, Turkey.<\/h5>\n<h5>Ba\u015fak \u00dclker, Nevzat G. Gencer, \u201cImplementation of a Data Acquisition System for contactless conductivity imaging\u201d, 23<sup>rd<\/sup>\u00a0Annual International Conference of IEEE\/ EMBS, October 2001, Istanbul, Turkey (tied for 3<sup>rd<\/sup>\u00a0Place in the student paper Competition)<\/h5>\n<h5>Zeynep Akal\u0131n, Can Erkin Acar, Nevzat G. Gen\u00e7er, \u201dDevelopment of realistic head models for electromagnetic-source images of the human brain\u201d, \u201d, 23<sup>rd<\/sup>\u00a0Annual International Conference of IEEE\/ EMBS, October 2001, Istanbul, Turkey<\/h5>\n<h5>Can. E. Acar, Nevzat G. Gen\u00e7er, \u201cForward Problem Solution of EMSIs with FEM on a network of workstations\u201d, NFSI 2001, pp. 132-134, Innsbruck, Austria.<\/h5>\n<h5>Zeynep Akal\u0131n, Nevzat G. Gen\u00e7er, \u201cForward Problem Solution of EMSIs with BEM Using Realistic Head Models\u201d, NFSI 2001, pp. 135-137, Innsbruck, Austria<\/h5>\n<h5><strong><span style=\"color: #808080\">2000<\/span><\/strong><\/h5>\n<h5>Can. E Acar, Nevzat G. Gencer, \u201cElektro-Manyetik Kaynak G\u00f6r\u00fcnt\u00fcleme \u0130leri Probleminin Paralel Bilgisayar Ortam\u0131nda \u00c7\u00f6z\u00fclmesi: Ba\u015far\u0131m Artt\u0131r\u0131m\u0131\u201d, Biyomedikal Muhendisligi Ulusal Toplantisi, Kasim 2000.<\/h5>\n<h5>Zeynep Akalin, Nevzat G. Gencer, \u201cMR Kafa Goruntulerinin Bolutlenmesi\u201d Biyomedikal Muhendisligi Ulusal Toplantisi, Kasim 2000.<\/h5>\n<h5>Tafseer Ahmad, Nevzat G. Gencer, \u201cBiyolojik Dokularin Elektriksel \u0130letkenli\u011fini Temas Olmadan G\u00f6r\u00fcnt\u00fclemeye Y\u00f6nelik Bir Alici Geli\u015firmek I\u00e7in Deneysel \u00c7ali\u015fmalar\u201d Biyomedikal Muhendisligi Ulusal Toplantisi, Kasim 2000.<\/h5>\n<h5><span style=\"color: #808080\"><strong>1999<\/strong><\/span><\/h5>\n<h5>Nevzat G. Gen\u00e7er, I. O\u011fuz Tanzer, \u201cForward Problem Solution of EMSIs Using BEM with Isoparametric Cubic Elements\u201d,\u00a0Proceedings of the First Joint BMES\/EMBS Conference<em>,\u00a0<\/em>p<em>.\u00a0<\/em>1122<em>,\u00a0<\/em>Atlanta, October 1999.<\/h5>\n<h5>Nevzat G. Gen\u00e7er, M. Nejat Tek, \u201cSub-surface Electrical Conductivity Imaging via Contactless Measurements,\u00a0Proceedings of the First Joint BMES\/EMBS Conference, p. 1121<em>,\u00a0<\/em>Atlanta, October 1999.<\/h5>\n<h5>Can E. Acar, Nevzat G. Gen\u00e7er, \u201cForward Problem Solution of ESI using FEM and BEM with Quadratic Isoparametric Elements\u201d,\u00a0<em>P<\/em>roceedings of the First Joint BMES\/EMBS Conference<em>,\u00a0<\/em>p. 437<em>,<\/em>Atlanta, October 1999.<\/h5>\n<h5><strong><span style=\"color: #808080\">1998<\/span><\/strong><\/h5>\n<h5>Can E. Acar, Nevzat G. Gen\u00e7er, \u201cParallel Solution of the Electro-Magnetic Source Imaging Forward Problem on a network of Workstations\u201d, Proceed. Int. Conf. Biomag., BIOMAG 98, 1998.<\/h5>\n<h5><span style=\"color: #808080\"><strong>1997<\/strong><\/span><\/h5>\n<h5>Bar\u0131\u015f Kazar, Nevzat. G. Gen\u00e7er, \u201cDoku iletkenliklerinin kontak olmadan g\u00f6r\u00fcnt\u00fclenebilmesi i\u00e7in \u00e7evirge\u00e7 tasar\u0131m\u0131<em>\u201c, 7<\/em>th Annual Conference of Electrical-Electronics and Computer Engineering, pp. 142-145, September 1997<\/h5>\n<h5>Nejat Tek, Nevzat. G. Gen\u00e7er, \u201cManyetik uyar\u0131mla doku iletkenli\u011fi g\u00f6r\u00fcnt\u00fclemesi i\u00e7in sonlu elemanlar y\u00f6ntemi ile ileri problem \u00e7\u00f6z\u00fcm\u00fc<em>\u201c, <\/em>7th Annual Conference of Electrical-Electronics and Computer Engineering, pp. 138-141, September 1997.<\/h5>\n<h5>Kemal \u00d6zdemir, Nevzat. G. Gen\u00e7er, \u201cBeyin Elektriksel Aktivitelerinin G\u00f6r\u00fcnt\u00fclenmesi i\u00e7in Sonlu Elemanlar Y\u00f6ntemi ile \u0130leri Problem \u00c7\u00f6z\u00fcm\u00fc\u201d,<em>\u00a07<\/em>th Annual Conference of Electrical-Electronics and Computer Engineering, pp. 158-161, September 1997.<\/h5>\n<h5>O\u011fuz Tanzer, Nevzat. G. Gen\u00e7er, \u201cBeyin Elektriksel Aktivitelerinin G\u00f6r\u00fcnt\u00fclenmesi i\u00e7in S\u0131n\u0131r Eleman\u0131 Y\u00f6ntemi ile \u0130leri Problem \u00c7\u00f6z\u00fcm\u00fc<em>\u201c, <\/em>7th Annual Conference of Electrical-Electronics and Computer Engineering, pp. 154-157, September 1997.<\/h5>\n<h5>Can Acar, Nevzat. G. Gen\u00e7er, \u201cSonlu Elemanlar Say\u0131sal Modelinin \u00c7\u00f6z\u00fcm\u00fc i\u00e7in Kullan\u0131lan Y\u00f6ntemlerin ve S\u0131ralama Algoritmalar\u0131n\u0131n Kar\u015f\u0131la\u015ft\u0131r\u0131lmas\u0131\u201d,<em>\u00a07th Annual Conference of Electrical-Electronics and Computer Engineering<\/em>, pp. 184-187, September 1997.<\/h5>\n<h5>\u00d6zlem Birg\u00fcl, Y. Z. \u0130der, Nevzat. G. Gen\u00e7er, \u201cMRI-EIT i\u00e7in Duyarl\u0131l\u0131k Matrisinin T\u00fcretilmesi\u201d,\u00a0<em>7<\/em>th Annual Conference of Electrical-Electronics and Computer Engineering, pp. 168-171, September 1997.<\/h5>\n<h5>Nejat Tek, Nevzat. G. Gen\u00e7er, \u201cA New 3D FEM Formulation for the solution of Potential Fields in Magnetic Induction Problems<em>\u201c, <\/em>19th Annual International Conference of the IEEE Eng. Med. Biology Society\u00a0, pp. 2470-2473, 1997.<\/h5>\n<h5>Kemal \u00d6zdemir, Nevzat. G. Gen\u00e7er, \u201cA New Finite Element Method Formulation for the Forward Problem Solution of Electro-magnetic Source Localization\u201d,\u00a0<em>19th Annual International Conference of the IEEE Eng. Med. Biology\u00a0 Society<\/em>,\u00a0 pp. 2104-2107, 1997.<\/h5>\n<h5>O\u011fuz Tanzer, Nevzat. G. Gen\u00e7er, \u201cA New Boundary Element Method Formulation for the Forward Problem Solution of Electro-Magnetic Imaging\u201d,\u00a019th Annual International Conference of the IEEE Eng. Med. Biology Society, pp. 2100-2103 1997.<\/h5>\n<h5><span style=\"color: #808080\"><strong>1996<\/strong><\/span><\/h5>\n<h5>N. G. Gen\u00e7er, and S. J. Williamson, \u201d Generalized inverse solution for Bimodal Electro-Magnetic Source Imaging \u201d,\u00a0Tenth Int. Conf. on Biomag., February 1996, BIOMAG96, Santa Fe.<\/h5>\n<h5>\u00a0<span style=\"color: #808080\"><strong>1993<\/strong><\/span><\/h5>\n<h5>Nevzat. G. Gen\u00e7er, and Y. Z. Ider, \u201cAn Experimental Study for Electrical Impedance Tomography Using Induced Currents\u201d,\u00a0IEEE-EMBS 15th Ann. Int. Conf. Proc., October 1993, San Diego.<\/h5>\n<h5>Nevzat. G. Gen\u00e7er, and Y. Z. Ider, \u201cElectrical Impedance Tomography Using Induced Currents: An Experimental Study\u201d,\u00a0IEEE Trans. Nuc. Sci. Med. Imaging Conf., Vol. 3, pp. 1794-1798, November 1993, San Francisco.<\/h5>\n<h5>\u00a0<span style=\"color: #808080\"><strong>1992<\/strong><\/span><\/h5>\n<h5>Nevzat G. Gen\u00e7er, Mustafa Kuzuoglu, Y. Ziya Ider, \u201cSensitivity Matrix Analysis of the Back-Projection Algorithm in Electrical Impedance Tomography\u201d,\u00a0IEEE-EMBS 14th Annual International Conference Proceedings, October 1992, Paris.<\/h5>\n<h5>Mustafa Kuzuoglu, Kemal Leblebicio\u011flu, Nevzat G. Gen\u00e7er, \u201cA New Descent Algorithm for Electrical Impedance Tomography\u201d,\u00a0IEEE-EMBS 14th Annual International Conference Proceedings, October 1992, Paris.<\/h5>\n<h5>Nevzat G. Gen\u00e7er, Mustafa Kuzuoglu, Y. Ziya Ider, \u201cSensitivity Matrix Approach For Image Reconstruction for Electrical Impedance Tomography\u201d, Proc. CAIT Workshop, Toulouse, 1992.<\/h5>\n<h5><span style=\"color: #808080\"><strong>1991<\/strong><\/span><\/h5>\n<h5>Nevzat G. Gen\u00e7er, Y. Ziya Ider, Mustafa Kuzuoglu, \u201cSensitivity Analysis and Inverse Problem Solution of Electrical Impedance Tomography Using Induced and Injected Currents\u201d,\u00a0IEEE-EMBS\u00a013th Annual International Conference Proceedings, November 1991, Orlando.<\/h5>\n<h5><span style=\"color: #808080\"><strong>1990<\/strong><\/span><\/h5>\n<h5>Nevzat G. Gen\u00e7er, Y. Ziya Ider, Bora Nakiboglu, \u201cAn Alternative Solution For the Problem of Electrode Position Determination in Electrical Impedance Tomography\u201d,\u00a0IEEE-EMBS 12th Annual International Conference Proceedings, pp. 128-129, 1990 Philadelphia.<\/h5>\n<h5>Nevzat G. Gen\u00e7er, Bora Nakiboglu, Y. Ziya Ider, \u201d Use of a Peripheral Layer of Known Conductivity for Electrical Impedance Tomography\u201c, Proceedings of a Workshop on Electrical Impedance Tomography, pp. 76-83 1990 Copenhagen.<\/h5>\n<h5><strong><span style=\"color: #808080\">1989<\/span><\/strong><\/h5>\n<h5>Nevzat G. Gen\u00e7er, Y. Ziya Ider, Haluk Tosun, \u201cGenel kesitli, keside dik y\u00f6nlerde iletkenli\u011fi de\u011fi\u015fmeyen yap\u0131lar i\u00e7in elektriksel empedans tomografisi\u201d, ODT\u00dc EMB 30. Y\u0131l Sempozyumu, sayfa 103-106, 1989 Ankara T\u00fcrkiye.<\/h5>\n<h5>Y. Ziya Ider, Nevzat G. Gen\u00e7er, \u201cAn Algorithm for Compensating for 3D Effects in Electrical Impedance Tomography\u201d,\u00a0IEEE-EMBS 11th Annual International Conference Proceedings, pp. 465-466, 1989 Seattle.<\/h5>\n<h5>Nevzat G. Gen\u00e7er, Y. Ziya Ider, \u201cA Simulation Study of the Resolution limits of Electrical impedance Tomography\u201d,\u00a05th Mediterranean Medical and Biological Engineering Conference Proceedings, pp. 356-357, 1989 Patras Greece.<\/h5>\n<h5><span style=\"color: #808080\"><strong>1988<\/strong><\/span><\/h5>\n<h5>Y. Ziya Ider, Erkan Dorken, Nevzat G. Gen\u00e7er, Hayrettin K\u00f6ymen, \u201cA Dual Modality Imaging System for Impedance Tomography with Ultrasonically Determined Boundaries\u201c, IEEE-EMBS 10th Annual International Conference Proceedings, pp. 283-284, 1988 New Orleans.<\/h5>\n<h5><span style=\"color: #808080\"><strong>1987<\/strong><\/span><\/h5>\n<h5>Nevzat G. Gen\u00e7er, Y. Ziya Ider, \u201cAlgebraic Reconstruction Techniques for Electrical Impedance Imaging\u201d,\u00a0Proceedings of 2nd National Conference on Electrical Engineering, pp. 402-405, 1987 Ankara, Turkey (Turkish).<\/h5>\n<h5>Ziya Ider, Cahit Altan, Ergin Atalar, Nevzat G. Gen\u00e7er, \u201cElectrical Impedance Imaging System Applicable to Objects of Arbitrary but Known Boundary\u201c, IEEE-EMBS 9th Annual International Conference Proceedings, Vol. 3, pp. 1427-28, 1987 Boston.<\/h5>\n<h5><\/h5>\n","protected":false},"excerpt":{"rendered":"<p>2017\u00a0 Received Signal in Harmonic Motion Microwave Doppler Imaging as a Function of Tumor Position in a 3D Scheme, \u00dcmit \u0130rgin, Can Bar\u0131\u015f Top; Azadeh Kamali Tafreshi and Nevzat Gen\u00e7er, ISMICT 2017 Int. Symp. Medical Information and Communication Technology, 6-8 February, Lisbon, Portugal 2016 Elyar Ghalichi, Nevzat G\u00fcneri Gen\u00e7er, An Analytical Solution for Forward Problem&hellip; <a href=\"https:\/\/blog.metu.edu.tr\/ngencer\/conference-papers\/\">Read More<\/a><\/p>\n","protected":false},"author":3861,"featured_media":0,"parent":0,"menu_order":0,"comment_status":"closed","ping_status":"closed","template":"","meta":{"footnotes":"","_links_to":"","_links_to_target":""},"class_list":["post-95","page","type-page","status-publish","hentry"],"_links":{"self":[{"href":"https:\/\/blog.metu.edu.tr\/ngencer\/wp-json\/wp\/v2\/pages\/95","targetHints":{"allow":["GET"]}}],"collection":[{"href":"https:\/\/blog.metu.edu.tr\/ngencer\/wp-json\/wp\/v2\/pages"}],"about":[{"href":"https:\/\/blog.metu.edu.tr\/ngencer\/wp-json\/wp\/v2\/types\/page"}],"author":[{"embeddable":true,"href":"https:\/\/blog.metu.edu.tr\/ngencer\/wp-json\/wp\/v2\/users\/3861"}],"replies":[{"embeddable":true,"href":"https:\/\/blog.metu.edu.tr\/ngencer\/wp-json\/wp\/v2\/comments?post=95"}],"version-history":[{"count":0,"href":"https:\/\/blog.metu.edu.tr\/ngencer\/wp-json\/wp\/v2\/pages\/95\/revisions"}],"wp:attachment":[{"href":"https:\/\/blog.metu.edu.tr\/ngencer\/wp-json\/wp\/v2\/media?parent=95"}],"curies":[{"name":"wp","href":"https:\/\/api.w.org\/{rel}","templated":true}]}}