{"id":48,"date":"2015-11-12T15:14:44","date_gmt":"2015-11-12T13:14:44","guid":{"rendered":"http:\/\/blog.metu.edu.tr\/ngencer\/?page_id=48"},"modified":"2023-07-24T14:41:30","modified_gmt":"2023-07-24T11:41:30","slug":"honors","status":"publish","type":"page","link":"https:\/\/blog.metu.edu.tr\/ngencer\/honors\/","title":{"rendered":"Honors"},"content":{"rendered":"<table width=\"0\">\n<tbody>\n<tr>\n<td width=\"57\">2023<\/td>\n<td width=\"605\"><strong>ISIF&#8217;23 Bronze medal<\/strong>, <strong>8th \u0130stanbul International Inventions Fair<\/strong> &#8211; ISIF&#8217;23, April 27<sup>th<\/sup>-May 1<sup>st <\/sup>, \u0130stanbul, Turkey.<strong>US 10,123,704 B2, EP3016579 B1 <\/strong><p><\/p>\n<p>Gen\u00e7er N. G., Carlak H. F., Be\u015fikci C., <strong>Multi-Frequency Current Applied Dual-Band Active Thermal Imaging and the System<\/strong>.<\/p>\n<\/td>\n<\/tr>\n<tr>\n<td width=\"57\">2010<\/td>\n<td width=\"605\"><strong>James Edward Zimmerman Prize<\/strong>,<strong><em>In recognition of his contribution to advances in the field of SQUID technology<\/em><\/strong><em>, <\/em>International Federation for Medical and Biological Engineering, <strong>BIOMAG 2010<\/strong>, Dubrovnik, Croatia.<\/td>\n<\/tr>\n<tr>\n<td width=\"57\">2010<\/td>\n<td width=\"605\"><strong>IV. Health Industry Employers\u2019 Association of Turkey (SEIS) National Medical Device Project Award Winner<\/strong>, <strong>Low-cost, efficient brain-computer interface design and prototype development<\/strong><em>, <\/em><strong>Nevzat G. Gen\u00e7er, H. Balkar Erdo\u011fan, Berna Ak\u0131nc\u0131, Erman Acar, Ali B\u00fclent U\u015fakl\u0131.<\/strong><\/td>\n<\/tr>\n<tr>\n<td width=\"57\">2008<\/td>\n<td width=\"605\">Co-author of an article listed in the short-list of the <strong>Alfred Nightingale Award 2008, Medical &amp; Biological Engineering &amp; Comput<\/strong>. (Ataseven Y, Akalin-Acar Z, Acar CE, Gencer NG, <strong>Parallel implementation of the accelerated BEM approach for EMSI of the human brain<\/strong>, Med. Biol. Eng. Comp. 46:671-679, 2008.<\/td>\n<\/tr>\n<tr>\n<td width=\"57\">2003<\/td>\n<td width=\"605\"><strong>Research Incentive Award, Turkish Scientific and Technical Research Council (TUBITAK).<\/strong><\/td>\n<\/tr>\n<tr>\n<td width=\"57\">2000<\/td>\n<td width=\"605\"><strong>1999 Academic Achievement Award of the Middle East Technical University (METU).<\/strong><\/td>\n<\/tr>\n<tr>\n<td width=\"57\">1999<\/td>\n<td width=\"605\"><strong>Research Incentive Award, Prof. Dr. Mustafa N. Parlar Education and Research Foundation.<\/strong><\/td>\n<\/tr>\n<tr>\n<td width=\"57\">1998<\/td>\n<td width=\"605\"><strong>Nominated<\/strong> <strong>by the Electrical Engineering Department and the Dean of Engineering Faculty<\/strong> for the <strong>Research Incentive Award of the Turkish Scientific and Technical Research Council<\/strong>.<\/td>\n<\/tr>\n<tr>\n<td width=\"57\">1997<\/td>\n<td width=\"605\"><strong>Associate Professorship, Institute of Higher Education.<\/strong><\/td>\n<\/tr>\n<tr>\n<td width=\"57\">1996<\/td>\n<td width=\"605\"><strong>Research Assistant Support<\/strong> is provided under the <strong>Research Assistant Support Program of the Natural Sciences Institute of METU<\/strong>.<\/td>\n<\/tr>\n<tr>\n<td width=\"57\">1994<\/td>\n<td width=\"605\"><strong>Turkish Scientific Research Council Postdoctoral fellowship program support.<\/strong><\/td>\n<\/tr>\n<tr>\n<td width=\"57\">1988<\/td>\n<td width=\"605\"><strong>Erol Gelenbe, One of the best M. Sc. Thesis Award in the <\/strong>Electrical and&nbsp; Electronic Engineering&nbsp;&nbsp; Department of&nbsp; METU.<\/td>\n<\/tr>\n<\/tbody>\n<\/table>\n\n\n<p><strong>AWARDS RECEIVED BY SUPERVISED GRADUATE STUDENTS<\/strong><\/p>\n\n\n\n<figure class=\"wp-block-table is-style-stripes\"><table><tbody><tr><td>2017<\/td><td>Co-author of the conference paper that receives <strong>Best Student Paper Award<\/strong>, ISMICT 2017 International Symposium on Medical Information and Communication Technology, Lisbon, Portugal, February 6-8th, 2017. <strong>\u00dcmit \u0130rgin, <\/strong>Can Bar\u0131\u015f Top, Azadeh Kamali Tafreshi, and Nevzat G. Gen\u00e7er, <strong>Received Signal in Harmonic Motion Microwave Doppler Imaging as a Function of Tumor Position in a 3D Scheme<\/strong> &nbsp;<\/td><\/tr><tr><td>2016<\/td><td>M. Sc. Thesis Supervisor of <strong>Damla Alptekin<\/strong>, <strong>2016 Graduate Research Workshop Award Winner<\/strong>, METU Department of Electrical and Electronics Engineering. &nbsp;<\/td><\/tr><tr><td>2014<\/td><td>Ph. D. Thesis Supervisor of <strong>Can Bar\u0131\u015f Top<\/strong>, 2012-2013 Academic Year, <strong>Serhat \u00d6zyar<\/strong> <strong>Young Scientist of the Year Award.<\/strong> &nbsp;<\/td><\/tr><tr><td>2013&nbsp;<\/td><td>Ph. D Thesis Supervisor of <strong>Can Bar\u0131\u015f Top<\/strong> 2012-2013 Academic Year<strong>, Thesis of the Year Award, Mustafa N. Parlar Education and Research Foundation.<\/strong> &nbsp;<\/td><\/tr><tr><td>2010<\/td><td>M. Sc. Thesis Supervisor of <strong>Hasan Balkar Erdo\u011fan<\/strong>, 2008-2009 Academic Year,<strong> METU Best Thesis Award Winner, METU Graduate School of Natural and Applied Sciences.<\/strong> &nbsp;<\/td><\/tr><tr><td>2007<\/td><td>M. Sc. Thesis Supervisor of <strong>Koray \u00d6. \u00d6zkan<\/strong>, Middle East Technical University, <strong>Thesis of the Year Award, Mustafa N. Parlar Education and Research Foundation.<\/strong> <strong>&nbsp;<\/strong><\/td><\/tr><tr><td>2005<\/td><td>Ph. D. Thesis Supervisor of <strong>Zeynep Akal\u0131n<\/strong>, Middle East Technical University, <strong>Serhat \u00d6zyar Young Scientist of the Year Award.<\/strong> <strong>&nbsp;<\/strong><\/td><\/tr><tr><td>2004<\/td><td>Ph. D. Thesis Supervisor of <strong>Zeynep Akal\u0131n<\/strong>, Middle East Technical University, <strong>Thesis of the Year Award, Mustafa N. Parlar Education and Research Foundation<\/strong>. &nbsp;<\/td><\/tr><tr><td>2002<\/td><td>M. Sc. Thesis Supervisor of <strong>Ba\u015fak \u00dclker Karbeyaz<\/strong>, Middle East Technical University, <strong>Thesis of the Year Award, Mustafa N. Parlar Education and Research Foundation.<\/strong> &nbsp;<\/td><\/tr><tr><td>2001<\/td><td><strong>3rd place in the 2001 IEEE EMBS Student Paper Competition<\/strong> <strong>Ba\u015fak \u00dclker Karbeyaz<\/strong>, Nevzat G. Gencer, <strong>Implementation of a Data Acquisition System for contactless conductivity imaging<\/strong>, 23rd Annual International Conference of IEEE\/ EMBS, October 2001, Istanbul, Turkey. &nbsp;<\/td><\/tr><\/tbody><\/table><\/figure>\n","protected":false},"excerpt":{"rendered":"<p>2023 ISIF&#8217;23 Bronze medal, 8th \u0130stanbul International Inventions Fair &#8211; ISIF&#8217;23, April 27th-May 1st , \u0130stanbul, Turkey.US 10,123,704 B2, EP3016579 B1 Gen\u00e7er N. G., Carlak H. F., Be\u015fikci C., Multi-Frequency Current Applied Dual-Band Active Thermal Imaging and the System. 2010 James Edward Zimmerman Prize,In recognition of his contribution to advances in the field of SQUID&hellip; <a href=\"https:\/\/blog.metu.edu.tr\/ngencer\/honors\/\">Read More<\/a><\/p>\n","protected":false},"author":3861,"featured_media":0,"parent":0,"menu_order":0,"comment_status":"closed","ping_status":"closed","template":"","meta":{"footnotes":"","_links_to":"","_links_to_target":""},"class_list":["post-48","page","type-page","status-publish","hentry"],"_links":{"self":[{"href":"https:\/\/blog.metu.edu.tr\/ngencer\/wp-json\/wp\/v2\/pages\/48","targetHints":{"allow":["GET"]}}],"collection":[{"href":"https:\/\/blog.metu.edu.tr\/ngencer\/wp-json\/wp\/v2\/pages"}],"about":[{"href":"https:\/\/blog.metu.edu.tr\/ngencer\/wp-json\/wp\/v2\/types\/page"}],"author":[{"embeddable":true,"href":"https:\/\/blog.metu.edu.tr\/ngencer\/wp-json\/wp\/v2\/users\/3861"}],"replies":[{"embeddable":true,"href":"https:\/\/blog.metu.edu.tr\/ngencer\/wp-json\/wp\/v2\/comments?post=48"}],"version-history":[{"count":0,"href":"https:\/\/blog.metu.edu.tr\/ngencer\/wp-json\/wp\/v2\/pages\/48\/revisions"}],"wp:attachment":[{"href":"https:\/\/blog.metu.edu.tr\/ngencer\/wp-json\/wp\/v2\/media?parent=48"}],"curies":[{"name":"wp","href":"https:\/\/api.w.org\/{rel}","templated":true}]}}