{"id":33,"date":"2015-11-12T14:10:20","date_gmt":"2015-11-12T12:10:20","guid":{"rendered":"http:\/\/blog.metu.edu.tr\/ngencer\/?page_id=33"},"modified":"2024-03-24T18:00:24","modified_gmt":"2024-03-24T15:00:24","slug":"home","status":"publish","type":"page","link":"https:\/\/blog.metu.edu.tr\/ngencer\/home\/","title":{"rendered":"Contact"},"content":{"rendered":"<p><strong>Address:<\/strong><\/p>\n<p style=\"text-align: left\"><span style=\"color: #333333\"><a style=\"color: #333333\" href=\"http:\/\/www.eee.metu.edu.tr\/\">Department of Electrical and Electronics Engineering<\/a>,<\/span><\/p>\n<p style=\"text-align: left\"><span style=\"color: #333333\"><a style=\"color: #333333\" href=\"http:\/\/www.metu.edu.tr\/\">Middle East Technical University (METU)<\/a>, \u00dcniversiteler Mahallesi,\u00a0 \u00a0 \u00a0 \u00a0 \u00a0 \u00a0 \u00a0 \u00a0 \u00a0 \u00a0 \u00a0 \u00a0 \u00a0 \u00a0 \u00a0 \u00a0 \u00a0 \u00a0 \u00a0 \u00a0 \u00a0 \u00a0 \u00a0 \u00a0 \u00a0 \u00a0 \u00a0 \u00a0 \u00a0 <\/span><\/p>\n<p style=\"text-align: left\"><span style=\"font-size: revert;color: initial\">Dumlup\u0131nar Bulvar\u0131 No:1, 06800 \u00c7ankaya Ankara\/T\u00dcRK\u0130YE<\/span><span style=\"color: #333333\">\u00a0<\/span><\/p>\n<p><strong>Office:<\/strong> D-Block, Z-02<\/p>\n<p><strong>Tel:<\/strong><br \/>\n(90)-<span style=\"font-weight: normal !important;font-style: normal !important\"><span style=\"font-weight: normal !important;font-style: normal !important\"><span style=\"font-weight: normal !important;font-style: normal !important\"><span style=\"font-weight: normal !important;font-style: normal !important\">(312)-210 2314<\/span><\/span><\/span><\/span> (Office)<br \/>\n(90)-<span style=\"font-weight: normal !important;font-style: normal !important\"><span style=\"font-weight: normal !important;font-style: normal !important\"><span style=\"font-weight: normal !important;font-style: normal !important\"><span style=\"font-weight: normal !important;font-style: normal !important\">(312)-210 4445<\/span><\/span><\/span><\/span> (Laboratory)<br \/>\n<strong>Fax:\u00a0<\/strong>(90)-<span style=\"font-weight: normal !important;font-style: normal !important\"><span style=\"font-weight: normal !important;font-style: normal !important\"><span style=\"font-weight: normal !important;font-style: normal !important\"><span style=\"font-weight: normal !important;font-style: normal !important\">(312)-210 12 61<\/span><\/span><\/span><\/span><br \/>\n<strong>E-mail:\u00a0<\/strong><span style=\"color: #333333\"><a style=\"color: #333333\" href=\"mailto:ngencer@metu.edu.tr\">ngencer@metu.edu.tr<\/a><\/span><\/p>\n","protected":false},"excerpt":{"rendered":"<p>Address: Department of Electrical and Electronics Engineering, Middle East Technical University (METU), \u00dcniversiteler Mahallesi,\u00a0 \u00a0 \u00a0 \u00a0 \u00a0 \u00a0 \u00a0 \u00a0 \u00a0 \u00a0 \u00a0 \u00a0 \u00a0 \u00a0 \u00a0 \u00a0 \u00a0 \u00a0 \u00a0 \u00a0 \u00a0 \u00a0 \u00a0 \u00a0 \u00a0 \u00a0 \u00a0 \u00a0 \u00a0 Dumlup\u0131nar Bulvar\u0131 No:1, 06800 \u00c7ankaya Ankara\/T\u00dcRK\u0130YE\u00a0 Office: D-Block, Z-02 Tel: (90)-(312)-210 2314 (Office)&hellip; <a href=\"https:\/\/blog.metu.edu.tr\/ngencer\/home\/\">Read More<\/a><\/p>\n","protected":false},"author":3861,"featured_media":0,"parent":0,"menu_order":0,"comment_status":"closed","ping_status":"closed","template":"","meta":{"footnotes":"","_links_to":"","_links_to_target":""},"class_list":["post-33","page","type-page","status-publish","hentry"],"_links":{"self":[{"href":"https:\/\/blog.metu.edu.tr\/ngencer\/wp-json\/wp\/v2\/pages\/33","targetHints":{"allow":["GET"]}}],"collection":[{"href":"https:\/\/blog.metu.edu.tr\/ngencer\/wp-json\/wp\/v2\/pages"}],"about":[{"href":"https:\/\/blog.metu.edu.tr\/ngencer\/wp-json\/wp\/v2\/types\/page"}],"author":[{"embeddable":true,"href":"https:\/\/blog.metu.edu.tr\/ngencer\/wp-json\/wp\/v2\/users\/3861"}],"replies":[{"embeddable":true,"href":"https:\/\/blog.metu.edu.tr\/ngencer\/wp-json\/wp\/v2\/comments?post=33"}],"version-history":[{"count":0,"href":"https:\/\/blog.metu.edu.tr\/ngencer\/wp-json\/wp\/v2\/pages\/33\/revisions"}],"wp:attachment":[{"href":"https:\/\/blog.metu.edu.tr\/ngencer\/wp-json\/wp\/v2\/media?parent=33"}],"curies":[{"name":"wp","href":"https:\/\/api.w.org\/{rel}","templated":true}]}}