{"id":183,"date":"2017-03-22T10:24:28","date_gmt":"2017-03-22T07:24:28","guid":{"rendered":"http:\/\/blog.metu.edu.tr\/ngencer\/?page_id=183"},"modified":"2024-03-24T17:38:14","modified_gmt":"2024-03-24T14:38:14","slug":"thesis-studies","status":"publish","type":"page","link":"https:\/\/blog.metu.edu.tr\/ngencer\/thesis-studies\/","title":{"rendered":"Thesis Studies"},"content":{"rendered":"<h4><strong>Ph. D. Theses\u00a0\u00a0\u00a0\u00a0 <\/strong><\/h4>\n<p>Volkan Tanr\u0131verdi, January 2024, Induced Current Medical Electro-Thermal Imaging.<\/p>\n<p>\u00dcmit \u0130rgin, September 2021, Implementation of a Fast Simulation Tool for the Analysis of Contrast Mechanisms in HMMDI and Enhancement of the SNR in the Experimental Set-up.<\/p>\n<p>Azadeh Kamali Tafreshi, February 2016,\u00a0<a href=\"http:\/\/etd.lib.metu.edu.tr\/upload\/12619797\/index.pdf\">Design and realization of a hybrid medical imaging system: harmonic motion microwave Doppler imaging<\/a>.<\/p>\n<p>Can Bar\u0131\u015f Top, September 2013, <a href=\"http:\/\/etd.lib.metu.edu.tr\/upload\/12616364\/index.pdf\">Harmonic motion microwave Doppler imaging method<\/a>.<\/p>\n<p>Koray \u00d6zdal \u00d6zkan, January 2013, <a href=\"http:\/\/etd.lib.metu.edu.tr\/upload\/12615977\/index.pdf\">3D Multi-frequency Electrical Conductivity Imaging via Contactless Measurements<\/a>.<\/p>\n<p>Reyhan Zengin, September 2012, Electrical Impedance Tomography using Lorentz Fields.<\/p>\n<p>Feza Carlak, February 2012 <a href=\"https:\/\/etd.lib.metu.edu.tr\/upload\/12614168\/index.pdf\">Medical Electro-thermal Imaging<\/a>.<\/p>\n<p>Ali B\u00fclent U\u015fakl\u0131, Aral\u0131k 2006, 256-Channel Electroencephalographic Data-acquisition System For Electrical Source Imaging.<\/p>\n<p>Zeynep Akal\u0131n Acar, June 2005,\u00a0<a href=\"http:\/\/etd.lib.metu.edu.tr\/upload\/2\/12606173\/index.pdf\">Electro-magnetic source imaging using realistic head models<\/a>.<\/p>\n<p>Serap Ayd\u0131n, September 2005,\u00a0<a href=\"http:\/\/etd.lib.metu.edu.tr\/upload\/12606641\/index.pdf\">Extraction of auditory evoked potentials from ongoing EEG<\/a>.<\/p>\n<p>Can Erkin Acar, April 2003, Parallelization of the forward and inverse problems of electro-magnetic source imaging of the human brain.<\/p>\n<h4><strong>M. Sc. Theses<\/strong><\/h4>\n<p>Gamze Onuker, December 2019, Temperature Estimation using Magnetic Nanoparticles.<\/p>\n<p>Fikret Tatar, September 2019, Three Dimensional Finite Difference Time Domain Simulations on Harmonic Motion Microwave Doppler Imaging Method Using Realistic Tissue Models.<\/p>\n<p>Ahmet \u00d6nder Tetik, September 2018, Experimental Studies for LFEIT with Magnetic Measurements.<\/p>\n<p>Onur Avan, October 2017, Wireless Power Transfer with Bidirectional Telemetry for Active Implantable Medical Devices.<\/p>\n<p>Keivan Kaboutari, February 2017, Data acquisition system for Lorentz force electrical impedance tomography using magnetic field measurement system (hidden for 1 year).<\/p>\n<p>Elyar Ghalichi, February 2017, Theoretical limits and safety considerations for magneto-acousto electrical tomography (hidden for 1 year).<\/p>\n<p>Utku Baran Kulga, February 2017, PhP Applications, K-Wave simulations and Experimental studies for Medical Ultrasound.<\/p>\n<p>Yi\u011fit \u00dcrkmezt\u00fcrk, February 2016, Design and implementation of a communication system for implantable medical devices.<\/p>\n<p>Mahsa Keykhali, February 2016, <a href=\"http:\/\/etd.lib.metu.edu.tr\/upload\/12619852\/index.pdf\">A Study on a Low Phase Noise Charge Pump Phase-Locked Loop at 2.8 GHz<\/a>.<\/p>\n<p>Damla Alptekin, August 2015, <a href=\"http:\/\/etd.lib.metu.edu.tr\/upload\/12619077\/index.pdf\">Dual-band microstrip implantable antenna design for biomedical applications<\/a>.<\/p>\n<p>Cansu Akbay, January 2015, <a href=\"http:\/\/etd.lib.metu.edu.tr\/upload\/12618554\/index.pdf\">Application of image enhancement algorithms to improve the visibility and classification of microcalcifications in mammograms.\u00a0<\/a><\/p>\n<p>Ula\u015f \u0130nan, February 2015, <a href=\"http:\/\/etd.lib.metu.edu.tr\/upload\/12618588\/index.pdf\">Design and implementation of magnetic field sensors for biomedical applications<\/a>.<\/p>\n<p>M\u00fcrsel Karada\u015f, September 2014, <a href=\"http:\/\/etd.lib.metu.edu.tr\/upload\/12617939\/index.pdf\">2D simulations based on the general time-dependent reciprocal relation and initial experiments for LFEIT.\u00a0<\/a><\/p>\n<p>Mehmet Soner G\u00f6z\u00fc, September 2014, <a href=\"http:\/\/etd.lib.metu.edu.tr\/upload\/12618031\/index.pdf\">2D simulation studies and initial experimental results for Hall effect imaging<\/a>.<\/p>\n<p>Muhammed Ye\u015filkaya, 2014, <a href=\"http:\/\/etd.lib.metu.edu.tr\/upload\/12617724\/index.pdf\">A mass detection algorithm for mammogram images<\/a>.<\/p>\n<p>Galip \u00d6zdemir, September 2013, Investigating the multi-frequency performance of Electro-thermal imaging: An experimental study.<\/p>\n<p>Erman Acar, February 2011, <a href=\"http:\/\/etd.lib.metu.edu.tr\/upload\/12612994\/index.pdf\">Classification of motor imagery tasks in EEG signal and its application to a brain-computer interface for controlling assistive environmental devices<\/a>.<\/p>\n<p>Berna Ak\u0131nc\u0131, September 2010,\u00a0 <a href=\"http:\/\/etd.lib.metu.edu.tr\/upload\/12612607\/index.pdf\">Realization of a cue-based motor imagery brain-computer interface with its potential application to a wheelchair<\/a>.<\/p>\n<p>Hasan Balkar Erdo\u011fan, September 2009, <a href=\"http:\/\/etd.lib.metu.edu.tr\/upload\/12611141\/index.pdf\">A design and implementation of p300 based brain-computer interface.\u00a0<\/a><\/p>\n<p>Mustafa Yurtk\u00f6lesi, September 2008, <a href=\"http:\/\/etd.lib.metu.edu.tr\/upload\/12609828\/index.pdf\">Imaging electrical conductivity distribution of the human head using evoked fields and potentials<\/a>.<\/p>\n<p>\u00c7a\u011fda\u015f Alt\u0131n, December 2008,\u00a0\u00a0 <a href=\"http:\/\/etd.lib.metu.edu.tr\/upload\/12610208\/index.pdf\">Java applets for simulation of magnetic resonance imaging<\/a>.<\/p>\n<p>Do\u011fa G\u00fcrsoy, January\u00a0\u00a0 2007\u00a0\u00a0\u00a0\u00a0\u00a0 <a href=\"http:\/\/etd.lib.metu.edu.tr\/upload\/12608201\/index.pdf\">Multi-frequency contactless electrical impedance imaging using realistic head models: single coil simulations<\/a>.<\/p>\n<p>Sercan Taha Ahi, September 2007, <a href=\"http:\/\/etd.lib.metu.edu.tr\/upload\/12608717\/index.pdf\">Solving the forward problem of electrical source imaging by applying the reciprocal approach and the finite difference method<\/a>.<\/p>\n<p>Koray \u00d6zdal \u00d6zkan, January 2006, <a href=\"http:\/\/etd.lib.metu.edu.tr\/upload\/12607071\/index.pdf\">Multi-frequency electrical conductivity imaging via contactless measurements<\/a>.<\/p>\n<p>Yolda\u015f Ataseven, September 2005, <a href=\"http:\/\/etd.lib.metu.edu.tr\/upload\/12606548\/index.pdf\">Parallel implementation of the boundary element method for electromagnetic source imaging of the human brain<\/a><\/p>\n<p>\u0130lyas Evrim \u00c7olak, April\u00a0 2005, <a href=\"http:\/\/etd.lib.metu.edu.tr\/upload\/12606521\/index.pdf\">An improved data acquisition system for contactless conductivity imaging<\/a>.<\/p>\n<p>Cemil K\u0131z\u0131l\u00f6z, December 2005, <a href=\"http:\/\/etd.lib.metu.edu.tr\/upload\/2\/12607112\/index.pdf\">Real-time image processing for medical infrared imaging<\/a>.<\/p>\n<p>Ayhan Serkan \u015e\u0131k, December 2003, <a href=\"http:\/\/etd.lib.metu.edu.tr\/upload\/3\/756239\/index.pdf\">X-ray physics and computerized tomography simulation using Java and flash<\/a>.<\/p>\n<p>Dilan G\u00f6r\u00fcr, January 2003, Automated Detection of Sleep Spindles.<\/p>\n<p>Ba\u015fak \u00dclker, December 2001, Electrical conductivity imaging via contactless measurements: an experimental study.<\/p>\n<p>Tafseer Ahmad, August 2001, Experimental studies on the development of a new imaging system for contactless subsurface conductivity imaging of biological tissues.<\/p>\n<p>Koray Uyar, April 2001, Development of a Compression Algorithm Suitable for Exercise ECG Data.<\/p>\n<p>Burak Yenig\u00fcn, September 2000, Noise Cancellation Techniques Applied to EEG Using Single or More Sweeps.<\/p>\n<p>Ihsan Oguz Tanzer, 1999, Forward problem solution of electro-magnetic source imaging of the human brain using a new boundary element method formulation with realistic head model.<\/p>\n<p>Mehmet Nejat Tek, 1998, Electrical conductivity imaging via contactless measurements: Forward and inverse problem simulations.<\/p>\n<p>Mehmet Kemal \u00d6zdemir, July 1998, Forward problem solution of EMSI of the human brain using a new FEM Formulation with realistic head model.<\/p>\n","protected":false},"excerpt":{"rendered":"<p>Ph. D. Theses\u00a0\u00a0\u00a0\u00a0 Volkan Tanr\u0131verdi, January 2024, Induced Current Medical Electro-Thermal Imaging. \u00dcmit \u0130rgin, September 2021, Implementation of a Fast Simulation Tool for the Analysis of Contrast Mechanisms in HMMDI and Enhancement of the SNR in the Experimental Set-up. Azadeh Kamali Tafreshi, February 2016,\u00a0Design and realization of a hybrid medical imaging system: harmonic motion microwave&hellip; <a href=\"https:\/\/blog.metu.edu.tr\/ngencer\/thesis-studies\/\">Read More<\/a><\/p>\n","protected":false},"author":3861,"featured_media":0,"parent":0,"menu_order":0,"comment_status":"closed","ping_status":"closed","template":"","meta":{"footnotes":"","_links_to":"","_links_to_target":""},"class_list":["post-183","page","type-page","status-publish","hentry"],"_links":{"self":[{"href":"https:\/\/blog.metu.edu.tr\/ngencer\/wp-json\/wp\/v2\/pages\/183","targetHints":{"allow":["GET"]}}],"collection":[{"href":"https:\/\/blog.metu.edu.tr\/ngencer\/wp-json\/wp\/v2\/pages"}],"about":[{"href":"https:\/\/blog.metu.edu.tr\/ngencer\/wp-json\/wp\/v2\/types\/page"}],"author":[{"embeddable":true,"href":"https:\/\/blog.metu.edu.tr\/ngencer\/wp-json\/wp\/v2\/users\/3861"}],"replies":[{"embeddable":true,"href":"https:\/\/blog.metu.edu.tr\/ngencer\/wp-json\/wp\/v2\/comments?post=183"}],"version-history":[{"count":0,"href":"https:\/\/blog.metu.edu.tr\/ngencer\/wp-json\/wp\/v2\/pages\/183\/revisions"}],"wp:attachment":[{"href":"https:\/\/blog.metu.edu.tr\/ngencer\/wp-json\/wp\/v2\/media?parent=183"}],"curies":[{"name":"wp","href":"https:\/\/api.w.org\/{rel}","templated":true}]}}