{"id":101,"date":"2016-04-29T11:34:48","date_gmt":"2016-04-29T08:34:48","guid":{"rendered":"http:\/\/blog.metu.edu.tr\/ngencer\/?page_id=101"},"modified":"2023-07-24T15:53:57","modified_gmt":"2023-07-24T12:53:57","slug":"group-members","status":"publish","type":"page","link":"https:\/\/blog.metu.edu.tr\/ngencer\/group-members\/","title":{"rendered":"Group members"},"content":{"rendered":"<h3>Ph D Students<\/h3>\n<h5>Damla Alptekin<\/h5>\n<h5>Volkan Tanr\u0131verdi<\/h5>\n<h5>M. Soner G\u00f6z\u00fc<\/h5>\n<h5>Ahmet \u00d6nder Tetik<\/h5>\n<h5>Balkar Erdo\u011fan<\/h5>\n","protected":false},"excerpt":{"rendered":"<p>Ph D Students Damla Alptekin Volkan Tanr\u0131verdi M. Soner G\u00f6z\u00fc Ahmet \u00d6nder Tetik Balkar Erdo\u011fan<\/p>\n","protected":false},"author":3861,"featured_media":0,"parent":0,"menu_order":0,"comment_status":"closed","ping_status":"closed","template":"","meta":{"footnotes":"","_links_to":"","_links_to_target":""},"class_list":["post-101","page","type-page","status-publish","hentry"],"_links":{"self":[{"href":"https:\/\/blog.metu.edu.tr\/ngencer\/wp-json\/wp\/v2\/pages\/101","targetHints":{"allow":["GET"]}}],"collection":[{"href":"https:\/\/blog.metu.edu.tr\/ngencer\/wp-json\/wp\/v2\/pages"}],"about":[{"href":"https:\/\/blog.metu.edu.tr\/ngencer\/wp-json\/wp\/v2\/types\/page"}],"author":[{"embeddable":true,"href":"https:\/\/blog.metu.edu.tr\/ngencer\/wp-json\/wp\/v2\/users\/3861"}],"replies":[{"embeddable":true,"href":"https:\/\/blog.metu.edu.tr\/ngencer\/wp-json\/wp\/v2\/comments?post=101"}],"version-history":[{"count":0,"href":"https:\/\/blog.metu.edu.tr\/ngencer\/wp-json\/wp\/v2\/pages\/101\/revisions"}],"wp:attachment":[{"href":"https:\/\/blog.metu.edu.tr\/ngencer\/wp-json\/wp\/v2\/media?parent=101"}],"curies":[{"name":"wp","href":"https:\/\/api.w.org\/{rel}","templated":true}]}}