{"id":86,"date":"2021-06-15T07:29:17","date_gmt":"2021-06-15T07:29:17","guid":{"rendered":"https:\/\/blog.metu.edu.tr\/myegin\/?page_id=86"},"modified":"2021-07-07T10:41:38","modified_gmt":"2021-07-07T10:41:38","slug":"publications","status":"publish","type":"page","link":"https:\/\/blog.metu.edu.tr\/myegin\/publications\/","title":{"rendered":"PUBLICATIONS"},"content":{"rendered":"\n<p>Blogs:<\/p>\n\n\n\n<p>Flood resilience assessment and possible solutions to decrease flood vulnerability of a city<\/p>\n\n\n\n<p><a href=\"https:\/\/www.cdri.world\/blogs\/flood-resilience-assessment-and-possible-solutions-decrease-flood-vulnerability-city\">https:\/\/www.cdri.world\/blogs\/flood-resilience-assessment-and-possible-solutions-decrease-flood-vulnerability-city<\/a><\/p>\n\n\n\n<p>Congresses:<\/p>\n\n\n\n<p>4 &#8211; 7 Temmuz 2021 VER\u0130 \u00c7A\u011eINDA YA\/EM 40. Y\u00d6NEYLEM ARA\u015eTIRMASI VE END\u00dcSTR\u0130 M\u00dcHEND\u0130SL\u0130\u011e\u0130 KONGRES\u0130<\/p>\n\n\n\n<p><a rel=\"noreferrer noopener\" href=\"https:\/\/www.yaem2021.org\/tr\/abstract\/191\/view\/\" target=\"_blank\">Veri Zarflama Analizi \u0130le T\u00fcrkiye\u2019de Ta\u015fk\u0131n Riskli Alanlar\u0131n Belirlenmesi<\/a><\/p>\n\n\n\n<p><\/p>\n","protected":false},"excerpt":{"rendered":"<p>Blogs: Flood resilience assessment and possible solutions to decrease flood vulnerability of a city https:\/\/www.cdri.world\/blogs\/flood-resilience-assessment-and-possible-solutions-decrease-flood-vulnerability-city Congresses: 4 &#8211; 7 Temmuz 2021 VER\u0130 \u00c7A\u011eINDA YA\/EM 40. Y\u00d6NEYLEM ARA\u015eTIRMASI VE END\u00dcSTR\u0130 M\u00dcHEND\u0130SL\u0130\u011e\u0130 KONGRES\u0130 Veri Zarflama Analizi \u0130le T\u00fcrkiye\u2019de Ta\u015fk\u0131n Riskli Alanlar\u0131n Belirlenmesi<\/p>\n","protected":false},"author":7408,"featured_media":0,"parent":0,"menu_order":0,"comment_status":"closed","ping_status":"closed","template":"","meta":{"footnotes":"","_links_to":"","_links_to_target":""},"class_list":["post-86","page","type-page","status-publish","hentry"],"_links":{"self":[{"href":"https:\/\/blog.metu.edu.tr\/myegin\/wp-json\/wp\/v2\/pages\/86","targetHints":{"allow":["GET"]}}],"collection":[{"href":"https:\/\/blog.metu.edu.tr\/myegin\/wp-json\/wp\/v2\/pages"}],"about":[{"href":"https:\/\/blog.metu.edu.tr\/myegin\/wp-json\/wp\/v2\/types\/page"}],"author":[{"embeddable":true,"href":"https:\/\/blog.metu.edu.tr\/myegin\/wp-json\/wp\/v2\/users\/7408"}],"replies":[{"embeddable":true,"href":"https:\/\/blog.metu.edu.tr\/myegin\/wp-json\/wp\/v2\/comments?post=86"}],"version-history":[{"count":0,"href":"https:\/\/blog.metu.edu.tr\/myegin\/wp-json\/wp\/v2\/pages\/86\/revisions"}],"wp:attachment":[{"href":"https:\/\/blog.metu.edu.tr\/myegin\/wp-json\/wp\/v2\/media?parent=86"}],"curies":[{"name":"wp","href":"https:\/\/api.w.org\/{rel}","templated":true}]}}