{"id":62,"date":"2020-11-16T13:24:14","date_gmt":"2020-11-16T13:24:14","guid":{"rendered":"http:\/\/blog.metu.edu.tr\/myegin\/?page_id=62"},"modified":"2020-11-16T13:24:14","modified_gmt":"2020-11-16T13:24:14","slug":"work-experience","status":"publish","type":"page","link":"https:\/\/blog.metu.edu.tr\/myegin\/work-experience\/","title":{"rendered":"WORK EXPERIENCE"},"content":{"rendered":"<p><img loading=\"lazy\" decoding=\"async\" class=\"alignnone  wp-image-63\" src=\"https:\/\/blog.metu.edu.tr\/myegin\/files\/2020\/11\/20180822_105341-300x146.jpg\" alt=\"\" width=\"670\" height=\"326\" srcset=\"https:\/\/blog.metu.edu.tr\/myegin\/files\/2020\/11\/20180822_105341-300x146.jpg 300w, https:\/\/blog.metu.edu.tr\/myegin\/files\/2020\/11\/20180822_105341-1024x498.jpg 1024w, https:\/\/blog.metu.edu.tr\/myegin\/files\/2020\/11\/20180822_105341-768x373.jpg 768w, https:\/\/blog.metu.edu.tr\/myegin\/files\/2020\/11\/20180822_105341-1536x747.jpg 1536w, https:\/\/blog.metu.edu.tr\/myegin\/files\/2020\/11\/20180822_105341-2048x996.jpg 2048w, https:\/\/blog.metu.edu.tr\/myegin\/files\/2020\/11\/20180822_105341-624x303.jpg 624w\" sizes=\"auto, (max-width: 670px) 100vw, 670px\" \/><\/p>\n<p><strong>2020 \u2013 \u2026\u00a0\u00a0\u00a0\u00a0\u00a0\u00a0\u00a0\u00a0\u00a0\u00a0\u00a0\u00a0\u00a0\u00a0\u00a0\u00a0 MIDDLE EAST TECHNICAL UNIVERSITY<\/strong><\/p>\n<p>Research Assistant<\/p>\n<p><strong>2019\u00a0\u00a0\u00a0\u00a0\u00a0\u00a0\u00a0\u00a0\u00a0\u00a0\u00a0\u00a0\u00a0\u00a0\u00a0\u00a0\u00a0\u00a0\u00a0\u00a0\u00a0\u00a0\u00a0\u00a0 WORLD BANK\u00a0\u00a0\u00a0\u00a0\u00a0\u00a0 <\/strong><\/p>\n<p><strong>Urban Resilience Project of Greater Dhaka<\/strong><\/p>\n<p>Flood inundation, flood hazard and flood risk maps<\/p>\n<p><strong>2018 \u2013 2020\u00a0\u00a0\u00a0\u00a0\u00a0\u00a0\u00a0\u00a0\u00a0\u00a0\u00a0\u00a0 ADIMSU CONSTRUCTION ENGINEERING CONSULTING FOOD INDUSTRY AND TRADE LTD. CO.<\/strong><\/p>\n<p><strong>K\u0131z\u0131l\u0131rmak Basin Flood Management Plan<\/strong><\/p>\n<p>Flood risk, flood hazard and flood evacuation maps, Flood Management Plan<\/p>\n<p><strong>Kuzey Ege, K\u00fc\u00e7\u00fck Menderes and Gediz Basins Flood Management Plans<\/strong><\/p>\n<p>Flood risk, flood hazard and flood evacuation maps, Flood Management Plans<\/p>\n<p><strong>Trabzon Province Small Dams Technical Report and Project Design Consultancy Services<\/strong><\/p>\n<p>Hydraulic and structural design of dam and appurtenant structures and final projects of diversion-bottom outlet structures and spillway<\/p>\n<p><strong>Bal\u0131kesir Dursunbery &#8211; G\u00f6nen &#8211; S\u0131nd\u0131rg\u0131 &#8211; Susurluk Dams (Dursunbey-G\u00f6b\u00fcl, G\u00f6nen-Kavakoba, S\u0131nd\u0131rg\u0131-D\u00fcvertepe, Susurluk-Kay\u0131k\u00e7\u0131) Planning Engineering Services<\/strong><\/p>\n<p>Hydraulic design of dam and appurtenant structures. Feasibility report of the dam<\/p>\n<p><strong>2017 \u2013 2018\u00a0\u00a0\u00a0\u00a0\u00a0\u00a0\u00a0\u00a0\u00a0\u00a0\u00a0\u00a0 DHI TURKEY<\/strong><\/p>\n<p><strong>Ceyhan Basin Flood Management Plan<\/strong><\/p>\n<p>Flood risk maps and flood hazard maps, Flood Management Plan<\/p>\n<p><strong>Susurluk Basin Flood Management Plan<\/strong><\/p>\n<p>Flood risk maps and flood hazard maps, Flood Management Plan<\/p>\n<p><strong>2014 \u2013 2017 \u00a0\u00a0\u00a0\u00a0\u00a0\u00a0\u00a0\u00a0\u00a0\u00a0\u00a0 ERGES ENGINEERING CONSULTING LTD. CO.<\/strong><\/p>\n<p><strong>Bozkurt Dam Final Project<\/strong><\/p>\n<p>Design of diversion-bottom outlet structures and final projects<\/p>\n<p><strong>Bart\u0131n Kozca\u011f\u0131z Dam Application Projects<\/strong><\/p>\n<p>Design of diversion-bottom outlet structures and final projects<\/p>\n<p><strong>Tokat Turhal Dam Application Projects<\/strong><\/p>\n<p>Design of diversion-bottom outlet structures and final projects<\/p>\n<p><strong>Burdur City 6<sup>th <\/sup>Part Small Dams and Irrigation Planning Reports and Final Project<\/strong><\/p>\n<p>Planning reports and final projects of the small dams in the package (Hydraulic and structural design of dam bodies, projects etc.)<\/p>\n<p><strong>Isparta E\u011firdir Mahmatlar Small Dam and Irrigation Planning Report and Final Projects <\/strong><\/p>\n<p>Feasibility report<\/p>\n<p><strong>Afyonkarahisar Merkez Sar\u0131k Small Dam and Irrigation Planning Report and Final Projects <\/strong><\/p>\n<p>Feasibility report<\/p>\n<p><strong>Isparta E\u011firdir Baklan Small Dam and Irrigation Planning Report and Final Projects <\/strong><\/p>\n<p>Feasibility report<\/p>\n<p><strong>Afyonkarahisar Sinanpa\u015fa Kayadibi Small Dam and Irrigation Planning Report and Final Projects <\/strong><\/p>\n<p>Feasibility report<\/p>\n<p><strong>2013- 2014<\/strong>\u00a0\u00a0\u00a0\u00a0\u00a0\u00a0\u00a0\u00a0\u00a0\u00a0\u00a0\u00a0\u00a0\u00a0 <strong>ESER PROJECT AND ENGINEERING<\/strong><\/p>\n<p><strong>\u015eanl\u0131urfa City and Districts Flood Protection Master Plan Engineering Services <\/strong><\/p>\n<p>Flood inundation maps of \u015eanl\u0131urfa City and Districts and master plan report.<\/p>\n","protected":false},"excerpt":{"rendered":"<p>2020 \u2013 \u2026\u00a0\u00a0\u00a0\u00a0\u00a0\u00a0\u00a0\u00a0\u00a0\u00a0\u00a0\u00a0\u00a0\u00a0\u00a0\u00a0 MIDDLE EAST TECHNICAL UNIVERSITY Research Assistant 2019\u00a0\u00a0\u00a0\u00a0\u00a0\u00a0\u00a0\u00a0\u00a0\u00a0\u00a0\u00a0\u00a0\u00a0\u00a0\u00a0\u00a0\u00a0\u00a0\u00a0\u00a0\u00a0\u00a0\u00a0 WORLD BANK\u00a0\u00a0\u00a0\u00a0\u00a0\u00a0 Urban Resilience Project of Greater Dhaka Flood inundation, flood hazard and flood risk maps 2018 \u2013 2020\u00a0\u00a0\u00a0\u00a0\u00a0\u00a0\u00a0\u00a0\u00a0\u00a0\u00a0\u00a0 ADIMSU CONSTRUCTION ENGINEERING CONSULTING FOOD INDUSTRY AND TRADE LTD. CO. K\u0131z\u0131l\u0131rmak Basin Flood Management Plan Flood risk, flood hazard and flood evacuation maps, Flood Management Plan [&hellip;]<\/p>\n","protected":false},"author":7408,"featured_media":0,"parent":0,"menu_order":0,"comment_status":"closed","ping_status":"closed","template":"","meta":{"footnotes":"","_links_to":"","_links_to_target":""},"class_list":["post-62","page","type-page","status-publish","hentry"],"_links":{"self":[{"href":"https:\/\/blog.metu.edu.tr\/myegin\/wp-json\/wp\/v2\/pages\/62","targetHints":{"allow":["GET"]}}],"collection":[{"href":"https:\/\/blog.metu.edu.tr\/myegin\/wp-json\/wp\/v2\/pages"}],"about":[{"href":"https:\/\/blog.metu.edu.tr\/myegin\/wp-json\/wp\/v2\/types\/page"}],"author":[{"embeddable":true,"href":"https:\/\/blog.metu.edu.tr\/myegin\/wp-json\/wp\/v2\/users\/7408"}],"replies":[{"embeddable":true,"href":"https:\/\/blog.metu.edu.tr\/myegin\/wp-json\/wp\/v2\/comments?post=62"}],"version-history":[{"count":0,"href":"https:\/\/blog.metu.edu.tr\/myegin\/wp-json\/wp\/v2\/pages\/62\/revisions"}],"wp:attachment":[{"href":"https:\/\/blog.metu.edu.tr\/myegin\/wp-json\/wp\/v2\/media?parent=62"}],"curies":[{"name":"wp","href":"https:\/\/api.w.org\/{rel}","templated":true}]}}